{"id":2710,"date":"2025-01-09T00:51:03","date_gmt":"2025-01-09T08:51:03","guid":{"rendered":"https:\/\/byfeeder.net\/?post_type=product&#038;p=2710"},"modified":"2025-07-28T19:05:52","modified_gmt":"2025-07-29T03:05:52","slug":"konveyor-bant-ve-cikis-tablasi-ile-yukari-emisli-cagri-makinesi","status":"publish","type":"product","link":"https:\/\/byfeeder.net\/tr\/product\/konveyor-bant-ve-cikis-tablasi-ile-yukari-emisli-cagri-makinesi\/","title":{"rendered":"Konvey\u00f6r Bantl\u0131 ve \u00c7\u0131k\u0131\u015f Tablal\u0131 Yukar\u0131 Emi\u015fli \u00c7a\u011fr\u0131 Makinesi"},"content":{"rendered":"<p><strong>\u00dcr\u00fcn Parametreleri<\/strong><\/p>\n<p>Toplama Y\u00f6ntemi: D\u00fc\u015ft\u00fckten sonra istifleme<\/p>\n<p>Kontrol Modu: Dokunmatik ekran + PLC kontrol\u00fc<\/p>\n<p>G\u00f6vde Malzemesi: Paslanmaz \u00e7elik veya \u00d6zel karbon \u00e7elik f\u0131r\u0131n boyas\u0131<\/p>\n<p>Malzemenin Maksimum \u00c7ap\u0131: \u00dcr\u00fcne dayal\u0131 \u00f6zelle\u015ftirme<\/p>\n<p>Ekipman A\u011f\u0131rl\u0131\u011f\u0131: Yakla\u015f\u0131k 350KG<\/p>\n<p>Bant geni\u015fli\u011fi: 500mm veya \u00f6zel<\/p>\n<p>\u00dcr\u00fcn boyut aral\u0131\u011f\u0131na uygulanabilir: (60-300\uff09\u00d7\uff0880-330\uff09\u00d7\uff080,1-2\uff09mm)<\/p>\n<p>Giri\u015f G\u00fcc\u00fc: Yakla\u015f\u0131k 2000W (Sadece \u00e7a\u011fr\u0131 cihaz\u0131, yaz\u0131c\u0131 hari\u00e7)<\/p>\n<p>\u0130letim Modu: De\u011fi\u015fken frekansl\u0131 h\u0131z kontrol\u00fc veya DC f\u0131r\u00e7as\u0131z h\u0131z kontrol\u00fc<\/p>\n<p>\u0130ste\u011fe Ba\u011fl\u0131 M\u00fcrekkep P\u00fcsk\u00fcrtmeli Yaz\u0131c\u0131: DOMINO, Sojet, DK, UCS, VIDEOJET<\/p>\n<p><strong>Standart Yap\u0131land\u0131rma<\/strong><\/p>\n<ul>\n<li>Emzik \u00e7\u0131karma ve besleme<\/li>\n<li>Y\u00fcksek h\u0131zl\u0131 konvey\u00f6r bant<\/li>\n<li>Toplama hunisinin damla tipi y\u0131\u011f\u0131n toplamas\u0131<\/li>\n<\/ul>\n<p>\u0130ste\u011fe ba\u011fl\u0131 yap\u0131land\u0131rma<\/p>\n<ul>\n<li>DMN Kodlama Makinesi<\/li>\n<li>DK Kodlama Makinesi<\/li>\n<li>UCS Kodlama Makinesi<\/li>\n<li>Negatif bas\u0131n\u00e7 adsorpsiyonu iste\u011fe ba\u011fl\u0131d\u0131r<\/li>\n<li>\u00d6zelle\u015ftirmeyi destekle<\/li>\n<\/ul>","protected":false},"excerpt":{"rendered":"<p>Modeli: IF-SU300ST-385\u00d72770\/60-TT0-S<\/p>\n<p>Boyutlar (UxGxY): 2520x900x1160mm<\/p>\n<p>Bant \u00c7al\u0131\u015fma H\u0131z\u0131: 0-60m\/dak<\/p>","protected":false},"featured_media":2712,"template":"","meta":{"_acf_changed":false},"product_brand":[],"product_cat":[23,45],"product_tag":[],"class_list":{"0":"post-2710","1":"product","2":"type-product","3":"status-publish","4":"has-post-thumbnail","6":"product_cat-paging-machines","7":"product_cat-vacuum-feeders","9":"first","10":"instock","11":"shipping-taxable","12":"product-type-simple"},"acf":[],"yoast_head":"<!-- This site is optimized with the Yoast SEO plugin v25.3.1 - https:\/\/yoast.com\/wordpress\/plugins\/seo\/ -->\n<title>Up Suction Paging Machine with Conveyor Belt and Output Table | BYFeeder<\/title>\n<meta name=\"description\" content=\"Vacuum suction cups and other adsorption methods are used to complete the feeding. It has the characteristics of high stability, good protection for the products to be loaded, and more materials to be discharged at one time, which is especially suitable for the automatic feeding of various kinds of wide-width paper, labels, plastic packaging bags, woven bags, etc.\" \/>\n<meta name=\"robots\" content=\"index, follow, max-snippet:-1, max-image-preview:large, max-video-preview:-1\" \/>\n<link rel=\"canonical\" href=\"https:\/\/byfeeder.net\/tr\/product\/konveyor-bant-ve-cikis-tablasi-ile-yukari-emisli-cagri-makinesi\/\" \/>\n<meta property=\"og:locale\" content=\"tr_TR\" \/>\n<meta property=\"og:type\" content=\"article\" \/>\n<meta property=\"og:title\" content=\"Up Suction Paging Machine with Conveyor Belt and Output Table | BYFeeder\" \/>\n<meta property=\"og:description\" content=\"Vacuum suction cups and other adsorption methods are used to complete the feeding. It has the characteristics of high stability, good protection for the products to be loaded, and more materials to be discharged at one time, which is especially suitable for the automatic feeding of various kinds of wide-width paper, labels, plastic packaging bags, woven bags, etc.\" \/>\n<meta property=\"og:url\" content=\"https:\/\/byfeeder.net\/tr\/product\/konveyor-bant-ve-cikis-tablasi-ile-yukari-emisli-cagri-makinesi\/\" \/>\n<meta property=\"og:site_name\" content=\"BYFeeder\" \/>\n<meta property=\"article:modified_time\" content=\"2025-07-29T03:05:52+00:00\" \/>\n<meta property=\"og:image\" content=\"https:\/\/byfeeder.net\/wp-content\/uploads\/2025\/01\/Up-Suction-Paging-Machine.webp\" \/>\n\t<meta property=\"og:image:width\" content=\"700\" \/>\n\t<meta property=\"og:image:height\" content=\"700\" \/>\n\t<meta property=\"og:image:type\" content=\"image\/webp\" \/>\n<meta name=\"twitter:card\" content=\"summary_large_image\" \/>\n<meta name=\"twitter:label1\" content=\"Tahmini okuma s\u00fcresi\" \/>\n\t<meta name=\"twitter:data1\" content=\"1 dakika\" \/>\n<script type=\"application\/ld+json\" class=\"yoast-schema-graph\">{\"@context\":\"https:\/\/schema.org\",\"@graph\":[{\"@type\":\"WebPage\",\"@id\":\"https:\/\/byfeeder.net\/product\/up-suction-paging-machine-with-conveyor-belt-and-output-table\/\",\"url\":\"https:\/\/byfeeder.net\/product\/up-suction-paging-machine-with-conveyor-belt-and-output-table\/\",\"name\":\"Up Suction Paging Machine with Conveyor Belt and Output Table | BYFeeder\",\"isPartOf\":{\"@id\":\"https:\/\/byfeeder.net\/#website\"},\"primaryImageOfPage\":{\"@id\":\"https:\/\/byfeeder.net\/product\/up-suction-paging-machine-with-conveyor-belt-and-output-table\/#primaryimage\"},\"image\":{\"@id\":\"https:\/\/byfeeder.net\/product\/up-suction-paging-machine-with-conveyor-belt-and-output-table\/#primaryimage\"},\"thumbnailUrl\":\"https:\/\/byfeeder.net\/wp-content\/uploads\/2025\/01\/Up-Suction-Paging-Machine.webp\",\"datePublished\":\"2025-01-09T08:51:03+00:00\",\"dateModified\":\"2025-07-29T03:05:52+00:00\",\"description\":\"Vacuum suction cups and other adsorption methods are used to complete the feeding. It has the characteristics of high stability, good protection for the products to be loaded, and more materials to be discharged at one time, which is especially suitable for the automatic feeding of various kinds of wide-width paper, labels, plastic packaging bags, woven bags, etc.\",\"breadcrumb\":{\"@id\":\"https:\/\/byfeeder.net\/product\/up-suction-paging-machine-with-conveyor-belt-and-output-table\/#breadcrumb\"},\"inLanguage\":\"tr\",\"potentialAction\":[{\"@type\":\"ReadAction\",\"target\":[\"https:\/\/byfeeder.net\/product\/up-suction-paging-machine-with-conveyor-belt-and-output-table\/\"]}]},{\"@type\":\"ImageObject\",\"inLanguage\":\"tr\",\"@id\":\"https:\/\/byfeeder.net\/product\/up-suction-paging-machine-with-conveyor-belt-and-output-table\/#primaryimage\",\"url\":\"https:\/\/byfeeder.net\/wp-content\/uploads\/2025\/01\/Up-Suction-Paging-Machine.webp\",\"contentUrl\":\"https:\/\/byfeeder.net\/wp-content\/uploads\/2025\/01\/Up-Suction-Paging-Machine.webp\",\"width\":700,\"height\":700,\"caption\":\"Up Suction Paging Machine\"},{\"@type\":\"BreadcrumbList\",\"@id\":\"https:\/\/byfeeder.net\/product\/up-suction-paging-machine-with-conveyor-belt-and-output-table\/#breadcrumb\",\"itemListElement\":[{\"@type\":\"ListItem\",\"position\":1,\"name\":\"Home\",\"item\":\"https:\/\/byfeeder.net\/\"},{\"@type\":\"ListItem\",\"position\":2,\"name\":\"Products\",\"item\":\"https:\/\/byfeeder.net\/solution\/\"},{\"@type\":\"ListItem\",\"position\":3,\"name\":\"Up Suction Paging Machine with Conveyor Belt and Output Table\"}]},{\"@type\":\"WebSite\",\"@id\":\"https:\/\/byfeeder.net\/#website\",\"url\":\"https:\/\/byfeeder.net\/\",\"name\":\"BYFeeder\",\"description\":\"Packaging Feeding and Rewinding System Solutions Manufacturer\",\"publisher\":{\"@id\":\"https:\/\/byfeeder.net\/#organization\"},\"potentialAction\":[{\"@type\":\"SearchAction\",\"target\":{\"@type\":\"EntryPoint\",\"urlTemplate\":\"https:\/\/byfeeder.net\/?s={search_term_string}\"},\"query-input\":{\"@type\":\"PropertyValueSpecification\",\"valueRequired\":true,\"valueName\":\"search_term_string\"}}],\"inLanguage\":\"tr\"},{\"@type\":\"Organization\",\"@id\":\"https:\/\/byfeeder.net\/#organization\",\"name\":\"BY\",\"url\":\"https:\/\/byfeeder.net\/\",\"logo\":{\"@type\":\"ImageObject\",\"inLanguage\":\"tr\",\"@id\":\"https:\/\/byfeeder.net\/#\/schema\/logo\/image\/\",\"url\":\"https:\/\/byfeeder.net\/wp-content\/uploads\/2025\/05\/byfeeder-logo.webp\",\"contentUrl\":\"https:\/\/byfeeder.net\/wp-content\/uploads\/2025\/05\/byfeeder-logo.webp\",\"width\":512,\"height\":512,\"caption\":\"BY\"},\"image\":{\"@id\":\"https:\/\/byfeeder.net\/#\/schema\/logo\/image\/\"}}]}<\/script>\n<!-- \/ Yoast SEO plugin. -->","yoast_head_json":{"title":"Konvey\u00f6r Bantl\u0131 ve \u00c7\u0131k\u0131\u015f Tablal\u0131 Yukar\u0131 Emi\u015fli Sayfalama Makinesi | BYFeeder","description":"Beslemeyi tamamlamak i\u00e7in vakumlu vantuz ve di\u011fer adsorpsiyon y\u00f6ntemleri kullan\u0131l\u0131r. Y\u00fcksek stabilite, y\u00fcklenecek \u00fcr\u00fcnler i\u00e7in iyi koruma ve tek seferde daha fazla malzemenin bo\u015falt\u0131lmas\u0131 \u00f6zelliklerine sahiptir, \u00f6zellikle \u00e7e\u015fitli geni\u015f geni\u015flikteki ka\u011f\u0131t, etiket, plastik ambalaj po\u015feti, dokuma \u00e7anta vb.&#039;nin otomatik beslenmesi i\u00e7in uygundur.","robots":{"index":"index","follow":"follow","max-snippet":"max-snippet:-1","max-image-preview":"max-image-preview:large","max-video-preview":"max-video-preview:-1"},"canonical":"https:\/\/byfeeder.net\/tr\/product\/konveyor-bant-ve-cikis-tablasi-ile-yukari-emisli-cagri-makinesi\/","og_locale":"tr_TR","og_type":"article","og_title":"Up Suction Paging Machine with Conveyor Belt and Output Table | BYFeeder","og_description":"Vacuum suction cups and other adsorption methods are used to complete the feeding. It has the characteristics of high stability, good protection for the products to be loaded, and more materials to be discharged at one time, which is especially suitable for the automatic feeding of various kinds of wide-width paper, labels, plastic packaging bags, woven bags, etc.","og_url":"https:\/\/byfeeder.net\/tr\/product\/konveyor-bant-ve-cikis-tablasi-ile-yukari-emisli-cagri-makinesi\/","og_site_name":"BYFeeder","article_modified_time":"2025-07-29T03:05:52+00:00","og_image":[{"width":700,"height":700,"url":"https:\/\/byfeeder.net\/wp-content\/uploads\/2025\/01\/Up-Suction-Paging-Machine.webp","type":"image\/webp"}],"twitter_card":"summary_large_image","twitter_misc":{"Tahmini okuma s\u00fcresi":"1 dakika"},"schema":{"@context":"https:\/\/schema.org","@graph":[{"@type":"WebPage","@id":"https:\/\/byfeeder.net\/product\/up-suction-paging-machine-with-conveyor-belt-and-output-table\/","url":"https:\/\/byfeeder.net\/product\/up-suction-paging-machine-with-conveyor-belt-and-output-table\/","name":"Konvey\u00f6r Bantl\u0131 ve \u00c7\u0131k\u0131\u015f Tablal\u0131 Yukar\u0131 Emi\u015fli Sayfalama Makinesi | BYFeeder","isPartOf":{"@id":"https:\/\/byfeeder.net\/#website"},"primaryImageOfPage":{"@id":"https:\/\/byfeeder.net\/product\/up-suction-paging-machine-with-conveyor-belt-and-output-table\/#primaryimage"},"image":{"@id":"https:\/\/byfeeder.net\/product\/up-suction-paging-machine-with-conveyor-belt-and-output-table\/#primaryimage"},"thumbnailUrl":"https:\/\/byfeeder.net\/wp-content\/uploads\/2025\/01\/Up-Suction-Paging-Machine.webp","datePublished":"2025-01-09T08:51:03+00:00","dateModified":"2025-07-29T03:05:52+00:00","description":"Beslemeyi tamamlamak i\u00e7in vakumlu vantuz ve di\u011fer adsorpsiyon y\u00f6ntemleri kullan\u0131l\u0131r. Y\u00fcksek stabilite, y\u00fcklenecek \u00fcr\u00fcnler i\u00e7in iyi koruma ve tek seferde daha fazla malzemenin bo\u015falt\u0131lmas\u0131 \u00f6zelliklerine sahiptir, \u00f6zellikle \u00e7e\u015fitli geni\u015f geni\u015flikteki ka\u011f\u0131t, etiket, plastik ambalaj po\u015feti, dokuma \u00e7anta vb.&#039;nin otomatik beslenmesi i\u00e7in uygundur.","breadcrumb":{"@id":"https:\/\/byfeeder.net\/product\/up-suction-paging-machine-with-conveyor-belt-and-output-table\/#breadcrumb"},"inLanguage":"tr","potentialAction":[{"@type":"ReadAction","target":["https:\/\/byfeeder.net\/product\/up-suction-paging-machine-with-conveyor-belt-and-output-table\/"]}]},{"@type":"ImageObject","inLanguage":"tr","@id":"https:\/\/byfeeder.net\/product\/up-suction-paging-machine-with-conveyor-belt-and-output-table\/#primaryimage","url":"https:\/\/byfeeder.net\/wp-content\/uploads\/2025\/01\/Up-Suction-Paging-Machine.webp","contentUrl":"https:\/\/byfeeder.net\/wp-content\/uploads\/2025\/01\/Up-Suction-Paging-Machine.webp","width":700,"height":700,"caption":"Up Suction Paging Machine"},{"@type":"BreadcrumbList","@id":"https:\/\/byfeeder.net\/product\/up-suction-paging-machine-with-conveyor-belt-and-output-table\/#breadcrumb","itemListElement":[{"@type":"ListItem","position":1,"name":"Home","item":"https:\/\/byfeeder.net\/"},{"@type":"ListItem","position":2,"name":"Products","item":"https:\/\/byfeeder.net\/solution\/"},{"@type":"ListItem","position":3,"name":"Up Suction Paging Machine with Conveyor Belt and Output Table"}]},{"@type":"WebSite","@id":"https:\/\/byfeeder.net\/#website","url":"https:\/\/byfeeder.net\/","name":"Besleyici ile","description":"Paketleme Besleme ve Geri Sarma Sistemi \u00c7\u00f6z\u00fcmleri \u00dcreticisi","publisher":{"@id":"https:\/\/byfeeder.net\/#organization"},"potentialAction":[{"@type":"SearchAction","target":{"@type":"EntryPoint","urlTemplate":"https:\/\/byfeeder.net\/?s={search_term_string}"},"query-input":{"@type":"PropertyValueSpecification","valueRequired":true,"valueName":"search_term_string"}}],"inLanguage":"tr"},{"@type":"Organization","@id":"https:\/\/byfeeder.net\/#organization","name":"\u0130LE","url":"https:\/\/byfeeder.net\/","logo":{"@type":"ImageObject","inLanguage":"tr","@id":"https:\/\/byfeeder.net\/#\/schema\/logo\/image\/","url":"https:\/\/byfeeder.net\/wp-content\/uploads\/2025\/05\/byfeeder-logo.webp","contentUrl":"https:\/\/byfeeder.net\/wp-content\/uploads\/2025\/05\/byfeeder-logo.webp","width":512,"height":512,"caption":"BY"},"image":{"@id":"https:\/\/byfeeder.net\/#\/schema\/logo\/image\/"}}]}},"_links":{"self":[{"href":"https:\/\/byfeeder.net\/tr\/wp-json\/wp\/v2\/product\/2710"}],"collection":[{"href":"https:\/\/byfeeder.net\/tr\/wp-json\/wp\/v2\/product"}],"about":[{"href":"https:\/\/byfeeder.net\/tr\/wp-json\/wp\/v2\/types\/product"}],"wp:featuredmedia":[{"embeddable":true,"href":"https:\/\/byfeeder.net\/tr\/wp-json\/wp\/v2\/media\/2712"}],"wp:attachment":[{"href":"https:\/\/byfeeder.net\/tr\/wp-json\/wp\/v2\/media?parent=2710"}],"wp:term":[{"taxonomy":"product_brand","embeddable":true,"href":"https:\/\/byfeeder.net\/tr\/wp-json\/wp\/v2\/product_brand?post=2710"},{"taxonomy":"product_cat","embeddable":true,"href":"https:\/\/byfeeder.net\/tr\/wp-json\/wp\/v2\/product_cat?post=2710"},{"taxonomy":"product_tag","embeddable":true,"href":"https:\/\/byfeeder.net\/tr\/wp-json\/wp\/v2\/product_tag?post=2710"}],"curies":[{"name":"wp","href":"https:\/\/api.w.org\/{rel}","templated":true}]}}