{"id":2627,"date":"2024-12-26T01:59:07","date_gmt":"2024-12-26T09:59:07","guid":{"rendered":"https:\/\/byfeeder.net\/?post_type=product&#038;p=2627"},"modified":"2025-11-20T21:52:14","modified_gmt":"2025-11-21T05:52:14","slug":"satilik-bant-sarma-makinesi","status":"publish","type":"product","link":"https:\/\/byfeeder.net\/tr\/product\/satilik-bant-sarma-makinesi\/","title":{"rendered":"Yaz\u0131c\u0131l\u0131 \u00d6zel PVC BOPP Bant Sarma Makinesi"},"content":{"rendered":"<p>K\u00fcresel paketleme, kodlama ve etiketleme ihtiya\u00e7lar\u0131n\u0131 kar\u015f\u0131lamak i\u00e7in \u00f6zel bant sarma \u00e7\u00f6z\u00fcmleri sunan g\u00fcvenilir bir bant sarma makinesi \u00fcreticisiyiz.<\/p>","protected":false},"excerpt":{"rendered":"<p>Modeli: IF-RW500ST-500-TT0<\/p>\n<p>Giri\u015f g\u00fcc\u00fc: Yakla\u015f\u0131k 1,5-2KW<\/p>\n<p>Ko\u015fu H\u0131z\u0131: 0-100m\/dak<\/p>\n<p>\u0130ste\u011fe Ba\u011fl\u0131 M\u00fcrekkep P\u00fcsk\u00fcrtmeli Yaz\u0131c\u0131: DOMINO, Sojet, DK, UCS, VIDEOJET<\/p>","protected":false},"featured_media":4270,"template":"","meta":{"_acf_changed":false},"product_brand":[],"product_cat":[40],"product_tag":[42],"class_list":{"0":"post-2627","1":"product","2":"type-product","3":"status-publish","4":"has-post-thumbnail","6":"product_cat-rewinder-machines","7":"product_tag-wholesale-sheet-feeder","9":"first","10":"instock","11":"shipping-taxable","12":"product-type-simple"},"acf":[],"yoast_head":"<!-- This site is optimized with the Yoast SEO plugin v25.3.1 - https:\/\/yoast.com\/wordpress\/plugins\/seo\/ -->\n<title>Custom BOPP Tape Rewinder Machine<\/title>\n<meta name=\"description\" content=\"We are a trusted tape rewinding machine manufacturer, providing tailored tape rewinding solutions to meet global packaging, coding, and labeling needs.\" \/>\n<meta name=\"robots\" content=\"index, follow, max-snippet:-1, max-image-preview:large, max-video-preview:-1\" \/>\n<link rel=\"canonical\" href=\"https:\/\/byfeeder.net\/tr\/product\/satilik-bant-sarma-makinesi\/\" \/>\n<meta property=\"og:locale\" content=\"tr_TR\" \/>\n<meta property=\"og:type\" content=\"article\" \/>\n<meta property=\"og:title\" content=\"Custom BOPP Tape Rewinder Machine\" \/>\n<meta property=\"og:description\" content=\"We are a trusted tape rewinding machine manufacturer, providing tailored tape rewinding solutions to meet global packaging, coding, and labeling needs.\" \/>\n<meta property=\"og:url\" content=\"https:\/\/byfeeder.net\/tr\/product\/satilik-bant-sarma-makinesi\/\" \/>\n<meta property=\"og:site_name\" content=\"BYFeeder\" \/>\n<meta property=\"article:modified_time\" content=\"2025-11-21T05:52:14+00:00\" \/>\n<meta property=\"og:image\" content=\"https:\/\/byfeeder.net\/wp-content\/uploads\/2024\/12\/tape-rewinding-machine.webp\" \/>\n\t<meta property=\"og:image:width\" content=\"700\" \/>\n\t<meta property=\"og:image:height\" content=\"700\" \/>\n\t<meta property=\"og:image:type\" content=\"image\/webp\" \/>\n<meta name=\"twitter:card\" content=\"summary_large_image\" \/>\n<meta name=\"twitter:label1\" content=\"Tahmini okuma s\u00fcresi\" \/>\n\t<meta name=\"twitter:data1\" content=\"1 dakika\" \/>\n<script type=\"application\/ld+json\" class=\"yoast-schema-graph\">{\"@context\":\"https:\/\/schema.org\",\"@graph\":[{\"@type\":\"WebPage\",\"@id\":\"https:\/\/byfeeder.net\/product\/tape-rewinding-machine-for-sale\/\",\"url\":\"https:\/\/byfeeder.net\/product\/tape-rewinding-machine-for-sale\/\",\"name\":\"Custom BOPP Tape Rewinder Machine\",\"isPartOf\":{\"@id\":\"https:\/\/byfeeder.net\/#website\"},\"primaryImageOfPage\":{\"@id\":\"https:\/\/byfeeder.net\/product\/tape-rewinding-machine-for-sale\/#primaryimage\"},\"image\":{\"@id\":\"https:\/\/byfeeder.net\/product\/tape-rewinding-machine-for-sale\/#primaryimage\"},\"thumbnailUrl\":\"https:\/\/byfeeder.net\/wp-content\/uploads\/2024\/12\/tape-rewinding-machine.webp\",\"datePublished\":\"2024-12-26T09:59:07+00:00\",\"dateModified\":\"2025-11-21T05:52:14+00:00\",\"description\":\"We are a trusted tape rewinding machine manufacturer, providing tailored tape rewinding solutions to meet global packaging, coding, and labeling needs.\",\"breadcrumb\":{\"@id\":\"https:\/\/byfeeder.net\/product\/tape-rewinding-machine-for-sale\/#breadcrumb\"},\"inLanguage\":\"tr\",\"potentialAction\":[{\"@type\":\"ReadAction\",\"target\":[\"https:\/\/byfeeder.net\/product\/tape-rewinding-machine-for-sale\/\"]}]},{\"@type\":\"ImageObject\",\"inLanguage\":\"tr\",\"@id\":\"https:\/\/byfeeder.net\/product\/tape-rewinding-machine-for-sale\/#primaryimage\",\"url\":\"https:\/\/byfeeder.net\/wp-content\/uploads\/2024\/12\/tape-rewinding-machine.webp\",\"contentUrl\":\"https:\/\/byfeeder.net\/wp-content\/uploads\/2024\/12\/tape-rewinding-machine.webp\",\"width\":700,\"height\":700,\"caption\":\"tape rewinding machine\"},{\"@type\":\"BreadcrumbList\",\"@id\":\"https:\/\/byfeeder.net\/product\/tape-rewinding-machine-for-sale\/#breadcrumb\",\"itemListElement\":[{\"@type\":\"ListItem\",\"position\":1,\"name\":\"Home\",\"item\":\"https:\/\/byfeeder.net\/\"},{\"@type\":\"ListItem\",\"position\":2,\"name\":\"Products\",\"item\":\"https:\/\/byfeeder.net\/solution\/\"},{\"@type\":\"ListItem\",\"position\":3,\"name\":\"Custom PVC BOPP Tape Rewinding Machine with Printer\"}]},{\"@type\":\"WebSite\",\"@id\":\"https:\/\/byfeeder.net\/#website\",\"url\":\"https:\/\/byfeeder.net\/\",\"name\":\"BYFeeder\",\"description\":\"Packaging Feeding and Rewinding System Solutions Manufacturer\",\"publisher\":{\"@id\":\"https:\/\/byfeeder.net\/#organization\"},\"potentialAction\":[{\"@type\":\"SearchAction\",\"target\":{\"@type\":\"EntryPoint\",\"urlTemplate\":\"https:\/\/byfeeder.net\/?s={search_term_string}\"},\"query-input\":{\"@type\":\"PropertyValueSpecification\",\"valueRequired\":true,\"valueName\":\"search_term_string\"}}],\"inLanguage\":\"tr\"},{\"@type\":\"Organization\",\"@id\":\"https:\/\/byfeeder.net\/#organization\",\"name\":\"BY\",\"url\":\"https:\/\/byfeeder.net\/\",\"logo\":{\"@type\":\"ImageObject\",\"inLanguage\":\"tr\",\"@id\":\"https:\/\/byfeeder.net\/#\/schema\/logo\/image\/\",\"url\":\"https:\/\/byfeeder.net\/wp-content\/uploads\/2025\/05\/byfeeder-logo.webp\",\"contentUrl\":\"https:\/\/byfeeder.net\/wp-content\/uploads\/2025\/05\/byfeeder-logo.webp\",\"width\":512,\"height\":512,\"caption\":\"BY\"},\"image\":{\"@id\":\"https:\/\/byfeeder.net\/#\/schema\/logo\/image\/\"}}]}<\/script>\n<!-- \/ Yoast SEO plugin. -->","yoast_head_json":{"title":"\u00d6zel BOPP Bant Sarma Makinesi","description":"K\u00fcresel paketleme, kodlama ve etiketleme ihtiya\u00e7lar\u0131n\u0131 kar\u015f\u0131lamak i\u00e7in \u00f6zel bant sarma \u00e7\u00f6z\u00fcmleri sunan g\u00fcvenilir bir bant sarma makinesi \u00fcreticisiyiz.","robots":{"index":"index","follow":"follow","max-snippet":"max-snippet:-1","max-image-preview":"max-image-preview:large","max-video-preview":"max-video-preview:-1"},"canonical":"https:\/\/byfeeder.net\/tr\/product\/satilik-bant-sarma-makinesi\/","og_locale":"tr_TR","og_type":"article","og_title":"Custom BOPP Tape Rewinder Machine","og_description":"We are a trusted tape rewinding machine manufacturer, providing tailored tape rewinding solutions to meet global packaging, coding, and labeling needs.","og_url":"https:\/\/byfeeder.net\/tr\/product\/satilik-bant-sarma-makinesi\/","og_site_name":"BYFeeder","article_modified_time":"2025-11-21T05:52:14+00:00","og_image":[{"width":700,"height":700,"url":"https:\/\/byfeeder.net\/wp-content\/uploads\/2024\/12\/tape-rewinding-machine.webp","type":"image\/webp"}],"twitter_card":"summary_large_image","twitter_misc":{"Tahmini okuma s\u00fcresi":"1 dakika"},"schema":{"@context":"https:\/\/schema.org","@graph":[{"@type":"WebPage","@id":"https:\/\/byfeeder.net\/product\/tape-rewinding-machine-for-sale\/","url":"https:\/\/byfeeder.net\/product\/tape-rewinding-machine-for-sale\/","name":"\u00d6zel BOPP Bant Sarma Makinesi","isPartOf":{"@id":"https:\/\/byfeeder.net\/#website"},"primaryImageOfPage":{"@id":"https:\/\/byfeeder.net\/product\/tape-rewinding-machine-for-sale\/#primaryimage"},"image":{"@id":"https:\/\/byfeeder.net\/product\/tape-rewinding-machine-for-sale\/#primaryimage"},"thumbnailUrl":"https:\/\/byfeeder.net\/wp-content\/uploads\/2024\/12\/tape-rewinding-machine.webp","datePublished":"2024-12-26T09:59:07+00:00","dateModified":"2025-11-21T05:52:14+00:00","description":"K\u00fcresel paketleme, kodlama ve etiketleme ihtiya\u00e7lar\u0131n\u0131 kar\u015f\u0131lamak i\u00e7in \u00f6zel bant sarma \u00e7\u00f6z\u00fcmleri sunan g\u00fcvenilir bir bant sarma makinesi \u00fcreticisiyiz.","breadcrumb":{"@id":"https:\/\/byfeeder.net\/product\/tape-rewinding-machine-for-sale\/#breadcrumb"},"inLanguage":"tr","potentialAction":[{"@type":"ReadAction","target":["https:\/\/byfeeder.net\/product\/tape-rewinding-machine-for-sale\/"]}]},{"@type":"ImageObject","inLanguage":"tr","@id":"https:\/\/byfeeder.net\/product\/tape-rewinding-machine-for-sale\/#primaryimage","url":"https:\/\/byfeeder.net\/wp-content\/uploads\/2024\/12\/tape-rewinding-machine.webp","contentUrl":"https:\/\/byfeeder.net\/wp-content\/uploads\/2024\/12\/tape-rewinding-machine.webp","width":700,"height":700,"caption":"tape rewinding machine"},{"@type":"BreadcrumbList","@id":"https:\/\/byfeeder.net\/product\/tape-rewinding-machine-for-sale\/#breadcrumb","itemListElement":[{"@type":"ListItem","position":1,"name":"Home","item":"https:\/\/byfeeder.net\/"},{"@type":"ListItem","position":2,"name":"Products","item":"https:\/\/byfeeder.net\/solution\/"},{"@type":"ListItem","position":3,"name":"Custom PVC BOPP Tape Rewinding Machine with Printer"}]},{"@type":"WebSite","@id":"https:\/\/byfeeder.net\/#website","url":"https:\/\/byfeeder.net\/","name":"Besleyici ile","description":"Paketleme Besleme ve Geri Sarma Sistemi \u00c7\u00f6z\u00fcmleri \u00dcreticisi","publisher":{"@id":"https:\/\/byfeeder.net\/#organization"},"potentialAction":[{"@type":"SearchAction","target":{"@type":"EntryPoint","urlTemplate":"https:\/\/byfeeder.net\/?s={search_term_string}"},"query-input":{"@type":"PropertyValueSpecification","valueRequired":true,"valueName":"search_term_string"}}],"inLanguage":"tr"},{"@type":"Organization","@id":"https:\/\/byfeeder.net\/#organization","name":"\u0130LE","url":"https:\/\/byfeeder.net\/","logo":{"@type":"ImageObject","inLanguage":"tr","@id":"https:\/\/byfeeder.net\/#\/schema\/logo\/image\/","url":"https:\/\/byfeeder.net\/wp-content\/uploads\/2025\/05\/byfeeder-logo.webp","contentUrl":"https:\/\/byfeeder.net\/wp-content\/uploads\/2025\/05\/byfeeder-logo.webp","width":512,"height":512,"caption":"BY"},"image":{"@id":"https:\/\/byfeeder.net\/#\/schema\/logo\/image\/"}}]}},"_links":{"self":[{"href":"https:\/\/byfeeder.net\/tr\/wp-json\/wp\/v2\/product\/2627"}],"collection":[{"href":"https:\/\/byfeeder.net\/tr\/wp-json\/wp\/v2\/product"}],"about":[{"href":"https:\/\/byfeeder.net\/tr\/wp-json\/wp\/v2\/types\/product"}],"wp:featuredmedia":[{"embeddable":true,"href":"https:\/\/byfeeder.net\/tr\/wp-json\/wp\/v2\/media\/4270"}],"wp:attachment":[{"href":"https:\/\/byfeeder.net\/tr\/wp-json\/wp\/v2\/media?parent=2627"}],"wp:term":[{"taxonomy":"product_brand","embeddable":true,"href":"https:\/\/byfeeder.net\/tr\/wp-json\/wp\/v2\/product_brand?post=2627"},{"taxonomy":"product_cat","embeddable":true,"href":"https:\/\/byfeeder.net\/tr\/wp-json\/wp\/v2\/product_cat?post=2627"},{"taxonomy":"product_tag","embeddable":true,"href":"https:\/\/byfeeder.net\/tr\/wp-json\/wp\/v2\/product_tag?post=2627"}],"curies":[{"name":"wp","href":"https:\/\/api.w.org\/{rel}","templated":true}]}}