{"id":2622,"date":"2024-12-26T01:31:44","date_gmt":"2024-12-26T09:31:44","guid":{"rendered":"https:\/\/byfeeder.net\/?post_type=product&#038;p=2622"},"modified":"2025-04-09T23:29:51","modified_gmt":"2025-04-10T07:29:51","slug":"yazicili-aluminyum-folyo-kagit-strec-film-sarma-makinesi","status":"publish","type":"product","link":"https:\/\/byfeeder.net\/tr\/product\/yazicili-aluminyum-folyo-kagit-strec-film-sarma-makinesi\/","title":{"rendered":"Yaz\u0131c\u0131l\u0131 Al\u00fcminyum Folyo Ka\u011f\u0131t Germe Filmi Sarma Makinesi"},"content":{"rendered":"<p><strong>\u00dcr\u00fcn Parametresi<\/strong><\/p>\n<p>Toplama y\u00f6ntemi: Otomatik geri sarma<\/p>\n<p>Ekipman a\u011f\u0131rl\u0131\u011f\u0131: yakla\u015f\u0131k 300kg<\/p>\n<p>Kontrol Modu: Standart manuel gerginlik kontrol\u00fc \u0130ste\u011fe ba\u011fl\u0131 otomatik gerginlik kontrol\u00fc<\/p>\n<p>\u0130letim modu: AC servo motor<\/p>\n<p>Malzeme kal\u0131nl\u0131\u011f\u0131: 0.012-0.15mm<\/p>\n<p>Malzemenin maksimum \u00e7ap\u0131: 500mm<\/p>\n<p>Malzeme ka\u011f\u0131t \u00e7ekirde\u011finin i\u00e7 \u00e7ap\u0131: 3 in\u00e7<\/p>\n<p>Malzeme geni\u015fli\u011fi: 30-500mm<\/p>\n<p><strong>\u0130ste\u011fe ba\u011fl\u0131 yap\u0131land\u0131rma<\/strong><\/p>\n<p>Sapma d\u00fczeltme sistemi<\/p>\n<p>\u00c7e\u015fitli m\u00fcrekkep p\u00fcsk\u00fcrtmeli yaz\u0131c\u0131lar (CIJ, TIJ, UV)<\/p>\n<p>Lekeleme makinesi<\/p>\n<p>Etiketleme makinesi<\/p>\n<p>K\u00fc\u00e7\u00fck karakterler<\/p>","protected":false},"excerpt":{"rendered":"<p>Model: IF-RW500ST- 500-uv<\/p>\n<p>Giri\u015f g\u00fcc\u00fc: Yakla\u015f\u0131k 1,5-2KW<\/p>\n<p>Ko\u015fu H\u0131z\u0131: 0-100m\/dak<\/p>\n<p>\u0130ste\u011fe Ba\u011fl\u0131 M\u00fcrekkep P\u00fcsk\u00fcrtmeli Yaz\u0131c\u0131: DOMINO, Sojet, DK, UCS, VIDEOJET<\/p>","protected":false},"featured_media":3037,"template":"","meta":{"_acf_changed":false},"product_brand":[],"product_cat":[40],"product_tag":[],"class_list":{"0":"post-2622","1":"product","2":"type-product","3":"status-publish","4":"has-post-thumbnail","6":"product_cat-rewinder-machines","8":"first","9":"instock","10":"shipping-taxable","11":"product-type-simple"},"acf":[],"yoast_head":"<!-- This site is optimized with the Yoast SEO plugin v25.3.1 - https:\/\/yoast.com\/wordpress\/plugins\/seo\/ -->\n<title>Aluminium Foil Paper Stretch Film Rewinder Machine with Printer | BYFeeder<\/title>\n<meta name=\"robots\" content=\"index, follow, max-snippet:-1, max-image-preview:large, max-video-preview:-1\" \/>\n<link rel=\"canonical\" href=\"https:\/\/byfeeder.net\/tr\/product\/yazicili-aluminyum-folyo-kagit-strec-film-sarma-makinesi\/\" \/>\n<meta property=\"og:locale\" content=\"tr_TR\" \/>\n<meta property=\"og:type\" content=\"article\" \/>\n<meta property=\"og:title\" content=\"Aluminium Foil Paper Stretch Film Rewinder Machine with Printer | BYFeeder\" \/>\n<meta property=\"og:description\" content=\"Model: IF-RW500ST- 500-uv  Input power: About 1.5-2KW  Running Speed:0-100m\/min  Optional Inkjet Printer: DOMINO, Sojet, DK, UCS, VIDEOJET\" \/>\n<meta property=\"og:url\" content=\"https:\/\/byfeeder.net\/tr\/product\/yazicili-aluminyum-folyo-kagit-strec-film-sarma-makinesi\/\" \/>\n<meta property=\"og:site_name\" content=\"BYFeeder\" \/>\n<meta property=\"article:modified_time\" content=\"2025-04-10T07:29:51+00:00\" \/>\n<meta property=\"og:image\" content=\"https:\/\/byfeeder.net\/wp-content\/uploads\/2024\/12\/Film-Rewinder-Machine1.webp\" \/>\n\t<meta property=\"og:image:width\" content=\"700\" \/>\n\t<meta property=\"og:image:height\" content=\"700\" \/>\n\t<meta property=\"og:image:type\" content=\"image\/webp\" \/>\n<meta name=\"twitter:card\" content=\"summary_large_image\" \/>\n<meta name=\"twitter:label1\" content=\"Tahmini okuma s\u00fcresi\" \/>\n\t<meta name=\"twitter:data1\" content=\"1 dakika\" \/>\n<script type=\"application\/ld+json\" class=\"yoast-schema-graph\">{\"@context\":\"https:\/\/schema.org\",\"@graph\":[{\"@type\":\"WebPage\",\"@id\":\"https:\/\/byfeeder.net\/product\/aluminium-foil-paper-stretch-film-rewinder-machine-with-printer\/\",\"url\":\"https:\/\/byfeeder.net\/product\/aluminium-foil-paper-stretch-film-rewinder-machine-with-printer\/\",\"name\":\"Aluminium Foil Paper Stretch Film Rewinder Machine with Printer | BYFeeder\",\"isPartOf\":{\"@id\":\"https:\/\/byfeeder.net\/#website\"},\"primaryImageOfPage\":{\"@id\":\"https:\/\/byfeeder.net\/product\/aluminium-foil-paper-stretch-film-rewinder-machine-with-printer\/#primaryimage\"},\"image\":{\"@id\":\"https:\/\/byfeeder.net\/product\/aluminium-foil-paper-stretch-film-rewinder-machine-with-printer\/#primaryimage\"},\"thumbnailUrl\":\"https:\/\/byfeeder.net\/wp-content\/uploads\/2024\/12\/Film-Rewinder-Machine1.webp\",\"datePublished\":\"2024-12-26T09:31:44+00:00\",\"dateModified\":\"2025-04-10T07:29:51+00:00\",\"breadcrumb\":{\"@id\":\"https:\/\/byfeeder.net\/product\/aluminium-foil-paper-stretch-film-rewinder-machine-with-printer\/#breadcrumb\"},\"inLanguage\":\"tr\",\"potentialAction\":[{\"@type\":\"ReadAction\",\"target\":[\"https:\/\/byfeeder.net\/product\/aluminium-foil-paper-stretch-film-rewinder-machine-with-printer\/\"]}]},{\"@type\":\"ImageObject\",\"inLanguage\":\"tr\",\"@id\":\"https:\/\/byfeeder.net\/product\/aluminium-foil-paper-stretch-film-rewinder-machine-with-printer\/#primaryimage\",\"url\":\"https:\/\/byfeeder.net\/wp-content\/uploads\/2024\/12\/Film-Rewinder-Machine1.webp\",\"contentUrl\":\"https:\/\/byfeeder.net\/wp-content\/uploads\/2024\/12\/Film-Rewinder-Machine1.webp\",\"width\":700,\"height\":700,\"caption\":\"Film Rewinder Machine(1)\"},{\"@type\":\"BreadcrumbList\",\"@id\":\"https:\/\/byfeeder.net\/product\/aluminium-foil-paper-stretch-film-rewinder-machine-with-printer\/#breadcrumb\",\"itemListElement\":[{\"@type\":\"ListItem\",\"position\":1,\"name\":\"Home\",\"item\":\"https:\/\/byfeeder.net\/\"},{\"@type\":\"ListItem\",\"position\":2,\"name\":\"Products\",\"item\":\"https:\/\/byfeeder.net\/solution\/\"},{\"@type\":\"ListItem\",\"position\":3,\"name\":\"Aluminium Foil Paper Stretch Film Rewinder Machine with Printer\"}]},{\"@type\":\"WebSite\",\"@id\":\"https:\/\/byfeeder.net\/#website\",\"url\":\"https:\/\/byfeeder.net\/\",\"name\":\"BYFeeder\",\"description\":\"Packaging Feeding and Rewinding System Solutions Manufacturer\",\"publisher\":{\"@id\":\"https:\/\/byfeeder.net\/#organization\"},\"potentialAction\":[{\"@type\":\"SearchAction\",\"target\":{\"@type\":\"EntryPoint\",\"urlTemplate\":\"https:\/\/byfeeder.net\/?s={search_term_string}\"},\"query-input\":{\"@type\":\"PropertyValueSpecification\",\"valueRequired\":true,\"valueName\":\"search_term_string\"}}],\"inLanguage\":\"tr\"},{\"@type\":\"Organization\",\"@id\":\"https:\/\/byfeeder.net\/#organization\",\"name\":\"BY\",\"url\":\"https:\/\/byfeeder.net\/\",\"logo\":{\"@type\":\"ImageObject\",\"inLanguage\":\"tr\",\"@id\":\"https:\/\/byfeeder.net\/#\/schema\/logo\/image\/\",\"url\":\"https:\/\/byfeeder.net\/wp-content\/uploads\/2025\/05\/byfeeder-logo.webp\",\"contentUrl\":\"https:\/\/byfeeder.net\/wp-content\/uploads\/2025\/05\/byfeeder-logo.webp\",\"width\":512,\"height\":512,\"caption\":\"BY\"},\"image\":{\"@id\":\"https:\/\/byfeeder.net\/#\/schema\/logo\/image\/\"}}]}<\/script>\n<!-- \/ Yoast SEO plugin. -->","yoast_head_json":{"title":"Yaz\u0131c\u0131l\u0131 Al\u00fcminyum Folyo Ka\u011f\u0131t Germe Filmi Sarma Makinesi | BYFeeder","robots":{"index":"index","follow":"follow","max-snippet":"max-snippet:-1","max-image-preview":"max-image-preview:large","max-video-preview":"max-video-preview:-1"},"canonical":"https:\/\/byfeeder.net\/tr\/product\/yazicili-aluminyum-folyo-kagit-strec-film-sarma-makinesi\/","og_locale":"tr_TR","og_type":"article","og_title":"Aluminium Foil Paper Stretch Film Rewinder Machine with Printer | BYFeeder","og_description":"Model: IF-RW500ST- 500-uv  Input power: About 1.5-2KW  Running Speed:0-100m\/min  Optional Inkjet Printer: DOMINO, Sojet, DK, UCS, VIDEOJET","og_url":"https:\/\/byfeeder.net\/tr\/product\/yazicili-aluminyum-folyo-kagit-strec-film-sarma-makinesi\/","og_site_name":"BYFeeder","article_modified_time":"2025-04-10T07:29:51+00:00","og_image":[{"width":700,"height":700,"url":"https:\/\/byfeeder.net\/wp-content\/uploads\/2024\/12\/Film-Rewinder-Machine1.webp","type":"image\/webp"}],"twitter_card":"summary_large_image","twitter_misc":{"Tahmini okuma s\u00fcresi":"1 dakika"},"schema":{"@context":"https:\/\/schema.org","@graph":[{"@type":"WebPage","@id":"https:\/\/byfeeder.net\/product\/aluminium-foil-paper-stretch-film-rewinder-machine-with-printer\/","url":"https:\/\/byfeeder.net\/product\/aluminium-foil-paper-stretch-film-rewinder-machine-with-printer\/","name":"Yaz\u0131c\u0131l\u0131 Al\u00fcminyum Folyo Ka\u011f\u0131t Germe Filmi Sarma Makinesi | BYFeeder","isPartOf":{"@id":"https:\/\/byfeeder.net\/#website"},"primaryImageOfPage":{"@id":"https:\/\/byfeeder.net\/product\/aluminium-foil-paper-stretch-film-rewinder-machine-with-printer\/#primaryimage"},"image":{"@id":"https:\/\/byfeeder.net\/product\/aluminium-foil-paper-stretch-film-rewinder-machine-with-printer\/#primaryimage"},"thumbnailUrl":"https:\/\/byfeeder.net\/wp-content\/uploads\/2024\/12\/Film-Rewinder-Machine1.webp","datePublished":"2024-12-26T09:31:44+00:00","dateModified":"2025-04-10T07:29:51+00:00","breadcrumb":{"@id":"https:\/\/byfeeder.net\/product\/aluminium-foil-paper-stretch-film-rewinder-machine-with-printer\/#breadcrumb"},"inLanguage":"tr","potentialAction":[{"@type":"ReadAction","target":["https:\/\/byfeeder.net\/product\/aluminium-foil-paper-stretch-film-rewinder-machine-with-printer\/"]}]},{"@type":"ImageObject","inLanguage":"tr","@id":"https:\/\/byfeeder.net\/product\/aluminium-foil-paper-stretch-film-rewinder-machine-with-printer\/#primaryimage","url":"https:\/\/byfeeder.net\/wp-content\/uploads\/2024\/12\/Film-Rewinder-Machine1.webp","contentUrl":"https:\/\/byfeeder.net\/wp-content\/uploads\/2024\/12\/Film-Rewinder-Machine1.webp","width":700,"height":700,"caption":"Film Rewinder Machine(1)"},{"@type":"BreadcrumbList","@id":"https:\/\/byfeeder.net\/product\/aluminium-foil-paper-stretch-film-rewinder-machine-with-printer\/#breadcrumb","itemListElement":[{"@type":"ListItem","position":1,"name":"Home","item":"https:\/\/byfeeder.net\/"},{"@type":"ListItem","position":2,"name":"Products","item":"https:\/\/byfeeder.net\/solution\/"},{"@type":"ListItem","position":3,"name":"Aluminium Foil Paper Stretch Film Rewinder Machine with Printer"}]},{"@type":"WebSite","@id":"https:\/\/byfeeder.net\/#website","url":"https:\/\/byfeeder.net\/","name":"Besleyici ile","description":"Paketleme Besleme ve Geri Sarma Sistemi \u00c7\u00f6z\u00fcmleri \u00dcreticisi","publisher":{"@id":"https:\/\/byfeeder.net\/#organization"},"potentialAction":[{"@type":"SearchAction","target":{"@type":"EntryPoint","urlTemplate":"https:\/\/byfeeder.net\/?s={search_term_string}"},"query-input":{"@type":"PropertyValueSpecification","valueRequired":true,"valueName":"search_term_string"}}],"inLanguage":"tr"},{"@type":"Organization","@id":"https:\/\/byfeeder.net\/#organization","name":"\u0130LE","url":"https:\/\/byfeeder.net\/","logo":{"@type":"ImageObject","inLanguage":"tr","@id":"https:\/\/byfeeder.net\/#\/schema\/logo\/image\/","url":"https:\/\/byfeeder.net\/wp-content\/uploads\/2025\/05\/byfeeder-logo.webp","contentUrl":"https:\/\/byfeeder.net\/wp-content\/uploads\/2025\/05\/byfeeder-logo.webp","width":512,"height":512,"caption":"BY"},"image":{"@id":"https:\/\/byfeeder.net\/#\/schema\/logo\/image\/"}}]}},"_links":{"self":[{"href":"https:\/\/byfeeder.net\/tr\/wp-json\/wp\/v2\/product\/2622"}],"collection":[{"href":"https:\/\/byfeeder.net\/tr\/wp-json\/wp\/v2\/product"}],"about":[{"href":"https:\/\/byfeeder.net\/tr\/wp-json\/wp\/v2\/types\/product"}],"wp:featuredmedia":[{"embeddable":true,"href":"https:\/\/byfeeder.net\/tr\/wp-json\/wp\/v2\/media\/3037"}],"wp:attachment":[{"href":"https:\/\/byfeeder.net\/tr\/wp-json\/wp\/v2\/media?parent=2622"}],"wp:term":[{"taxonomy":"product_brand","embeddable":true,"href":"https:\/\/byfeeder.net\/tr\/wp-json\/wp\/v2\/product_brand?post=2622"},{"taxonomy":"product_cat","embeddable":true,"href":"https:\/\/byfeeder.net\/tr\/wp-json\/wp\/v2\/product_cat?post=2622"},{"taxonomy":"product_tag","embeddable":true,"href":"https:\/\/byfeeder.net\/tr\/wp-json\/wp\/v2\/product_tag?post=2622"}],"curies":[{"name":"wp","href":"https:\/\/api.w.org\/{rel}","templated":true}]}}