{"id":1541,"date":"2024-11-21T01:46:49","date_gmt":"2024-11-21T09:46:49","guid":{"rendered":"https:\/\/byfeeder.net\/?post_type=product&#038;p=1541"},"modified":"2025-04-23T23:45:38","modified_gmt":"2025-04-24T07:45:38","slug":"satilik-kese-karton-harmanlama-kagidi-surtunmeli-besleyici-makinesi","status":"publish","type":"product","link":"https:\/\/byfeeder.net\/tr\/product\/satilik-kese-karton-harmanlama-kagidi-surtunmeli-besleyici-makinesi\/","title":{"rendered":"Po\u015fet Karton Toplama Ka\u011f\u0131d\u0131 S\u00fcrt\u00fcnme Besleme Makinesi Sat\u0131l\u0131k"},"content":{"rendered":"<p><strong>Parametreler<\/strong><\/p>\n<p>Kontrol Modu: Dokunmatik ekran + PLC kontrol\u00fc<\/p>\n<p>G\u00f6vde Malzemesi: Paslanmaz \u00e7elik veya \u00d6zel karbon \u00e7elik f\u0131r\u0131n boyas\u0131<\/p>\n<p>Malzemenin Maksimum \u00c7ap\u0131: \u00dcr\u00fcne dayal\u0131 \u00f6zelle\u015ftirme<\/p>\n<p>Ekipman A\u011f\u0131rl\u0131\u011f\u0131: Yakla\u015f\u0131k 20-25KG<\/p>\n<p>Malzeme Kal\u0131nl\u0131\u011f\u0131: 0.012-0.15mm<\/p>\n<p>Giri\u015f G\u00fcc\u00fc: Yakla\u015f\u0131k 500-1000W (Sadece \u00e7a\u011fr\u0131 cihaz\u0131, yaz\u0131c\u0131 hari\u00e7)<\/p>\n<p>\u0130letim Modu: AC servo motor<\/p>\n<p><strong>Standart Fonksiyonlar<\/strong><\/p>\n<ul>\n<li>Kay\u0131\u015f s\u00fcrt\u00fcnmesi alt de\u015farj<\/li>\n<li>Y\u00fcksek h\u0131zl\u0131 konvey\u00f6r bant<\/li>\n<li>Ta\u015f\u0131ma ve besleme<\/li>\n<\/ul>\n<p><strong>\u0130ste\u011fe ba\u011fl\u0131 yap\u0131land\u0131rma<\/strong><\/p>\n<ul>\n<li>\u00dcr\u00fcn olmad\u0131\u011f\u0131nda alarm istemi<\/li>\n<li>\u00dcr\u00fcn s\u0131k\u0131\u015ft\u0131\u011f\u0131nda alarm istemi<\/li>\n<li>\u00c7evrimi\u00e7i \u00fcr\u00fcn say\u0131s\u0131n\u0131 do\u011fru bir \u015fekilde hesaplay\u0131n<\/li>\n<li>Harici kontrol sinyali beslemesi<\/li>\n<\/ul>\n<figure id=\"attachment_2265\" aria-describedby=\"caption-attachment-2265\" style=\"width: 750px\" class=\"wp-caption alignnone\"><img fetchpriority=\"high\" decoding=\"async\" class=\"wp-image-2265 size-full\" src=\"https:\/\/byfeeder.net\/wp-content\/uploads\/2024\/11\/friction-feeder-detail1.webp\" alt=\"kese karton harmanlama ka\u011f\u0131d\u0131 s\u00fcrt\u00fcnmeli besleyici makinesi\" width=\"750\" height=\"892\" srcset=\"https:\/\/byfeeder.net\/wp-content\/uploads\/2024\/11\/friction-feeder-detail1.webp 750w, https:\/\/byfeeder.net\/wp-content\/uploads\/2024\/11\/friction-feeder-detail1-600x714.webp 600w, https:\/\/byfeeder.net\/wp-content\/uploads\/2024\/11\/friction-feeder-detail1-252x300.webp 252w\" sizes=\"(max-width: 750px) 100vw, 750px\" \/><figcaption id=\"caption-attachment-2265\" class=\"wp-caption-text\">kese karton harmanlama ka\u011f\u0131d\u0131 s\u00fcrt\u00fcnmeli besleyici makinesi<\/figcaption><\/figure>\n<p><img decoding=\"async\" class=\"alignnone wp-image-2266 size-full\" src=\"https:\/\/byfeeder.net\/wp-content\/uploads\/2024\/11\/friction-feeder-detail2.webp\" alt=\"kese karton harmanlama ka\u011f\u0131d\u0131 s\u00fcrt\u00fcnmeli besleyici makinesi\" width=\"750\" height=\"984\" srcset=\"https:\/\/byfeeder.net\/wp-content\/uploads\/2024\/11\/friction-feeder-detail2.webp 750w, https:\/\/byfeeder.net\/wp-content\/uploads\/2024\/11\/friction-feeder-detail2-600x787.webp 600w, https:\/\/byfeeder.net\/wp-content\/uploads\/2024\/11\/friction-feeder-detail2-229x300.webp 229w\" sizes=\"(max-width: 750px) 100vw, 750px\" \/><\/p>\n<p><img decoding=\"async\" class=\"alignnone wp-image-2267 size-full\" src=\"https:\/\/byfeeder.net\/wp-content\/uploads\/2024\/11\/friction-feeder-detail3.webp\" alt=\"kese karton harmanlama ka\u011f\u0131d\u0131 s\u00fcrt\u00fcnmeli besleyici makinesi\" width=\"750\" height=\"1062\" srcset=\"https:\/\/byfeeder.net\/wp-content\/uploads\/2024\/11\/friction-feeder-detail3.webp 750w, https:\/\/byfeeder.net\/wp-content\/uploads\/2024\/11\/friction-feeder-detail3-600x850.webp 600w, https:\/\/byfeeder.net\/wp-content\/uploads\/2024\/11\/friction-feeder-detail3-212x300.webp 212w, https:\/\/byfeeder.net\/wp-content\/uploads\/2024\/11\/friction-feeder-detail3-723x1024.webp 723w\" sizes=\"(max-width: 750px) 100vw, 750px\" \/><\/p>\n<p><img loading=\"lazy\" decoding=\"async\" class=\"alignnone wp-image-2268 size-full\" src=\"https:\/\/byfeeder.net\/wp-content\/uploads\/2024\/11\/friction-feeder-detail4.webp\" alt=\"kese karton harmanlama ka\u011f\u0131d\u0131 s\u00fcrt\u00fcnmeli besleyici makinesi\" width=\"750\" height=\"1470\" srcset=\"https:\/\/byfeeder.net\/wp-content\/uploads\/2024\/11\/friction-feeder-detail4.webp 750w, https:\/\/byfeeder.net\/wp-content\/uploads\/2024\/11\/friction-feeder-detail4-600x1176.webp 600w, https:\/\/byfeeder.net\/wp-content\/uploads\/2024\/11\/friction-feeder-detail4-153x300.webp 153w, https:\/\/byfeeder.net\/wp-content\/uploads\/2024\/11\/friction-feeder-detail4-522x1024.webp 522w\" sizes=\"(max-width: 750px) 100vw, 750px\" \/><\/p>","protected":false},"excerpt":{"rendered":"<p>Modeli: IF-FM201CF-300<\/p>\n<p>Boyut (UxGxY): 690\u00d7490\u00d7370mm<\/p>\n<p>Bant \u00c7al\u0131\u015fma H\u0131z\u0131: 0-120m\/dak<\/p>\n<p>\u0130ste\u011fe Ba\u011fl\u0131 M\u00fcrekkep P\u00fcsk\u00fcrtmeli Yaz\u0131c\u0131: DOMINO, Sojet, DK, UCS, VIDEOJET<\/p>","protected":false},"featured_media":3048,"template":"","meta":{"_acf_changed":false},"product_brand":[],"product_cat":[24],"product_tag":[],"class_list":{"0":"post-1541","1":"product","2":"type-product","3":"status-publish","4":"has-post-thumbnail","6":"product_cat-friction-feeders","8":"first","9":"instock","10":"shipping-taxable","11":"product-type-simple"},"acf":[],"yoast_head":"<!-- This site is optimized with the Yoast SEO plugin v25.3.1 - https:\/\/yoast.com\/wordpress\/plugins\/seo\/ -->\n<title>Pouch Carton Collation Paper Friction Feeder Machine for Sale | BYFeeder<\/title>\n<meta name=\"robots\" content=\"index, follow, max-snippet:-1, max-image-preview:large, max-video-preview:-1\" \/>\n<link rel=\"canonical\" href=\"https:\/\/byfeeder.net\/tr\/product\/satilik-kese-karton-harmanlama-kagidi-surtunmeli-besleyici-makinesi\/\" \/>\n<meta property=\"og:locale\" content=\"tr_TR\" \/>\n<meta property=\"og:type\" content=\"article\" \/>\n<meta property=\"og:title\" content=\"Pouch Carton Collation Paper Friction Feeder Machine for Sale | BYFeeder\" \/>\n<meta property=\"og:description\" content=\"Model: IF-FM201CF- 300  Size(LXWXH):690\u00d7490\u00d7370mm  Belt Running Speed:0-120m\/min  Optional Inkjet Printer: DOMINO, Sojet, DK, UCS, VIDEOJET\" \/>\n<meta property=\"og:url\" content=\"https:\/\/byfeeder.net\/tr\/product\/satilik-kese-karton-harmanlama-kagidi-surtunmeli-besleyici-makinesi\/\" \/>\n<meta property=\"og:site_name\" content=\"BYFeeder\" \/>\n<meta property=\"article:modified_time\" content=\"2025-04-24T07:45:38+00:00\" \/>\n<meta property=\"og:image\" content=\"https:\/\/byfeeder.net\/wp-content\/uploads\/2024\/11\/Friction-Feeder-Machine.webp\" \/>\n\t<meta property=\"og:image:width\" content=\"700\" \/>\n\t<meta property=\"og:image:height\" content=\"700\" \/>\n\t<meta property=\"og:image:type\" content=\"image\/webp\" \/>\n<meta name=\"twitter:card\" content=\"summary_large_image\" \/>\n<meta name=\"twitter:label1\" content=\"Tahmini okuma s\u00fcresi\" \/>\n\t<meta name=\"twitter:data1\" content=\"2 dakika\" \/>\n<script type=\"application\/ld+json\" class=\"yoast-schema-graph\">{\"@context\":\"https:\/\/schema.org\",\"@graph\":[{\"@type\":\"WebPage\",\"@id\":\"https:\/\/byfeeder.net\/product\/pouch-carton-collation-paper-friction-feeder-machine-for-sale\/\",\"url\":\"https:\/\/byfeeder.net\/product\/pouch-carton-collation-paper-friction-feeder-machine-for-sale\/\",\"name\":\"Pouch Carton Collation Paper Friction Feeder Machine for Sale | BYFeeder\",\"isPartOf\":{\"@id\":\"https:\/\/byfeeder.net\/#website\"},\"primaryImageOfPage\":{\"@id\":\"https:\/\/byfeeder.net\/product\/pouch-carton-collation-paper-friction-feeder-machine-for-sale\/#primaryimage\"},\"image\":{\"@id\":\"https:\/\/byfeeder.net\/product\/pouch-carton-collation-paper-friction-feeder-machine-for-sale\/#primaryimage\"},\"thumbnailUrl\":\"https:\/\/byfeeder.net\/wp-content\/uploads\/2024\/11\/Friction-Feeder-Machine.webp\",\"datePublished\":\"2024-11-21T09:46:49+00:00\",\"dateModified\":\"2025-04-24T07:45:38+00:00\",\"breadcrumb\":{\"@id\":\"https:\/\/byfeeder.net\/product\/pouch-carton-collation-paper-friction-feeder-machine-for-sale\/#breadcrumb\"},\"inLanguage\":\"tr\",\"potentialAction\":[{\"@type\":\"ReadAction\",\"target\":[\"https:\/\/byfeeder.net\/product\/pouch-carton-collation-paper-friction-feeder-machine-for-sale\/\"]}]},{\"@type\":\"ImageObject\",\"inLanguage\":\"tr\",\"@id\":\"https:\/\/byfeeder.net\/product\/pouch-carton-collation-paper-friction-feeder-machine-for-sale\/#primaryimage\",\"url\":\"https:\/\/byfeeder.net\/wp-content\/uploads\/2024\/11\/Friction-Feeder-Machine.webp\",\"contentUrl\":\"https:\/\/byfeeder.net\/wp-content\/uploads\/2024\/11\/Friction-Feeder-Machine.webp\",\"width\":700,\"height\":700,\"caption\":\"Friction Feeder Machine(5)\"},{\"@type\":\"BreadcrumbList\",\"@id\":\"https:\/\/byfeeder.net\/product\/pouch-carton-collation-paper-friction-feeder-machine-for-sale\/#breadcrumb\",\"itemListElement\":[{\"@type\":\"ListItem\",\"position\":1,\"name\":\"Home\",\"item\":\"https:\/\/byfeeder.net\/\"},{\"@type\":\"ListItem\",\"position\":2,\"name\":\"Products\",\"item\":\"https:\/\/byfeeder.net\/solution\/\"},{\"@type\":\"ListItem\",\"position\":3,\"name\":\"Pouch Carton Collation Paper Friction Feeder Machine for Sale\"}]},{\"@type\":\"WebSite\",\"@id\":\"https:\/\/byfeeder.net\/#website\",\"url\":\"https:\/\/byfeeder.net\/\",\"name\":\"BYFeeder\",\"description\":\"Packaging Feeding and Rewinding System Solutions Manufacturer\",\"publisher\":{\"@id\":\"https:\/\/byfeeder.net\/#organization\"},\"potentialAction\":[{\"@type\":\"SearchAction\",\"target\":{\"@type\":\"EntryPoint\",\"urlTemplate\":\"https:\/\/byfeeder.net\/?s={search_term_string}\"},\"query-input\":{\"@type\":\"PropertyValueSpecification\",\"valueRequired\":true,\"valueName\":\"search_term_string\"}}],\"inLanguage\":\"tr\"},{\"@type\":\"Organization\",\"@id\":\"https:\/\/byfeeder.net\/#organization\",\"name\":\"BY\",\"url\":\"https:\/\/byfeeder.net\/\",\"logo\":{\"@type\":\"ImageObject\",\"inLanguage\":\"tr\",\"@id\":\"https:\/\/byfeeder.net\/#\/schema\/logo\/image\/\",\"url\":\"https:\/\/byfeeder.net\/wp-content\/uploads\/2025\/05\/byfeeder-logo.webp\",\"contentUrl\":\"https:\/\/byfeeder.net\/wp-content\/uploads\/2025\/05\/byfeeder-logo.webp\",\"width\":512,\"height\":512,\"caption\":\"BY\"},\"image\":{\"@id\":\"https:\/\/byfeeder.net\/#\/schema\/logo\/image\/\"}}]}<\/script>\n<!-- \/ Yoast SEO plugin. -->","yoast_head_json":{"title":"Po\u015fet Karton Toplama Ka\u011f\u0131d\u0131 S\u00fcrt\u00fcnme Besleme Makinesi Sat\u0131l\u0131k | BYFeeder","robots":{"index":"index","follow":"follow","max-snippet":"max-snippet:-1","max-image-preview":"max-image-preview:large","max-video-preview":"max-video-preview:-1"},"canonical":"https:\/\/byfeeder.net\/tr\/product\/satilik-kese-karton-harmanlama-kagidi-surtunmeli-besleyici-makinesi\/","og_locale":"tr_TR","og_type":"article","og_title":"Pouch Carton Collation Paper Friction Feeder Machine for Sale | BYFeeder","og_description":"Model: IF-FM201CF- 300  Size(LXWXH):690\u00d7490\u00d7370mm  Belt Running Speed:0-120m\/min  Optional Inkjet Printer: DOMINO, Sojet, DK, UCS, VIDEOJET","og_url":"https:\/\/byfeeder.net\/tr\/product\/satilik-kese-karton-harmanlama-kagidi-surtunmeli-besleyici-makinesi\/","og_site_name":"BYFeeder","article_modified_time":"2025-04-24T07:45:38+00:00","og_image":[{"width":700,"height":700,"url":"https:\/\/byfeeder.net\/wp-content\/uploads\/2024\/11\/Friction-Feeder-Machine.webp","type":"image\/webp"}],"twitter_card":"summary_large_image","twitter_misc":{"Tahmini okuma s\u00fcresi":"2 dakika"},"schema":{"@context":"https:\/\/schema.org","@graph":[{"@type":"WebPage","@id":"https:\/\/byfeeder.net\/product\/pouch-carton-collation-paper-friction-feeder-machine-for-sale\/","url":"https:\/\/byfeeder.net\/product\/pouch-carton-collation-paper-friction-feeder-machine-for-sale\/","name":"Po\u015fet Karton Toplama Ka\u011f\u0131d\u0131 S\u00fcrt\u00fcnme Besleme Makinesi Sat\u0131l\u0131k | BYFeeder","isPartOf":{"@id":"https:\/\/byfeeder.net\/#website"},"primaryImageOfPage":{"@id":"https:\/\/byfeeder.net\/product\/pouch-carton-collation-paper-friction-feeder-machine-for-sale\/#primaryimage"},"image":{"@id":"https:\/\/byfeeder.net\/product\/pouch-carton-collation-paper-friction-feeder-machine-for-sale\/#primaryimage"},"thumbnailUrl":"https:\/\/byfeeder.net\/wp-content\/uploads\/2024\/11\/Friction-Feeder-Machine.webp","datePublished":"2024-11-21T09:46:49+00:00","dateModified":"2025-04-24T07:45:38+00:00","breadcrumb":{"@id":"https:\/\/byfeeder.net\/product\/pouch-carton-collation-paper-friction-feeder-machine-for-sale\/#breadcrumb"},"inLanguage":"tr","potentialAction":[{"@type":"ReadAction","target":["https:\/\/byfeeder.net\/product\/pouch-carton-collation-paper-friction-feeder-machine-for-sale\/"]}]},{"@type":"ImageObject","inLanguage":"tr","@id":"https:\/\/byfeeder.net\/product\/pouch-carton-collation-paper-friction-feeder-machine-for-sale\/#primaryimage","url":"https:\/\/byfeeder.net\/wp-content\/uploads\/2024\/11\/Friction-Feeder-Machine.webp","contentUrl":"https:\/\/byfeeder.net\/wp-content\/uploads\/2024\/11\/Friction-Feeder-Machine.webp","width":700,"height":700,"caption":"Friction Feeder Machine(5)"},{"@type":"BreadcrumbList","@id":"https:\/\/byfeeder.net\/product\/pouch-carton-collation-paper-friction-feeder-machine-for-sale\/#breadcrumb","itemListElement":[{"@type":"ListItem","position":1,"name":"Home","item":"https:\/\/byfeeder.net\/"},{"@type":"ListItem","position":2,"name":"Products","item":"https:\/\/byfeeder.net\/solution\/"},{"@type":"ListItem","position":3,"name":"Pouch Carton Collation Paper Friction Feeder Machine for Sale"}]},{"@type":"WebSite","@id":"https:\/\/byfeeder.net\/#website","url":"https:\/\/byfeeder.net\/","name":"Besleyici ile","description":"Paketleme Besleme ve Geri Sarma Sistemi \u00c7\u00f6z\u00fcmleri \u00dcreticisi","publisher":{"@id":"https:\/\/byfeeder.net\/#organization"},"potentialAction":[{"@type":"SearchAction","target":{"@type":"EntryPoint","urlTemplate":"https:\/\/byfeeder.net\/?s={search_term_string}"},"query-input":{"@type":"PropertyValueSpecification","valueRequired":true,"valueName":"search_term_string"}}],"inLanguage":"tr"},{"@type":"Organization","@id":"https:\/\/byfeeder.net\/#organization","name":"\u0130LE","url":"https:\/\/byfeeder.net\/","logo":{"@type":"ImageObject","inLanguage":"tr","@id":"https:\/\/byfeeder.net\/#\/schema\/logo\/image\/","url":"https:\/\/byfeeder.net\/wp-content\/uploads\/2025\/05\/byfeeder-logo.webp","contentUrl":"https:\/\/byfeeder.net\/wp-content\/uploads\/2025\/05\/byfeeder-logo.webp","width":512,"height":512,"caption":"BY"},"image":{"@id":"https:\/\/byfeeder.net\/#\/schema\/logo\/image\/"}}]}},"_links":{"self":[{"href":"https:\/\/byfeeder.net\/tr\/wp-json\/wp\/v2\/product\/1541"}],"collection":[{"href":"https:\/\/byfeeder.net\/tr\/wp-json\/wp\/v2\/product"}],"about":[{"href":"https:\/\/byfeeder.net\/tr\/wp-json\/wp\/v2\/types\/product"}],"wp:featuredmedia":[{"embeddable":true,"href":"https:\/\/byfeeder.net\/tr\/wp-json\/wp\/v2\/media\/3048"}],"wp:attachment":[{"href":"https:\/\/byfeeder.net\/tr\/wp-json\/wp\/v2\/media?parent=1541"}],"wp:term":[{"taxonomy":"product_brand","embeddable":true,"href":"https:\/\/byfeeder.net\/tr\/wp-json\/wp\/v2\/product_brand?post=1541"},{"taxonomy":"product_cat","embeddable":true,"href":"https:\/\/byfeeder.net\/tr\/wp-json\/wp\/v2\/product_cat?post=1541"},{"taxonomy":"product_tag","embeddable":true,"href":"https:\/\/byfeeder.net\/tr\/wp-json\/wp\/v2\/product_tag?post=1541"}],"curies":[{"name":"wp","href":"https:\/\/api.w.org\/{rel}","templated":true}]}}