{"id":1540,"date":"2024-11-21T01:36:51","date_gmt":"2024-11-21T09:36:51","guid":{"rendered":"https:\/\/byfeeder.net\/?post_type=product&#038;p=1540"},"modified":"2025-04-10T01:21:22","modified_gmt":"2025-04-10T09:21:22","slug":"otomatik-kagit-kitapcik-sayfa-kart-besleyici","status":"publish","type":"product","link":"https:\/\/byfeeder.net\/tr\/product\/otomatik-kagit-kitapcik-sayfa-kart-besleyici\/","title":{"rendered":"Otomatik Ka\u011f\u0131t Kitap\u00e7\u0131k Sayfa Kart Besleyici"},"content":{"rendered":"<p><strong>Parametreler<\/strong><\/p>\n<p>Kontrol Modu: Dokunmatik ekran + PLC kontrol\u00fc<\/p>\n<p>G\u00f6vde Malzemesi: Paslanmaz \u00e7elik veya \u00d6zel karbon \u00e7elik f\u0131r\u0131n boyas\u0131<\/p>\n<p>Malzemenin Maksimum \u00c7ap\u0131: \u00dcr\u00fcne dayal\u0131 \u00f6zelle\u015ftirme<\/p>\n<p>Ekipman A\u011f\u0131rl\u0131\u011f\u0131: Yakla\u015f\u0131k 20-25KG<\/p>\n<p>Malzeme Kal\u0131nl\u0131\u011f\u0131: 0.012-0.15mm<\/p>\n<p>Giri\u015f G\u00fcc\u00fc: Yakla\u015f\u0131k 500-1000W (Sadece \u00e7a\u011fr\u0131 cihaz\u0131, yaz\u0131c\u0131 hari\u00e7)<\/p>\n<p>\u0130letim Modu: AC servo motor<\/p>\n<p><strong>Standart Fonksiyonlar<\/strong><\/p>\n<ol>\n<li>Kay\u0131\u015f s\u00fcrt\u00fcnmesi alt de\u015farj<\/li>\n<li>Do\u011frudan besleme<\/li>\n<\/ol>\n<p><strong>\u0130ste\u011fe ba\u011fl\u0131 yap\u0131land\u0131rma<\/strong><\/p>\n<ul>\n<li>\u00c7evrimi\u00e7i \u00fcr\u00fcn say\u0131s\u0131n\u0131 do\u011fru bir \u015fekilde hesaplay\u0131n<\/li>\n<li>Harici kontrol sinyali beslemesi<\/li>\n<li>\u00dcr\u00fcn olmad\u0131\u011f\u0131nda alarm istemi<\/li>\n<\/ul>\n<figure id=\"attachment_2269\" aria-describedby=\"caption-attachment-2269\" style=\"width: 750px\" class=\"wp-caption alignnone\"><img fetchpriority=\"high\" decoding=\"async\" class=\"wp-image-2269 size-full\" src=\"https:\/\/byfeeder.net\/wp-content\/uploads\/2024\/11\/card-feeder-detail1.webp\" alt=\"otomatik ka\u011f\u0131t kitap\u00e7\u0131k sayfa kart besleyici\" width=\"750\" height=\"910\" srcset=\"https:\/\/byfeeder.net\/wp-content\/uploads\/2024\/11\/card-feeder-detail1.webp 750w, https:\/\/byfeeder.net\/wp-content\/uploads\/2024\/11\/card-feeder-detail1-600x728.webp 600w, https:\/\/byfeeder.net\/wp-content\/uploads\/2024\/11\/card-feeder-detail1-247x300.webp 247w\" sizes=\"(max-width: 750px) 100vw, 750px\" \/><figcaption id=\"caption-attachment-2269\" class=\"wp-caption-text\">otomatik ka\u011f\u0131t kitap\u00e7\u0131k sayfa kart besleyici<\/figcaption><\/figure>\n<p><img decoding=\"async\" class=\"alignnone wp-image-2270 size-full\" src=\"https:\/\/byfeeder.net\/wp-content\/uploads\/2024\/11\/card-feeder-detail2.webp\" alt=\"sat\u0131l\u0131k otomatik ka\u011f\u0131t kitap\u00e7\u0131k besleyici\" width=\"750\" height=\"979\" srcset=\"https:\/\/byfeeder.net\/wp-content\/uploads\/2024\/11\/card-feeder-detail2.webp 750w, https:\/\/byfeeder.net\/wp-content\/uploads\/2024\/11\/card-feeder-detail2-600x783.webp 600w, https:\/\/byfeeder.net\/wp-content\/uploads\/2024\/11\/card-feeder-detail2-230x300.webp 230w\" sizes=\"(max-width: 750px) 100vw, 750px\" \/><\/p>\n<p><img decoding=\"async\" class=\"alignnone wp-image-2271 size-full\" src=\"https:\/\/byfeeder.net\/wp-content\/uploads\/2024\/11\/card-feeder-detail3.webp\" alt=\"sat\u0131l\u0131k otomatik ka\u011f\u0131t kitap\u00e7\u0131k besleyici\" width=\"750\" height=\"1054\" srcset=\"https:\/\/byfeeder.net\/wp-content\/uploads\/2024\/11\/card-feeder-detail3.webp 750w, https:\/\/byfeeder.net\/wp-content\/uploads\/2024\/11\/card-feeder-detail3-600x843.webp 600w, https:\/\/byfeeder.net\/wp-content\/uploads\/2024\/11\/card-feeder-detail3-213x300.webp 213w, https:\/\/byfeeder.net\/wp-content\/uploads\/2024\/11\/card-feeder-detail3-729x1024.webp 729w\" sizes=\"(max-width: 750px) 100vw, 750px\" \/><\/p>\n<p><img loading=\"lazy\" decoding=\"async\" class=\"alignnone wp-image-2272 size-full\" src=\"https:\/\/byfeeder.net\/wp-content\/uploads\/2024\/11\/card-feeder-detail4.webp\" alt=\"sat\u0131l\u0131k otomatik ka\u011f\u0131t kitap\u00e7\u0131k besleyici\" width=\"750\" height=\"1487\" srcset=\"https:\/\/byfeeder.net\/wp-content\/uploads\/2024\/11\/card-feeder-detail4.webp 750w, https:\/\/byfeeder.net\/wp-content\/uploads\/2024\/11\/card-feeder-detail4-600x1190.webp 600w, https:\/\/byfeeder.net\/wp-content\/uploads\/2024\/11\/card-feeder-detail4-151x300.webp 151w, https:\/\/byfeeder.net\/wp-content\/uploads\/2024\/11\/card-feeder-detail4-516x1024.webp 516w\" sizes=\"(max-width: 750px) 100vw, 750px\" \/><\/p>","protected":false},"excerpt":{"rendered":"<p>Modeli: IF-FM201DF-300<\/p>\n<p>Boyut (UxGxY): 490\u00d7570\u00d7350mm<\/p>\n<p>Bant \u00c7al\u0131\u015fma H\u0131z\u0131: 0-120m\/dak<\/p>\n<p>\u0130ste\u011fe Ba\u011fl\u0131 M\u00fcrekkep P\u00fcsk\u00fcrtmeli Yaz\u0131c\u0131: DOMINO, Sojet, DK, UCS, VIDEOJET<\/p>","protected":false},"featured_media":3047,"template":"","meta":{"_acf_changed":false},"product_brand":[],"product_cat":[24],"product_tag":[],"class_list":{"0":"post-1540","1":"product","2":"type-product","3":"status-publish","4":"has-post-thumbnail","6":"product_cat-friction-feeders","8":"first","9":"instock","10":"shipping-taxable","11":"product-type-simple"},"acf":[],"yoast_head":"<!-- This site is optimized with the Yoast SEO plugin v25.3.1 - https:\/\/yoast.com\/wordpress\/plugins\/seo\/ -->\n<title>Automatic Paper Booklet Sheet Card Feeder | BYFeeder<\/title>\n<meta name=\"robots\" content=\"index, follow, max-snippet:-1, max-image-preview:large, max-video-preview:-1\" \/>\n<link rel=\"canonical\" href=\"https:\/\/byfeeder.net\/tr\/product\/otomatik-kagit-kitapcik-sayfa-kart-besleyici\/\" \/>\n<meta property=\"og:locale\" content=\"tr_TR\" \/>\n<meta property=\"og:type\" content=\"article\" \/>\n<meta property=\"og:title\" content=\"Automatic Paper Booklet Sheet Card Feeder | BYFeeder\" \/>\n<meta property=\"og:description\" content=\"Model: IF-FM201DF- 300  Size(LXWXH):490\u00d7570\u00d7350mm  Belt Running Speed:0-120m\/min  Optional Inkjet Printer: DOMINO, Sojet, DK, UCS, VIDEOJET\" \/>\n<meta property=\"og:url\" content=\"https:\/\/byfeeder.net\/tr\/product\/otomatik-kagit-kitapcik-sayfa-kart-besleyici\/\" \/>\n<meta property=\"og:site_name\" content=\"BYFeeder\" \/>\n<meta property=\"article:modified_time\" content=\"2025-04-10T09:21:22+00:00\" \/>\n<meta property=\"og:image\" content=\"https:\/\/byfeeder.net\/wp-content\/uploads\/2024\/11\/friction-card-feeder.webp\" \/>\n\t<meta property=\"og:image:width\" content=\"700\" \/>\n\t<meta property=\"og:image:height\" content=\"700\" \/>\n\t<meta property=\"og:image:type\" content=\"image\/webp\" \/>\n<meta name=\"twitter:card\" content=\"summary_large_image\" \/>\n<meta name=\"twitter:label1\" content=\"Tahmini okuma s\u00fcresi\" \/>\n\t<meta name=\"twitter:data1\" content=\"2 dakika\" \/>\n<script type=\"application\/ld+json\" class=\"yoast-schema-graph\">{\"@context\":\"https:\/\/schema.org\",\"@graph\":[{\"@type\":\"WebPage\",\"@id\":\"https:\/\/byfeeder.net\/product\/automatic-paper-booklet-sheet-card-feeder\/\",\"url\":\"https:\/\/byfeeder.net\/product\/automatic-paper-booklet-sheet-card-feeder\/\",\"name\":\"Automatic Paper Booklet Sheet Card Feeder | BYFeeder\",\"isPartOf\":{\"@id\":\"https:\/\/byfeeder.net\/#website\"},\"primaryImageOfPage\":{\"@id\":\"https:\/\/byfeeder.net\/product\/automatic-paper-booklet-sheet-card-feeder\/#primaryimage\"},\"image\":{\"@id\":\"https:\/\/byfeeder.net\/product\/automatic-paper-booklet-sheet-card-feeder\/#primaryimage\"},\"thumbnailUrl\":\"https:\/\/byfeeder.net\/wp-content\/uploads\/2024\/11\/friction-card-feeder.webp\",\"datePublished\":\"2024-11-21T09:36:51+00:00\",\"dateModified\":\"2025-04-10T09:21:22+00:00\",\"breadcrumb\":{\"@id\":\"https:\/\/byfeeder.net\/product\/automatic-paper-booklet-sheet-card-feeder\/#breadcrumb\"},\"inLanguage\":\"tr\",\"potentialAction\":[{\"@type\":\"ReadAction\",\"target\":[\"https:\/\/byfeeder.net\/product\/automatic-paper-booklet-sheet-card-feeder\/\"]}]},{\"@type\":\"ImageObject\",\"inLanguage\":\"tr\",\"@id\":\"https:\/\/byfeeder.net\/product\/automatic-paper-booklet-sheet-card-feeder\/#primaryimage\",\"url\":\"https:\/\/byfeeder.net\/wp-content\/uploads\/2024\/11\/friction-card-feeder.webp\",\"contentUrl\":\"https:\/\/byfeeder.net\/wp-content\/uploads\/2024\/11\/friction-card-feeder.webp\",\"width\":700,\"height\":700,\"caption\":\"friction card feeder\"},{\"@type\":\"BreadcrumbList\",\"@id\":\"https:\/\/byfeeder.net\/product\/automatic-paper-booklet-sheet-card-feeder\/#breadcrumb\",\"itemListElement\":[{\"@type\":\"ListItem\",\"position\":1,\"name\":\"Home\",\"item\":\"https:\/\/byfeeder.net\/\"},{\"@type\":\"ListItem\",\"position\":2,\"name\":\"Products\",\"item\":\"https:\/\/byfeeder.net\/solution\/\"},{\"@type\":\"ListItem\",\"position\":3,\"name\":\"Automatic Paper Booklet Sheet Card Feeder\"}]},{\"@type\":\"WebSite\",\"@id\":\"https:\/\/byfeeder.net\/#website\",\"url\":\"https:\/\/byfeeder.net\/\",\"name\":\"BYFeeder\",\"description\":\"Packaging Feeding and Rewinding System Solutions Manufacturer\",\"publisher\":{\"@id\":\"https:\/\/byfeeder.net\/#organization\"},\"potentialAction\":[{\"@type\":\"SearchAction\",\"target\":{\"@type\":\"EntryPoint\",\"urlTemplate\":\"https:\/\/byfeeder.net\/?s={search_term_string}\"},\"query-input\":{\"@type\":\"PropertyValueSpecification\",\"valueRequired\":true,\"valueName\":\"search_term_string\"}}],\"inLanguage\":\"tr\"},{\"@type\":\"Organization\",\"@id\":\"https:\/\/byfeeder.net\/#organization\",\"name\":\"BY\",\"url\":\"https:\/\/byfeeder.net\/\",\"logo\":{\"@type\":\"ImageObject\",\"inLanguage\":\"tr\",\"@id\":\"https:\/\/byfeeder.net\/#\/schema\/logo\/image\/\",\"url\":\"https:\/\/byfeeder.net\/wp-content\/uploads\/2025\/05\/byfeeder-logo.webp\",\"contentUrl\":\"https:\/\/byfeeder.net\/wp-content\/uploads\/2025\/05\/byfeeder-logo.webp\",\"width\":512,\"height\":512,\"caption\":\"BY\"},\"image\":{\"@id\":\"https:\/\/byfeeder.net\/#\/schema\/logo\/image\/\"}}]}<\/script>\n<!-- \/ Yoast SEO plugin. -->","yoast_head_json":{"title":"Otomatik Ka\u011f\u0131t Kitap\u00e7\u0131k Sayfa Kart Besleyici | BYFeeder","robots":{"index":"index","follow":"follow","max-snippet":"max-snippet:-1","max-image-preview":"max-image-preview:large","max-video-preview":"max-video-preview:-1"},"canonical":"https:\/\/byfeeder.net\/tr\/product\/otomatik-kagit-kitapcik-sayfa-kart-besleyici\/","og_locale":"tr_TR","og_type":"article","og_title":"Automatic Paper Booklet Sheet Card Feeder | BYFeeder","og_description":"Model: IF-FM201DF- 300  Size(LXWXH):490\u00d7570\u00d7350mm  Belt Running Speed:0-120m\/min  Optional Inkjet Printer: DOMINO, Sojet, DK, UCS, VIDEOJET","og_url":"https:\/\/byfeeder.net\/tr\/product\/otomatik-kagit-kitapcik-sayfa-kart-besleyici\/","og_site_name":"BYFeeder","article_modified_time":"2025-04-10T09:21:22+00:00","og_image":[{"width":700,"height":700,"url":"https:\/\/byfeeder.net\/wp-content\/uploads\/2024\/11\/friction-card-feeder.webp","type":"image\/webp"}],"twitter_card":"summary_large_image","twitter_misc":{"Tahmini okuma s\u00fcresi":"2 dakika"},"schema":{"@context":"https:\/\/schema.org","@graph":[{"@type":"WebPage","@id":"https:\/\/byfeeder.net\/product\/automatic-paper-booklet-sheet-card-feeder\/","url":"https:\/\/byfeeder.net\/product\/automatic-paper-booklet-sheet-card-feeder\/","name":"Otomatik Ka\u011f\u0131t Kitap\u00e7\u0131k Sayfa Kart Besleyici | BYFeeder","isPartOf":{"@id":"https:\/\/byfeeder.net\/#website"},"primaryImageOfPage":{"@id":"https:\/\/byfeeder.net\/product\/automatic-paper-booklet-sheet-card-feeder\/#primaryimage"},"image":{"@id":"https:\/\/byfeeder.net\/product\/automatic-paper-booklet-sheet-card-feeder\/#primaryimage"},"thumbnailUrl":"https:\/\/byfeeder.net\/wp-content\/uploads\/2024\/11\/friction-card-feeder.webp","datePublished":"2024-11-21T09:36:51+00:00","dateModified":"2025-04-10T09:21:22+00:00","breadcrumb":{"@id":"https:\/\/byfeeder.net\/product\/automatic-paper-booklet-sheet-card-feeder\/#breadcrumb"},"inLanguage":"tr","potentialAction":[{"@type":"ReadAction","target":["https:\/\/byfeeder.net\/product\/automatic-paper-booklet-sheet-card-feeder\/"]}]},{"@type":"ImageObject","inLanguage":"tr","@id":"https:\/\/byfeeder.net\/product\/automatic-paper-booklet-sheet-card-feeder\/#primaryimage","url":"https:\/\/byfeeder.net\/wp-content\/uploads\/2024\/11\/friction-card-feeder.webp","contentUrl":"https:\/\/byfeeder.net\/wp-content\/uploads\/2024\/11\/friction-card-feeder.webp","width":700,"height":700,"caption":"friction card feeder"},{"@type":"BreadcrumbList","@id":"https:\/\/byfeeder.net\/product\/automatic-paper-booklet-sheet-card-feeder\/#breadcrumb","itemListElement":[{"@type":"ListItem","position":1,"name":"Home","item":"https:\/\/byfeeder.net\/"},{"@type":"ListItem","position":2,"name":"Products","item":"https:\/\/byfeeder.net\/solution\/"},{"@type":"ListItem","position":3,"name":"Automatic Paper Booklet Sheet Card Feeder"}]},{"@type":"WebSite","@id":"https:\/\/byfeeder.net\/#website","url":"https:\/\/byfeeder.net\/","name":"Besleyici ile","description":"Paketleme Besleme ve Geri Sarma Sistemi \u00c7\u00f6z\u00fcmleri \u00dcreticisi","publisher":{"@id":"https:\/\/byfeeder.net\/#organization"},"potentialAction":[{"@type":"SearchAction","target":{"@type":"EntryPoint","urlTemplate":"https:\/\/byfeeder.net\/?s={search_term_string}"},"query-input":{"@type":"PropertyValueSpecification","valueRequired":true,"valueName":"search_term_string"}}],"inLanguage":"tr"},{"@type":"Organization","@id":"https:\/\/byfeeder.net\/#organization","name":"\u0130LE","url":"https:\/\/byfeeder.net\/","logo":{"@type":"ImageObject","inLanguage":"tr","@id":"https:\/\/byfeeder.net\/#\/schema\/logo\/image\/","url":"https:\/\/byfeeder.net\/wp-content\/uploads\/2025\/05\/byfeeder-logo.webp","contentUrl":"https:\/\/byfeeder.net\/wp-content\/uploads\/2025\/05\/byfeeder-logo.webp","width":512,"height":512,"caption":"BY"},"image":{"@id":"https:\/\/byfeeder.net\/#\/schema\/logo\/image\/"}}]}},"_links":{"self":[{"href":"https:\/\/byfeeder.net\/tr\/wp-json\/wp\/v2\/product\/1540"}],"collection":[{"href":"https:\/\/byfeeder.net\/tr\/wp-json\/wp\/v2\/product"}],"about":[{"href":"https:\/\/byfeeder.net\/tr\/wp-json\/wp\/v2\/types\/product"}],"wp:featuredmedia":[{"embeddable":true,"href":"https:\/\/byfeeder.net\/tr\/wp-json\/wp\/v2\/media\/3047"}],"wp:attachment":[{"href":"https:\/\/byfeeder.net\/tr\/wp-json\/wp\/v2\/media?parent=1540"}],"wp:term":[{"taxonomy":"product_brand","embeddable":true,"href":"https:\/\/byfeeder.net\/tr\/wp-json\/wp\/v2\/product_brand?post=1540"},{"taxonomy":"product_cat","embeddable":true,"href":"https:\/\/byfeeder.net\/tr\/wp-json\/wp\/v2\/product_cat?post=1540"},{"taxonomy":"product_tag","embeddable":true,"href":"https:\/\/byfeeder.net\/tr\/wp-json\/wp\/v2\/product_tag?post=1540"}],"curies":[{"name":"wp","href":"https:\/\/api.w.org\/{rel}","templated":true}]}}