{"id":1398,"date":"2024-11-21T00:11:14","date_gmt":"2024-11-21T08:11:14","guid":{"rendered":"https:\/\/byfeeder.net\/?post_type=product&#038;p=1398"},"modified":"2025-07-28T19:20:19","modified_gmt":"2025-07-29T03:20:19","slug":"2000w-fircasiz-dc-kontrollu-tij-baski-sayfalama-makinesi-konveyoru-ile-beslenen-takili","status":"publish","type":"product","link":"https:\/\/byfeeder.net\/tr\/product\/2000w-fircasiz-dc-kontrollu-tij-baski-sayfalama-makinesi-konveyoru-ile-beslenen-takili\/","title":{"rendered":"Stucker Beslemeli 2000W F\u0131r\u00e7as\u0131z DC Kontrol TIJ Bask\u0131 Sayfalama Makinesi Konvey\u00f6r\u00fc"},"content":{"rendered":"<p><strong>\u00dcr\u00fcn Parametreleri<\/strong><\/p>\n<p>Kontrol Modu: iFeeder i\u00e7in \u00f6zel kontrol\u00f6r<\/p>\n<p>G\u00f6vde Malzemesi: Paslanmaz \u00e7elik veya \u00d6zel karbon \u00e7elik f\u0131r\u0131n boyas\u0131<\/p>\n<p>Malzemenin Maksimum \u00c7ap\u0131: \u00dcr\u00fcne dayal\u0131 \u00f6zelle\u015ftirme<\/p>\n<p>Ekipman A\u011f\u0131rl\u0131\u011f\u0131: Yakla\u015f\u0131k 300KG<\/p>\n<p>Malzeme Kal\u0131nl\u0131\u011f\u0131: 0.1~3mm<\/p>\n<p>Giri\u015f G\u00fcc\u00fc: Yakla\u015f\u0131k 2000W (Sadece \u00e7a\u011fr\u0131 cihaz\u0131, yaz\u0131c\u0131 hari\u00e7)<\/p>\n<p>\u0130letim Modu: F\u0131r\u00e7as\u0131z DC kontrol\u00fc<\/p>\n<p>\u0130ste\u011fe Ba\u011fl\u0131 M\u00fcrekkep P\u00fcsk\u00fcrtmeli Yaz\u0131c\u0131: DOMINO, Sojet, DK, UCS, VIDEOJET<\/p>\n<p><strong>Standart Fonksiyonlar<\/strong><\/p>\n<ul>\n<li>Yukar\u0131 emi\u015fli besleme<\/li>\n<li>Y\u00fcksek h\u0131zl\u0131 konvey\u00f6r bant<\/li>\n<li>Toplama hunisinin damla tipi y\u0131\u011f\u0131n toplamas\u0131<\/li>\n<li>Anti-statik fonksiyonu<\/li>\n<li>\u00d6zelle\u015ftirmeyi destekle<\/li>\n<\/ul>\n<p>&nbsp;<\/p>","protected":false},"excerpt":{"rendered":"<p>Model: IF-SU300ST- 500\u00d71200\/60-TIJ-S<\/p>\n<p>Boyut (UxGxY): 2550\u00d7790\u00d71055mm<\/p>\n<p>Bant \u00c7al\u0131\u015fma H\u0131z\u0131: 0-60m\/dak<\/p>","protected":false},"featured_media":1414,"template":"","meta":{"_acf_changed":false},"product_brand":[],"product_cat":[23,45],"product_tag":[],"class_list":{"0":"post-1398","1":"product","2":"type-product","3":"status-publish","4":"has-post-thumbnail","6":"product_cat-paging-machines","7":"product_cat-vacuum-feeders","9":"first","10":"instock","11":"shipping-taxable","12":"product-type-simple"},"acf":[],"yoast_head":"<!-- This site is optimized with the Yoast SEO plugin v25.3.1 - https:\/\/yoast.com\/wordpress\/plugins\/seo\/ -->\n<title>Stucker Feeding 2000W Brushless DC Control TIJ Printing Paging Machine Conveyor | BYFeeder<\/title>\n<meta name=\"robots\" content=\"index, follow, max-snippet:-1, max-image-preview:large, max-video-preview:-1\" \/>\n<link rel=\"canonical\" href=\"https:\/\/byfeeder.net\/tr\/product\/2000w-fircasiz-dc-kontrollu-tij-baski-sayfalama-makinesi-konveyoru-ile-beslenen-takili\/\" \/>\n<meta property=\"og:locale\" content=\"tr_TR\" \/>\n<meta property=\"og:type\" content=\"article\" \/>\n<meta property=\"og:title\" content=\"Stucker Feeding 2000W Brushless DC Control TIJ Printing Paging Machine Conveyor | BYFeeder\" \/>\n<meta property=\"og:description\" content=\"Model: IF-SU300ST- 500\u00d71200\/60-TIJ-S  Size(LXWXH):2550\u00d7790\u00d71055mm  Belt Running Speed:0-60m\/min\" \/>\n<meta property=\"og:url\" content=\"https:\/\/byfeeder.net\/tr\/product\/2000w-fircasiz-dc-kontrollu-tij-baski-sayfalama-makinesi-konveyoru-ile-beslenen-takili\/\" \/>\n<meta property=\"og:site_name\" content=\"BYFeeder\" \/>\n<meta property=\"article:modified_time\" content=\"2025-07-29T03:20:19+00:00\" \/>\n<meta property=\"og:image\" content=\"https:\/\/byfeeder.net\/wp-content\/uploads\/2024\/11\/up-suction-paging-printing-machine.webp\" \/>\n\t<meta property=\"og:image:width\" content=\"700\" \/>\n\t<meta property=\"og:image:height\" content=\"700\" \/>\n\t<meta property=\"og:image:type\" content=\"image\/webp\" \/>\n<meta name=\"twitter:card\" content=\"summary_large_image\" \/>\n<meta name=\"twitter:label1\" content=\"Tahmini okuma s\u00fcresi\" \/>\n\t<meta name=\"twitter:data1\" content=\"1 dakika\" \/>\n<script type=\"application\/ld+json\" class=\"yoast-schema-graph\">{\"@context\":\"https:\/\/schema.org\",\"@graph\":[{\"@type\":\"WebPage\",\"@id\":\"https:\/\/byfeeder.net\/product\/stucker-feeding-2000w-brushless-dc-control-tij-printing-paging-machine-conveyor\/\",\"url\":\"https:\/\/byfeeder.net\/product\/stucker-feeding-2000w-brushless-dc-control-tij-printing-paging-machine-conveyor\/\",\"name\":\"Stucker Feeding 2000W Brushless DC Control TIJ Printing Paging Machine Conveyor | BYFeeder\",\"isPartOf\":{\"@id\":\"https:\/\/byfeeder.net\/#website\"},\"primaryImageOfPage\":{\"@id\":\"https:\/\/byfeeder.net\/product\/stucker-feeding-2000w-brushless-dc-control-tij-printing-paging-machine-conveyor\/#primaryimage\"},\"image\":{\"@id\":\"https:\/\/byfeeder.net\/product\/stucker-feeding-2000w-brushless-dc-control-tij-printing-paging-machine-conveyor\/#primaryimage\"},\"thumbnailUrl\":\"https:\/\/byfeeder.net\/wp-content\/uploads\/2024\/11\/up-suction-paging-printing-machine.webp\",\"datePublished\":\"2024-11-21T08:11:14+00:00\",\"dateModified\":\"2025-07-29T03:20:19+00:00\",\"breadcrumb\":{\"@id\":\"https:\/\/byfeeder.net\/product\/stucker-feeding-2000w-brushless-dc-control-tij-printing-paging-machine-conveyor\/#breadcrumb\"},\"inLanguage\":\"tr\",\"potentialAction\":[{\"@type\":\"ReadAction\",\"target\":[\"https:\/\/byfeeder.net\/product\/stucker-feeding-2000w-brushless-dc-control-tij-printing-paging-machine-conveyor\/\"]}]},{\"@type\":\"ImageObject\",\"inLanguage\":\"tr\",\"@id\":\"https:\/\/byfeeder.net\/product\/stucker-feeding-2000w-brushless-dc-control-tij-printing-paging-machine-conveyor\/#primaryimage\",\"url\":\"https:\/\/byfeeder.net\/wp-content\/uploads\/2024\/11\/up-suction-paging-printing-machine.webp\",\"contentUrl\":\"https:\/\/byfeeder.net\/wp-content\/uploads\/2024\/11\/up-suction-paging-printing-machine.webp\",\"width\":700,\"height\":700,\"caption\":\"up-suction paging printing machine\"},{\"@type\":\"BreadcrumbList\",\"@id\":\"https:\/\/byfeeder.net\/product\/stucker-feeding-2000w-brushless-dc-control-tij-printing-paging-machine-conveyor\/#breadcrumb\",\"itemListElement\":[{\"@type\":\"ListItem\",\"position\":1,\"name\":\"Home\",\"item\":\"https:\/\/byfeeder.net\/\"},{\"@type\":\"ListItem\",\"position\":2,\"name\":\"Products\",\"item\":\"https:\/\/byfeeder.net\/solution\/\"},{\"@type\":\"ListItem\",\"position\":3,\"name\":\"Stucker Feeding 2000W Brushless DC Control TIJ Printing Paging Machine Conveyor\"}]},{\"@type\":\"WebSite\",\"@id\":\"https:\/\/byfeeder.net\/#website\",\"url\":\"https:\/\/byfeeder.net\/\",\"name\":\"BYFeeder\",\"description\":\"Packaging Feeding and Rewinding System Solutions Manufacturer\",\"publisher\":{\"@id\":\"https:\/\/byfeeder.net\/#organization\"},\"potentialAction\":[{\"@type\":\"SearchAction\",\"target\":{\"@type\":\"EntryPoint\",\"urlTemplate\":\"https:\/\/byfeeder.net\/?s={search_term_string}\"},\"query-input\":{\"@type\":\"PropertyValueSpecification\",\"valueRequired\":true,\"valueName\":\"search_term_string\"}}],\"inLanguage\":\"tr\"},{\"@type\":\"Organization\",\"@id\":\"https:\/\/byfeeder.net\/#organization\",\"name\":\"BY\",\"url\":\"https:\/\/byfeeder.net\/\",\"logo\":{\"@type\":\"ImageObject\",\"inLanguage\":\"tr\",\"@id\":\"https:\/\/byfeeder.net\/#\/schema\/logo\/image\/\",\"url\":\"https:\/\/byfeeder.net\/wp-content\/uploads\/2025\/05\/byfeeder-logo.webp\",\"contentUrl\":\"https:\/\/byfeeder.net\/wp-content\/uploads\/2025\/05\/byfeeder-logo.webp\",\"width\":512,\"height\":512,\"caption\":\"BY\"},\"image\":{\"@id\":\"https:\/\/byfeeder.net\/#\/schema\/logo\/image\/\"}}]}<\/script>\n<!-- \/ Yoast SEO plugin. -->","yoast_head_json":{"title":"Stucker Feeding 2000W F\u0131r\u00e7as\u0131z DC Kontrol TIJ Bask\u0131 Sayfalama Makinesi Konvey\u00f6r\u00fc | BYFeeder","robots":{"index":"index","follow":"follow","max-snippet":"max-snippet:-1","max-image-preview":"max-image-preview:large","max-video-preview":"max-video-preview:-1"},"canonical":"https:\/\/byfeeder.net\/tr\/product\/2000w-fircasiz-dc-kontrollu-tij-baski-sayfalama-makinesi-konveyoru-ile-beslenen-takili\/","og_locale":"tr_TR","og_type":"article","og_title":"Stucker Feeding 2000W Brushless DC Control TIJ Printing Paging Machine Conveyor | BYFeeder","og_description":"Model: IF-SU300ST- 500\u00d71200\/60-TIJ-S  Size(LXWXH):2550\u00d7790\u00d71055mm  Belt Running Speed:0-60m\/min","og_url":"https:\/\/byfeeder.net\/tr\/product\/2000w-fircasiz-dc-kontrollu-tij-baski-sayfalama-makinesi-konveyoru-ile-beslenen-takili\/","og_site_name":"BYFeeder","article_modified_time":"2025-07-29T03:20:19+00:00","og_image":[{"width":700,"height":700,"url":"https:\/\/byfeeder.net\/wp-content\/uploads\/2024\/11\/up-suction-paging-printing-machine.webp","type":"image\/webp"}],"twitter_card":"summary_large_image","twitter_misc":{"Tahmini okuma s\u00fcresi":"1 dakika"},"schema":{"@context":"https:\/\/schema.org","@graph":[{"@type":"WebPage","@id":"https:\/\/byfeeder.net\/product\/stucker-feeding-2000w-brushless-dc-control-tij-printing-paging-machine-conveyor\/","url":"https:\/\/byfeeder.net\/product\/stucker-feeding-2000w-brushless-dc-control-tij-printing-paging-machine-conveyor\/","name":"Stucker Feeding 2000W F\u0131r\u00e7as\u0131z DC Kontrol TIJ Bask\u0131 Sayfalama Makinesi Konvey\u00f6r\u00fc | BYFeeder","isPartOf":{"@id":"https:\/\/byfeeder.net\/#website"},"primaryImageOfPage":{"@id":"https:\/\/byfeeder.net\/product\/stucker-feeding-2000w-brushless-dc-control-tij-printing-paging-machine-conveyor\/#primaryimage"},"image":{"@id":"https:\/\/byfeeder.net\/product\/stucker-feeding-2000w-brushless-dc-control-tij-printing-paging-machine-conveyor\/#primaryimage"},"thumbnailUrl":"https:\/\/byfeeder.net\/wp-content\/uploads\/2024\/11\/up-suction-paging-printing-machine.webp","datePublished":"2024-11-21T08:11:14+00:00","dateModified":"2025-07-29T03:20:19+00:00","breadcrumb":{"@id":"https:\/\/byfeeder.net\/product\/stucker-feeding-2000w-brushless-dc-control-tij-printing-paging-machine-conveyor\/#breadcrumb"},"inLanguage":"tr","potentialAction":[{"@type":"ReadAction","target":["https:\/\/byfeeder.net\/product\/stucker-feeding-2000w-brushless-dc-control-tij-printing-paging-machine-conveyor\/"]}]},{"@type":"ImageObject","inLanguage":"tr","@id":"https:\/\/byfeeder.net\/product\/stucker-feeding-2000w-brushless-dc-control-tij-printing-paging-machine-conveyor\/#primaryimage","url":"https:\/\/byfeeder.net\/wp-content\/uploads\/2024\/11\/up-suction-paging-printing-machine.webp","contentUrl":"https:\/\/byfeeder.net\/wp-content\/uploads\/2024\/11\/up-suction-paging-printing-machine.webp","width":700,"height":700,"caption":"up-suction paging printing machine"},{"@type":"BreadcrumbList","@id":"https:\/\/byfeeder.net\/product\/stucker-feeding-2000w-brushless-dc-control-tij-printing-paging-machine-conveyor\/#breadcrumb","itemListElement":[{"@type":"ListItem","position":1,"name":"Home","item":"https:\/\/byfeeder.net\/"},{"@type":"ListItem","position":2,"name":"Products","item":"https:\/\/byfeeder.net\/solution\/"},{"@type":"ListItem","position":3,"name":"Stucker Feeding 2000W Brushless DC Control TIJ Printing Paging Machine Conveyor"}]},{"@type":"WebSite","@id":"https:\/\/byfeeder.net\/#website","url":"https:\/\/byfeeder.net\/","name":"Besleyici ile","description":"Paketleme Besleme ve Geri Sarma Sistemi \u00c7\u00f6z\u00fcmleri \u00dcreticisi","publisher":{"@id":"https:\/\/byfeeder.net\/#organization"},"potentialAction":[{"@type":"SearchAction","target":{"@type":"EntryPoint","urlTemplate":"https:\/\/byfeeder.net\/?s={search_term_string}"},"query-input":{"@type":"PropertyValueSpecification","valueRequired":true,"valueName":"search_term_string"}}],"inLanguage":"tr"},{"@type":"Organization","@id":"https:\/\/byfeeder.net\/#organization","name":"\u0130LE","url":"https:\/\/byfeeder.net\/","logo":{"@type":"ImageObject","inLanguage":"tr","@id":"https:\/\/byfeeder.net\/#\/schema\/logo\/image\/","url":"https:\/\/byfeeder.net\/wp-content\/uploads\/2025\/05\/byfeeder-logo.webp","contentUrl":"https:\/\/byfeeder.net\/wp-content\/uploads\/2025\/05\/byfeeder-logo.webp","width":512,"height":512,"caption":"BY"},"image":{"@id":"https:\/\/byfeeder.net\/#\/schema\/logo\/image\/"}}]}},"_links":{"self":[{"href":"https:\/\/byfeeder.net\/tr\/wp-json\/wp\/v2\/product\/1398"}],"collection":[{"href":"https:\/\/byfeeder.net\/tr\/wp-json\/wp\/v2\/product"}],"about":[{"href":"https:\/\/byfeeder.net\/tr\/wp-json\/wp\/v2\/types\/product"}],"wp:featuredmedia":[{"embeddable":true,"href":"https:\/\/byfeeder.net\/tr\/wp-json\/wp\/v2\/media\/1414"}],"wp:attachment":[{"href":"https:\/\/byfeeder.net\/tr\/wp-json\/wp\/v2\/media?parent=1398"}],"wp:term":[{"taxonomy":"product_brand","embeddable":true,"href":"https:\/\/byfeeder.net\/tr\/wp-json\/wp\/v2\/product_brand?post=1398"},{"taxonomy":"product_cat","embeddable":true,"href":"https:\/\/byfeeder.net\/tr\/wp-json\/wp\/v2\/product_cat?post=1398"},{"taxonomy":"product_tag","embeddable":true,"href":"https:\/\/byfeeder.net\/tr\/wp-json\/wp\/v2\/product_tag?post=1398"}],"curies":[{"name":"wp","href":"https:\/\/api.w.org\/{rel}","templated":true}]}}