{"id":1381,"date":"2024-11-21T00:00:03","date_gmt":"2024-11-21T08:00:03","guid":{"rendered":"https:\/\/byfeeder.net\/?post_type=product&#038;p=1381"},"modified":"2024-12-12T23:57:41","modified_gmt":"2024-12-13T07:57:41","slug":"tam-ozellestirme-islevi-sayma-muhurleme-sayfalama-makinesi","status":"publish","type":"product","link":"https:\/\/byfeeder.net\/tr\/product\/tam-ozellestirme-islevi-sayma-muhurleme-sayfalama-makinesi\/","title":{"rendered":"Tam \u00d6zelle\u015ftirme Fonksiyonu Sayma S\u0131zd\u0131rmazl\u0131k Sayfalama Makinesi"},"content":{"rendered":"<p><strong>\u00dcr\u00fcn Parametreleri<\/strong><\/p>\n<p>Kontrol Modu: iFeeder veya PLC dokunmatik ekran<\/p>\n<p>G\u00f6vde Malzemesi: Paslanmaz \u00e7elik veya \u00d6zel karbon \u00e7elik f\u0131r\u0131n boyas\u0131<\/p>\n<p>Malzemenin Maksimum \u00c7ap\u0131: \u00dcr\u00fcne dayal\u0131 \u00f6zelle\u015ftirme<\/p>\n<p>Ekipman A\u011f\u0131rl\u0131\u011f\u0131: Yakla\u015f\u0131k 75KG<\/p>\n<p>Malzeme Kal\u0131nl\u0131\u011f\u0131: 0.1~3mm<\/p>\n<p>Giri\u015f G\u00fcc\u00fc: Yakla\u015f\u0131k 500W (Sadece \u00e7a\u011fr\u0131 cihaz\u0131, yaz\u0131c\u0131 hari\u00e7)<\/p>\n<p>\u0130letim Modu: De\u011fi\u015fken frekansl\u0131 h\u0131z kontrol\u00fc<\/p>\n<p>\u0130ste\u011fe Ba\u011fl\u0131 M\u00fcrekkep P\u00fcsk\u00fcrtmeli Yaz\u0131c\u0131: DOMINO, Sojet, DK, UCS, VIDEOJET<\/p>\n<p><strong>Standart Yap\u0131land\u0131rma<\/strong><\/p>\n<ul>\n<li>Kay\u0131\u015f s\u00fcrt\u00fcnmesi alt de\u015farj<\/li>\n<li>Y\u00fcksek h\u0131zl\u0131 konvey\u00f6r bant<\/li>\n<li>Toplama hunisinin damla tipi y\u0131\u011f\u0131n toplamas\u0131<\/li>\n<\/ul>\n<p><strong>\u0130ste\u011fe ba\u011fl\u0131 yap\u0131land\u0131rma<\/strong><\/p>\n<ul>\n<li>Etiketleme makinesi<\/li>\n<li>Adsorpsiyon fonksiyonu<\/li>\n<li>Miktar\u0131 otomatik olarak hesapla<\/li>\n<li>S\u0131zd\u0131rmazl\u0131k makinesi<\/li>\n<li>\u00d6zelle\u015ftirmeyi destekle<\/li>\n<\/ul>","protected":false},"excerpt":{"rendered":"<p>Modeli: iF-IPM203TB-400\u00d7600\/60-S<\/p>\n<p>Boyut (UxGxY): 1750X700X350mm<\/p>\n<p>Bant \u00c7al\u0131\u015fma H\u0131z\u0131: 0-60m\/dak<\/p>","protected":false},"featured_media":1388,"template":"","meta":{"_acf_changed":false},"product_brand":[],"product_cat":[23],"product_tag":[],"class_list":{"0":"post-1381","1":"product","2":"type-product","3":"status-publish","4":"has-post-thumbnail","6":"product_cat-paging-machines","8":"first","9":"instock","10":"shipping-taxable","11":"product-type-simple"},"acf":[],"yoast_head":"<!-- This site is optimized with the Yoast SEO plugin v25.3.1 - https:\/\/yoast.com\/wordpress\/plugins\/seo\/ -->\n<title>Full Customization Function Counting Sealing Paging Machine | BYFeeder<\/title>\n<meta name=\"robots\" content=\"index, follow, max-snippet:-1, max-image-preview:large, max-video-preview:-1\" \/>\n<link rel=\"canonical\" href=\"https:\/\/byfeeder.net\/tr\/product\/tam-ozellestirme-islevi-sayma-muhurleme-sayfalama-makinesi\/\" \/>\n<meta property=\"og:locale\" content=\"tr_TR\" \/>\n<meta property=\"og:type\" content=\"article\" \/>\n<meta property=\"og:title\" content=\"Full Customization Function Counting Sealing Paging Machine | BYFeeder\" \/>\n<meta property=\"og:description\" content=\"Model: iF-IPM203TB-400\u00d7600\/60-S  Size(LXWXH):1750X700X350mm  Belt Running Speed:0-60m\/min\" \/>\n<meta property=\"og:url\" content=\"https:\/\/byfeeder.net\/tr\/product\/tam-ozellestirme-islevi-sayma-muhurleme-sayfalama-makinesi\/\" \/>\n<meta property=\"og:site_name\" content=\"BYFeeder\" \/>\n<meta property=\"article:modified_time\" content=\"2024-12-13T07:57:41+00:00\" \/>\n<meta property=\"og:image\" content=\"https:\/\/byfeeder.net\/wp-content\/uploads\/2024\/11\/desktop-paging-machine.webp\" \/>\n\t<meta property=\"og:image:width\" content=\"600\" \/>\n\t<meta property=\"og:image:height\" content=\"600\" \/>\n\t<meta property=\"og:image:type\" content=\"image\/webp\" \/>\n<meta name=\"twitter:card\" content=\"summary_large_image\" \/>\n<script type=\"application\/ld+json\" class=\"yoast-schema-graph\">{\"@context\":\"https:\/\/schema.org\",\"@graph\":[{\"@type\":\"WebPage\",\"@id\":\"https:\/\/byfeeder.net\/product\/full-customization-function-counting-sealing-paging-machine\/\",\"url\":\"https:\/\/byfeeder.net\/product\/full-customization-function-counting-sealing-paging-machine\/\",\"name\":\"Full Customization Function Counting Sealing Paging Machine | BYFeeder\",\"isPartOf\":{\"@id\":\"https:\/\/byfeeder.net\/#website\"},\"primaryImageOfPage\":{\"@id\":\"https:\/\/byfeeder.net\/product\/full-customization-function-counting-sealing-paging-machine\/#primaryimage\"},\"image\":{\"@id\":\"https:\/\/byfeeder.net\/product\/full-customization-function-counting-sealing-paging-machine\/#primaryimage\"},\"thumbnailUrl\":\"https:\/\/byfeeder.net\/wp-content\/uploads\/2024\/11\/desktop-paging-machine.webp\",\"datePublished\":\"2024-11-21T08:00:03+00:00\",\"dateModified\":\"2024-12-13T07:57:41+00:00\",\"breadcrumb\":{\"@id\":\"https:\/\/byfeeder.net\/product\/full-customization-function-counting-sealing-paging-machine\/#breadcrumb\"},\"inLanguage\":\"tr\",\"potentialAction\":[{\"@type\":\"ReadAction\",\"target\":[\"https:\/\/byfeeder.net\/product\/full-customization-function-counting-sealing-paging-machine\/\"]}]},{\"@type\":\"ImageObject\",\"inLanguage\":\"tr\",\"@id\":\"https:\/\/byfeeder.net\/product\/full-customization-function-counting-sealing-paging-machine\/#primaryimage\",\"url\":\"https:\/\/byfeeder.net\/wp-content\/uploads\/2024\/11\/desktop-paging-machine.webp\",\"contentUrl\":\"https:\/\/byfeeder.net\/wp-content\/uploads\/2024\/11\/desktop-paging-machine.webp\",\"width\":600,\"height\":600,\"caption\":\"Full Customization Function Counting Sealing Paging Machine\"},{\"@type\":\"BreadcrumbList\",\"@id\":\"https:\/\/byfeeder.net\/product\/full-customization-function-counting-sealing-paging-machine\/#breadcrumb\",\"itemListElement\":[{\"@type\":\"ListItem\",\"position\":1,\"name\":\"Home\",\"item\":\"https:\/\/byfeeder.net\/\"},{\"@type\":\"ListItem\",\"position\":2,\"name\":\"Products\",\"item\":\"https:\/\/byfeeder.net\/solution\/\"},{\"@type\":\"ListItem\",\"position\":3,\"name\":\"Full Customization Function Counting Sealing Paging Machine\"}]},{\"@type\":\"WebSite\",\"@id\":\"https:\/\/byfeeder.net\/#website\",\"url\":\"https:\/\/byfeeder.net\/\",\"name\":\"BYFeeder\",\"description\":\"Packaging Feeding and Rewinding System Solutions Manufacturer\",\"publisher\":{\"@id\":\"https:\/\/byfeeder.net\/#organization\"},\"potentialAction\":[{\"@type\":\"SearchAction\",\"target\":{\"@type\":\"EntryPoint\",\"urlTemplate\":\"https:\/\/byfeeder.net\/?s={search_term_string}\"},\"query-input\":{\"@type\":\"PropertyValueSpecification\",\"valueRequired\":true,\"valueName\":\"search_term_string\"}}],\"inLanguage\":\"tr\"},{\"@type\":\"Organization\",\"@id\":\"https:\/\/byfeeder.net\/#organization\",\"name\":\"BY\",\"url\":\"https:\/\/byfeeder.net\/\",\"logo\":{\"@type\":\"ImageObject\",\"inLanguage\":\"tr\",\"@id\":\"https:\/\/byfeeder.net\/#\/schema\/logo\/image\/\",\"url\":\"https:\/\/byfeeder.net\/wp-content\/uploads\/2025\/05\/byfeeder-logo.webp\",\"contentUrl\":\"https:\/\/byfeeder.net\/wp-content\/uploads\/2025\/05\/byfeeder-logo.webp\",\"width\":512,\"height\":512,\"caption\":\"BY\"},\"image\":{\"@id\":\"https:\/\/byfeeder.net\/#\/schema\/logo\/image\/\"}}]}<\/script>\n<!-- \/ Yoast SEO plugin. -->","yoast_head_json":{"title":"Tam \u00d6zelle\u015ftirme Fonksiyonu Sayma S\u0131zd\u0131rmazl\u0131k Sayfalama Makinesi | BYFeeder","robots":{"index":"index","follow":"follow","max-snippet":"max-snippet:-1","max-image-preview":"max-image-preview:large","max-video-preview":"max-video-preview:-1"},"canonical":"https:\/\/byfeeder.net\/tr\/product\/tam-ozellestirme-islevi-sayma-muhurleme-sayfalama-makinesi\/","og_locale":"tr_TR","og_type":"article","og_title":"Full Customization Function Counting Sealing Paging Machine | BYFeeder","og_description":"Model: iF-IPM203TB-400\u00d7600\/60-S  Size(LXWXH):1750X700X350mm  Belt Running Speed:0-60m\/min","og_url":"https:\/\/byfeeder.net\/tr\/product\/tam-ozellestirme-islevi-sayma-muhurleme-sayfalama-makinesi\/","og_site_name":"BYFeeder","article_modified_time":"2024-12-13T07:57:41+00:00","og_image":[{"width":600,"height":600,"url":"https:\/\/byfeeder.net\/wp-content\/uploads\/2024\/11\/desktop-paging-machine.webp","type":"image\/webp"}],"twitter_card":"summary_large_image","schema":{"@context":"https:\/\/schema.org","@graph":[{"@type":"WebPage","@id":"https:\/\/byfeeder.net\/product\/full-customization-function-counting-sealing-paging-machine\/","url":"https:\/\/byfeeder.net\/product\/full-customization-function-counting-sealing-paging-machine\/","name":"Tam \u00d6zelle\u015ftirme Fonksiyonu Sayma S\u0131zd\u0131rmazl\u0131k Sayfalama Makinesi | BYFeeder","isPartOf":{"@id":"https:\/\/byfeeder.net\/#website"},"primaryImageOfPage":{"@id":"https:\/\/byfeeder.net\/product\/full-customization-function-counting-sealing-paging-machine\/#primaryimage"},"image":{"@id":"https:\/\/byfeeder.net\/product\/full-customization-function-counting-sealing-paging-machine\/#primaryimage"},"thumbnailUrl":"https:\/\/byfeeder.net\/wp-content\/uploads\/2024\/11\/desktop-paging-machine.webp","datePublished":"2024-11-21T08:00:03+00:00","dateModified":"2024-12-13T07:57:41+00:00","breadcrumb":{"@id":"https:\/\/byfeeder.net\/product\/full-customization-function-counting-sealing-paging-machine\/#breadcrumb"},"inLanguage":"tr","potentialAction":[{"@type":"ReadAction","target":["https:\/\/byfeeder.net\/product\/full-customization-function-counting-sealing-paging-machine\/"]}]},{"@type":"ImageObject","inLanguage":"tr","@id":"https:\/\/byfeeder.net\/product\/full-customization-function-counting-sealing-paging-machine\/#primaryimage","url":"https:\/\/byfeeder.net\/wp-content\/uploads\/2024\/11\/desktop-paging-machine.webp","contentUrl":"https:\/\/byfeeder.net\/wp-content\/uploads\/2024\/11\/desktop-paging-machine.webp","width":600,"height":600,"caption":"Full Customization Function Counting Sealing Paging Machine"},{"@type":"BreadcrumbList","@id":"https:\/\/byfeeder.net\/product\/full-customization-function-counting-sealing-paging-machine\/#breadcrumb","itemListElement":[{"@type":"ListItem","position":1,"name":"Home","item":"https:\/\/byfeeder.net\/"},{"@type":"ListItem","position":2,"name":"Products","item":"https:\/\/byfeeder.net\/solution\/"},{"@type":"ListItem","position":3,"name":"Full Customization Function Counting Sealing Paging Machine"}]},{"@type":"WebSite","@id":"https:\/\/byfeeder.net\/#website","url":"https:\/\/byfeeder.net\/","name":"Besleyici ile","description":"Paketleme Besleme ve Geri Sarma Sistemi \u00c7\u00f6z\u00fcmleri \u00dcreticisi","publisher":{"@id":"https:\/\/byfeeder.net\/#organization"},"potentialAction":[{"@type":"SearchAction","target":{"@type":"EntryPoint","urlTemplate":"https:\/\/byfeeder.net\/?s={search_term_string}"},"query-input":{"@type":"PropertyValueSpecification","valueRequired":true,"valueName":"search_term_string"}}],"inLanguage":"tr"},{"@type":"Organization","@id":"https:\/\/byfeeder.net\/#organization","name":"\u0130LE","url":"https:\/\/byfeeder.net\/","logo":{"@type":"ImageObject","inLanguage":"tr","@id":"https:\/\/byfeeder.net\/#\/schema\/logo\/image\/","url":"https:\/\/byfeeder.net\/wp-content\/uploads\/2025\/05\/byfeeder-logo.webp","contentUrl":"https:\/\/byfeeder.net\/wp-content\/uploads\/2025\/05\/byfeeder-logo.webp","width":512,"height":512,"caption":"BY"},"image":{"@id":"https:\/\/byfeeder.net\/#\/schema\/logo\/image\/"}}]}},"_links":{"self":[{"href":"https:\/\/byfeeder.net\/tr\/wp-json\/wp\/v2\/product\/1381"}],"collection":[{"href":"https:\/\/byfeeder.net\/tr\/wp-json\/wp\/v2\/product"}],"about":[{"href":"https:\/\/byfeeder.net\/tr\/wp-json\/wp\/v2\/types\/product"}],"wp:featuredmedia":[{"embeddable":true,"href":"https:\/\/byfeeder.net\/tr\/wp-json\/wp\/v2\/media\/1388"}],"wp:attachment":[{"href":"https:\/\/byfeeder.net\/tr\/wp-json\/wp\/v2\/media?parent=1381"}],"wp:term":[{"taxonomy":"product_brand","embeddable":true,"href":"https:\/\/byfeeder.net\/tr\/wp-json\/wp\/v2\/product_brand?post=1381"},{"taxonomy":"product_cat","embeddable":true,"href":"https:\/\/byfeeder.net\/tr\/wp-json\/wp\/v2\/product_cat?post=1381"},{"taxonomy":"product_tag","embeddable":true,"href":"https:\/\/byfeeder.net\/tr\/wp-json\/wp\/v2\/product_tag?post=1381"}],"curies":[{"name":"wp","href":"https:\/\/api.w.org\/{rel}","templated":true}]}}