{"id":1166,"date":"2024-11-20T19:19:10","date_gmt":"2024-11-21T03:19:10","guid":{"rendered":"https:\/\/byfeeder.net\/?post_type=product&#038;p=1166"},"modified":"2025-08-04T19:08:18","modified_gmt":"2025-08-05T03:08:18","slug":"konveyorlu-ozel-plastik-torba-besleme-makinesi","status":"publish","type":"product","link":"https:\/\/byfeeder.net\/tr\/product\/konveyorlu-ozel-plastik-torba-besleme-makinesi\/","title":{"rendered":"Konvey\u00f6rl\u00fc \u00d6zel Plastik Po\u015fet Besleme Makinesi"},"content":{"rendered":"<p><strong>Standart Yap\u0131land\u0131rma<\/strong><\/p>\n<ol>\n<li>Kay\u0131\u015f s\u00fcrt\u00fcnmesi de\u015farj\u0131 azalt\u0131r<\/li>\n<li>Silindirli y\u00fcksek h\u0131zl\u0131 ta\u015f\u0131ma<\/li>\n<li>Toplama haznesinin damla tipi y\u0131\u011f\u0131n toplamas\u0131<\/li>\n<\/ol>\n<p><strong>\u0130ste\u011fe ba\u011fl\u0131 yap\u0131land\u0131rma<\/strong><\/p>\n<ol>\n<li>Kodlama makinesi<\/li>\n<li>Kodlama makinesi<\/li>\n<li>Kodlama makinesi<\/li>\n<li>Otomatik s\u00fcrekli istifleme veya ayr\u0131 istifleme<\/li>\n<\/ol>\n<p>\u0130ste\u011fe Ba\u011fl\u0131 M\u00fcrekkep P\u00fcsk\u00fcrtmeli Yaz\u0131c\u0131: DOMINO, Sojet, DK, UCS, VIDEOJET<\/p>","protected":false},"excerpt":{"rendered":"<p>Plastik po\u015fet besleme makinemiz, plastik po\u015fetleri otomatik olarak paketleme, etiketleme ve kapatma sistemlerine beslemek i\u00e7in tasarlanm\u0131\u015f \u00f6zel bir makinedir.<\/p>\n<p>Modeli: iF\u2013PM101VT-500\/50-TTO-S<\/p>\n<p>Boyut (UxGxY): 1351X796X1095mm<\/p>\n<p>Bant \u00c7al\u0131\u015fma H\u0131z\u0131: 0-50m\/dak<\/p>","protected":false},"featured_media":3734,"template":"","meta":{"_acf_changed":false},"product_brand":[],"product_cat":[23],"product_tag":[42],"class_list":{"0":"post-1166","1":"product","2":"type-product","3":"status-publish","4":"has-post-thumbnail","6":"product_cat-paging-machines","7":"product_tag-wholesale-sheet-feeder","9":"first","10":"instock","11":"shipping-taxable","12":"product-type-simple"},"acf":[],"yoast_head":"<!-- This site is optimized with the Yoast SEO plugin v25.3.1 - https:\/\/yoast.com\/wordpress\/plugins\/seo\/ -->\n<title>Custom Plastic Bag Feeder Machine with Conveyor<\/title>\n<meta name=\"description\" content=\"Our plastic bag feeder machine works by lifting, aligning, and delivering plastic bags onto conveyors. Perfect for industries with high-volume packaging lines.\" \/>\n<meta name=\"robots\" content=\"index, follow, max-snippet:-1, max-image-preview:large, max-video-preview:-1\" \/>\n<link rel=\"canonical\" href=\"https:\/\/byfeeder.net\/tr\/product\/konveyorlu-ozel-plastik-torba-besleme-makinesi\/\" \/>\n<meta property=\"og:locale\" content=\"tr_TR\" \/>\n<meta property=\"og:type\" content=\"article\" \/>\n<meta property=\"og:title\" content=\"Custom Plastic Bag Feeder Machine with Conveyor\" \/>\n<meta property=\"og:description\" content=\"Our plastic bag feeder machine works by lifting, aligning, and delivering plastic bags onto conveyors. Perfect for industries with high-volume packaging lines.\" \/>\n<meta property=\"og:url\" content=\"https:\/\/byfeeder.net\/tr\/product\/konveyorlu-ozel-plastik-torba-besleme-makinesi\/\" \/>\n<meta property=\"og:site_name\" content=\"BYFeeder\" \/>\n<meta property=\"article:modified_time\" content=\"2025-08-05T03:08:18+00:00\" \/>\n<meta property=\"og:image\" content=\"https:\/\/byfeeder.net\/wp-content\/uploads\/2024\/11\/plastic-bag-feeder.webp\" \/>\n\t<meta property=\"og:image:width\" content=\"800\" \/>\n\t<meta property=\"og:image:height\" content=\"800\" \/>\n\t<meta property=\"og:image:type\" content=\"image\/webp\" \/>\n<meta name=\"twitter:card\" content=\"summary_large_image\" \/>\n<meta name=\"twitter:label1\" content=\"Tahmini okuma s\u00fcresi\" \/>\n\t<meta name=\"twitter:data1\" content=\"1 dakika\" \/>\n<script type=\"application\/ld+json\" class=\"yoast-schema-graph\">{\"@context\":\"https:\/\/schema.org\",\"@graph\":[{\"@type\":\"WebPage\",\"@id\":\"https:\/\/byfeeder.net\/product\/custom-plastic-bag-feeder-machine-with-conveyor\/\",\"url\":\"https:\/\/byfeeder.net\/product\/custom-plastic-bag-feeder-machine-with-conveyor\/\",\"name\":\"Custom Plastic Bag Feeder Machine with Conveyor\",\"isPartOf\":{\"@id\":\"https:\/\/byfeeder.net\/#website\"},\"primaryImageOfPage\":{\"@id\":\"https:\/\/byfeeder.net\/product\/custom-plastic-bag-feeder-machine-with-conveyor\/#primaryimage\"},\"image\":{\"@id\":\"https:\/\/byfeeder.net\/product\/custom-plastic-bag-feeder-machine-with-conveyor\/#primaryimage\"},\"thumbnailUrl\":\"https:\/\/byfeeder.net\/wp-content\/uploads\/2024\/11\/plastic-bag-feeder.webp\",\"datePublished\":\"2024-11-21T03:19:10+00:00\",\"dateModified\":\"2025-08-05T03:08:18+00:00\",\"description\":\"Our plastic bag feeder machine works by lifting, aligning, and delivering plastic bags onto conveyors. Perfect for industries with high-volume packaging lines.\",\"breadcrumb\":{\"@id\":\"https:\/\/byfeeder.net\/product\/custom-plastic-bag-feeder-machine-with-conveyor\/#breadcrumb\"},\"inLanguage\":\"tr\",\"potentialAction\":[{\"@type\":\"ReadAction\",\"target\":[\"https:\/\/byfeeder.net\/product\/custom-plastic-bag-feeder-machine-with-conveyor\/\"]}]},{\"@type\":\"ImageObject\",\"inLanguage\":\"tr\",\"@id\":\"https:\/\/byfeeder.net\/product\/custom-plastic-bag-feeder-machine-with-conveyor\/#primaryimage\",\"url\":\"https:\/\/byfeeder.net\/wp-content\/uploads\/2024\/11\/plastic-bag-feeder.webp\",\"contentUrl\":\"https:\/\/byfeeder.net\/wp-content\/uploads\/2024\/11\/plastic-bag-feeder.webp\",\"width\":800,\"height\":800,\"caption\":\"plastic-bag-feeder-machine\"},{\"@type\":\"BreadcrumbList\",\"@id\":\"https:\/\/byfeeder.net\/product\/custom-plastic-bag-feeder-machine-with-conveyor\/#breadcrumb\",\"itemListElement\":[{\"@type\":\"ListItem\",\"position\":1,\"name\":\"Home\",\"item\":\"https:\/\/byfeeder.net\/\"},{\"@type\":\"ListItem\",\"position\":2,\"name\":\"Products\",\"item\":\"https:\/\/byfeeder.net\/solution\/\"},{\"@type\":\"ListItem\",\"position\":3,\"name\":\"Custom Plastic Bag Feeder Machine with Conveyor\"}]},{\"@type\":\"WebSite\",\"@id\":\"https:\/\/byfeeder.net\/#website\",\"url\":\"https:\/\/byfeeder.net\/\",\"name\":\"BYFeeder\",\"description\":\"Packaging Feeding and Rewinding System Solutions Manufacturer\",\"publisher\":{\"@id\":\"https:\/\/byfeeder.net\/#organization\"},\"potentialAction\":[{\"@type\":\"SearchAction\",\"target\":{\"@type\":\"EntryPoint\",\"urlTemplate\":\"https:\/\/byfeeder.net\/?s={search_term_string}\"},\"query-input\":{\"@type\":\"PropertyValueSpecification\",\"valueRequired\":true,\"valueName\":\"search_term_string\"}}],\"inLanguage\":\"tr\"},{\"@type\":\"Organization\",\"@id\":\"https:\/\/byfeeder.net\/#organization\",\"name\":\"BY\",\"url\":\"https:\/\/byfeeder.net\/\",\"logo\":{\"@type\":\"ImageObject\",\"inLanguage\":\"tr\",\"@id\":\"https:\/\/byfeeder.net\/#\/schema\/logo\/image\/\",\"url\":\"https:\/\/byfeeder.net\/wp-content\/uploads\/2025\/05\/byfeeder-logo.webp\",\"contentUrl\":\"https:\/\/byfeeder.net\/wp-content\/uploads\/2025\/05\/byfeeder-logo.webp\",\"width\":512,\"height\":512,\"caption\":\"BY\"},\"image\":{\"@id\":\"https:\/\/byfeeder.net\/#\/schema\/logo\/image\/\"}}]}<\/script>\n<!-- \/ Yoast SEO plugin. -->","yoast_head_json":{"title":"Konvey\u00f6rl\u00fc \u00d6zel Plastik Po\u015fet Besleme Makinesi","description":"Plastik po\u015fet besleme makinemiz, plastik po\u015fetleri kald\u0131rarak, hizalayarak ve konvey\u00f6rlere y\u00fckleyerek \u00e7al\u0131\u015f\u0131r. Y\u00fcksek hacimli paketleme hatlar\u0131na sahip end\u00fcstriler i\u00e7in idealdir.","robots":{"index":"index","follow":"follow","max-snippet":"max-snippet:-1","max-image-preview":"max-image-preview:large","max-video-preview":"max-video-preview:-1"},"canonical":"https:\/\/byfeeder.net\/tr\/product\/konveyorlu-ozel-plastik-torba-besleme-makinesi\/","og_locale":"tr_TR","og_type":"article","og_title":"Custom Plastic Bag Feeder Machine with Conveyor","og_description":"Our plastic bag feeder machine works by lifting, aligning, and delivering plastic bags onto conveyors. Perfect for industries with high-volume packaging lines.","og_url":"https:\/\/byfeeder.net\/tr\/product\/konveyorlu-ozel-plastik-torba-besleme-makinesi\/","og_site_name":"BYFeeder","article_modified_time":"2025-08-05T03:08:18+00:00","og_image":[{"width":800,"height":800,"url":"https:\/\/byfeeder.net\/wp-content\/uploads\/2024\/11\/plastic-bag-feeder.webp","type":"image\/webp"}],"twitter_card":"summary_large_image","twitter_misc":{"Tahmini okuma s\u00fcresi":"1 dakika"},"schema":{"@context":"https:\/\/schema.org","@graph":[{"@type":"WebPage","@id":"https:\/\/byfeeder.net\/product\/custom-plastic-bag-feeder-machine-with-conveyor\/","url":"https:\/\/byfeeder.net\/product\/custom-plastic-bag-feeder-machine-with-conveyor\/","name":"Konvey\u00f6rl\u00fc \u00d6zel Plastik Po\u015fet Besleme Makinesi","isPartOf":{"@id":"https:\/\/byfeeder.net\/#website"},"primaryImageOfPage":{"@id":"https:\/\/byfeeder.net\/product\/custom-plastic-bag-feeder-machine-with-conveyor\/#primaryimage"},"image":{"@id":"https:\/\/byfeeder.net\/product\/custom-plastic-bag-feeder-machine-with-conveyor\/#primaryimage"},"thumbnailUrl":"https:\/\/byfeeder.net\/wp-content\/uploads\/2024\/11\/plastic-bag-feeder.webp","datePublished":"2024-11-21T03:19:10+00:00","dateModified":"2025-08-05T03:08:18+00:00","description":"Plastik po\u015fet besleme makinemiz, plastik po\u015fetleri kald\u0131rarak, hizalayarak ve konvey\u00f6rlere y\u00fckleyerek \u00e7al\u0131\u015f\u0131r. Y\u00fcksek hacimli paketleme hatlar\u0131na sahip end\u00fcstriler i\u00e7in idealdir.","breadcrumb":{"@id":"https:\/\/byfeeder.net\/product\/custom-plastic-bag-feeder-machine-with-conveyor\/#breadcrumb"},"inLanguage":"tr","potentialAction":[{"@type":"ReadAction","target":["https:\/\/byfeeder.net\/product\/custom-plastic-bag-feeder-machine-with-conveyor\/"]}]},{"@type":"ImageObject","inLanguage":"tr","@id":"https:\/\/byfeeder.net\/product\/custom-plastic-bag-feeder-machine-with-conveyor\/#primaryimage","url":"https:\/\/byfeeder.net\/wp-content\/uploads\/2024\/11\/plastic-bag-feeder.webp","contentUrl":"https:\/\/byfeeder.net\/wp-content\/uploads\/2024\/11\/plastic-bag-feeder.webp","width":800,"height":800,"caption":"plastic-bag-feeder-machine"},{"@type":"BreadcrumbList","@id":"https:\/\/byfeeder.net\/product\/custom-plastic-bag-feeder-machine-with-conveyor\/#breadcrumb","itemListElement":[{"@type":"ListItem","position":1,"name":"Home","item":"https:\/\/byfeeder.net\/"},{"@type":"ListItem","position":2,"name":"Products","item":"https:\/\/byfeeder.net\/solution\/"},{"@type":"ListItem","position":3,"name":"Custom Plastic Bag Feeder Machine with Conveyor"}]},{"@type":"WebSite","@id":"https:\/\/byfeeder.net\/#website","url":"https:\/\/byfeeder.net\/","name":"Besleyici ile","description":"Paketleme Besleme ve Geri Sarma Sistemi \u00c7\u00f6z\u00fcmleri \u00dcreticisi","publisher":{"@id":"https:\/\/byfeeder.net\/#organization"},"potentialAction":[{"@type":"SearchAction","target":{"@type":"EntryPoint","urlTemplate":"https:\/\/byfeeder.net\/?s={search_term_string}"},"query-input":{"@type":"PropertyValueSpecification","valueRequired":true,"valueName":"search_term_string"}}],"inLanguage":"tr"},{"@type":"Organization","@id":"https:\/\/byfeeder.net\/#organization","name":"\u0130LE","url":"https:\/\/byfeeder.net\/","logo":{"@type":"ImageObject","inLanguage":"tr","@id":"https:\/\/byfeeder.net\/#\/schema\/logo\/image\/","url":"https:\/\/byfeeder.net\/wp-content\/uploads\/2025\/05\/byfeeder-logo.webp","contentUrl":"https:\/\/byfeeder.net\/wp-content\/uploads\/2025\/05\/byfeeder-logo.webp","width":512,"height":512,"caption":"BY"},"image":{"@id":"https:\/\/byfeeder.net\/#\/schema\/logo\/image\/"}}]}},"_links":{"self":[{"href":"https:\/\/byfeeder.net\/tr\/wp-json\/wp\/v2\/product\/1166"}],"collection":[{"href":"https:\/\/byfeeder.net\/tr\/wp-json\/wp\/v2\/product"}],"about":[{"href":"https:\/\/byfeeder.net\/tr\/wp-json\/wp\/v2\/types\/product"}],"wp:featuredmedia":[{"embeddable":true,"href":"https:\/\/byfeeder.net\/tr\/wp-json\/wp\/v2\/media\/3734"}],"wp:attachment":[{"href":"https:\/\/byfeeder.net\/tr\/wp-json\/wp\/v2\/media?parent=1166"}],"wp:term":[{"taxonomy":"product_brand","embeddable":true,"href":"https:\/\/byfeeder.net\/tr\/wp-json\/wp\/v2\/product_brand?post=1166"},{"taxonomy":"product_cat","embeddable":true,"href":"https:\/\/byfeeder.net\/tr\/wp-json\/wp\/v2\/product_cat?post=1166"},{"taxonomy":"product_tag","embeddable":true,"href":"https:\/\/byfeeder.net\/tr\/wp-json\/wp\/v2\/product_tag?post=1166"}],"curies":[{"name":"wp","href":"https:\/\/api.w.org\/{rel}","templated":true}]}}