{"id":239,"date":"2024-11-13T23:35:19","date_gmt":"2024-11-14T07:35:19","guid":{"rendered":"https:\/\/byfeeder.net\/?page_id=239"},"modified":"2025-09-17T19:26:51","modified_gmt":"2025-09-18T03:26:51","slug":"satis-hizmetleri","status":"publish","type":"page","link":"https:\/\/byfeeder.net\/tr\/satis-hizmetleri\/","title":{"rendered":"Hizmetler"},"content":{"rendered":"<div data-elementor-type=\"wp-page\" data-elementor-id=\"239\" class=\"elementor elementor-239\" data-elementor-post-type=\"page\">\n\t\t\t\t<div class=\"elementor-element elementor-element-50ece0b e-flex e-con-boxed e-con e-parent\" data-id=\"50ece0b\" data-element_type=\"container\">\n\t\t\t\t\t<div class=\"e-con-inner\">\n\t\t<div class=\"elementor-element elementor-element-88956c8 e-flex e-con-boxed e-con e-child\" data-id=\"88956c8\" data-element_type=\"container\" data-settings=\"{&quot;background_background&quot;:&quot;classic&quot;}\">\n\t\t\t\t\t<div class=\"e-con-inner\">\n\t\t\t\t<div class=\"elementor-element elementor-element-508abe2 elementor-widget elementor-widget-heading\" data-id=\"508abe2\" data-element_type=\"widget\" data-widget_type=\"heading.default\">\n\t\t\t\t<div class=\"elementor-widget-container\">\n\t\t\t\t\t<h1 class=\"elementor-heading-title elementor-size-default\">Sat\u0131\u015f Hizmetleri<\/h1>\t\t\t\t<\/div>\n\t\t\t\t<\/div>\n\t\t\t\t<div class=\"elementor-element elementor-element-4d7cad6 elementor-widget elementor-widget-text-editor\" data-id=\"4d7cad6\" data-element_type=\"widget\" data-widget_type=\"text-editor.default\">\n\t\t\t\t<div class=\"elementor-widget-container\">\n\t\t\t\t\t\t\t\t\t<p>Ayn\u0131 g\u00fcn \u00e7\u00f6z\u00fcmleri ile 99%&#039;ye olumlu yan\u0131t oran\u0131.<\/p>\t\t\t\t\t\t\t\t<\/div>\n\t\t\t\t<\/div>\n\t\t\t\t\t<\/div>\n\t\t\t\t<\/div>\n\t\t\t\t\t<\/div>\n\t\t\t\t<\/div>\n\t\t<div class=\"elementor-element elementor-element-13c6a70 e-flex e-con-boxed e-con e-parent\" data-id=\"13c6a70\" data-element_type=\"container\">\n\t\t\t\t\t<div class=\"e-con-inner\">\n\t\t<div class=\"elementor-element elementor-element-fc7f7a6 e-con-full e-flex e-con e-child\" data-id=\"fc7f7a6\" data-element_type=\"container\">\n\t\t\t\t<div class=\"elementor-element elementor-element-86721e8 elementor-widget elementor-widget-heading\" data-id=\"86721e8\" data-element_type=\"widget\" data-widget_type=\"heading.default\">\n\t\t\t\t<div class=\"elementor-widget-container\">\n\t\t\t\t\t<h2 class=\"elementor-heading-title elementor-size-default\">Sat\u0131\u015f \u00d6ncesi Hizmetler<\/h2>\t\t\t\t<\/div>\n\t\t\t\t<\/div>\n\t\t\t\t<\/div>\n\t\t<div class=\"elementor-element elementor-element-4ae5090 e-con-full e-flex e-con e-child\" data-id=\"4ae5090\" data-element_type=\"container\">\n\t\t<div class=\"elementor-element elementor-element-2c91e79 e-con-full e-flex e-con e-child\" data-id=\"2c91e79\" data-element_type=\"container\" data-settings=\"{&quot;background_background&quot;:&quot;classic&quot;}\">\n\t\t\t\t<div class=\"elementor-element elementor-element-c100703 elementor-view-default elementor-position-top elementor-mobile-position-top elementor-widget elementor-widget-icon-box\" data-id=\"c100703\" data-element_type=\"widget\" data-widget_type=\"icon-box.default\">\n\t\t\t\t<div class=\"elementor-widget-container\">\n\t\t\t\t\t\t\t<div class=\"elementor-icon-box-wrapper\">\n\n\t\t\t\t\t\t<div class=\"elementor-icon-box-icon\">\n\t\t\t\t<span  class=\"elementor-icon\">\n\t\t\t\t<svg xmlns=\"http:\/\/www.w3.org\/2000\/svg\" width=\"20\" height=\"21\" viewbox=\"0 0 20 21\" fill=\"none\"><circle cx=\"10\" cy=\"10\" r=\"10\" fill=\"#D70029\"><\/circle><path d=\"M8.53413 6.32V5.324H10.7901V14H9.68613V6.32H8.53413Z\" fill=\"white\"><\/path><\/svg>\t\t\t\t<\/span>\n\t\t\t<\/div>\n\t\t\t\n\t\t\t\t\t\t<div class=\"elementor-icon-box-content\">\n\n\t\t\t\t\t\t\t\t\t<div class=\"elementor-icon-box-title\">\n\t\t\t\t\t\t<span  >\n\t\t\t\t\t\t\tProfesyonel Dan\u0131\u015fmanl\u0131k\t\t\t\t\t\t<\/span>\n\t\t\t\t\t<\/div>\n\t\t\t\t\n\t\t\t\t\t\t\t\t\t<p class=\"elementor-icon-box-description\">\n\t\t\t\t\t\tSat\u0131\u015f \u00f6ncesi ekibimiz, kapsaml\u0131 \u00fcr\u00fcn bilgisine sahip sekt\u00f6r uzmanlar\u0131ndan olu\u015fur. \u00dcr\u00fcnle ilgili herhangi bir sorunuz varsa veya ki\u015fiselle\u015ftirilmi\u015f tavsiyeye ihtiyac\u0131n\u0131z varsa, size profesyonel cevaplar vermekten mutluluk duyar\u0131z.\t\t\t\t\t<\/p>\n\t\t\t\t\n\t\t\t<\/div>\n\t\t\t\n\t\t<\/div>\n\t\t\t\t\t\t<\/div>\n\t\t\t\t<\/div>\n\t\t\t\t<\/div>\n\t\t<div class=\"elementor-element elementor-element-dea7376 e-con-full e-flex e-con e-child\" data-id=\"dea7376\" data-element_type=\"container\" data-settings=\"{&quot;background_background&quot;:&quot;classic&quot;}\">\n\t\t\t\t<div class=\"elementor-element elementor-element-4d67c75 elementor-view-default elementor-position-top elementor-mobile-position-top elementor-widget elementor-widget-icon-box\" data-id=\"4d67c75\" data-element_type=\"widget\" data-widget_type=\"icon-box.default\">\n\t\t\t\t<div class=\"elementor-widget-container\">\n\t\t\t\t\t\t\t<div class=\"elementor-icon-box-wrapper\">\n\n\t\t\t\t\t\t<div class=\"elementor-icon-box-icon\">\n\t\t\t\t<span  class=\"elementor-icon\">\n\t\t\t\t<svg xmlns=\"http:\/\/www.w3.org\/2000\/svg\" width=\"20\" height=\"21\" viewbox=\"0 0 20 21\" fill=\"none\"><circle cx=\"10\" cy=\"10\" r=\"10\" fill=\"#D70029\"><\/circle><path d=\"M7.16083 13.124C8.17683 12.308 8.97283 11.64 9.54883 11.12C10.1248 10.592 10.6088 10.044 11.0008 9.476C11.4008 8.9 11.6008 8.336 11.6008 7.784C11.6008 7.264 11.4728 6.856 11.2168 6.56C10.9688 6.256 10.5648 6.104 10.0048 6.104C9.46083 6.104 9.03683 6.276 8.73283 6.62C8.43683 6.956 8.27683 7.408 8.25283 7.976H7.19683C7.22883 7.08 7.50083 6.388 8.01283 5.9C8.52483 5.412 9.18483 5.168 9.99283 5.168C10.8168 5.168 11.4688 5.396 11.9488 5.852C12.4368 6.308 12.6808 6.936 12.6808 7.736C12.6808 8.4 12.4808 9.048 12.0808 9.68C11.6888 10.304 11.2408 10.856 10.7368 11.336C10.2328 11.808 9.58883 12.36 8.80483 12.992H12.9328V13.904H7.16083V13.124Z\" fill=\"white\"><\/path><\/svg>\t\t\t\t<\/span>\n\t\t\t<\/div>\n\t\t\t\n\t\t\t\t\t\t<div class=\"elementor-icon-box-content\">\n\n\t\t\t\t\t\t\t\t\t<div class=\"elementor-icon-box-title\">\n\t\t\t\t\t\t<span  >\n\t\t\t\t\t\t\tTatmin Edici Program\t\t\t\t\t\t<\/span>\n\t\t\t\t\t<\/div>\n\t\t\t\t\n\t\t\t\t\t\t\t\t\t<p class=\"elementor-icon-box-description\">\n\t\t\t\t\t\t\u00d6zel ihtiya\u00e7lar\u0131n\u0131z\u0131 dinledikten sonra, \u00fcr\u00fcn se\u00e7iminden, konfig\u00fcrasyon \u00f6nerilerine, fiyat ileti\u015fimine kadar sizin i\u00e7in en uygun \u00e7\u00f6z\u00fcm\u00fc yaratmaya kararl\u0131y\u0131z.\t\t\t\t\t<\/p>\n\t\t\t\t\n\t\t\t<\/div>\n\t\t\t\n\t\t<\/div>\n\t\t\t\t\t\t<\/div>\n\t\t\t\t<\/div>\n\t\t\t\t<\/div>\n\t\t<div class=\"elementor-element elementor-element-d817e07 e-con-full e-flex e-con e-child\" data-id=\"d817e07\" data-element_type=\"container\" data-settings=\"{&quot;background_background&quot;:&quot;classic&quot;}\">\n\t\t\t\t<div class=\"elementor-element elementor-element-5105027 elementor-view-default elementor-position-top elementor-mobile-position-top elementor-widget elementor-widget-icon-box\" data-id=\"5105027\" data-element_type=\"widget\" data-widget_type=\"icon-box.default\">\n\t\t\t\t<div class=\"elementor-widget-container\">\n\t\t\t\t\t\t\t<div class=\"elementor-icon-box-wrapper\">\n\n\t\t\t\t\t\t<div class=\"elementor-icon-box-icon\">\n\t\t\t\t<span  class=\"elementor-icon\">\n\t\t\t\t<svg xmlns=\"http:\/\/www.w3.org\/2000\/svg\" width=\"20\" height=\"21\" viewbox=\"0 0 20 21\" fill=\"none\"><circle cx=\"10\" cy=\"10\" r=\"10\" fill=\"#D70029\"><\/circle><path d=\"M7.1868 7.508C7.2428 6.772 7.5268 6.196 8.0388 5.78C8.5508 5.364 9.2148 5.156 10.0308 5.156C10.5748 5.156 11.0428 5.256 11.4348 5.456C11.8348 5.648 12.1348 5.912 12.3348 6.248C12.5428 6.584 12.6468 6.964 12.6468 7.388C12.6468 7.884 12.5028 8.312 12.2148 8.672C11.9348 9.032 11.5668 9.264 11.1108 9.368V9.428C11.6308 9.556 12.0428 9.808 12.3468 10.184C12.6508 10.56 12.8028 11.052 12.8028 11.66C12.8028 12.116 12.6988 12.528 12.4908 12.896C12.2828 13.256 11.9708 13.54 11.5548 13.748C11.1388 13.956 10.6388 14.06 10.0548 14.06C9.2068 14.06 8.5108 13.84 7.9668 13.4C7.4228 12.952 7.1188 12.32 7.0548 11.504H8.1108C8.1668 11.984 8.3628 12.376 8.6988 12.68C9.0348 12.984 9.4828 13.136 10.0428 13.136C10.6028 13.136 11.0268 12.992 11.3148 12.704C11.6108 12.408 11.7588 12.028 11.7588 11.564C11.7588 10.964 11.5588 10.532 11.1588 10.268C10.7588 10.004 10.1548 9.872 9.3468 9.872H9.0708V8.96H9.3588C10.0948 8.952 10.6508 8.832 11.0268 8.6C11.4028 8.36 11.5908 7.992 11.5908 7.496C11.5908 7.072 11.4508 6.732 11.1708 6.476C10.8988 6.22 10.5068 6.092 9.9948 6.092C9.4988 6.092 9.0988 6.22 8.7948 6.476C8.4908 6.732 8.3108 7.076 8.2548 7.508H7.1868Z\" fill=\"white\"><\/path><\/svg>\t\t\t\t<\/span>\n\t\t\t<\/div>\n\t\t\t\n\t\t\t\t\t\t<div class=\"elementor-icon-box-content\">\n\n\t\t\t\t\t\t\t\t\t<div class=\"elementor-icon-box-title\">\n\t\t\t\t\t\t<span  >\n\t\t\t\t\t\t\tH\u0131zl\u0131 Yan\u0131t\t\t\t\t\t\t<\/span>\n\t\t\t\t\t<\/div>\n\t\t\t\t\n\t\t\t\t\t\t\t\t\t<p class=\"elementor-icon-box-description\">\n\t\t\t\t\t\tUzun s\u00fcre beklememeniz i\u00e7in sorular\u0131n\u0131za 20 saat i\u00e7inde cevap verece\u011fimizi taahh\u00fct ediyoruz.\t\t\t\t\t<\/p>\n\t\t\t\t\n\t\t\t<\/div>\n\t\t\t\n\t\t<\/div>\n\t\t\t\t\t\t<\/div>\n\t\t\t\t<\/div>\n\t\t\t\t<\/div>\n\t\t\t\t<\/div>\n\t\t\t\t\t<\/div>\n\t\t\t\t<\/div>\n\t\t<div class=\"elementor-element elementor-element-320cf7d e-flex e-con-boxed e-con e-parent\" data-id=\"320cf7d\" data-element_type=\"container\">\n\t\t\t\t\t<div class=\"e-con-inner\">\n\t\t<div class=\"elementor-element elementor-element-8e77050 e-con-full e-flex e-con e-child\" data-id=\"8e77050\" data-element_type=\"container\">\n\t\t\t\t<div class=\"elementor-element elementor-element-640f952 elementor-widget elementor-widget-heading\" data-id=\"640f952\" data-element_type=\"widget\" data-widget_type=\"heading.default\">\n\t\t\t\t<div class=\"elementor-widget-container\">\n\t\t\t\t\t<h2 class=\"elementor-heading-title elementor-size-default\">Sat\u0131\u015f Sonras\u0131 Hizmet<\/h2>\t\t\t\t<\/div>\n\t\t\t\t<\/div>\n\t\t\t\t<\/div>\n\t\t<div class=\"elementor-element elementor-element-c83e178 e-con-full e-flex e-con e-child\" data-id=\"c83e178\" data-element_type=\"container\">\n\t\t<div class=\"elementor-element elementor-element-d53b66a e-con-full e-flex e-con e-child\" data-id=\"d53b66a\" data-element_type=\"container\">\n\t\t<div class=\"elementor-element elementor-element-4384599 e-con-full e-flex e-con e-child\" data-id=\"4384599\" data-element_type=\"container\" data-settings=\"{&quot;background_background&quot;:&quot;classic&quot;}\">\n\t\t\t\t<div class=\"elementor-element elementor-element-4bc477a elementor-widget elementor-widget-heading\" data-id=\"4bc477a\" data-element_type=\"widget\" data-widget_type=\"heading.default\">\n\t\t\t\t<div class=\"elementor-widget-container\">\n\t\t\t\t\t<h4 class=\"elementor-heading-title elementor-size-default\">H\u0131zl\u0131 sat\u0131\u015f sonras\u0131 yan\u0131t<\/h4>\t\t\t\t<\/div>\n\t\t\t\t<\/div>\n\t\t\t\t<div class=\"elementor-element elementor-element-3e92068 elementor-widget elementor-widget-text-editor\" data-id=\"3e92068\" data-element_type=\"widget\" data-widget_type=\"text-editor.default\">\n\t\t\t\t<div class=\"elementor-widget-container\">\n\t\t\t\t\t\t\t\t\t<p>Sat\u0131\u015f sonras\u0131 uzmanla\u015fm\u0131\u015f servis ekibimiz, s\u00fcrekli online teknik destek, ar\u0131za giderme vb. hizmetlerimiz ve sat\u0131\u015f sonras\u0131 yan\u0131t \u00e7\u00f6z\u00fcmleri i\u00e7in ayn\u0131 g\u00fcn h\u0131zl\u0131 taleplerimiz mevcuttur.<\/p>\t\t\t\t\t\t\t\t<\/div>\n\t\t\t\t<\/div>\n\t\t\t\t<\/div>\n\t\t<div class=\"elementor-element elementor-element-0fb9b03 e-con-full e-flex e-con e-child\" data-id=\"0fb9b03\" data-element_type=\"container\" data-settings=\"{&quot;background_background&quot;:&quot;classic&quot;}\">\n\t\t\t\t<div class=\"elementor-element elementor-element-ac4bff5 elementor-widget elementor-widget-heading\" data-id=\"ac4bff5\" data-element_type=\"widget\" data-widget_type=\"heading.default\">\n\t\t\t\t<div class=\"elementor-widget-container\">\n\t\t\t\t\t<h4 class=\"elementor-heading-title elementor-size-default\">Profesyonel Bak\u0131m<\/h4>\t\t\t\t<\/div>\n\t\t\t\t<\/div>\n\t\t\t\t<div class=\"elementor-element elementor-element-c04a68c elementor-widget elementor-widget-text-editor\" data-id=\"c04a68c\" data-element_type=\"widget\" data-widget_type=\"text-editor.default\">\n\t\t\t\t<div class=\"elementor-widget-container\">\n\t\t\t\t\t\t\t\t\t<p>Onar\u0131lmas\u0131 veya de\u011fi\u015ftirilmesi gereken \u00fcr\u00fcnler i\u00e7in, makinenizin en iyi \u015fekilde \u00e7al\u0131\u015fmas\u0131n\u0131 sa\u011flamak amac\u0131yla orijinal yedek par\u00e7a ve \u00e7evrimi\u00e7i profesyonel ve teknik uzaktan kumanda deste\u011fi sa\u011fl\u0131yoruz.<\/p>\t\t\t\t\t\t\t\t<\/div>\n\t\t\t\t<\/div>\n\t\t\t\t<\/div>\n\t\t<div class=\"elementor-element elementor-element-d52c513 e-con-full e-flex e-con e-child\" data-id=\"d52c513\" data-element_type=\"container\" data-settings=\"{&quot;background_background&quot;:&quot;classic&quot;}\">\n\t\t\t\t<div class=\"elementor-element elementor-element-384b9ac elementor-widget elementor-widget-heading\" data-id=\"384b9ac\" data-element_type=\"widget\" data-widget_type=\"heading.default\">\n\t\t\t\t<div class=\"elementor-widget-container\">\n\t\t\t\t\t<h4 class=\"elementor-heading-title elementor-size-default\">M\u00fc\u015fteri Geri Bildirimi<\/h4>\t\t\t\t<\/div>\n\t\t\t\t<\/div>\n\t\t\t\t<div class=\"elementor-element elementor-element-0e2825c elementor-widget elementor-widget-text-editor\" data-id=\"0e2825c\" data-element_type=\"widget\" data-widget_type=\"text-editor.default\">\n\t\t\t\t<div class=\"elementor-widget-container\">\n\t\t\t\t\t\t\t\t\t<p>M\u00fc\u015fterilerimizi d\u00fczenli olarak ziyaret ederek geri bildirimlerini topluyor, \u00fcr\u00fcn ve hizmetlerimizi s\u00fcrekli olarak iyile\u015ftiriyoruz.<\/p>\t\t\t\t\t\t\t\t<\/div>\n\t\t\t\t<\/div>\n\t\t\t\t<\/div>\n\t\t\t\t<\/div>\n\t\t\t\t<\/div>\n\t\t\t\t\t<\/div>\n\t\t\t\t<\/div>\n\t\t\t\t<\/div>","protected":false},"excerpt":{"rendered":"<p>Sale Services Positive response rate of 99% with same day solutions. Pre-sales Services Professional Consulting Our pre-sales team consists of industry experts with extensive product knowledge. Whether you have any questions about the product or need personalized advice, we will be happy to provide you with professional answers. Satisfactory Program After listening to your specific [&hellip;]<\/p>","protected":false},"author":1,"featured_media":0,"parent":0,"menu_order":0,"comment_status":"closed","ping_status":"closed","template":"","meta":{"_acf_changed":false,"footnotes":""},"class_list":["post-239","page","type-page","status-publish","hentry"],"acf":[],"yoast_head":"<!-- This site is optimized with the Yoast SEO plugin v25.3.1 - https:\/\/yoast.com\/wordpress\/plugins\/seo\/ -->\n<title>Sale Services<\/title>\n<meta name=\"description\" content=\"BY provides positive and fast resolution of pre-sales and after-sales services, with a 99% positive response rate for same-day resolution.\" \/>\n<meta name=\"robots\" content=\"index, follow, max-snippet:-1, max-image-preview:large, max-video-preview:-1\" \/>\n<link rel=\"canonical\" href=\"https:\/\/byfeeder.net\/tr\/satis-hizmetleri\/\" \/>\n<meta property=\"og:locale\" content=\"tr_TR\" \/>\n<meta property=\"og:type\" content=\"article\" \/>\n<meta property=\"og:title\" content=\"Sale Services\" \/>\n<meta property=\"og:description\" content=\"BY provides positive and fast resolution of pre-sales and after-sales services, with a 99% positive response rate for same-day resolution.\" \/>\n<meta property=\"og:url\" content=\"https:\/\/byfeeder.net\/tr\/satis-hizmetleri\/\" \/>\n<meta property=\"og:site_name\" content=\"BYFeeder\" \/>\n<meta property=\"article:modified_time\" content=\"2025-09-18T03:26:51+00:00\" \/>\n<meta name=\"twitter:card\" content=\"summary_large_image\" \/>\n<meta name=\"twitter:label1\" content=\"Tahmini okuma s\u00fcresi\" \/>\n\t<meta name=\"twitter:data1\" content=\"1 dakika\" \/>\n<script type=\"application\/ld+json\" class=\"yoast-schema-graph\">{\"@context\":\"https:\/\/schema.org\",\"@graph\":[{\"@type\":\"WebPage\",\"@id\":\"https:\/\/byfeeder.net\/sale-services\/\",\"url\":\"https:\/\/byfeeder.net\/sale-services\/\",\"name\":\"Sale Services\",\"isPartOf\":{\"@id\":\"https:\/\/byfeeder.net\/#website\"},\"datePublished\":\"2024-11-14T07:35:19+00:00\",\"dateModified\":\"2025-09-18T03:26:51+00:00\",\"description\":\"BY provides positive and fast resolution of pre-sales and after-sales services, with a 99% positive response rate for same-day resolution.\",\"breadcrumb\":{\"@id\":\"https:\/\/byfeeder.net\/sale-services\/#breadcrumb\"},\"inLanguage\":\"tr\",\"potentialAction\":[{\"@type\":\"ReadAction\",\"target\":[\"https:\/\/byfeeder.net\/sale-services\/\"]}]},{\"@type\":\"BreadcrumbList\",\"@id\":\"https:\/\/byfeeder.net\/sale-services\/#breadcrumb\",\"itemListElement\":[{\"@type\":\"ListItem\",\"position\":1,\"name\":\"Home\",\"item\":\"https:\/\/byfeeder.net\/\"},{\"@type\":\"ListItem\",\"position\":2,\"name\":\"Services\"}]},{\"@type\":\"WebSite\",\"@id\":\"https:\/\/byfeeder.net\/#website\",\"url\":\"https:\/\/byfeeder.net\/\",\"name\":\"BYFeeder\",\"description\":\"Packaging Feeding and Rewinding System Solutions Manufacturer\",\"publisher\":{\"@id\":\"https:\/\/byfeeder.net\/#organization\"},\"potentialAction\":[{\"@type\":\"SearchAction\",\"target\":{\"@type\":\"EntryPoint\",\"urlTemplate\":\"https:\/\/byfeeder.net\/?s={search_term_string}\"},\"query-input\":{\"@type\":\"PropertyValueSpecification\",\"valueRequired\":true,\"valueName\":\"search_term_string\"}}],\"inLanguage\":\"tr\"},{\"@type\":\"Organization\",\"@id\":\"https:\/\/byfeeder.net\/#organization\",\"name\":\"BY\",\"url\":\"https:\/\/byfeeder.net\/\",\"logo\":{\"@type\":\"ImageObject\",\"inLanguage\":\"tr\",\"@id\":\"https:\/\/byfeeder.net\/#\/schema\/logo\/image\/\",\"url\":\"https:\/\/byfeeder.net\/wp-content\/uploads\/2025\/05\/byfeeder-logo.webp\",\"contentUrl\":\"https:\/\/byfeeder.net\/wp-content\/uploads\/2025\/05\/byfeeder-logo.webp\",\"width\":512,\"height\":512,\"caption\":\"BY\"},\"image\":{\"@id\":\"https:\/\/byfeeder.net\/#\/schema\/logo\/image\/\"}}]}<\/script>\n<!-- \/ Yoast SEO plugin. -->","yoast_head_json":{"title":"Sat\u0131\u015f Hizmetleri","description":"BY, sat\u0131\u015f \u00f6ncesi ve sat\u0131\u015f sonras\u0131 hizmetlerinde olumlu ve h\u0131zl\u0131 \u00e7\u00f6z\u00fcm sa\u011flamakta olup, ayn\u0131 g\u00fcn \u00e7\u00f6z\u00fcm i\u00e7in 99% olumlu yan\u0131t oran\u0131na sahiptir.","robots":{"index":"index","follow":"follow","max-snippet":"max-snippet:-1","max-image-preview":"max-image-preview:large","max-video-preview":"max-video-preview:-1"},"canonical":"https:\/\/byfeeder.net\/tr\/satis-hizmetleri\/","og_locale":"tr_TR","og_type":"article","og_title":"Sale Services","og_description":"BY provides positive and fast resolution of pre-sales and after-sales services, with a 99% positive response rate for same-day resolution.","og_url":"https:\/\/byfeeder.net\/tr\/satis-hizmetleri\/","og_site_name":"BYFeeder","article_modified_time":"2025-09-18T03:26:51+00:00","twitter_card":"summary_large_image","twitter_misc":{"Tahmini okuma s\u00fcresi":"1 dakika"},"schema":{"@context":"https:\/\/schema.org","@graph":[{"@type":"WebPage","@id":"https:\/\/byfeeder.net\/sale-services\/","url":"https:\/\/byfeeder.net\/sale-services\/","name":"Sat\u0131\u015f Hizmetleri","isPartOf":{"@id":"https:\/\/byfeeder.net\/#website"},"datePublished":"2024-11-14T07:35:19+00:00","dateModified":"2025-09-18T03:26:51+00:00","description":"BY, sat\u0131\u015f \u00f6ncesi ve sat\u0131\u015f sonras\u0131 hizmetlerinde olumlu ve h\u0131zl\u0131 \u00e7\u00f6z\u00fcm sa\u011flamakta olup, ayn\u0131 g\u00fcn \u00e7\u00f6z\u00fcm i\u00e7in 99% olumlu yan\u0131t oran\u0131na sahiptir.","breadcrumb":{"@id":"https:\/\/byfeeder.net\/sale-services\/#breadcrumb"},"inLanguage":"tr","potentialAction":[{"@type":"ReadAction","target":["https:\/\/byfeeder.net\/sale-services\/"]}]},{"@type":"BreadcrumbList","@id":"https:\/\/byfeeder.net\/sale-services\/#breadcrumb","itemListElement":[{"@type":"ListItem","position":1,"name":"Home","item":"https:\/\/byfeeder.net\/"},{"@type":"ListItem","position":2,"name":"Services"}]},{"@type":"WebSite","@id":"https:\/\/byfeeder.net\/#website","url":"https:\/\/byfeeder.net\/","name":"Besleyici ile","description":"Paketleme Besleme ve Geri Sarma Sistemi \u00c7\u00f6z\u00fcmleri \u00dcreticisi","publisher":{"@id":"https:\/\/byfeeder.net\/#organization"},"potentialAction":[{"@type":"SearchAction","target":{"@type":"EntryPoint","urlTemplate":"https:\/\/byfeeder.net\/?s={search_term_string}"},"query-input":{"@type":"PropertyValueSpecification","valueRequired":true,"valueName":"search_term_string"}}],"inLanguage":"tr"},{"@type":"Organization","@id":"https:\/\/byfeeder.net\/#organization","name":"\u0130LE","url":"https:\/\/byfeeder.net\/","logo":{"@type":"ImageObject","inLanguage":"tr","@id":"https:\/\/byfeeder.net\/#\/schema\/logo\/image\/","url":"https:\/\/byfeeder.net\/wp-content\/uploads\/2025\/05\/byfeeder-logo.webp","contentUrl":"https:\/\/byfeeder.net\/wp-content\/uploads\/2025\/05\/byfeeder-logo.webp","width":512,"height":512,"caption":"BY"},"image":{"@id":"https:\/\/byfeeder.net\/#\/schema\/logo\/image\/"}}]}},"_links":{"self":[{"href":"https:\/\/byfeeder.net\/tr\/wp-json\/wp\/v2\/pages\/239"}],"collection":[{"href":"https:\/\/byfeeder.net\/tr\/wp-json\/wp\/v2\/pages"}],"about":[{"href":"https:\/\/byfeeder.net\/tr\/wp-json\/wp\/v2\/types\/page"}],"author":[{"embeddable":true,"href":"https:\/\/byfeeder.net\/tr\/wp-json\/wp\/v2\/users\/1"}],"replies":[{"embeddable":true,"href":"https:\/\/byfeeder.net\/tr\/wp-json\/wp\/v2\/comments?post=239"}],"version-history":[{"count":105,"href":"https:\/\/byfeeder.net\/tr\/wp-json\/wp\/v2\/pages\/239\/revisions"}],"predecessor-version":[{"id":4052,"href":"https:\/\/byfeeder.net\/tr\/wp-json\/wp\/v2\/pages\/239\/revisions\/4052"}],"wp:attachment":[{"href":"https:\/\/byfeeder.net\/tr\/wp-json\/wp\/v2\/media?parent=239"}],"curies":[{"name":"wp","href":"https:\/\/api.w.org\/{rel}","templated":true}]}}