{"id":2710,"date":"2025-01-09T00:51:03","date_gmt":"2025-01-09T08:51:03","guid":{"rendered":"https:\/\/byfeeder.net\/?post_type=product&#038;p=2710"},"modified":"2025-07-28T19:05:52","modified_gmt":"2025-07-29T03:05:52","slug":"macchina-cercapersone-aspirante-con-nastro-trasportatore-e-tavolo-di-uscita","status":"publish","type":"product","link":"https:\/\/byfeeder.net\/it\/product\/macchina-cercapersone-aspirante-con-nastro-trasportatore-e-tavolo-di-uscita\/","title":{"rendered":"Cercapersone aspirante con nastro trasportatore e tavolo di uscita"},"content":{"rendered":"<p><strong>Parametri del prodotto<\/strong><\/p>\n<p>Metodo di raccolta: accatastamento dopo la caduta<\/p>\n<p>Modalit\u00e0 di controllo: Touch screen + controllo PLC<\/p>\n<p>Materiale del corpo: acciaio inossidabile o vernice di cottura in acciaio al carbonio personalizzata<\/p>\n<p>Diametro massimo del materiale: personalizzazione basata sul prodotto<\/p>\n<p>Peso dell&#039;attrezzatura: circa 350 kg<\/p>\n<p>Larghezza della cinghia: 500 mm o personalizzata<\/p>\n<p>Applicabile alla gamma di dimensioni del prodotto: (60-300\uff09\u00d7\uff0880-330\uff09\u00d7\uff080,1-2\uff09mm<\/p>\n<p>Potenza in ingresso: circa 2000 W (solo il cercapersone, esclusa la stampante)<\/p>\n<p>Modalit\u00e0 di trasmissione: controllo della velocit\u00e0 a frequenza variabile o controllo della velocit\u00e0 senza spazzole CC<\/p>\n<p>Stampante a getto d&#039;inchiostro opzionale: DOMINO, Sojet, DK, UCS, VIDEOJET<\/p>\n<p><strong>Configurazione standard<\/strong><\/p>\n<ul>\n<li>Estrazione e alimentazione dei polloni<\/li>\n<li>Nastro trasportatore ad alta velocit\u00e0<\/li>\n<li>Raccolta a pila a caduta della tramoggia di raccolta<\/li>\n<\/ul>\n<p>Configurazione opzionale<\/p>\n<ul>\n<li>Macchina di codifica DMN<\/li>\n<li>Macchina di codifica DK<\/li>\n<li>Macchina di codifica UCS<\/li>\n<li>L&#039;adsorbimento a pressione negativa \u00e8 facoltativo<\/li>\n<li>Supporta la personalizzazione<\/li>\n<\/ul>","protected":false},"excerpt":{"rendered":"<p>Modello: IF-SU300ST-385\u00d72770\/60-TT0-S<\/p>\n<p>Dimensioni (LXWXH): 2520x900x1160mm<\/p>\n<p>Velocit\u00e0 di scorrimento della cinghia: 0-60 m\/min<\/p>","protected":false},"featured_media":2712,"template":"","meta":{"_acf_changed":false},"product_brand":[],"product_cat":[23,45],"product_tag":[],"class_list":{"0":"post-2710","1":"product","2":"type-product","3":"status-publish","4":"has-post-thumbnail","6":"product_cat-paging-machines","7":"product_cat-vacuum-feeders","9":"first","10":"instock","11":"shipping-taxable","12":"product-type-simple"},"acf":[],"yoast_head":"<!-- This site is optimized with the Yoast SEO plugin v25.3.1 - https:\/\/yoast.com\/wordpress\/plugins\/seo\/ -->\n<title>Up Suction Paging Machine with Conveyor Belt and Output Table | BYFeeder<\/title>\n<meta name=\"description\" content=\"Vacuum suction cups and other adsorption methods are used to complete the feeding. It has the characteristics of high stability, good protection for the products to be loaded, and more materials to be discharged at one time, which is especially suitable for the automatic feeding of various kinds of wide-width paper, labels, plastic packaging bags, woven bags, etc.\" \/>\n<meta name=\"robots\" content=\"index, follow, max-snippet:-1, max-image-preview:large, max-video-preview:-1\" \/>\n<link rel=\"canonical\" href=\"https:\/\/byfeeder.net\/it\/product\/macchina-cercapersone-aspirante-con-nastro-trasportatore-e-tavolo-di-uscita\/\" \/>\n<meta property=\"og:locale\" content=\"it_IT\" \/>\n<meta property=\"og:type\" content=\"article\" \/>\n<meta property=\"og:title\" content=\"Up Suction Paging Machine with Conveyor Belt and Output Table | BYFeeder\" \/>\n<meta property=\"og:description\" content=\"Vacuum suction cups and other adsorption methods are used to complete the feeding. It has the characteristics of high stability, good protection for the products to be loaded, and more materials to be discharged at one time, which is especially suitable for the automatic feeding of various kinds of wide-width paper, labels, plastic packaging bags, woven bags, etc.\" \/>\n<meta property=\"og:url\" content=\"https:\/\/byfeeder.net\/it\/product\/macchina-cercapersone-aspirante-con-nastro-trasportatore-e-tavolo-di-uscita\/\" \/>\n<meta property=\"og:site_name\" content=\"BYFeeder\" \/>\n<meta property=\"article:modified_time\" content=\"2025-07-29T03:05:52+00:00\" \/>\n<meta property=\"og:image\" content=\"https:\/\/byfeeder.net\/wp-content\/uploads\/2025\/01\/Up-Suction-Paging-Machine.webp\" \/>\n\t<meta property=\"og:image:width\" content=\"700\" \/>\n\t<meta property=\"og:image:height\" content=\"700\" \/>\n\t<meta property=\"og:image:type\" content=\"image\/webp\" \/>\n<meta name=\"twitter:card\" content=\"summary_large_image\" \/>\n<meta name=\"twitter:label1\" content=\"Tempo di lettura stimato\" \/>\n\t<meta name=\"twitter:data1\" content=\"1 minuto\" \/>\n<script type=\"application\/ld+json\" class=\"yoast-schema-graph\">{\"@context\":\"https:\/\/schema.org\",\"@graph\":[{\"@type\":\"WebPage\",\"@id\":\"https:\/\/byfeeder.net\/product\/up-suction-paging-machine-with-conveyor-belt-and-output-table\/\",\"url\":\"https:\/\/byfeeder.net\/product\/up-suction-paging-machine-with-conveyor-belt-and-output-table\/\",\"name\":\"Up Suction Paging Machine with Conveyor Belt and Output Table | BYFeeder\",\"isPartOf\":{\"@id\":\"https:\/\/byfeeder.net\/#website\"},\"primaryImageOfPage\":{\"@id\":\"https:\/\/byfeeder.net\/product\/up-suction-paging-machine-with-conveyor-belt-and-output-table\/#primaryimage\"},\"image\":{\"@id\":\"https:\/\/byfeeder.net\/product\/up-suction-paging-machine-with-conveyor-belt-and-output-table\/#primaryimage\"},\"thumbnailUrl\":\"https:\/\/byfeeder.net\/wp-content\/uploads\/2025\/01\/Up-Suction-Paging-Machine.webp\",\"datePublished\":\"2025-01-09T08:51:03+00:00\",\"dateModified\":\"2025-07-29T03:05:52+00:00\",\"description\":\"Vacuum suction cups and other adsorption methods are used to complete the feeding. It has the characteristics of high stability, good protection for the products to be loaded, and more materials to be discharged at one time, which is especially suitable for the automatic feeding of various kinds of wide-width paper, labels, plastic packaging bags, woven bags, etc.\",\"breadcrumb\":{\"@id\":\"https:\/\/byfeeder.net\/product\/up-suction-paging-machine-with-conveyor-belt-and-output-table\/#breadcrumb\"},\"inLanguage\":\"it-IT\",\"potentialAction\":[{\"@type\":\"ReadAction\",\"target\":[\"https:\/\/byfeeder.net\/product\/up-suction-paging-machine-with-conveyor-belt-and-output-table\/\"]}]},{\"@type\":\"ImageObject\",\"inLanguage\":\"it-IT\",\"@id\":\"https:\/\/byfeeder.net\/product\/up-suction-paging-machine-with-conveyor-belt-and-output-table\/#primaryimage\",\"url\":\"https:\/\/byfeeder.net\/wp-content\/uploads\/2025\/01\/Up-Suction-Paging-Machine.webp\",\"contentUrl\":\"https:\/\/byfeeder.net\/wp-content\/uploads\/2025\/01\/Up-Suction-Paging-Machine.webp\",\"width\":700,\"height\":700,\"caption\":\"Up Suction Paging Machine\"},{\"@type\":\"BreadcrumbList\",\"@id\":\"https:\/\/byfeeder.net\/product\/up-suction-paging-machine-with-conveyor-belt-and-output-table\/#breadcrumb\",\"itemListElement\":[{\"@type\":\"ListItem\",\"position\":1,\"name\":\"Home\",\"item\":\"https:\/\/byfeeder.net\/\"},{\"@type\":\"ListItem\",\"position\":2,\"name\":\"Products\",\"item\":\"https:\/\/byfeeder.net\/solution\/\"},{\"@type\":\"ListItem\",\"position\":3,\"name\":\"Up Suction Paging Machine with Conveyor Belt and Output Table\"}]},{\"@type\":\"WebSite\",\"@id\":\"https:\/\/byfeeder.net\/#website\",\"url\":\"https:\/\/byfeeder.net\/\",\"name\":\"BYFeeder\",\"description\":\"Packaging Feeding and Rewinding System Solutions Manufacturer\",\"publisher\":{\"@id\":\"https:\/\/byfeeder.net\/#organization\"},\"potentialAction\":[{\"@type\":\"SearchAction\",\"target\":{\"@type\":\"EntryPoint\",\"urlTemplate\":\"https:\/\/byfeeder.net\/?s={search_term_string}\"},\"query-input\":{\"@type\":\"PropertyValueSpecification\",\"valueRequired\":true,\"valueName\":\"search_term_string\"}}],\"inLanguage\":\"it-IT\"},{\"@type\":\"Organization\",\"@id\":\"https:\/\/byfeeder.net\/#organization\",\"name\":\"BY\",\"url\":\"https:\/\/byfeeder.net\/\",\"logo\":{\"@type\":\"ImageObject\",\"inLanguage\":\"it-IT\",\"@id\":\"https:\/\/byfeeder.net\/#\/schema\/logo\/image\/\",\"url\":\"https:\/\/byfeeder.net\/wp-content\/uploads\/2025\/05\/byfeeder-logo.webp\",\"contentUrl\":\"https:\/\/byfeeder.net\/wp-content\/uploads\/2025\/05\/byfeeder-logo.webp\",\"width\":512,\"height\":512,\"caption\":\"BY\"},\"image\":{\"@id\":\"https:\/\/byfeeder.net\/#\/schema\/logo\/image\/\"}}]}<\/script>\n<!-- \/ Yoast SEO plugin. -->","yoast_head_json":{"title":"Cercapersone ad aspirazione verticale con nastro trasportatore e tavolo di uscita | BYFeeder","description":"Le ventose a vuoto e altri metodi di adsorbimento vengono utilizzati per completare l&#039;alimentazione. Presenta le caratteristiche di elevata stabilit\u00e0, buona protezione per i prodotti da caricare e pi\u00f9 materiali da scaricare contemporaneamente, il che \u00e8 particolarmente adatto per l&#039;alimentazione automatica di vari tipi di carta di ampia larghezza, etichette, sacchetti di imballaggio in plastica, sacchetti intrecciati, ecc.","robots":{"index":"index","follow":"follow","max-snippet":"max-snippet:-1","max-image-preview":"max-image-preview:large","max-video-preview":"max-video-preview:-1"},"canonical":"https:\/\/byfeeder.net\/it\/product\/macchina-cercapersone-aspirante-con-nastro-trasportatore-e-tavolo-di-uscita\/","og_locale":"it_IT","og_type":"article","og_title":"Up Suction Paging Machine with Conveyor Belt and Output Table | BYFeeder","og_description":"Vacuum suction cups and other adsorption methods are used to complete the feeding. It has the characteristics of high stability, good protection for the products to be loaded, and more materials to be discharged at one time, which is especially suitable for the automatic feeding of various kinds of wide-width paper, labels, plastic packaging bags, woven bags, etc.","og_url":"https:\/\/byfeeder.net\/it\/product\/macchina-cercapersone-aspirante-con-nastro-trasportatore-e-tavolo-di-uscita\/","og_site_name":"BYFeeder","article_modified_time":"2025-07-29T03:05:52+00:00","og_image":[{"width":700,"height":700,"url":"https:\/\/byfeeder.net\/wp-content\/uploads\/2025\/01\/Up-Suction-Paging-Machine.webp","type":"image\/webp"}],"twitter_card":"summary_large_image","twitter_misc":{"Tempo di lettura stimato":"1 minuto"},"schema":{"@context":"https:\/\/schema.org","@graph":[{"@type":"WebPage","@id":"https:\/\/byfeeder.net\/product\/up-suction-paging-machine-with-conveyor-belt-and-output-table\/","url":"https:\/\/byfeeder.net\/product\/up-suction-paging-machine-with-conveyor-belt-and-output-table\/","name":"Cercapersone ad aspirazione verticale con nastro trasportatore e tavolo di uscita | BYFeeder","isPartOf":{"@id":"https:\/\/byfeeder.net\/#website"},"primaryImageOfPage":{"@id":"https:\/\/byfeeder.net\/product\/up-suction-paging-machine-with-conveyor-belt-and-output-table\/#primaryimage"},"image":{"@id":"https:\/\/byfeeder.net\/product\/up-suction-paging-machine-with-conveyor-belt-and-output-table\/#primaryimage"},"thumbnailUrl":"https:\/\/byfeeder.net\/wp-content\/uploads\/2025\/01\/Up-Suction-Paging-Machine.webp","datePublished":"2025-01-09T08:51:03+00:00","dateModified":"2025-07-29T03:05:52+00:00","description":"Le ventose a vuoto e altri metodi di adsorbimento vengono utilizzati per completare l&#039;alimentazione. Presenta le caratteristiche di elevata stabilit\u00e0, buona protezione per i prodotti da caricare e pi\u00f9 materiali da scaricare contemporaneamente, il che \u00e8 particolarmente adatto per l&#039;alimentazione automatica di vari tipi di carta di ampia larghezza, etichette, sacchetti di imballaggio in plastica, sacchetti intrecciati, ecc.","breadcrumb":{"@id":"https:\/\/byfeeder.net\/product\/up-suction-paging-machine-with-conveyor-belt-and-output-table\/#breadcrumb"},"inLanguage":"it-IT","potentialAction":[{"@type":"ReadAction","target":["https:\/\/byfeeder.net\/product\/up-suction-paging-machine-with-conveyor-belt-and-output-table\/"]}]},{"@type":"ImageObject","inLanguage":"it-IT","@id":"https:\/\/byfeeder.net\/product\/up-suction-paging-machine-with-conveyor-belt-and-output-table\/#primaryimage","url":"https:\/\/byfeeder.net\/wp-content\/uploads\/2025\/01\/Up-Suction-Paging-Machine.webp","contentUrl":"https:\/\/byfeeder.net\/wp-content\/uploads\/2025\/01\/Up-Suction-Paging-Machine.webp","width":700,"height":700,"caption":"Up Suction Paging Machine"},{"@type":"BreadcrumbList","@id":"https:\/\/byfeeder.net\/product\/up-suction-paging-machine-with-conveyor-belt-and-output-table\/#breadcrumb","itemListElement":[{"@type":"ListItem","position":1,"name":"Home","item":"https:\/\/byfeeder.net\/"},{"@type":"ListItem","position":2,"name":"Products","item":"https:\/\/byfeeder.net\/solution\/"},{"@type":"ListItem","position":3,"name":"Up Suction Paging Machine with Conveyor Belt and Output Table"}]},{"@type":"WebSite","@id":"https:\/\/byfeeder.net\/#website","url":"https:\/\/byfeeder.net\/","name":"DAFeeder","description":"Produttore di soluzioni per sistemi di alimentazione e riavvolgimento di imballaggi","publisher":{"@id":"https:\/\/byfeeder.net\/#organization"},"potentialAction":[{"@type":"SearchAction","target":{"@type":"EntryPoint","urlTemplate":"https:\/\/byfeeder.net\/?s={search_term_string}"},"query-input":{"@type":"PropertyValueSpecification","valueRequired":true,"valueName":"search_term_string"}}],"inLanguage":"it-IT"},{"@type":"Organization","@id":"https:\/\/byfeeder.net\/#organization","name":"DI","url":"https:\/\/byfeeder.net\/","logo":{"@type":"ImageObject","inLanguage":"it-IT","@id":"https:\/\/byfeeder.net\/#\/schema\/logo\/image\/","url":"https:\/\/byfeeder.net\/wp-content\/uploads\/2025\/05\/byfeeder-logo.webp","contentUrl":"https:\/\/byfeeder.net\/wp-content\/uploads\/2025\/05\/byfeeder-logo.webp","width":512,"height":512,"caption":"BY"},"image":{"@id":"https:\/\/byfeeder.net\/#\/schema\/logo\/image\/"}}]}},"_links":{"self":[{"href":"https:\/\/byfeeder.net\/it\/wp-json\/wp\/v2\/product\/2710"}],"collection":[{"href":"https:\/\/byfeeder.net\/it\/wp-json\/wp\/v2\/product"}],"about":[{"href":"https:\/\/byfeeder.net\/it\/wp-json\/wp\/v2\/types\/product"}],"wp:featuredmedia":[{"embeddable":true,"href":"https:\/\/byfeeder.net\/it\/wp-json\/wp\/v2\/media\/2712"}],"wp:attachment":[{"href":"https:\/\/byfeeder.net\/it\/wp-json\/wp\/v2\/media?parent=2710"}],"wp:term":[{"taxonomy":"product_brand","embeddable":true,"href":"https:\/\/byfeeder.net\/it\/wp-json\/wp\/v2\/product_brand?post=2710"},{"taxonomy":"product_cat","embeddable":true,"href":"https:\/\/byfeeder.net\/it\/wp-json\/wp\/v2\/product_cat?post=2710"},{"taxonomy":"product_tag","embeddable":true,"href":"https:\/\/byfeeder.net\/it\/wp-json\/wp\/v2\/product_tag?post=2710"}],"curies":[{"name":"parola chiave","href":"https:\/\/api.w.org\/{rel}","templated":true}]}}