{"id":1486,"date":"2024-11-21T01:09:47","date_gmt":"2024-11-21T09:09:47","guid":{"rendered":"https:\/\/byfeeder.net\/?post_type=product&#038;p=1486"},"modified":"2024-12-12T23:39:14","modified_gmt":"2024-12-13T07:39:14","slug":"macchina-da-stampa-paginazione-a-velocita-regolabile","status":"publish","type":"product","link":"https:\/\/byfeeder.net\/it\/product\/macchina-da-stampa-paginazione-a-velocita-regolabile\/","title":{"rendered":"Macchina da stampa TTO con velocit\u00e0 regolabile"},"content":{"rendered":"<p><strong>Parametri del prodotto<\/strong><\/p>\n<p>Modalit\u00e0 di controllo: Controller speciale per iFeeder<\/p>\n<p>Materiale del corpo: acciaio inossidabile o vernice di cottura in acciaio al carbonio personalizzata<\/p>\n<p>Diametro massimo del materiale: personalizzazione basata sul prodotto<\/p>\n<p>Peso dell&#039;attrezzatura: circa 200 kg<\/p>\n<p>Spessore del materiale: 0,1~2 mm<\/p>\n<p>Potenza in ingresso: circa 500-1000 W (solo il cercapersone, esclusa la stampante)<\/p>\n<p>Modalit\u00e0 di trasmissione: controllo della velocit\u00e0 a frequenza variabile o controllo della velocit\u00e0 senza spazzole CC<\/p>\n<p>Stampante a getto d&#039;inchiostro opzionale: DOMINO, Sojet, DK, UCS, VIDEOJET<\/p>\n<p><strong>Configurazione standard<\/strong><\/p>\n<ol>\n<li>Scarico inferiore a frizione della cinghia<\/li>\n<li>Trasporto ad alta velocit\u00e0 a rulli<\/li>\n<li>Raccolta a pila a caduta della tramoggia di raccolta<\/li>\n<\/ol>\n<p><strong>Configurazione opzionale<\/strong><\/p>\n<ol>\n<li>Macchina di codifica DMN<\/li>\n<li>Macchina di codifica DK<\/li>\n<li>Macchina di codifica UCS<\/li>\n<li>Impilamento continuo automatico o impilamento separato<\/li>\n<\/ol>","protected":false},"excerpt":{"rendered":"<p>Modello: IF-IPM203ST- 385\u00d72770\/60-TTO-S<\/p>\n<p>Dimensioni (LXWXH): 2270X765X1145mm<\/p>\n<p>Velocit\u00e0 di scorrimento della cinghia: 0-60 m\/min<\/p>","protected":false},"featured_media":1493,"template":"","meta":{"_acf_changed":false},"product_brand":[],"product_cat":[23],"product_tag":[],"class_list":{"0":"post-1486","1":"product","2":"type-product","3":"status-publish","4":"has-post-thumbnail","6":"product_cat-paging-machines","8":"first","9":"instock","10":"shipping-taxable","11":"product-type-simple"},"acf":[],"yoast_head":"<!-- This site is optimized with the Yoast SEO plugin v25.3.1 - https:\/\/yoast.com\/wordpress\/plugins\/seo\/ -->\n<title>Adjustable Speed Paging TTO Printing Machine | BYFeeder<\/title>\n<meta name=\"robots\" content=\"index, follow, max-snippet:-1, max-image-preview:large, max-video-preview:-1\" \/>\n<link rel=\"canonical\" href=\"https:\/\/byfeeder.net\/it\/product\/macchina-da-stampa-paginazione-a-velocita-regolabile\/\" \/>\n<meta property=\"og:locale\" content=\"it_IT\" \/>\n<meta property=\"og:type\" content=\"article\" \/>\n<meta property=\"og:title\" content=\"Adjustable Speed Paging TTO Printing Machine | BYFeeder\" \/>\n<meta property=\"og:description\" content=\"Model: IF-IPM203ST- 385\u00d72770\/60-TTO-S  Size(LXWXH):2270X765X1145mm  Belt Running Speed:0-60m\/min\" \/>\n<meta property=\"og:url\" content=\"https:\/\/byfeeder.net\/it\/product\/macchina-da-stampa-paginazione-a-velocita-regolabile\/\" \/>\n<meta property=\"og:site_name\" content=\"BYFeeder\" \/>\n<meta property=\"article:modified_time\" content=\"2024-12-13T07:39:14+00:00\" \/>\n<meta property=\"og:image\" content=\"https:\/\/byfeeder.net\/wp-content\/uploads\/2024\/11\/BY-TTO-Thermal-Transfer-Paging-Machine.webp\" \/>\n\t<meta property=\"og:image:width\" content=\"700\" \/>\n\t<meta property=\"og:image:height\" content=\"700\" \/>\n\t<meta property=\"og:image:type\" content=\"image\/webp\" \/>\n<meta name=\"twitter:card\" content=\"summary_large_image\" \/>\n<script type=\"application\/ld+json\" class=\"yoast-schema-graph\">{\"@context\":\"https:\/\/schema.org\",\"@graph\":[{\"@type\":\"WebPage\",\"@id\":\"https:\/\/byfeeder.net\/product\/adjustable-speed-paging-tto-printing-machine\/\",\"url\":\"https:\/\/byfeeder.net\/product\/adjustable-speed-paging-tto-printing-machine\/\",\"name\":\"Adjustable Speed Paging TTO Printing Machine | BYFeeder\",\"isPartOf\":{\"@id\":\"https:\/\/byfeeder.net\/#website\"},\"primaryImageOfPage\":{\"@id\":\"https:\/\/byfeeder.net\/product\/adjustable-speed-paging-tto-printing-machine\/#primaryimage\"},\"image\":{\"@id\":\"https:\/\/byfeeder.net\/product\/adjustable-speed-paging-tto-printing-machine\/#primaryimage\"},\"thumbnailUrl\":\"https:\/\/byfeeder.net\/wp-content\/uploads\/2024\/11\/BY-TTO-Thermal-Transfer-Paging-Machine.webp\",\"datePublished\":\"2024-11-21T09:09:47+00:00\",\"dateModified\":\"2024-12-13T07:39:14+00:00\",\"breadcrumb\":{\"@id\":\"https:\/\/byfeeder.net\/product\/adjustable-speed-paging-tto-printing-machine\/#breadcrumb\"},\"inLanguage\":\"it-IT\",\"potentialAction\":[{\"@type\":\"ReadAction\",\"target\":[\"https:\/\/byfeeder.net\/product\/adjustable-speed-paging-tto-printing-machine\/\"]}]},{\"@type\":\"ImageObject\",\"inLanguage\":\"it-IT\",\"@id\":\"https:\/\/byfeeder.net\/product\/adjustable-speed-paging-tto-printing-machine\/#primaryimage\",\"url\":\"https:\/\/byfeeder.net\/wp-content\/uploads\/2024\/11\/BY-TTO-Thermal-Transfer-Paging-Machine.webp\",\"contentUrl\":\"https:\/\/byfeeder.net\/wp-content\/uploads\/2024\/11\/BY-TTO-Thermal-Transfer-Paging-Machine.webp\",\"width\":700,\"height\":700,\"caption\":\"BY TTO Thermal Transfer Paging Machine\"},{\"@type\":\"BreadcrumbList\",\"@id\":\"https:\/\/byfeeder.net\/product\/adjustable-speed-paging-tto-printing-machine\/#breadcrumb\",\"itemListElement\":[{\"@type\":\"ListItem\",\"position\":1,\"name\":\"Home\",\"item\":\"https:\/\/byfeeder.net\/\"},{\"@type\":\"ListItem\",\"position\":2,\"name\":\"Products\",\"item\":\"https:\/\/byfeeder.net\/solution\/\"},{\"@type\":\"ListItem\",\"position\":3,\"name\":\"Adjustable Speed Paging TTO Printing Machine\"}]},{\"@type\":\"WebSite\",\"@id\":\"https:\/\/byfeeder.net\/#website\",\"url\":\"https:\/\/byfeeder.net\/\",\"name\":\"BYFeeder\",\"description\":\"Packaging Feeding and Rewinding System Solutions Manufacturer\",\"publisher\":{\"@id\":\"https:\/\/byfeeder.net\/#organization\"},\"potentialAction\":[{\"@type\":\"SearchAction\",\"target\":{\"@type\":\"EntryPoint\",\"urlTemplate\":\"https:\/\/byfeeder.net\/?s={search_term_string}\"},\"query-input\":{\"@type\":\"PropertyValueSpecification\",\"valueRequired\":true,\"valueName\":\"search_term_string\"}}],\"inLanguage\":\"it-IT\"},{\"@type\":\"Organization\",\"@id\":\"https:\/\/byfeeder.net\/#organization\",\"name\":\"BY\",\"url\":\"https:\/\/byfeeder.net\/\",\"logo\":{\"@type\":\"ImageObject\",\"inLanguage\":\"it-IT\",\"@id\":\"https:\/\/byfeeder.net\/#\/schema\/logo\/image\/\",\"url\":\"https:\/\/byfeeder.net\/wp-content\/uploads\/2025\/05\/byfeeder-logo.webp\",\"contentUrl\":\"https:\/\/byfeeder.net\/wp-content\/uploads\/2025\/05\/byfeeder-logo.webp\",\"width\":512,\"height\":512,\"caption\":\"BY\"},\"image\":{\"@id\":\"https:\/\/byfeeder.net\/#\/schema\/logo\/image\/\"}}]}<\/script>\n<!-- \/ Yoast SEO plugin. -->","yoast_head_json":{"title":"Macchina da stampa TTO con velocit\u00e0 di impaginazione regolabile | BYFeeder","robots":{"index":"index","follow":"follow","max-snippet":"max-snippet:-1","max-image-preview":"max-image-preview:large","max-video-preview":"max-video-preview:-1"},"canonical":"https:\/\/byfeeder.net\/it\/product\/macchina-da-stampa-paginazione-a-velocita-regolabile\/","og_locale":"it_IT","og_type":"article","og_title":"Adjustable Speed Paging TTO Printing Machine | BYFeeder","og_description":"Model: IF-IPM203ST- 385\u00d72770\/60-TTO-S  Size(LXWXH):2270X765X1145mm  Belt Running Speed:0-60m\/min","og_url":"https:\/\/byfeeder.net\/it\/product\/macchina-da-stampa-paginazione-a-velocita-regolabile\/","og_site_name":"BYFeeder","article_modified_time":"2024-12-13T07:39:14+00:00","og_image":[{"width":700,"height":700,"url":"https:\/\/byfeeder.net\/wp-content\/uploads\/2024\/11\/BY-TTO-Thermal-Transfer-Paging-Machine.webp","type":"image\/webp"}],"twitter_card":"summary_large_image","schema":{"@context":"https:\/\/schema.org","@graph":[{"@type":"WebPage","@id":"https:\/\/byfeeder.net\/product\/adjustable-speed-paging-tto-printing-machine\/","url":"https:\/\/byfeeder.net\/product\/adjustable-speed-paging-tto-printing-machine\/","name":"Macchina da stampa TTO con velocit\u00e0 di impaginazione regolabile | BYFeeder","isPartOf":{"@id":"https:\/\/byfeeder.net\/#website"},"primaryImageOfPage":{"@id":"https:\/\/byfeeder.net\/product\/adjustable-speed-paging-tto-printing-machine\/#primaryimage"},"image":{"@id":"https:\/\/byfeeder.net\/product\/adjustable-speed-paging-tto-printing-machine\/#primaryimage"},"thumbnailUrl":"https:\/\/byfeeder.net\/wp-content\/uploads\/2024\/11\/BY-TTO-Thermal-Transfer-Paging-Machine.webp","datePublished":"2024-11-21T09:09:47+00:00","dateModified":"2024-12-13T07:39:14+00:00","breadcrumb":{"@id":"https:\/\/byfeeder.net\/product\/adjustable-speed-paging-tto-printing-machine\/#breadcrumb"},"inLanguage":"it-IT","potentialAction":[{"@type":"ReadAction","target":["https:\/\/byfeeder.net\/product\/adjustable-speed-paging-tto-printing-machine\/"]}]},{"@type":"ImageObject","inLanguage":"it-IT","@id":"https:\/\/byfeeder.net\/product\/adjustable-speed-paging-tto-printing-machine\/#primaryimage","url":"https:\/\/byfeeder.net\/wp-content\/uploads\/2024\/11\/BY-TTO-Thermal-Transfer-Paging-Machine.webp","contentUrl":"https:\/\/byfeeder.net\/wp-content\/uploads\/2024\/11\/BY-TTO-Thermal-Transfer-Paging-Machine.webp","width":700,"height":700,"caption":"BY TTO Thermal Transfer Paging Machine"},{"@type":"BreadcrumbList","@id":"https:\/\/byfeeder.net\/product\/adjustable-speed-paging-tto-printing-machine\/#breadcrumb","itemListElement":[{"@type":"ListItem","position":1,"name":"Home","item":"https:\/\/byfeeder.net\/"},{"@type":"ListItem","position":2,"name":"Products","item":"https:\/\/byfeeder.net\/solution\/"},{"@type":"ListItem","position":3,"name":"Adjustable Speed Paging TTO Printing Machine"}]},{"@type":"WebSite","@id":"https:\/\/byfeeder.net\/#website","url":"https:\/\/byfeeder.net\/","name":"DAFeeder","description":"Produttore di soluzioni per sistemi di alimentazione e riavvolgimento di imballaggi","publisher":{"@id":"https:\/\/byfeeder.net\/#organization"},"potentialAction":[{"@type":"SearchAction","target":{"@type":"EntryPoint","urlTemplate":"https:\/\/byfeeder.net\/?s={search_term_string}"},"query-input":{"@type":"PropertyValueSpecification","valueRequired":true,"valueName":"search_term_string"}}],"inLanguage":"it-IT"},{"@type":"Organization","@id":"https:\/\/byfeeder.net\/#organization","name":"DI","url":"https:\/\/byfeeder.net\/","logo":{"@type":"ImageObject","inLanguage":"it-IT","@id":"https:\/\/byfeeder.net\/#\/schema\/logo\/image\/","url":"https:\/\/byfeeder.net\/wp-content\/uploads\/2025\/05\/byfeeder-logo.webp","contentUrl":"https:\/\/byfeeder.net\/wp-content\/uploads\/2025\/05\/byfeeder-logo.webp","width":512,"height":512,"caption":"BY"},"image":{"@id":"https:\/\/byfeeder.net\/#\/schema\/logo\/image\/"}}]}},"_links":{"self":[{"href":"https:\/\/byfeeder.net\/it\/wp-json\/wp\/v2\/product\/1486"}],"collection":[{"href":"https:\/\/byfeeder.net\/it\/wp-json\/wp\/v2\/product"}],"about":[{"href":"https:\/\/byfeeder.net\/it\/wp-json\/wp\/v2\/types\/product"}],"wp:featuredmedia":[{"embeddable":true,"href":"https:\/\/byfeeder.net\/it\/wp-json\/wp\/v2\/media\/1493"}],"wp:attachment":[{"href":"https:\/\/byfeeder.net\/it\/wp-json\/wp\/v2\/media?parent=1486"}],"wp:term":[{"taxonomy":"product_brand","embeddable":true,"href":"https:\/\/byfeeder.net\/it\/wp-json\/wp\/v2\/product_brand?post=1486"},{"taxonomy":"product_cat","embeddable":true,"href":"https:\/\/byfeeder.net\/it\/wp-json\/wp\/v2\/product_cat?post=1486"},{"taxonomy":"product_tag","embeddable":true,"href":"https:\/\/byfeeder.net\/it\/wp-json\/wp\/v2\/product_tag?post=1486"}],"curies":[{"name":"parola chiave","href":"https:\/\/api.w.org\/{rel}","templated":true}]}}