{"id":1417,"date":"2024-11-21T00:15:49","date_gmt":"2024-11-21T08:15:49","guid":{"rendered":"https:\/\/byfeeder.net\/?post_type=product&#038;p=1417"},"modified":"2024-12-12T23:51:07","modified_gmt":"2024-12-13T07:51:07","slug":"cercapersone-multifunzione-ad-alta-velocita-da-120-m-con-essiccazione-uv-ad-alta-temperatura","status":"publish","type":"product","link":"https:\/\/byfeeder.net\/it\/product\/cercapersone-multifunzione-ad-alta-velocita-da-120-m-con-essiccazione-uv-ad-alta-temperatura\/","title":{"rendered":"Cercapersone multifunzionale ad alta velocit\u00e0 da 120 m con asciugatura UV ad alta temperatura"},"content":{"rendered":"<p><strong>Parametri del prodotto<\/strong><\/p>\n<p>Modalit\u00e0 di controllo: Touch screen + controllo PLC<\/p>\n<p>Materiale del corpo: acciaio inossidabile o vernice di cottura in acciaio al carbonio personalizzata<\/p>\n<p>Diametro massimo del materiale: personalizzazione basata sul prodotto<\/p>\n<p>Peso dell&#039;attrezzatura: circa 300 kg<\/p>\n<p>Spessore del materiale: 0,05~3 mm<\/p>\n<p>Potenza in ingresso: circa 500-2500 W (solo il cercapersone, esclusa la stampante)<\/p>\n<p>Modalit\u00e0 di trasmissione: controllo della velocit\u00e0 a frequenza variabile o controllo della velocit\u00e0 senza spazzole CC<\/p>\n<p>Stampante a getto d&#039;inchiostro opzionale: DOMINO, Sojet, DK, UCS, VIDEOJET<\/p>\n<p><strong>Funzioni standard<\/strong><\/p>\n<p>1. Scarico inferiore a frizione della cinghia<\/p>\n<p>2. Nastro trasportatore ad alta velocit\u00e0<\/p>\n<p>3. Impilamento continuo automatico o impilamento separato<\/p>\n<p>4. Correzione automatica della deviazione<\/p>\n<p>5. Essiccazione UV ad alta temperatura<\/p>\n<p>6. Supportare la personalizzazione<\/p>","protected":false},"excerpt":{"rendered":"<p>Modello: IF-IPM203CT- 500\u00d71200\/ 120-UV-Z<\/p>\n<p>Dimensioni (LXWXH): 4200\u00d7880\u00d71100mm<\/p>\n<p>Velocit\u00e0 di scorrimento della cinghia: 0-120 m\/min<\/p>","protected":false},"featured_media":1423,"template":"","meta":{"_acf_changed":false},"product_brand":[],"product_cat":[23],"product_tag":[],"class_list":{"0":"post-1417","1":"product","2":"type-product","3":"status-publish","4":"has-post-thumbnail","6":"product_cat-paging-machines","8":"first","9":"instock","10":"shipping-taxable","11":"product-type-simple"},"acf":[],"yoast_head":"<!-- This site is optimized with the Yoast SEO plugin v25.3.1 - https:\/\/yoast.com\/wordpress\/plugins\/seo\/ -->\n<title>Multifunctional High Speed 120m Paging Machine with UV High-temperature Drying | BYFeeder<\/title>\n<meta name=\"robots\" content=\"index, follow, max-snippet:-1, max-image-preview:large, max-video-preview:-1\" \/>\n<link rel=\"canonical\" href=\"https:\/\/byfeeder.net\/it\/product\/cercapersone-multifunzione-ad-alta-velocita-da-120-m-con-essiccazione-uv-ad-alta-temperatura\/\" \/>\n<meta property=\"og:locale\" content=\"it_IT\" \/>\n<meta property=\"og:type\" content=\"article\" \/>\n<meta property=\"og:title\" content=\"Multifunctional High Speed 120m Paging Machine with UV High-temperature Drying | BYFeeder\" \/>\n<meta property=\"og:description\" content=\"Model: IF-IPM203CT- 500\u00d71200\/ 120-UV-Z  Size(LXWXH):4200\u00d7880\u00d71100mm  Belt Running Speed:0-120m\/min\" \/>\n<meta property=\"og:url\" content=\"https:\/\/byfeeder.net\/it\/product\/cercapersone-multifunzione-ad-alta-velocita-da-120-m-con-essiccazione-uv-ad-alta-temperatura\/\" \/>\n<meta property=\"og:site_name\" content=\"BYFeeder\" \/>\n<meta property=\"article:modified_time\" content=\"2024-12-13T07:51:07+00:00\" \/>\n<meta property=\"og:image\" content=\"https:\/\/byfeeder.net\/wp-content\/uploads\/2024\/11\/High-speed-paging-machine1.webp\" \/>\n\t<meta property=\"og:image:width\" content=\"700\" \/>\n\t<meta property=\"og:image:height\" content=\"700\" \/>\n\t<meta property=\"og:image:type\" content=\"image\/webp\" \/>\n<meta name=\"twitter:card\" content=\"summary_large_image\" \/>\n<script type=\"application\/ld+json\" class=\"yoast-schema-graph\">{\"@context\":\"https:\/\/schema.org\",\"@graph\":[{\"@type\":\"WebPage\",\"@id\":\"https:\/\/byfeeder.net\/product\/multifunctional-high-speed-120m-paging-machine-with-uv-high-temperature-drying\/\",\"url\":\"https:\/\/byfeeder.net\/product\/multifunctional-high-speed-120m-paging-machine-with-uv-high-temperature-drying\/\",\"name\":\"Multifunctional High Speed 120m Paging Machine with UV High-temperature Drying | BYFeeder\",\"isPartOf\":{\"@id\":\"https:\/\/byfeeder.net\/#website\"},\"primaryImageOfPage\":{\"@id\":\"https:\/\/byfeeder.net\/product\/multifunctional-high-speed-120m-paging-machine-with-uv-high-temperature-drying\/#primaryimage\"},\"image\":{\"@id\":\"https:\/\/byfeeder.net\/product\/multifunctional-high-speed-120m-paging-machine-with-uv-high-temperature-drying\/#primaryimage\"},\"thumbnailUrl\":\"https:\/\/byfeeder.net\/wp-content\/uploads\/2024\/11\/High-speed-paging-machine1.webp\",\"datePublished\":\"2024-11-21T08:15:49+00:00\",\"dateModified\":\"2024-12-13T07:51:07+00:00\",\"breadcrumb\":{\"@id\":\"https:\/\/byfeeder.net\/product\/multifunctional-high-speed-120m-paging-machine-with-uv-high-temperature-drying\/#breadcrumb\"},\"inLanguage\":\"it-IT\",\"potentialAction\":[{\"@type\":\"ReadAction\",\"target\":[\"https:\/\/byfeeder.net\/product\/multifunctional-high-speed-120m-paging-machine-with-uv-high-temperature-drying\/\"]}]},{\"@type\":\"ImageObject\",\"inLanguage\":\"it-IT\",\"@id\":\"https:\/\/byfeeder.net\/product\/multifunctional-high-speed-120m-paging-machine-with-uv-high-temperature-drying\/#primaryimage\",\"url\":\"https:\/\/byfeeder.net\/wp-content\/uploads\/2024\/11\/High-speed-paging-machine1.webp\",\"contentUrl\":\"https:\/\/byfeeder.net\/wp-content\/uploads\/2024\/11\/High-speed-paging-machine1.webp\",\"width\":700,\"height\":700,\"caption\":\"High-speed paging machine(1)\"},{\"@type\":\"BreadcrumbList\",\"@id\":\"https:\/\/byfeeder.net\/product\/multifunctional-high-speed-120m-paging-machine-with-uv-high-temperature-drying\/#breadcrumb\",\"itemListElement\":[{\"@type\":\"ListItem\",\"position\":1,\"name\":\"Home\",\"item\":\"https:\/\/byfeeder.net\/\"},{\"@type\":\"ListItem\",\"position\":2,\"name\":\"Products\",\"item\":\"https:\/\/byfeeder.net\/solution\/\"},{\"@type\":\"ListItem\",\"position\":3,\"name\":\"Multifunctional High Speed 120m Paging Machine with UV High-temperature Drying\"}]},{\"@type\":\"WebSite\",\"@id\":\"https:\/\/byfeeder.net\/#website\",\"url\":\"https:\/\/byfeeder.net\/\",\"name\":\"BYFeeder\",\"description\":\"Packaging Feeding and Rewinding System Solutions Manufacturer\",\"publisher\":{\"@id\":\"https:\/\/byfeeder.net\/#organization\"},\"potentialAction\":[{\"@type\":\"SearchAction\",\"target\":{\"@type\":\"EntryPoint\",\"urlTemplate\":\"https:\/\/byfeeder.net\/?s={search_term_string}\"},\"query-input\":{\"@type\":\"PropertyValueSpecification\",\"valueRequired\":true,\"valueName\":\"search_term_string\"}}],\"inLanguage\":\"it-IT\"},{\"@type\":\"Organization\",\"@id\":\"https:\/\/byfeeder.net\/#organization\",\"name\":\"BY\",\"url\":\"https:\/\/byfeeder.net\/\",\"logo\":{\"@type\":\"ImageObject\",\"inLanguage\":\"it-IT\",\"@id\":\"https:\/\/byfeeder.net\/#\/schema\/logo\/image\/\",\"url\":\"https:\/\/byfeeder.net\/wp-content\/uploads\/2025\/05\/byfeeder-logo.webp\",\"contentUrl\":\"https:\/\/byfeeder.net\/wp-content\/uploads\/2025\/05\/byfeeder-logo.webp\",\"width\":512,\"height\":512,\"caption\":\"BY\"},\"image\":{\"@id\":\"https:\/\/byfeeder.net\/#\/schema\/logo\/image\/\"}}]}<\/script>\n<!-- \/ Yoast SEO plugin. -->","yoast_head_json":{"title":"Cercapersone multifunzionale ad alta velocit\u00e0 da 120 m con asciugatura UV ad alta temperatura | BYFeeder","robots":{"index":"index","follow":"follow","max-snippet":"max-snippet:-1","max-image-preview":"max-image-preview:large","max-video-preview":"max-video-preview:-1"},"canonical":"https:\/\/byfeeder.net\/it\/product\/cercapersone-multifunzione-ad-alta-velocita-da-120-m-con-essiccazione-uv-ad-alta-temperatura\/","og_locale":"it_IT","og_type":"article","og_title":"Multifunctional High Speed 120m Paging Machine with UV High-temperature Drying | BYFeeder","og_description":"Model: IF-IPM203CT- 500\u00d71200\/ 120-UV-Z  Size(LXWXH):4200\u00d7880\u00d71100mm  Belt Running Speed:0-120m\/min","og_url":"https:\/\/byfeeder.net\/it\/product\/cercapersone-multifunzione-ad-alta-velocita-da-120-m-con-essiccazione-uv-ad-alta-temperatura\/","og_site_name":"BYFeeder","article_modified_time":"2024-12-13T07:51:07+00:00","og_image":[{"width":700,"height":700,"url":"https:\/\/byfeeder.net\/wp-content\/uploads\/2024\/11\/High-speed-paging-machine1.webp","type":"image\/webp"}],"twitter_card":"summary_large_image","schema":{"@context":"https:\/\/schema.org","@graph":[{"@type":"WebPage","@id":"https:\/\/byfeeder.net\/product\/multifunctional-high-speed-120m-paging-machine-with-uv-high-temperature-drying\/","url":"https:\/\/byfeeder.net\/product\/multifunctional-high-speed-120m-paging-machine-with-uv-high-temperature-drying\/","name":"Cercapersone multifunzionale ad alta velocit\u00e0 da 120 m con asciugatura UV ad alta temperatura | BYFeeder","isPartOf":{"@id":"https:\/\/byfeeder.net\/#website"},"primaryImageOfPage":{"@id":"https:\/\/byfeeder.net\/product\/multifunctional-high-speed-120m-paging-machine-with-uv-high-temperature-drying\/#primaryimage"},"image":{"@id":"https:\/\/byfeeder.net\/product\/multifunctional-high-speed-120m-paging-machine-with-uv-high-temperature-drying\/#primaryimage"},"thumbnailUrl":"https:\/\/byfeeder.net\/wp-content\/uploads\/2024\/11\/High-speed-paging-machine1.webp","datePublished":"2024-11-21T08:15:49+00:00","dateModified":"2024-12-13T07:51:07+00:00","breadcrumb":{"@id":"https:\/\/byfeeder.net\/product\/multifunctional-high-speed-120m-paging-machine-with-uv-high-temperature-drying\/#breadcrumb"},"inLanguage":"it-IT","potentialAction":[{"@type":"ReadAction","target":["https:\/\/byfeeder.net\/product\/multifunctional-high-speed-120m-paging-machine-with-uv-high-temperature-drying\/"]}]},{"@type":"ImageObject","inLanguage":"it-IT","@id":"https:\/\/byfeeder.net\/product\/multifunctional-high-speed-120m-paging-machine-with-uv-high-temperature-drying\/#primaryimage","url":"https:\/\/byfeeder.net\/wp-content\/uploads\/2024\/11\/High-speed-paging-machine1.webp","contentUrl":"https:\/\/byfeeder.net\/wp-content\/uploads\/2024\/11\/High-speed-paging-machine1.webp","width":700,"height":700,"caption":"High-speed paging machine(1)"},{"@type":"BreadcrumbList","@id":"https:\/\/byfeeder.net\/product\/multifunctional-high-speed-120m-paging-machine-with-uv-high-temperature-drying\/#breadcrumb","itemListElement":[{"@type":"ListItem","position":1,"name":"Home","item":"https:\/\/byfeeder.net\/"},{"@type":"ListItem","position":2,"name":"Products","item":"https:\/\/byfeeder.net\/solution\/"},{"@type":"ListItem","position":3,"name":"Multifunctional High Speed 120m Paging Machine with UV High-temperature Drying"}]},{"@type":"WebSite","@id":"https:\/\/byfeeder.net\/#website","url":"https:\/\/byfeeder.net\/","name":"DAFeeder","description":"Produttore di soluzioni per sistemi di alimentazione e riavvolgimento di imballaggi","publisher":{"@id":"https:\/\/byfeeder.net\/#organization"},"potentialAction":[{"@type":"SearchAction","target":{"@type":"EntryPoint","urlTemplate":"https:\/\/byfeeder.net\/?s={search_term_string}"},"query-input":{"@type":"PropertyValueSpecification","valueRequired":true,"valueName":"search_term_string"}}],"inLanguage":"it-IT"},{"@type":"Organization","@id":"https:\/\/byfeeder.net\/#organization","name":"DI","url":"https:\/\/byfeeder.net\/","logo":{"@type":"ImageObject","inLanguage":"it-IT","@id":"https:\/\/byfeeder.net\/#\/schema\/logo\/image\/","url":"https:\/\/byfeeder.net\/wp-content\/uploads\/2025\/05\/byfeeder-logo.webp","contentUrl":"https:\/\/byfeeder.net\/wp-content\/uploads\/2025\/05\/byfeeder-logo.webp","width":512,"height":512,"caption":"BY"},"image":{"@id":"https:\/\/byfeeder.net\/#\/schema\/logo\/image\/"}}]}},"_links":{"self":[{"href":"https:\/\/byfeeder.net\/it\/wp-json\/wp\/v2\/product\/1417"}],"collection":[{"href":"https:\/\/byfeeder.net\/it\/wp-json\/wp\/v2\/product"}],"about":[{"href":"https:\/\/byfeeder.net\/it\/wp-json\/wp\/v2\/types\/product"}],"wp:featuredmedia":[{"embeddable":true,"href":"https:\/\/byfeeder.net\/it\/wp-json\/wp\/v2\/media\/1423"}],"wp:attachment":[{"href":"https:\/\/byfeeder.net\/it\/wp-json\/wp\/v2\/media?parent=1417"}],"wp:term":[{"taxonomy":"product_brand","embeddable":true,"href":"https:\/\/byfeeder.net\/it\/wp-json\/wp\/v2\/product_brand?post=1417"},{"taxonomy":"product_cat","embeddable":true,"href":"https:\/\/byfeeder.net\/it\/wp-json\/wp\/v2\/product_cat?post=1417"},{"taxonomy":"product_tag","embeddable":true,"href":"https:\/\/byfeeder.net\/it\/wp-json\/wp\/v2\/product_tag?post=1417"}],"curies":[{"name":"parola chiave","href":"https:\/\/api.w.org\/{rel}","templated":true}]}}