{"id":1129,"date":"2024-11-20T02:14:41","date_gmt":"2024-11-20T10:14:41","guid":{"rendered":"https:\/\/byfeeder.net\/?post_type=product&#038;p=1129"},"modified":"2024-12-12T23:58:11","modified_gmt":"2024-12-13T07:58:11","slug":"cercapersone-con-cintura-a-marsupio-da-1000-mm-con-raccolta","status":"publish","type":"product","link":"https:\/\/byfeeder.net\/it\/product\/cercapersone-con-cintura-a-marsupio-da-1000-mm-con-raccolta\/","title":{"rendered":"Cercapersone con cintura a marsupio da 1000 mm con raccolta"},"content":{"rendered":"<p><strong>Parametri del prodotto<\/strong><\/p>\n<p>Modello: IF-IPM203ST-385\u00d72770\/60-TTO-S<\/p>\n<p>Dimensioni (LXWXH): 3760X800X1000mm<\/p>\n<p>Modalit\u00e0 di controllo: iFeeder o touchscreen PLC<\/p>\n<p>Materiale del corpo: acciaio inossidabile o vernice di cottura in acciaio al carbonio personalizzata<\/p>\n<p>Diametro massimo del materiale: personalizzazione basata sul prodotto<\/p>\n<p>Peso dell&#039;attrezzatura: circa 200 kg<\/p>\n<p>Spessore del materiale: 0,1~2 mm<\/p>\n<p>Potenza in ingresso: circa 500 W (solo il cercapersone, esclusa la stampante)<\/p>\n<p>Modalit\u00e0 di trasmissione: controllo della velocit\u00e0 a frequenza variabile o controllo della velocit\u00e0 senza spazzole CC<\/p>\n<p>Stampante a getto d&#039;inchiostro opzionale: DOMINO, Sojet, DK, UCS, VIDEOJET<\/p>\n<p><strong>Caratteristica<\/strong><\/p>\n<ul>\n<li>Scarico inferiore a frizione della cinghia<\/li>\n<li>Nastro trasportatore ad alta velocit\u00e0<\/li>\n<li>Impilamento continuo automatico o impilamento separato<\/li>\n<li>Correzione automatica della deviazione<\/li>\n<li>Essiccazione UV ad alta temperatura<\/li>\n<\/ul>\n<p><strong>Configurazione opzionale<\/strong><\/p>\n<ul>\n<li>Codifica TIJ\/UV\/Laser<\/li>\n<li>Processore al plasma<\/li>\n<li>Ispezione visiva<\/li>\n<li>Adsorbimento a pressione negativa<\/li>\n<li>Etichettatura automatica online<\/li>\n<li>Calcola automaticamente la quantit\u00e0<\/li>\n<li>Selezione automatica<\/li>\n<\/ul>","protected":false},"excerpt":{"rendered":"<p>Modello: IF-IPM203ST-385\u00d72770\/60-TTO-S<\/p>\n<p>Dimensioni (LXWXH): 3760X800X1000mm<\/p>\n<p>Velocit\u00e0 di scorrimento della cinghia: 0-120 m\/min<\/p>","protected":false},"featured_media":1165,"template":"","meta":{"_acf_changed":false},"product_brand":[],"product_cat":[23],"product_tag":[],"class_list":{"0":"post-1129","1":"product","2":"type-product","3":"status-publish","4":"has-post-thumbnail","6":"product_cat-paging-machines","8":"first","9":"instock","10":"shipping-taxable","11":"product-type-simple"},"acf":[],"yoast_head":"<!-- This site is optimized with the Yoast SEO plugin v25.3.1 - https:\/\/yoast.com\/wordpress\/plugins\/seo\/ -->\n<title>Pouch Belt 1000mm Paging Machine with Collection | BYFeeder<\/title>\n<meta name=\"robots\" content=\"index, follow, max-snippet:-1, max-image-preview:large, max-video-preview:-1\" \/>\n<link rel=\"canonical\" href=\"https:\/\/byfeeder.net\/it\/product\/cercapersone-con-cintura-a-marsupio-da-1000-mm-con-raccolta\/\" \/>\n<meta property=\"og:locale\" content=\"it_IT\" \/>\n<meta property=\"og:type\" content=\"article\" \/>\n<meta property=\"og:title\" content=\"Pouch Belt 1000mm Paging Machine with Collection | BYFeeder\" \/>\n<meta property=\"og:description\" content=\"Model: IF-IPM203ST-385\u00d72770\/60-TTO-S  Size(LXWXH):3760X800X1000mm  Belt Running Speed:0-120m\/min\" \/>\n<meta property=\"og:url\" content=\"https:\/\/byfeeder.net\/it\/product\/cercapersone-con-cintura-a-marsupio-da-1000-mm-con-raccolta\/\" \/>\n<meta property=\"og:site_name\" content=\"BYFeeder\" \/>\n<meta property=\"article:modified_time\" content=\"2024-12-13T07:58:11+00:00\" \/>\n<meta property=\"og:image\" content=\"https:\/\/byfeeder.net\/wp-content\/uploads\/2024\/11\/TTO-paging-machine1.webp\" \/>\n\t<meta property=\"og:image:width\" content=\"600\" \/>\n\t<meta property=\"og:image:height\" content=\"600\" \/>\n\t<meta property=\"og:image:type\" content=\"image\/webp\" \/>\n<meta name=\"twitter:card\" content=\"summary_large_image\" \/>\n<meta name=\"twitter:label1\" content=\"Tempo di lettura stimato\" \/>\n\t<meta name=\"twitter:data1\" content=\"1 minuto\" \/>\n<script type=\"application\/ld+json\" class=\"yoast-schema-graph\">{\"@context\":\"https:\/\/schema.org\",\"@graph\":[{\"@type\":\"WebPage\",\"@id\":\"https:\/\/byfeeder.net\/product\/pouch-belt-1000mm-paging-machine-with-collection\/\",\"url\":\"https:\/\/byfeeder.net\/product\/pouch-belt-1000mm-paging-machine-with-collection\/\",\"name\":\"Pouch Belt 1000mm Paging Machine with Collection | BYFeeder\",\"isPartOf\":{\"@id\":\"https:\/\/byfeeder.net\/#website\"},\"primaryImageOfPage\":{\"@id\":\"https:\/\/byfeeder.net\/product\/pouch-belt-1000mm-paging-machine-with-collection\/#primaryimage\"},\"image\":{\"@id\":\"https:\/\/byfeeder.net\/product\/pouch-belt-1000mm-paging-machine-with-collection\/#primaryimage\"},\"thumbnailUrl\":\"https:\/\/byfeeder.net\/wp-content\/uploads\/2024\/11\/TTO-paging-machine1.webp\",\"datePublished\":\"2024-11-20T10:14:41+00:00\",\"dateModified\":\"2024-12-13T07:58:11+00:00\",\"breadcrumb\":{\"@id\":\"https:\/\/byfeeder.net\/product\/pouch-belt-1000mm-paging-machine-with-collection\/#breadcrumb\"},\"inLanguage\":\"it-IT\",\"potentialAction\":[{\"@type\":\"ReadAction\",\"target\":[\"https:\/\/byfeeder.net\/product\/pouch-belt-1000mm-paging-machine-with-collection\/\"]}]},{\"@type\":\"ImageObject\",\"inLanguage\":\"it-IT\",\"@id\":\"https:\/\/byfeeder.net\/product\/pouch-belt-1000mm-paging-machine-with-collection\/#primaryimage\",\"url\":\"https:\/\/byfeeder.net\/wp-content\/uploads\/2024\/11\/TTO-paging-machine1.webp\",\"contentUrl\":\"https:\/\/byfeeder.net\/wp-content\/uploads\/2024\/11\/TTO-paging-machine1.webp\",\"width\":600,\"height\":600,\"caption\":\"TTO paging machine(1)\"},{\"@type\":\"BreadcrumbList\",\"@id\":\"https:\/\/byfeeder.net\/product\/pouch-belt-1000mm-paging-machine-with-collection\/#breadcrumb\",\"itemListElement\":[{\"@type\":\"ListItem\",\"position\":1,\"name\":\"Home\",\"item\":\"https:\/\/byfeeder.net\/\"},{\"@type\":\"ListItem\",\"position\":2,\"name\":\"Products\",\"item\":\"https:\/\/byfeeder.net\/solution\/\"},{\"@type\":\"ListItem\",\"position\":3,\"name\":\"Pouch Belt 1000mm Paging Machine with Collection\"}]},{\"@type\":\"WebSite\",\"@id\":\"https:\/\/byfeeder.net\/#website\",\"url\":\"https:\/\/byfeeder.net\/\",\"name\":\"BYFeeder\",\"description\":\"Packaging Feeding and Rewinding System Solutions Manufacturer\",\"publisher\":{\"@id\":\"https:\/\/byfeeder.net\/#organization\"},\"potentialAction\":[{\"@type\":\"SearchAction\",\"target\":{\"@type\":\"EntryPoint\",\"urlTemplate\":\"https:\/\/byfeeder.net\/?s={search_term_string}\"},\"query-input\":{\"@type\":\"PropertyValueSpecification\",\"valueRequired\":true,\"valueName\":\"search_term_string\"}}],\"inLanguage\":\"it-IT\"},{\"@type\":\"Organization\",\"@id\":\"https:\/\/byfeeder.net\/#organization\",\"name\":\"BY\",\"url\":\"https:\/\/byfeeder.net\/\",\"logo\":{\"@type\":\"ImageObject\",\"inLanguage\":\"it-IT\",\"@id\":\"https:\/\/byfeeder.net\/#\/schema\/logo\/image\/\",\"url\":\"https:\/\/byfeeder.net\/wp-content\/uploads\/2025\/05\/byfeeder-logo.webp\",\"contentUrl\":\"https:\/\/byfeeder.net\/wp-content\/uploads\/2025\/05\/byfeeder-logo.webp\",\"width\":512,\"height\":512,\"caption\":\"BY\"},\"image\":{\"@id\":\"https:\/\/byfeeder.net\/#\/schema\/logo\/image\/\"}}]}<\/script>\n<!-- \/ Yoast SEO plugin. -->","yoast_head_json":{"title":"Cercapersone con cintura a marsupio da 1000 mm con raccolta | BYFeeder","robots":{"index":"index","follow":"follow","max-snippet":"max-snippet:-1","max-image-preview":"max-image-preview:large","max-video-preview":"max-video-preview:-1"},"canonical":"https:\/\/byfeeder.net\/it\/product\/cercapersone-con-cintura-a-marsupio-da-1000-mm-con-raccolta\/","og_locale":"it_IT","og_type":"article","og_title":"Pouch Belt 1000mm Paging Machine with Collection | BYFeeder","og_description":"Model: IF-IPM203ST-385\u00d72770\/60-TTO-S  Size(LXWXH):3760X800X1000mm  Belt Running Speed:0-120m\/min","og_url":"https:\/\/byfeeder.net\/it\/product\/cercapersone-con-cintura-a-marsupio-da-1000-mm-con-raccolta\/","og_site_name":"BYFeeder","article_modified_time":"2024-12-13T07:58:11+00:00","og_image":[{"width":600,"height":600,"url":"https:\/\/byfeeder.net\/wp-content\/uploads\/2024\/11\/TTO-paging-machine1.webp","type":"image\/webp"}],"twitter_card":"summary_large_image","twitter_misc":{"Tempo di lettura stimato":"1 minuto"},"schema":{"@context":"https:\/\/schema.org","@graph":[{"@type":"WebPage","@id":"https:\/\/byfeeder.net\/product\/pouch-belt-1000mm-paging-machine-with-collection\/","url":"https:\/\/byfeeder.net\/product\/pouch-belt-1000mm-paging-machine-with-collection\/","name":"Cercapersone con cintura a marsupio da 1000 mm con raccolta | BYFeeder","isPartOf":{"@id":"https:\/\/byfeeder.net\/#website"},"primaryImageOfPage":{"@id":"https:\/\/byfeeder.net\/product\/pouch-belt-1000mm-paging-machine-with-collection\/#primaryimage"},"image":{"@id":"https:\/\/byfeeder.net\/product\/pouch-belt-1000mm-paging-machine-with-collection\/#primaryimage"},"thumbnailUrl":"https:\/\/byfeeder.net\/wp-content\/uploads\/2024\/11\/TTO-paging-machine1.webp","datePublished":"2024-11-20T10:14:41+00:00","dateModified":"2024-12-13T07:58:11+00:00","breadcrumb":{"@id":"https:\/\/byfeeder.net\/product\/pouch-belt-1000mm-paging-machine-with-collection\/#breadcrumb"},"inLanguage":"it-IT","potentialAction":[{"@type":"ReadAction","target":["https:\/\/byfeeder.net\/product\/pouch-belt-1000mm-paging-machine-with-collection\/"]}]},{"@type":"ImageObject","inLanguage":"it-IT","@id":"https:\/\/byfeeder.net\/product\/pouch-belt-1000mm-paging-machine-with-collection\/#primaryimage","url":"https:\/\/byfeeder.net\/wp-content\/uploads\/2024\/11\/TTO-paging-machine1.webp","contentUrl":"https:\/\/byfeeder.net\/wp-content\/uploads\/2024\/11\/TTO-paging-machine1.webp","width":600,"height":600,"caption":"TTO paging machine(1)"},{"@type":"BreadcrumbList","@id":"https:\/\/byfeeder.net\/product\/pouch-belt-1000mm-paging-machine-with-collection\/#breadcrumb","itemListElement":[{"@type":"ListItem","position":1,"name":"Home","item":"https:\/\/byfeeder.net\/"},{"@type":"ListItem","position":2,"name":"Products","item":"https:\/\/byfeeder.net\/solution\/"},{"@type":"ListItem","position":3,"name":"Pouch Belt 1000mm Paging Machine with Collection"}]},{"@type":"WebSite","@id":"https:\/\/byfeeder.net\/#website","url":"https:\/\/byfeeder.net\/","name":"DAFeeder","description":"Produttore di soluzioni per sistemi di alimentazione e riavvolgimento di imballaggi","publisher":{"@id":"https:\/\/byfeeder.net\/#organization"},"potentialAction":[{"@type":"SearchAction","target":{"@type":"EntryPoint","urlTemplate":"https:\/\/byfeeder.net\/?s={search_term_string}"},"query-input":{"@type":"PropertyValueSpecification","valueRequired":true,"valueName":"search_term_string"}}],"inLanguage":"it-IT"},{"@type":"Organization","@id":"https:\/\/byfeeder.net\/#organization","name":"DI","url":"https:\/\/byfeeder.net\/","logo":{"@type":"ImageObject","inLanguage":"it-IT","@id":"https:\/\/byfeeder.net\/#\/schema\/logo\/image\/","url":"https:\/\/byfeeder.net\/wp-content\/uploads\/2025\/05\/byfeeder-logo.webp","contentUrl":"https:\/\/byfeeder.net\/wp-content\/uploads\/2025\/05\/byfeeder-logo.webp","width":512,"height":512,"caption":"BY"},"image":{"@id":"https:\/\/byfeeder.net\/#\/schema\/logo\/image\/"}}]}},"_links":{"self":[{"href":"https:\/\/byfeeder.net\/it\/wp-json\/wp\/v2\/product\/1129"}],"collection":[{"href":"https:\/\/byfeeder.net\/it\/wp-json\/wp\/v2\/product"}],"about":[{"href":"https:\/\/byfeeder.net\/it\/wp-json\/wp\/v2\/types\/product"}],"wp:featuredmedia":[{"embeddable":true,"href":"https:\/\/byfeeder.net\/it\/wp-json\/wp\/v2\/media\/1165"}],"wp:attachment":[{"href":"https:\/\/byfeeder.net\/it\/wp-json\/wp\/v2\/media?parent=1129"}],"wp:term":[{"taxonomy":"product_brand","embeddable":true,"href":"https:\/\/byfeeder.net\/it\/wp-json\/wp\/v2\/product_brand?post=1129"},{"taxonomy":"product_cat","embeddable":true,"href":"https:\/\/byfeeder.net\/it\/wp-json\/wp\/v2\/product_cat?post=1129"},{"taxonomy":"product_tag","embeddable":true,"href":"https:\/\/byfeeder.net\/it\/wp-json\/wp\/v2\/product_tag?post=1129"}],"curies":[{"name":"parola chiave","href":"https:\/\/api.w.org\/{rel}","templated":true}]}}