{"id":3283,"date":"2025-05-25T22:09:00","date_gmt":"2025-05-26T06:09:00","guid":{"rendered":"https:\/\/byfeeder.net\/?post_type=product&#038;p=3283"},"modified":"2025-05-25T22:38:48","modified_gmt":"2025-05-26T06:38:48","slug":"films-en-aluminium-etiquettes-en-papier-tissus-non-tisses-films-pe-machine-de-rembobinage","status":"publish","type":"product","link":"https:\/\/byfeeder.net\/fr\/product\/films-en-aluminium-etiquettes-en-papier-tissus-non-tisses-films-pe-machine-de-rembobinage\/","title":{"rendered":"Machine de rembobinage de films en aluminium, \u00e9tiquettes en papier, tissus non tiss\u00e9s et films PE"},"content":{"rendered":"<p><strong>Param\u00e8tre du produit<\/strong><\/p>\n<p>M\u00e9thode d&#039;installation : Version d&#039;atterrissage<br \/>\nAlimentation d&#039;entr\u00e9e : 220 V<br \/>\nAspect de la carrosserie : Acier au carbone peint au four<br \/>\nM\u00e9thode de collecte : rouleau automatique de mat\u00e9riaux<br \/>\nPoids de l&#039;\u00e9quipement : environ 400 kilogrammes<br \/>\nM\u00e9thode de contr\u00f4le : Contr\u00f4le de la tension de la source d&#039;air<br \/>\nMode de transmission : servomoteur<br \/>\n\u00c9paisseur du mat\u00e9riau : 0,012-0,15 mm<br \/>\nLargeur maximale : &lt; 500 mm<br \/>\nDiam\u00e8tre maximal du rouleau : &lt; 500 mm<br \/>\nDiam\u00e8tre int\u00e9rieur du noyau : 3 pouces (76 mm)<br \/>\nFonction : \u00c9tiquetage automatique<br \/>\nDimensions du corps : L1300XL1200XH1800mm<\/p>\n<p><strong>Configuration optionnelle<\/strong><\/p>\n<p>Syst\u00e8me de correction des \u00e9carts<\/p>\n<p>Diverses imprimantes \u00e0 jet d&#039;encre (CIJ, TIJ, UV, Laser)<\/p>\n<p>Machine \u00e0 rep\u00e9rer<\/p>\n<p>Etiqueteuse<\/p>\n<p>Petits caract\u00e8res<\/p>\n<p>La rembobineuse est principalement utilis\u00e9e pour l&#039;\u00e9tiquetage de divers types de rouleaux de film, tels que les films aluminium, le papier, les \u00e9tiquettes, les non-tiss\u00e9s, les films PE, etc. Apr\u00e8s insertion du film par la gauche, l&#039;\u00e9tiquette est automatiquement d\u00e9tect\u00e9e. Le film peut \u00eatre enti\u00e8rement r\u00e9tract\u00e9 par la droite.<\/p>","protected":false},"excerpt":{"rendered":"<p>Puissance d&#039;entr\u00e9e : environ 2800 W<\/p>\n<p>En cours d&#039;ex\u00e9cution <span data-slate-fragment=\"JTVCJTdCJTIydHlwZSUyMiUzQSUyMnBhcmFncmFwaCUyMiUyQyUyMmNoaWxkcmVuJTIyJTNBJTVCJTdCJTIyaWQlMjIlM0ElMjJWNzZQZ3k3bnZlJTIyJTJDJTIycGFyYUlkeCUyMiUzQTExJTJDJTIyc3JjJTIyJTNBJTIyUnVubmluZyUyMHNwZWVkJTNBJTIwMTAwJTIwbWV0ZXJzJTIwcGVyJTIwbWludXRlJTIyJTJDJTIyZHN0JTIyJTNBJTIyJUU4JUI3JTkxJUU2JUFEJUE1JUU5JTgwJTlGJUU1JUJBJUE2JUVGJUJDJTlBJUU2JUFGJThGJUU1JTg4JTg2JUU5JTkyJTlGMTAwJUU3JUIxJUIzJTIyJTJDJTIybWV0YWRhdGElMjIlM0ElMjIlMjIlMkMlMjJtYXRjaGVzJTIyJTNBbnVsbCUyQyUyMm1ldGFEYXRhJTIyJTNBJTVCJTVEJTJDJTIydGV4dCUyMiUzQSUyMjEwMCUyMG1ldGVycyUyMHBlciUyMG1pbnV0ZSUyMiU3RCU1RCU3RCU1RA==\">100 m\u00e8tres par minute<\/span><\/p>\n<p>Imprimante jet d&#039;encre en option\u00a0: DOMINO, Sojet, DK, UCS, VIDEOJET<\/p>","protected":false},"featured_media":3284,"template":"","meta":{"_acf_changed":false},"product_brand":[],"product_cat":[40],"product_tag":[],"class_list":{"0":"post-3283","1":"product","2":"type-product","3":"status-publish","4":"has-post-thumbnail","6":"product_cat-rewinder-machines","8":"first","9":"instock","10":"shipping-taxable","11":"product-type-simple"},"acf":[],"yoast_head":"<!-- This site is optimized with the Yoast SEO plugin v25.3.1 - https:\/\/yoast.com\/wordpress\/plugins\/seo\/ -->\n<title>Aluminum Foil Film Paper Labels Non-woven Fabrics PE Films Rewind Machine | BYFeeder<\/title>\n<meta name=\"robots\" content=\"index, follow, max-snippet:-1, max-image-preview:large, max-video-preview:-1\" \/>\n<link rel=\"canonical\" href=\"https:\/\/byfeeder.net\/fr\/product\/films-en-aluminium-etiquettes-en-papier-tissus-non-tisses-films-pe-machine-de-rembobinage\/\" \/>\n<meta property=\"og:locale\" content=\"fr_FR\" \/>\n<meta property=\"og:type\" content=\"article\" \/>\n<meta property=\"og:title\" content=\"Aluminum Foil Film Paper Labels Non-woven Fabrics PE Films Rewind Machine | BYFeeder\" \/>\n<meta property=\"og:description\" content=\"Input power: About 2800W  Running 100 meters per minute  Optional Inkjet Printer: DOMINO, Sojet, DK, UCS, VIDEOJET\" \/>\n<meta property=\"og:url\" content=\"https:\/\/byfeeder.net\/fr\/product\/films-en-aluminium-etiquettes-en-papier-tissus-non-tisses-films-pe-machine-de-rembobinage\/\" \/>\n<meta property=\"og:site_name\" content=\"BYFeeder\" \/>\n<meta property=\"article:modified_time\" content=\"2025-05-26T06:38:48+00:00\" \/>\n<meta property=\"og:image\" content=\"https:\/\/byfeeder.net\/wp-content\/uploads\/2025\/05\/rewind-machine.webp\" \/>\n\t<meta property=\"og:image:width\" content=\"700\" \/>\n\t<meta property=\"og:image:height\" content=\"700\" \/>\n\t<meta property=\"og:image:type\" content=\"image\/webp\" \/>\n<meta name=\"twitter:card\" content=\"summary_large_image\" \/>\n<meta name=\"twitter:label1\" content=\"Dur\u00e9e de lecture estim\u00e9e\" \/>\n\t<meta name=\"twitter:data1\" content=\"1 minute\" \/>\n<script type=\"application\/ld+json\" class=\"yoast-schema-graph\">{\"@context\":\"https:\/\/schema.org\",\"@graph\":[{\"@type\":\"WebPage\",\"@id\":\"https:\/\/byfeeder.net\/product\/aluminum-foil-film-paper-labels-non-woven-fabrics-pe-films-rewind-machine\/\",\"url\":\"https:\/\/byfeeder.net\/product\/aluminum-foil-film-paper-labels-non-woven-fabrics-pe-films-rewind-machine\/\",\"name\":\"Aluminum Foil Film Paper Labels Non-woven Fabrics PE Films Rewind Machine | BYFeeder\",\"isPartOf\":{\"@id\":\"https:\/\/byfeeder.net\/#website\"},\"primaryImageOfPage\":{\"@id\":\"https:\/\/byfeeder.net\/product\/aluminum-foil-film-paper-labels-non-woven-fabrics-pe-films-rewind-machine\/#primaryimage\"},\"image\":{\"@id\":\"https:\/\/byfeeder.net\/product\/aluminum-foil-film-paper-labels-non-woven-fabrics-pe-films-rewind-machine\/#primaryimage\"},\"thumbnailUrl\":\"https:\/\/byfeeder.net\/wp-content\/uploads\/2025\/05\/rewind-machine.webp\",\"datePublished\":\"2025-05-26T06:09:00+00:00\",\"dateModified\":\"2025-05-26T06:38:48+00:00\",\"breadcrumb\":{\"@id\":\"https:\/\/byfeeder.net\/product\/aluminum-foil-film-paper-labels-non-woven-fabrics-pe-films-rewind-machine\/#breadcrumb\"},\"inLanguage\":\"fr-FR\",\"potentialAction\":[{\"@type\":\"ReadAction\",\"target\":[\"https:\/\/byfeeder.net\/product\/aluminum-foil-film-paper-labels-non-woven-fabrics-pe-films-rewind-machine\/\"]}]},{\"@type\":\"ImageObject\",\"inLanguage\":\"fr-FR\",\"@id\":\"https:\/\/byfeeder.net\/product\/aluminum-foil-film-paper-labels-non-woven-fabrics-pe-films-rewind-machine\/#primaryimage\",\"url\":\"https:\/\/byfeeder.net\/wp-content\/uploads\/2025\/05\/rewind-machine.webp\",\"contentUrl\":\"https:\/\/byfeeder.net\/wp-content\/uploads\/2025\/05\/rewind-machine.webp\",\"width\":700,\"height\":700,\"caption\":\"rewind machine\"},{\"@type\":\"BreadcrumbList\",\"@id\":\"https:\/\/byfeeder.net\/product\/aluminum-foil-film-paper-labels-non-woven-fabrics-pe-films-rewind-machine\/#breadcrumb\",\"itemListElement\":[{\"@type\":\"ListItem\",\"position\":1,\"name\":\"Home\",\"item\":\"https:\/\/byfeeder.net\/\"},{\"@type\":\"ListItem\",\"position\":2,\"name\":\"Products\",\"item\":\"https:\/\/byfeeder.net\/solution\/\"},{\"@type\":\"ListItem\",\"position\":3,\"name\":\"Aluminum Foil Film Paper Labels Non-woven Fabrics PE Films Rewind Machine\"}]},{\"@type\":\"WebSite\",\"@id\":\"https:\/\/byfeeder.net\/#website\",\"url\":\"https:\/\/byfeeder.net\/\",\"name\":\"BYFeeder\",\"description\":\"Packaging Feeding and Rewinding System Solutions Manufacturer\",\"publisher\":{\"@id\":\"https:\/\/byfeeder.net\/#organization\"},\"potentialAction\":[{\"@type\":\"SearchAction\",\"target\":{\"@type\":\"EntryPoint\",\"urlTemplate\":\"https:\/\/byfeeder.net\/?s={search_term_string}\"},\"query-input\":{\"@type\":\"PropertyValueSpecification\",\"valueRequired\":true,\"valueName\":\"search_term_string\"}}],\"inLanguage\":\"fr-FR\"},{\"@type\":\"Organization\",\"@id\":\"https:\/\/byfeeder.net\/#organization\",\"name\":\"BY\",\"url\":\"https:\/\/byfeeder.net\/\",\"logo\":{\"@type\":\"ImageObject\",\"inLanguage\":\"fr-FR\",\"@id\":\"https:\/\/byfeeder.net\/#\/schema\/logo\/image\/\",\"url\":\"https:\/\/byfeeder.net\/wp-content\/uploads\/2025\/05\/byfeeder-logo.webp\",\"contentUrl\":\"https:\/\/byfeeder.net\/wp-content\/uploads\/2025\/05\/byfeeder-logo.webp\",\"width\":512,\"height\":512,\"caption\":\"BY\"},\"image\":{\"@id\":\"https:\/\/byfeeder.net\/#\/schema\/logo\/image\/\"}}]}<\/script>\n<!-- \/ Yoast SEO plugin. -->","yoast_head_json":{"title":"Machine de rembobinage pour films aluminium, \u00e9tiquettes papier, tissus non tiss\u00e9s et films PE | BYFeeder","robots":{"index":"index","follow":"follow","max-snippet":"max-snippet:-1","max-image-preview":"max-image-preview:large","max-video-preview":"max-video-preview:-1"},"canonical":"https:\/\/byfeeder.net\/fr\/product\/films-en-aluminium-etiquettes-en-papier-tissus-non-tisses-films-pe-machine-de-rembobinage\/","og_locale":"fr_FR","og_type":"article","og_title":"Aluminum Foil Film Paper Labels Non-woven Fabrics PE Films Rewind Machine | BYFeeder","og_description":"Input power: About 2800W  Running 100 meters per minute  Optional Inkjet Printer: DOMINO, Sojet, DK, UCS, VIDEOJET","og_url":"https:\/\/byfeeder.net\/fr\/product\/films-en-aluminium-etiquettes-en-papier-tissus-non-tisses-films-pe-machine-de-rembobinage\/","og_site_name":"BYFeeder","article_modified_time":"2025-05-26T06:38:48+00:00","og_image":[{"width":700,"height":700,"url":"https:\/\/byfeeder.net\/wp-content\/uploads\/2025\/05\/rewind-machine.webp","type":"image\/webp"}],"twitter_card":"summary_large_image","twitter_misc":{"Dur\u00e9e de lecture estim\u00e9e":"1 minute"},"schema":{"@context":"https:\/\/schema.org","@graph":[{"@type":"WebPage","@id":"https:\/\/byfeeder.net\/product\/aluminum-foil-film-paper-labels-non-woven-fabrics-pe-films-rewind-machine\/","url":"https:\/\/byfeeder.net\/product\/aluminum-foil-film-paper-labels-non-woven-fabrics-pe-films-rewind-machine\/","name":"Machine de rembobinage pour films aluminium, \u00e9tiquettes papier, tissus non tiss\u00e9s et films PE | BYFeeder","isPartOf":{"@id":"https:\/\/byfeeder.net\/#website"},"primaryImageOfPage":{"@id":"https:\/\/byfeeder.net\/product\/aluminum-foil-film-paper-labels-non-woven-fabrics-pe-films-rewind-machine\/#primaryimage"},"image":{"@id":"https:\/\/byfeeder.net\/product\/aluminum-foil-film-paper-labels-non-woven-fabrics-pe-films-rewind-machine\/#primaryimage"},"thumbnailUrl":"https:\/\/byfeeder.net\/wp-content\/uploads\/2025\/05\/rewind-machine.webp","datePublished":"2025-05-26T06:09:00+00:00","dateModified":"2025-05-26T06:38:48+00:00","breadcrumb":{"@id":"https:\/\/byfeeder.net\/product\/aluminum-foil-film-paper-labels-non-woven-fabrics-pe-films-rewind-machine\/#breadcrumb"},"inLanguage":"fr-FR","potentialAction":[{"@type":"ReadAction","target":["https:\/\/byfeeder.net\/product\/aluminum-foil-film-paper-labels-non-woven-fabrics-pe-films-rewind-machine\/"]}]},{"@type":"ImageObject","inLanguage":"fr-FR","@id":"https:\/\/byfeeder.net\/product\/aluminum-foil-film-paper-labels-non-woven-fabrics-pe-films-rewind-machine\/#primaryimage","url":"https:\/\/byfeeder.net\/wp-content\/uploads\/2025\/05\/rewind-machine.webp","contentUrl":"https:\/\/byfeeder.net\/wp-content\/uploads\/2025\/05\/rewind-machine.webp","width":700,"height":700,"caption":"rewind machine"},{"@type":"BreadcrumbList","@id":"https:\/\/byfeeder.net\/product\/aluminum-foil-film-paper-labels-non-woven-fabrics-pe-films-rewind-machine\/#breadcrumb","itemListElement":[{"@type":"ListItem","position":1,"name":"Home","item":"https:\/\/byfeeder.net\/"},{"@type":"ListItem","position":2,"name":"Products","item":"https:\/\/byfeeder.net\/solution\/"},{"@type":"ListItem","position":3,"name":"Aluminum Foil Film Paper Labels Non-woven Fabrics PE Films Rewind Machine"}]},{"@type":"WebSite","@id":"https:\/\/byfeeder.net\/#website","url":"https:\/\/byfeeder.net\/","name":"PARFeeder","description":"Fabricant de solutions de syst\u00e8mes d&#039;alimentation et de rembobinage d&#039;emballages","publisher":{"@id":"https:\/\/byfeeder.net\/#organization"},"potentialAction":[{"@type":"SearchAction","target":{"@type":"EntryPoint","urlTemplate":"https:\/\/byfeeder.net\/?s={search_term_string}"},"query-input":{"@type":"PropertyValueSpecification","valueRequired":true,"valueName":"search_term_string"}}],"inLanguage":"fr-FR"},{"@type":"Organization","@id":"https:\/\/byfeeder.net\/#organization","name":"PAR","url":"https:\/\/byfeeder.net\/","logo":{"@type":"ImageObject","inLanguage":"fr-FR","@id":"https:\/\/byfeeder.net\/#\/schema\/logo\/image\/","url":"https:\/\/byfeeder.net\/wp-content\/uploads\/2025\/05\/byfeeder-logo.webp","contentUrl":"https:\/\/byfeeder.net\/wp-content\/uploads\/2025\/05\/byfeeder-logo.webp","width":512,"height":512,"caption":"BY"},"image":{"@id":"https:\/\/byfeeder.net\/#\/schema\/logo\/image\/"}}]}},"_links":{"self":[{"href":"https:\/\/byfeeder.net\/fr\/wp-json\/wp\/v2\/product\/3283"}],"collection":[{"href":"https:\/\/byfeeder.net\/fr\/wp-json\/wp\/v2\/product"}],"about":[{"href":"https:\/\/byfeeder.net\/fr\/wp-json\/wp\/v2\/types\/product"}],"wp:featuredmedia":[{"embeddable":true,"href":"https:\/\/byfeeder.net\/fr\/wp-json\/wp\/v2\/media\/3284"}],"wp:attachment":[{"href":"https:\/\/byfeeder.net\/fr\/wp-json\/wp\/v2\/media?parent=3283"}],"wp:term":[{"taxonomy":"product_brand","embeddable":true,"href":"https:\/\/byfeeder.net\/fr\/wp-json\/wp\/v2\/product_brand?post=3283"},{"taxonomy":"product_cat","embeddable":true,"href":"https:\/\/byfeeder.net\/fr\/wp-json\/wp\/v2\/product_cat?post=3283"},{"taxonomy":"product_tag","embeddable":true,"href":"https:\/\/byfeeder.net\/fr\/wp-json\/wp\/v2\/product_tag?post=3283"}],"curies":[{"name":"wp","href":"https:\/\/api.w.org\/{rel}","templated":true}]}}