{"id":2711,"date":"2025-01-09T01:05:01","date_gmt":"2025-01-09T09:05:01","guid":{"rendered":"https:\/\/byfeeder.net\/?post_type=product&#038;p=2711"},"modified":"2025-07-28T19:00:55","modified_gmt":"2025-07-29T03:00:55","slug":"machine-dalimentation-en-papier-a-ventouse-sous-vide","status":"publish","type":"product","link":"https:\/\/byfeeder.net\/fr\/product\/machine-dalimentation-en-papier-a-ventouse-sous-vide\/","title":{"rendered":"Machine d&#039;alimentation de papier \u00e0 ventouse sous vide"},"content":{"rendered":"<p><strong>Configuration standard<\/strong><\/p>\n<ul>\n<li>Extraction et alimentation des ventouses<\/li>\n<li>Convoyeur \u00e0 bande \u00e0 grande vitesse<\/li>\n<li>Collecte par pile de type goutte de la tr\u00e9mie de collecte<\/li>\n<\/ul>\n<p><strong>Configuration optionnelle<\/strong><\/p>\n<ul>\n<li>Machine de codage DMN<\/li>\n<li>Machine de codage DK<\/li>\n<li>Machine de codage UCS<\/li>\n<li>L&#039;adsorption \u00e0 pression n\u00e9gative est facultative<\/li>\n<li>Prise en charge de la personnalisation<\/li>\n<\/ul>","protected":false},"excerpt":{"rendered":"<p>Mod\u00e8le : IF-SU300ST-400\u00d71200\/60-S<\/p>\n<p>Taille (LXWXH) : 2520 x 790 x 1055 mm<\/p>\n<p>Vitesse de fonctionnement de la bande : 0-60 m\/min<\/p>","protected":false},"featured_media":3043,"template":"","meta":{"_acf_changed":false},"product_brand":[],"product_cat":[23,45],"product_tag":[42],"class_list":{"0":"post-2711","1":"product","2":"type-product","3":"status-publish","4":"has-post-thumbnail","6":"product_cat-paging-machines","7":"product_cat-vacuum-feeders","8":"product_tag-wholesale-sheet-feeder","10":"first","11":"instock","12":"shipping-taxable","13":"product-type-simple"},"acf":[],"yoast_head":"<!-- This site is optimized with the Yoast SEO plugin v25.3.1 - https:\/\/yoast.com\/wordpress\/plugins\/seo\/ -->\n<title>Vacuum Suction Cup Paper Feeder Machine | BYFeeder<\/title>\n<meta name=\"description\" content=\"Support customization on demand, the suction feeding machine is suitable for all kinds of paper, hangtags, cards, film sheets, etc.\" \/>\n<meta name=\"robots\" content=\"index, follow, max-snippet:-1, max-image-preview:large, max-video-preview:-1\" \/>\n<link rel=\"canonical\" href=\"https:\/\/byfeeder.net\/fr\/product\/machine-dalimentation-en-papier-a-ventouse-sous-vide\/\" \/>\n<meta property=\"og:locale\" content=\"fr_FR\" \/>\n<meta property=\"og:type\" content=\"article\" \/>\n<meta property=\"og:title\" content=\"Vacuum Suction Cup Paper Feeder Machine | BYFeeder\" \/>\n<meta property=\"og:description\" content=\"Support customization on demand, the suction feeding machine is suitable for all kinds of paper, hangtags, cards, film sheets, etc.\" \/>\n<meta property=\"og:url\" content=\"https:\/\/byfeeder.net\/fr\/product\/machine-dalimentation-en-papier-a-ventouse-sous-vide\/\" \/>\n<meta property=\"og:site_name\" content=\"BYFeeder\" \/>\n<meta property=\"article:modified_time\" content=\"2025-07-29T03:00:55+00:00\" \/>\n<meta property=\"og:image\" content=\"https:\/\/byfeeder.net\/wp-content\/uploads\/2025\/01\/Vacuum-Suction-Cup-Paper-Feeder.webp\" \/>\n\t<meta property=\"og:image:width\" content=\"700\" \/>\n\t<meta property=\"og:image:height\" content=\"700\" \/>\n\t<meta property=\"og:image:type\" content=\"image\/webp\" \/>\n<meta name=\"twitter:card\" content=\"summary_large_image\" \/>\n<meta name=\"twitter:label1\" content=\"Dur\u00e9e de lecture estim\u00e9e\" \/>\n\t<meta name=\"twitter:data1\" content=\"1 minute\" \/>\n<script type=\"application\/ld+json\" class=\"yoast-schema-graph\">{\"@context\":\"https:\/\/schema.org\",\"@graph\":[{\"@type\":\"WebPage\",\"@id\":\"https:\/\/byfeeder.net\/product\/vacuum-suction-cup-paper-feeder-machine\/\",\"url\":\"https:\/\/byfeeder.net\/product\/vacuum-suction-cup-paper-feeder-machine\/\",\"name\":\"Vacuum Suction Cup Paper Feeder Machine | BYFeeder\",\"isPartOf\":{\"@id\":\"https:\/\/byfeeder.net\/#website\"},\"primaryImageOfPage\":{\"@id\":\"https:\/\/byfeeder.net\/product\/vacuum-suction-cup-paper-feeder-machine\/#primaryimage\"},\"image\":{\"@id\":\"https:\/\/byfeeder.net\/product\/vacuum-suction-cup-paper-feeder-machine\/#primaryimage\"},\"thumbnailUrl\":\"https:\/\/byfeeder.net\/wp-content\/uploads\/2025\/01\/Vacuum-Suction-Cup-Paper-Feeder.webp\",\"datePublished\":\"2025-01-09T09:05:01+00:00\",\"dateModified\":\"2025-07-29T03:00:55+00:00\",\"description\":\"Support customization on demand, the suction feeding machine is suitable for all kinds of paper, hangtags, cards, film sheets, etc.\",\"breadcrumb\":{\"@id\":\"https:\/\/byfeeder.net\/product\/vacuum-suction-cup-paper-feeder-machine\/#breadcrumb\"},\"inLanguage\":\"fr-FR\",\"potentialAction\":[{\"@type\":\"ReadAction\",\"target\":[\"https:\/\/byfeeder.net\/product\/vacuum-suction-cup-paper-feeder-machine\/\"]}]},{\"@type\":\"ImageObject\",\"inLanguage\":\"fr-FR\",\"@id\":\"https:\/\/byfeeder.net\/product\/vacuum-suction-cup-paper-feeder-machine\/#primaryimage\",\"url\":\"https:\/\/byfeeder.net\/wp-content\/uploads\/2025\/01\/Vacuum-Suction-Cup-Paper-Feeder.webp\",\"contentUrl\":\"https:\/\/byfeeder.net\/wp-content\/uploads\/2025\/01\/Vacuum-Suction-Cup-Paper-Feeder.webp\",\"width\":700,\"height\":700,\"caption\":\"Vacuum Suction Cup Paper Feeder\"},{\"@type\":\"BreadcrumbList\",\"@id\":\"https:\/\/byfeeder.net\/product\/vacuum-suction-cup-paper-feeder-machine\/#breadcrumb\",\"itemListElement\":[{\"@type\":\"ListItem\",\"position\":1,\"name\":\"Home\",\"item\":\"https:\/\/byfeeder.net\/\"},{\"@type\":\"ListItem\",\"position\":2,\"name\":\"Products\",\"item\":\"https:\/\/byfeeder.net\/solution\/\"},{\"@type\":\"ListItem\",\"position\":3,\"name\":\"Vacuum Suction Cup Paper Feeder Machine\"}]},{\"@type\":\"WebSite\",\"@id\":\"https:\/\/byfeeder.net\/#website\",\"url\":\"https:\/\/byfeeder.net\/\",\"name\":\"BYFeeder\",\"description\":\"Packaging Feeding and Rewinding System Solutions Manufacturer\",\"publisher\":{\"@id\":\"https:\/\/byfeeder.net\/#organization\"},\"potentialAction\":[{\"@type\":\"SearchAction\",\"target\":{\"@type\":\"EntryPoint\",\"urlTemplate\":\"https:\/\/byfeeder.net\/?s={search_term_string}\"},\"query-input\":{\"@type\":\"PropertyValueSpecification\",\"valueRequired\":true,\"valueName\":\"search_term_string\"}}],\"inLanguage\":\"fr-FR\"},{\"@type\":\"Organization\",\"@id\":\"https:\/\/byfeeder.net\/#organization\",\"name\":\"BY\",\"url\":\"https:\/\/byfeeder.net\/\",\"logo\":{\"@type\":\"ImageObject\",\"inLanguage\":\"fr-FR\",\"@id\":\"https:\/\/byfeeder.net\/#\/schema\/logo\/image\/\",\"url\":\"https:\/\/byfeeder.net\/wp-content\/uploads\/2025\/05\/byfeeder-logo.webp\",\"contentUrl\":\"https:\/\/byfeeder.net\/wp-content\/uploads\/2025\/05\/byfeeder-logo.webp\",\"width\":512,\"height\":512,\"caption\":\"BY\"},\"image\":{\"@id\":\"https:\/\/byfeeder.net\/#\/schema\/logo\/image\/\"}}]}<\/script>\n<!-- \/ Yoast SEO plugin. -->","yoast_head_json":{"title":"Distributeur de papier \u00e0 ventouses | BYFeeder","description":"Prend en charge la personnalisation \u00e0 la demande, la machine d&#039;alimentation par aspiration convient \u00e0 tous les types de papier, \u00e9tiquettes volantes, cartes, feuilles de film, etc.","robots":{"index":"index","follow":"follow","max-snippet":"max-snippet:-1","max-image-preview":"max-image-preview:large","max-video-preview":"max-video-preview:-1"},"canonical":"https:\/\/byfeeder.net\/fr\/product\/machine-dalimentation-en-papier-a-ventouse-sous-vide\/","og_locale":"fr_FR","og_type":"article","og_title":"Vacuum Suction Cup Paper Feeder Machine | BYFeeder","og_description":"Support customization on demand, the suction feeding machine is suitable for all kinds of paper, hangtags, cards, film sheets, etc.","og_url":"https:\/\/byfeeder.net\/fr\/product\/machine-dalimentation-en-papier-a-ventouse-sous-vide\/","og_site_name":"BYFeeder","article_modified_time":"2025-07-29T03:00:55+00:00","og_image":[{"width":700,"height":700,"url":"https:\/\/byfeeder.net\/wp-content\/uploads\/2025\/01\/Vacuum-Suction-Cup-Paper-Feeder.webp","type":"image\/webp"}],"twitter_card":"summary_large_image","twitter_misc":{"Dur\u00e9e de lecture estim\u00e9e":"1 minute"},"schema":{"@context":"https:\/\/schema.org","@graph":[{"@type":"WebPage","@id":"https:\/\/byfeeder.net\/product\/vacuum-suction-cup-paper-feeder-machine\/","url":"https:\/\/byfeeder.net\/product\/vacuum-suction-cup-paper-feeder-machine\/","name":"Distributeur de papier \u00e0 ventouses | BYFeeder","isPartOf":{"@id":"https:\/\/byfeeder.net\/#website"},"primaryImageOfPage":{"@id":"https:\/\/byfeeder.net\/product\/vacuum-suction-cup-paper-feeder-machine\/#primaryimage"},"image":{"@id":"https:\/\/byfeeder.net\/product\/vacuum-suction-cup-paper-feeder-machine\/#primaryimage"},"thumbnailUrl":"https:\/\/byfeeder.net\/wp-content\/uploads\/2025\/01\/Vacuum-Suction-Cup-Paper-Feeder.webp","datePublished":"2025-01-09T09:05:01+00:00","dateModified":"2025-07-29T03:00:55+00:00","description":"Prend en charge la personnalisation \u00e0 la demande, la machine d&#039;alimentation par aspiration convient \u00e0 tous les types de papier, \u00e9tiquettes volantes, cartes, feuilles de film, etc.","breadcrumb":{"@id":"https:\/\/byfeeder.net\/product\/vacuum-suction-cup-paper-feeder-machine\/#breadcrumb"},"inLanguage":"fr-FR","potentialAction":[{"@type":"ReadAction","target":["https:\/\/byfeeder.net\/product\/vacuum-suction-cup-paper-feeder-machine\/"]}]},{"@type":"ImageObject","inLanguage":"fr-FR","@id":"https:\/\/byfeeder.net\/product\/vacuum-suction-cup-paper-feeder-machine\/#primaryimage","url":"https:\/\/byfeeder.net\/wp-content\/uploads\/2025\/01\/Vacuum-Suction-Cup-Paper-Feeder.webp","contentUrl":"https:\/\/byfeeder.net\/wp-content\/uploads\/2025\/01\/Vacuum-Suction-Cup-Paper-Feeder.webp","width":700,"height":700,"caption":"Vacuum Suction Cup Paper Feeder"},{"@type":"BreadcrumbList","@id":"https:\/\/byfeeder.net\/product\/vacuum-suction-cup-paper-feeder-machine\/#breadcrumb","itemListElement":[{"@type":"ListItem","position":1,"name":"Home","item":"https:\/\/byfeeder.net\/"},{"@type":"ListItem","position":2,"name":"Products","item":"https:\/\/byfeeder.net\/solution\/"},{"@type":"ListItem","position":3,"name":"Vacuum Suction Cup Paper Feeder Machine"}]},{"@type":"WebSite","@id":"https:\/\/byfeeder.net\/#website","url":"https:\/\/byfeeder.net\/","name":"PARFeeder","description":"Fabricant de solutions de syst\u00e8mes d&#039;alimentation et de rembobinage d&#039;emballages","publisher":{"@id":"https:\/\/byfeeder.net\/#organization"},"potentialAction":[{"@type":"SearchAction","target":{"@type":"EntryPoint","urlTemplate":"https:\/\/byfeeder.net\/?s={search_term_string}"},"query-input":{"@type":"PropertyValueSpecification","valueRequired":true,"valueName":"search_term_string"}}],"inLanguage":"fr-FR"},{"@type":"Organization","@id":"https:\/\/byfeeder.net\/#organization","name":"PAR","url":"https:\/\/byfeeder.net\/","logo":{"@type":"ImageObject","inLanguage":"fr-FR","@id":"https:\/\/byfeeder.net\/#\/schema\/logo\/image\/","url":"https:\/\/byfeeder.net\/wp-content\/uploads\/2025\/05\/byfeeder-logo.webp","contentUrl":"https:\/\/byfeeder.net\/wp-content\/uploads\/2025\/05\/byfeeder-logo.webp","width":512,"height":512,"caption":"BY"},"image":{"@id":"https:\/\/byfeeder.net\/#\/schema\/logo\/image\/"}}]}},"_links":{"self":[{"href":"https:\/\/byfeeder.net\/fr\/wp-json\/wp\/v2\/product\/2711"}],"collection":[{"href":"https:\/\/byfeeder.net\/fr\/wp-json\/wp\/v2\/product"}],"about":[{"href":"https:\/\/byfeeder.net\/fr\/wp-json\/wp\/v2\/types\/product"}],"wp:featuredmedia":[{"embeddable":true,"href":"https:\/\/byfeeder.net\/fr\/wp-json\/wp\/v2\/media\/3043"}],"wp:attachment":[{"href":"https:\/\/byfeeder.net\/fr\/wp-json\/wp\/v2\/media?parent=2711"}],"wp:term":[{"taxonomy":"product_brand","embeddable":true,"href":"https:\/\/byfeeder.net\/fr\/wp-json\/wp\/v2\/product_brand?post=2711"},{"taxonomy":"product_cat","embeddable":true,"href":"https:\/\/byfeeder.net\/fr\/wp-json\/wp\/v2\/product_cat?post=2711"},{"taxonomy":"product_tag","embeddable":true,"href":"https:\/\/byfeeder.net\/fr\/wp-json\/wp\/v2\/product_tag?post=2711"}],"curies":[{"name":"wp","href":"https:\/\/api.w.org\/{rel}","templated":true}]}}