{"id":2710,"date":"2025-01-09T00:51:03","date_gmt":"2025-01-09T08:51:03","guid":{"rendered":"https:\/\/byfeeder.net\/?post_type=product&#038;p=2710"},"modified":"2025-07-28T19:05:52","modified_gmt":"2025-07-29T03:05:52","slug":"machine-de-pagination-par-aspiration-avec-bande-transporteuse-et-table-de-sortie","status":"publish","type":"product","link":"https:\/\/byfeeder.net\/fr\/product\/machine-de-pagination-par-aspiration-avec-bande-transporteuse-et-table-de-sortie\/","title":{"rendered":"Machine de pagination par aspiration avec bande transporteuse et table de sortie"},"content":{"rendered":"<p><strong>Param\u00e8tres du produit<\/strong><\/p>\n<p>M\u00e9thode de collecte : Empilage apr\u00e8s chute<\/p>\n<p>Mode de contr\u00f4le : \u00e9cran tactile + contr\u00f4le PLC<\/p>\n<p>Mat\u00e9riau du corps : Acier inoxydable ou acier au carbone personnalis\u00e9 avec peinture de cuisson<\/p>\n<p>Diam\u00e8tre maximal du mat\u00e9riau : Personnalisation en fonction du produit<\/p>\n<p>Poids de l&#039;\u00e9quipement : environ 350 kg<\/p>\n<p>Largeur de la bande : 500 mm ou sur mesure<\/p>\n<p>Applicable \u00e0 la gamme de tailles de produits : (60-300\uff09\u00d7\uff0880-330\uff09\u00d7\uff080,1-2\uff09mm<\/p>\n<p>Puissance d&#039;entr\u00e9e : environ 2 000 W (uniquement le t\u00e9l\u00e9avertisseur, \u00e0 l&#039;exclusion de l&#039;imprimante)<\/p>\n<p>Mode de transmission : Contr\u00f4le de vitesse \u00e0 fr\u00e9quence variable ou contr\u00f4le de vitesse sans balais CC<\/p>\n<p>Imprimante jet d&#039;encre en option\u00a0: DOMINO, Sojet, DK, UCS, VIDEOJET<\/p>\n<p><strong>Configuration standard<\/strong><\/p>\n<ul>\n<li>Extraction et alimentation des ventouses<\/li>\n<li>Convoyeur \u00e0 bande \u00e0 grande vitesse<\/li>\n<li>Collecte par pile de type goutte \u00e0 goutte de la tr\u00e9mie de collecte<\/li>\n<\/ul>\n<p>Configuration optionnelle<\/p>\n<ul>\n<li>Machine de codage DMN<\/li>\n<li>Machine de codage DK<\/li>\n<li>Machine de codage UCS<\/li>\n<li>L&#039;adsorption \u00e0 pression n\u00e9gative est facultative<\/li>\n<li>Prise en charge de la personnalisation<\/li>\n<\/ul>","protected":false},"excerpt":{"rendered":"<p>Mod\u00e8le : IF-SU300ST-385\u00d72770\/60-TT0-S<\/p>\n<p>Taille (LXWXH) : 2520 x 900 x 1160 mm<\/p>\n<p>Vitesse de fonctionnement de la bande : 0-60 m\/min<\/p>","protected":false},"featured_media":2712,"template":"","meta":{"_acf_changed":false},"product_brand":[],"product_cat":[23,45],"product_tag":[],"class_list":{"0":"post-2710","1":"product","2":"type-product","3":"status-publish","4":"has-post-thumbnail","6":"product_cat-paging-machines","7":"product_cat-vacuum-feeders","9":"first","10":"instock","11":"shipping-taxable","12":"product-type-simple"},"acf":[],"yoast_head":"<!-- This site is optimized with the Yoast SEO plugin v25.3.1 - https:\/\/yoast.com\/wordpress\/plugins\/seo\/ -->\n<title>Up Suction Paging Machine with Conveyor Belt and Output Table | BYFeeder<\/title>\n<meta name=\"description\" content=\"Vacuum suction cups and other adsorption methods are used to complete the feeding. It has the characteristics of high stability, good protection for the products to be loaded, and more materials to be discharged at one time, which is especially suitable for the automatic feeding of various kinds of wide-width paper, labels, plastic packaging bags, woven bags, etc.\" \/>\n<meta name=\"robots\" content=\"index, follow, max-snippet:-1, max-image-preview:large, max-video-preview:-1\" \/>\n<link rel=\"canonical\" href=\"https:\/\/byfeeder.net\/fr\/product\/machine-de-pagination-par-aspiration-avec-bande-transporteuse-et-table-de-sortie\/\" \/>\n<meta property=\"og:locale\" content=\"fr_FR\" \/>\n<meta property=\"og:type\" content=\"article\" \/>\n<meta property=\"og:title\" content=\"Up Suction Paging Machine with Conveyor Belt and Output Table | BYFeeder\" \/>\n<meta property=\"og:description\" content=\"Vacuum suction cups and other adsorption methods are used to complete the feeding. It has the characteristics of high stability, good protection for the products to be loaded, and more materials to be discharged at one time, which is especially suitable for the automatic feeding of various kinds of wide-width paper, labels, plastic packaging bags, woven bags, etc.\" \/>\n<meta property=\"og:url\" content=\"https:\/\/byfeeder.net\/fr\/product\/machine-de-pagination-par-aspiration-avec-bande-transporteuse-et-table-de-sortie\/\" \/>\n<meta property=\"og:site_name\" content=\"BYFeeder\" \/>\n<meta property=\"article:modified_time\" content=\"2025-07-29T03:05:52+00:00\" \/>\n<meta property=\"og:image\" content=\"https:\/\/byfeeder.net\/wp-content\/uploads\/2025\/01\/Up-Suction-Paging-Machine.webp\" \/>\n\t<meta property=\"og:image:width\" content=\"700\" \/>\n\t<meta property=\"og:image:height\" content=\"700\" \/>\n\t<meta property=\"og:image:type\" content=\"image\/webp\" \/>\n<meta name=\"twitter:card\" content=\"summary_large_image\" \/>\n<meta name=\"twitter:label1\" content=\"Dur\u00e9e de lecture estim\u00e9e\" \/>\n\t<meta name=\"twitter:data1\" content=\"1 minute\" \/>\n<script type=\"application\/ld+json\" class=\"yoast-schema-graph\">{\"@context\":\"https:\/\/schema.org\",\"@graph\":[{\"@type\":\"WebPage\",\"@id\":\"https:\/\/byfeeder.net\/product\/up-suction-paging-machine-with-conveyor-belt-and-output-table\/\",\"url\":\"https:\/\/byfeeder.net\/product\/up-suction-paging-machine-with-conveyor-belt-and-output-table\/\",\"name\":\"Up Suction Paging Machine with Conveyor Belt and Output Table | BYFeeder\",\"isPartOf\":{\"@id\":\"https:\/\/byfeeder.net\/#website\"},\"primaryImageOfPage\":{\"@id\":\"https:\/\/byfeeder.net\/product\/up-suction-paging-machine-with-conveyor-belt-and-output-table\/#primaryimage\"},\"image\":{\"@id\":\"https:\/\/byfeeder.net\/product\/up-suction-paging-machine-with-conveyor-belt-and-output-table\/#primaryimage\"},\"thumbnailUrl\":\"https:\/\/byfeeder.net\/wp-content\/uploads\/2025\/01\/Up-Suction-Paging-Machine.webp\",\"datePublished\":\"2025-01-09T08:51:03+00:00\",\"dateModified\":\"2025-07-29T03:05:52+00:00\",\"description\":\"Vacuum suction cups and other adsorption methods are used to complete the feeding. It has the characteristics of high stability, good protection for the products to be loaded, and more materials to be discharged at one time, which is especially suitable for the automatic feeding of various kinds of wide-width paper, labels, plastic packaging bags, woven bags, etc.\",\"breadcrumb\":{\"@id\":\"https:\/\/byfeeder.net\/product\/up-suction-paging-machine-with-conveyor-belt-and-output-table\/#breadcrumb\"},\"inLanguage\":\"fr-FR\",\"potentialAction\":[{\"@type\":\"ReadAction\",\"target\":[\"https:\/\/byfeeder.net\/product\/up-suction-paging-machine-with-conveyor-belt-and-output-table\/\"]}]},{\"@type\":\"ImageObject\",\"inLanguage\":\"fr-FR\",\"@id\":\"https:\/\/byfeeder.net\/product\/up-suction-paging-machine-with-conveyor-belt-and-output-table\/#primaryimage\",\"url\":\"https:\/\/byfeeder.net\/wp-content\/uploads\/2025\/01\/Up-Suction-Paging-Machine.webp\",\"contentUrl\":\"https:\/\/byfeeder.net\/wp-content\/uploads\/2025\/01\/Up-Suction-Paging-Machine.webp\",\"width\":700,\"height\":700,\"caption\":\"Up Suction Paging Machine\"},{\"@type\":\"BreadcrumbList\",\"@id\":\"https:\/\/byfeeder.net\/product\/up-suction-paging-machine-with-conveyor-belt-and-output-table\/#breadcrumb\",\"itemListElement\":[{\"@type\":\"ListItem\",\"position\":1,\"name\":\"Home\",\"item\":\"https:\/\/byfeeder.net\/\"},{\"@type\":\"ListItem\",\"position\":2,\"name\":\"Products\",\"item\":\"https:\/\/byfeeder.net\/solution\/\"},{\"@type\":\"ListItem\",\"position\":3,\"name\":\"Up Suction Paging Machine with Conveyor Belt and Output Table\"}]},{\"@type\":\"WebSite\",\"@id\":\"https:\/\/byfeeder.net\/#website\",\"url\":\"https:\/\/byfeeder.net\/\",\"name\":\"BYFeeder\",\"description\":\"Packaging Feeding and Rewinding System Solutions Manufacturer\",\"publisher\":{\"@id\":\"https:\/\/byfeeder.net\/#organization\"},\"potentialAction\":[{\"@type\":\"SearchAction\",\"target\":{\"@type\":\"EntryPoint\",\"urlTemplate\":\"https:\/\/byfeeder.net\/?s={search_term_string}\"},\"query-input\":{\"@type\":\"PropertyValueSpecification\",\"valueRequired\":true,\"valueName\":\"search_term_string\"}}],\"inLanguage\":\"fr-FR\"},{\"@type\":\"Organization\",\"@id\":\"https:\/\/byfeeder.net\/#organization\",\"name\":\"BY\",\"url\":\"https:\/\/byfeeder.net\/\",\"logo\":{\"@type\":\"ImageObject\",\"inLanguage\":\"fr-FR\",\"@id\":\"https:\/\/byfeeder.net\/#\/schema\/logo\/image\/\",\"url\":\"https:\/\/byfeeder.net\/wp-content\/uploads\/2025\/05\/byfeeder-logo.webp\",\"contentUrl\":\"https:\/\/byfeeder.net\/wp-content\/uploads\/2025\/05\/byfeeder-logo.webp\",\"width\":512,\"height\":512,\"caption\":\"BY\"},\"image\":{\"@id\":\"https:\/\/byfeeder.net\/#\/schema\/logo\/image\/\"}}]}<\/script>\n<!-- \/ Yoast SEO plugin. -->","yoast_head_json":{"title":"Machine de pagination par aspiration avec convoyeur et table de sortie | BYFeeder","description":"Des ventouses \u00e0 vide et d&#039;autres m\u00e9thodes d&#039;adsorption sont utilis\u00e9es pour compl\u00e9ter l&#039;alimentation. Il pr\u00e9sente les caract\u00e9ristiques d&#039;une grande stabilit\u00e9, d&#039;une bonne protection des produits \u00e0 charger et d&#039;un plus grand nombre de mat\u00e9riaux \u00e0 d\u00e9charger en m\u00eame temps, ce qui est particuli\u00e8rement adapt\u00e9 \u00e0 l&#039;alimentation automatique de divers types de papiers de grande largeur, d&#039;\u00e9tiquettes, de sacs d&#039;emballage en plastique, de sacs tiss\u00e9s, etc.","robots":{"index":"index","follow":"follow","max-snippet":"max-snippet:-1","max-image-preview":"max-image-preview:large","max-video-preview":"max-video-preview:-1"},"canonical":"https:\/\/byfeeder.net\/fr\/product\/machine-de-pagination-par-aspiration-avec-bande-transporteuse-et-table-de-sortie\/","og_locale":"fr_FR","og_type":"article","og_title":"Up Suction Paging Machine with Conveyor Belt and Output Table | BYFeeder","og_description":"Vacuum suction cups and other adsorption methods are used to complete the feeding. It has the characteristics of high stability, good protection for the products to be loaded, and more materials to be discharged at one time, which is especially suitable for the automatic feeding of various kinds of wide-width paper, labels, plastic packaging bags, woven bags, etc.","og_url":"https:\/\/byfeeder.net\/fr\/product\/machine-de-pagination-par-aspiration-avec-bande-transporteuse-et-table-de-sortie\/","og_site_name":"BYFeeder","article_modified_time":"2025-07-29T03:05:52+00:00","og_image":[{"width":700,"height":700,"url":"https:\/\/byfeeder.net\/wp-content\/uploads\/2025\/01\/Up-Suction-Paging-Machine.webp","type":"image\/webp"}],"twitter_card":"summary_large_image","twitter_misc":{"Dur\u00e9e de lecture estim\u00e9e":"1 minute"},"schema":{"@context":"https:\/\/schema.org","@graph":[{"@type":"WebPage","@id":"https:\/\/byfeeder.net\/product\/up-suction-paging-machine-with-conveyor-belt-and-output-table\/","url":"https:\/\/byfeeder.net\/product\/up-suction-paging-machine-with-conveyor-belt-and-output-table\/","name":"Machine de pagination par aspiration avec convoyeur et table de sortie | BYFeeder","isPartOf":{"@id":"https:\/\/byfeeder.net\/#website"},"primaryImageOfPage":{"@id":"https:\/\/byfeeder.net\/product\/up-suction-paging-machine-with-conveyor-belt-and-output-table\/#primaryimage"},"image":{"@id":"https:\/\/byfeeder.net\/product\/up-suction-paging-machine-with-conveyor-belt-and-output-table\/#primaryimage"},"thumbnailUrl":"https:\/\/byfeeder.net\/wp-content\/uploads\/2025\/01\/Up-Suction-Paging-Machine.webp","datePublished":"2025-01-09T08:51:03+00:00","dateModified":"2025-07-29T03:05:52+00:00","description":"Des ventouses \u00e0 vide et d&#039;autres m\u00e9thodes d&#039;adsorption sont utilis\u00e9es pour compl\u00e9ter l&#039;alimentation. Il pr\u00e9sente les caract\u00e9ristiques d&#039;une grande stabilit\u00e9, d&#039;une bonne protection des produits \u00e0 charger et d&#039;un plus grand nombre de mat\u00e9riaux \u00e0 d\u00e9charger en m\u00eame temps, ce qui est particuli\u00e8rement adapt\u00e9 \u00e0 l&#039;alimentation automatique de divers types de papiers de grande largeur, d&#039;\u00e9tiquettes, de sacs d&#039;emballage en plastique, de sacs tiss\u00e9s, etc.","breadcrumb":{"@id":"https:\/\/byfeeder.net\/product\/up-suction-paging-machine-with-conveyor-belt-and-output-table\/#breadcrumb"},"inLanguage":"fr-FR","potentialAction":[{"@type":"ReadAction","target":["https:\/\/byfeeder.net\/product\/up-suction-paging-machine-with-conveyor-belt-and-output-table\/"]}]},{"@type":"ImageObject","inLanguage":"fr-FR","@id":"https:\/\/byfeeder.net\/product\/up-suction-paging-machine-with-conveyor-belt-and-output-table\/#primaryimage","url":"https:\/\/byfeeder.net\/wp-content\/uploads\/2025\/01\/Up-Suction-Paging-Machine.webp","contentUrl":"https:\/\/byfeeder.net\/wp-content\/uploads\/2025\/01\/Up-Suction-Paging-Machine.webp","width":700,"height":700,"caption":"Up Suction Paging Machine"},{"@type":"BreadcrumbList","@id":"https:\/\/byfeeder.net\/product\/up-suction-paging-machine-with-conveyor-belt-and-output-table\/#breadcrumb","itemListElement":[{"@type":"ListItem","position":1,"name":"Home","item":"https:\/\/byfeeder.net\/"},{"@type":"ListItem","position":2,"name":"Products","item":"https:\/\/byfeeder.net\/solution\/"},{"@type":"ListItem","position":3,"name":"Up Suction Paging Machine with Conveyor Belt and Output Table"}]},{"@type":"WebSite","@id":"https:\/\/byfeeder.net\/#website","url":"https:\/\/byfeeder.net\/","name":"PARFeeder","description":"Fabricant de solutions de syst\u00e8mes d&#039;alimentation et de rembobinage d&#039;emballages","publisher":{"@id":"https:\/\/byfeeder.net\/#organization"},"potentialAction":[{"@type":"SearchAction","target":{"@type":"EntryPoint","urlTemplate":"https:\/\/byfeeder.net\/?s={search_term_string}"},"query-input":{"@type":"PropertyValueSpecification","valueRequired":true,"valueName":"search_term_string"}}],"inLanguage":"fr-FR"},{"@type":"Organization","@id":"https:\/\/byfeeder.net\/#organization","name":"PAR","url":"https:\/\/byfeeder.net\/","logo":{"@type":"ImageObject","inLanguage":"fr-FR","@id":"https:\/\/byfeeder.net\/#\/schema\/logo\/image\/","url":"https:\/\/byfeeder.net\/wp-content\/uploads\/2025\/05\/byfeeder-logo.webp","contentUrl":"https:\/\/byfeeder.net\/wp-content\/uploads\/2025\/05\/byfeeder-logo.webp","width":512,"height":512,"caption":"BY"},"image":{"@id":"https:\/\/byfeeder.net\/#\/schema\/logo\/image\/"}}]}},"_links":{"self":[{"href":"https:\/\/byfeeder.net\/fr\/wp-json\/wp\/v2\/product\/2710"}],"collection":[{"href":"https:\/\/byfeeder.net\/fr\/wp-json\/wp\/v2\/product"}],"about":[{"href":"https:\/\/byfeeder.net\/fr\/wp-json\/wp\/v2\/types\/product"}],"wp:featuredmedia":[{"embeddable":true,"href":"https:\/\/byfeeder.net\/fr\/wp-json\/wp\/v2\/media\/2712"}],"wp:attachment":[{"href":"https:\/\/byfeeder.net\/fr\/wp-json\/wp\/v2\/media?parent=2710"}],"wp:term":[{"taxonomy":"product_brand","embeddable":true,"href":"https:\/\/byfeeder.net\/fr\/wp-json\/wp\/v2\/product_brand?post=2710"},{"taxonomy":"product_cat","embeddable":true,"href":"https:\/\/byfeeder.net\/fr\/wp-json\/wp\/v2\/product_cat?post=2710"},{"taxonomy":"product_tag","embeddable":true,"href":"https:\/\/byfeeder.net\/fr\/wp-json\/wp\/v2\/product_tag?post=2710"}],"curies":[{"name":"wp","href":"https:\/\/api.w.org\/{rel}","templated":true}]}}