{"id":2707,"date":"2025-01-06T02:27:14","date_gmt":"2025-01-06T10:27:14","guid":{"rendered":"https:\/\/byfeeder.net\/?post_type=product&#038;p=2707"},"modified":"2025-05-25T22:14:44","modified_gmt":"2025-05-26T06:14:44","slug":"petite-machine-de-rembobinage-detiquettes-en-papier-de-bureau-avec-imprimante-a-jet-dencre","status":"publish","type":"product","link":"https:\/\/byfeeder.net\/fr\/product\/petite-machine-de-rembobinage-detiquettes-en-papier-de-bureau-avec-imprimante-a-jet-dencre\/","title":{"rendered":"Machine de rembobinage d&#039;\u00e9tiquettes en papier de bureau avec imprimante \u00e0 jet d&#039;encre"},"content":{"rendered":"<p><strong>Param\u00e8tre du produit<\/strong><\/p>\n<p>M\u00e9thode de collecte : Rembobinage automatique<\/p>\n<p>Mat\u00e9riau du corps : acier inoxydable<\/p>\n<p>Poids de l&#039;\u00e9quipement : environ 100 kg<\/p>\n<p>Mode de contr\u00f4le : Contr\u00f4le de tension manuel standard Contr\u00f4le de tension automatique en option<\/p>\n<p>Mode de transmission : servomoteur \u00e0 courant alternatif<\/p>\n<p>\u00c9paisseur du mat\u00e9riau : 0,012-0,15 mm<\/p>\n<p>Diam\u00e8tre maximal du mat\u00e9riau : 300 mm<\/p>\n<p>Diam\u00e8tre int\u00e9rieur du noyau en papier : 3 pouces<\/p>\n<p>Largeur du mat\u00e9riau : 30-400 mm<\/p>\n<p><strong>Configuration optionnelle<\/strong><\/p>\n<p>Syst\u00e8me de correction des \u00e9carts<\/p>\n<p>Diverses imprimantes \u00e0 jet d&#039;encre (CIJ, TIJ, UV, Laser)<\/p>\n<p>Machine \u00e0 rep\u00e9rer<\/p>\n<p>Etiqueteuse<\/p>\n<p>Petits caract\u00e8res<\/p>","protected":false},"excerpt":{"rendered":"<p>Mod\u00e8le : IF-RW300TB<\/p>\n<p>Puissance d&#039;entr\u00e9e : environ 1 kW<\/p>\n<p>Vitesse de course : 1-60 m\/min<\/p>\n<p>Imprimante jet d&#039;encre en option\u00a0: DOMINO, Sojet, DK, UCS, VIDEOJET<\/p>","protected":false},"featured_media":3041,"template":"","meta":{"_acf_changed":false},"product_brand":[],"product_cat":[40],"product_tag":[],"class_list":{"0":"post-2707","1":"product","2":"type-product","3":"status-publish","4":"has-post-thumbnail","6":"product_cat-rewinder-machines","8":"first","9":"instock","10":"shipping-taxable","11":"product-type-simple"},"acf":[],"yoast_head":"<!-- This site is optimized with the Yoast SEO plugin v25.3.1 - https:\/\/yoast.com\/wordpress\/plugins\/seo\/ -->\n<title>Desktop Paper Label Small Rewinder Machine with Inkjet Printer | BYFeeder<\/title>\n<meta name=\"description\" content=\"We support custom desktop rewinder machine solutions for you, including printers, label machines, ETC.\" \/>\n<meta name=\"robots\" content=\"index, follow, max-snippet:-1, max-image-preview:large, max-video-preview:-1\" \/>\n<link rel=\"canonical\" href=\"https:\/\/byfeeder.net\/fr\/product\/petite-machine-de-rembobinage-detiquettes-en-papier-de-bureau-avec-imprimante-a-jet-dencre\/\" \/>\n<meta property=\"og:locale\" content=\"fr_FR\" \/>\n<meta property=\"og:type\" content=\"article\" \/>\n<meta property=\"og:title\" content=\"Desktop Paper Label Small Rewinder Machine with Inkjet Printer | BYFeeder\" \/>\n<meta property=\"og:description\" content=\"We support custom desktop rewinder machine solutions for you, including printers, label machines, ETC.\" \/>\n<meta property=\"og:url\" content=\"https:\/\/byfeeder.net\/fr\/product\/petite-machine-de-rembobinage-detiquettes-en-papier-de-bureau-avec-imprimante-a-jet-dencre\/\" \/>\n<meta property=\"og:site_name\" content=\"BYFeeder\" \/>\n<meta property=\"article:modified_time\" content=\"2025-05-26T06:14:44+00:00\" \/>\n<meta property=\"og:image\" content=\"https:\/\/byfeeder.net\/wp-content\/uploads\/2025\/01\/desktop-rewinder-machine1.webp\" \/>\n\t<meta property=\"og:image:width\" content=\"700\" \/>\n\t<meta property=\"og:image:height\" content=\"700\" \/>\n\t<meta property=\"og:image:type\" content=\"image\/webp\" \/>\n<meta name=\"twitter:card\" content=\"summary_large_image\" \/>\n<meta name=\"twitter:label1\" content=\"Dur\u00e9e de lecture estim\u00e9e\" \/>\n\t<meta name=\"twitter:data1\" content=\"1 minute\" \/>\n<script type=\"application\/ld+json\" class=\"yoast-schema-graph\">{\"@context\":\"https:\/\/schema.org\",\"@graph\":[{\"@type\":\"WebPage\",\"@id\":\"https:\/\/byfeeder.net\/product\/desktop-paper-label-small-rewinder-machine-with-inkjet-printer\/\",\"url\":\"https:\/\/byfeeder.net\/product\/desktop-paper-label-small-rewinder-machine-with-inkjet-printer\/\",\"name\":\"Desktop Paper Label Small Rewinder Machine with Inkjet Printer | BYFeeder\",\"isPartOf\":{\"@id\":\"https:\/\/byfeeder.net\/#website\"},\"primaryImageOfPage\":{\"@id\":\"https:\/\/byfeeder.net\/product\/desktop-paper-label-small-rewinder-machine-with-inkjet-printer\/#primaryimage\"},\"image\":{\"@id\":\"https:\/\/byfeeder.net\/product\/desktop-paper-label-small-rewinder-machine-with-inkjet-printer\/#primaryimage\"},\"thumbnailUrl\":\"https:\/\/byfeeder.net\/wp-content\/uploads\/2025\/01\/desktop-rewinder-machine1.webp\",\"datePublished\":\"2025-01-06T10:27:14+00:00\",\"dateModified\":\"2025-05-26T06:14:44+00:00\",\"description\":\"We support custom desktop rewinder machine solutions for you, including printers, label machines, ETC.\",\"breadcrumb\":{\"@id\":\"https:\/\/byfeeder.net\/product\/desktop-paper-label-small-rewinder-machine-with-inkjet-printer\/#breadcrumb\"},\"inLanguage\":\"fr-FR\",\"potentialAction\":[{\"@type\":\"ReadAction\",\"target\":[\"https:\/\/byfeeder.net\/product\/desktop-paper-label-small-rewinder-machine-with-inkjet-printer\/\"]}]},{\"@type\":\"ImageObject\",\"inLanguage\":\"fr-FR\",\"@id\":\"https:\/\/byfeeder.net\/product\/desktop-paper-label-small-rewinder-machine-with-inkjet-printer\/#primaryimage\",\"url\":\"https:\/\/byfeeder.net\/wp-content\/uploads\/2025\/01\/desktop-rewinder-machine1.webp\",\"contentUrl\":\"https:\/\/byfeeder.net\/wp-content\/uploads\/2025\/01\/desktop-rewinder-machine1.webp\",\"width\":700,\"height\":700,\"caption\":\"desktop rewinder machine(1)\"},{\"@type\":\"BreadcrumbList\",\"@id\":\"https:\/\/byfeeder.net\/product\/desktop-paper-label-small-rewinder-machine-with-inkjet-printer\/#breadcrumb\",\"itemListElement\":[{\"@type\":\"ListItem\",\"position\":1,\"name\":\"Home\",\"item\":\"https:\/\/byfeeder.net\/\"},{\"@type\":\"ListItem\",\"position\":2,\"name\":\"Products\",\"item\":\"https:\/\/byfeeder.net\/solution\/\"},{\"@type\":\"ListItem\",\"position\":3,\"name\":\"Desktop Paper Label Small Rewinder Machine with Inkjet Printer\"}]},{\"@type\":\"WebSite\",\"@id\":\"https:\/\/byfeeder.net\/#website\",\"url\":\"https:\/\/byfeeder.net\/\",\"name\":\"BYFeeder\",\"description\":\"Packaging Feeding and Rewinding System Solutions Manufacturer\",\"publisher\":{\"@id\":\"https:\/\/byfeeder.net\/#organization\"},\"potentialAction\":[{\"@type\":\"SearchAction\",\"target\":{\"@type\":\"EntryPoint\",\"urlTemplate\":\"https:\/\/byfeeder.net\/?s={search_term_string}\"},\"query-input\":{\"@type\":\"PropertyValueSpecification\",\"valueRequired\":true,\"valueName\":\"search_term_string\"}}],\"inLanguage\":\"fr-FR\"},{\"@type\":\"Organization\",\"@id\":\"https:\/\/byfeeder.net\/#organization\",\"name\":\"BY\",\"url\":\"https:\/\/byfeeder.net\/\",\"logo\":{\"@type\":\"ImageObject\",\"inLanguage\":\"fr-FR\",\"@id\":\"https:\/\/byfeeder.net\/#\/schema\/logo\/image\/\",\"url\":\"https:\/\/byfeeder.net\/wp-content\/uploads\/2025\/05\/byfeeder-logo.webp\",\"contentUrl\":\"https:\/\/byfeeder.net\/wp-content\/uploads\/2025\/05\/byfeeder-logo.webp\",\"width\":512,\"height\":512,\"caption\":\"BY\"},\"image\":{\"@id\":\"https:\/\/byfeeder.net\/#\/schema\/logo\/image\/\"}}]}<\/script>\n<!-- \/ Yoast SEO plugin. -->","yoast_head_json":{"title":"Enrouleur d&#039;\u00e9tiquettes papier de bureau avec imprimante \u00e0 jet d&#039;encre | BYFeeder","description":"Nous prenons en charge des solutions de rembobineuses de bureau personnalis\u00e9es pour vous, y compris des imprimantes, des \u00e9tiqueteuses, etc.","robots":{"index":"index","follow":"follow","max-snippet":"max-snippet:-1","max-image-preview":"max-image-preview:large","max-video-preview":"max-video-preview:-1"},"canonical":"https:\/\/byfeeder.net\/fr\/product\/petite-machine-de-rembobinage-detiquettes-en-papier-de-bureau-avec-imprimante-a-jet-dencre\/","og_locale":"fr_FR","og_type":"article","og_title":"Desktop Paper Label Small Rewinder Machine with Inkjet Printer | BYFeeder","og_description":"We support custom desktop rewinder machine solutions for you, including printers, label machines, ETC.","og_url":"https:\/\/byfeeder.net\/fr\/product\/petite-machine-de-rembobinage-detiquettes-en-papier-de-bureau-avec-imprimante-a-jet-dencre\/","og_site_name":"BYFeeder","article_modified_time":"2025-05-26T06:14:44+00:00","og_image":[{"width":700,"height":700,"url":"https:\/\/byfeeder.net\/wp-content\/uploads\/2025\/01\/desktop-rewinder-machine1.webp","type":"image\/webp"}],"twitter_card":"summary_large_image","twitter_misc":{"Dur\u00e9e de lecture estim\u00e9e":"1 minute"},"schema":{"@context":"https:\/\/schema.org","@graph":[{"@type":"WebPage","@id":"https:\/\/byfeeder.net\/product\/desktop-paper-label-small-rewinder-machine-with-inkjet-printer\/","url":"https:\/\/byfeeder.net\/product\/desktop-paper-label-small-rewinder-machine-with-inkjet-printer\/","name":"Enrouleur d&#039;\u00e9tiquettes papier de bureau avec imprimante \u00e0 jet d&#039;encre | BYFeeder","isPartOf":{"@id":"https:\/\/byfeeder.net\/#website"},"primaryImageOfPage":{"@id":"https:\/\/byfeeder.net\/product\/desktop-paper-label-small-rewinder-machine-with-inkjet-printer\/#primaryimage"},"image":{"@id":"https:\/\/byfeeder.net\/product\/desktop-paper-label-small-rewinder-machine-with-inkjet-printer\/#primaryimage"},"thumbnailUrl":"https:\/\/byfeeder.net\/wp-content\/uploads\/2025\/01\/desktop-rewinder-machine1.webp","datePublished":"2025-01-06T10:27:14+00:00","dateModified":"2025-05-26T06:14:44+00:00","description":"Nous prenons en charge des solutions de rembobineuses de bureau personnalis\u00e9es pour vous, y compris des imprimantes, des \u00e9tiqueteuses, etc.","breadcrumb":{"@id":"https:\/\/byfeeder.net\/product\/desktop-paper-label-small-rewinder-machine-with-inkjet-printer\/#breadcrumb"},"inLanguage":"fr-FR","potentialAction":[{"@type":"ReadAction","target":["https:\/\/byfeeder.net\/product\/desktop-paper-label-small-rewinder-machine-with-inkjet-printer\/"]}]},{"@type":"ImageObject","inLanguage":"fr-FR","@id":"https:\/\/byfeeder.net\/product\/desktop-paper-label-small-rewinder-machine-with-inkjet-printer\/#primaryimage","url":"https:\/\/byfeeder.net\/wp-content\/uploads\/2025\/01\/desktop-rewinder-machine1.webp","contentUrl":"https:\/\/byfeeder.net\/wp-content\/uploads\/2025\/01\/desktop-rewinder-machine1.webp","width":700,"height":700,"caption":"desktop rewinder machine(1)"},{"@type":"BreadcrumbList","@id":"https:\/\/byfeeder.net\/product\/desktop-paper-label-small-rewinder-machine-with-inkjet-printer\/#breadcrumb","itemListElement":[{"@type":"ListItem","position":1,"name":"Home","item":"https:\/\/byfeeder.net\/"},{"@type":"ListItem","position":2,"name":"Products","item":"https:\/\/byfeeder.net\/solution\/"},{"@type":"ListItem","position":3,"name":"Desktop Paper Label Small Rewinder Machine with Inkjet Printer"}]},{"@type":"WebSite","@id":"https:\/\/byfeeder.net\/#website","url":"https:\/\/byfeeder.net\/","name":"PARFeeder","description":"Fabricant de solutions de syst\u00e8mes d&#039;alimentation et de rembobinage d&#039;emballages","publisher":{"@id":"https:\/\/byfeeder.net\/#organization"},"potentialAction":[{"@type":"SearchAction","target":{"@type":"EntryPoint","urlTemplate":"https:\/\/byfeeder.net\/?s={search_term_string}"},"query-input":{"@type":"PropertyValueSpecification","valueRequired":true,"valueName":"search_term_string"}}],"inLanguage":"fr-FR"},{"@type":"Organization","@id":"https:\/\/byfeeder.net\/#organization","name":"PAR","url":"https:\/\/byfeeder.net\/","logo":{"@type":"ImageObject","inLanguage":"fr-FR","@id":"https:\/\/byfeeder.net\/#\/schema\/logo\/image\/","url":"https:\/\/byfeeder.net\/wp-content\/uploads\/2025\/05\/byfeeder-logo.webp","contentUrl":"https:\/\/byfeeder.net\/wp-content\/uploads\/2025\/05\/byfeeder-logo.webp","width":512,"height":512,"caption":"BY"},"image":{"@id":"https:\/\/byfeeder.net\/#\/schema\/logo\/image\/"}}]}},"_links":{"self":[{"href":"https:\/\/byfeeder.net\/fr\/wp-json\/wp\/v2\/product\/2707"}],"collection":[{"href":"https:\/\/byfeeder.net\/fr\/wp-json\/wp\/v2\/product"}],"about":[{"href":"https:\/\/byfeeder.net\/fr\/wp-json\/wp\/v2\/types\/product"}],"wp:featuredmedia":[{"embeddable":true,"href":"https:\/\/byfeeder.net\/fr\/wp-json\/wp\/v2\/media\/3041"}],"wp:attachment":[{"href":"https:\/\/byfeeder.net\/fr\/wp-json\/wp\/v2\/media?parent=2707"}],"wp:term":[{"taxonomy":"product_brand","embeddable":true,"href":"https:\/\/byfeeder.net\/fr\/wp-json\/wp\/v2\/product_brand?post=2707"},{"taxonomy":"product_cat","embeddable":true,"href":"https:\/\/byfeeder.net\/fr\/wp-json\/wp\/v2\/product_cat?post=2707"},{"taxonomy":"product_tag","embeddable":true,"href":"https:\/\/byfeeder.net\/fr\/wp-json\/wp\/v2\/product_tag?post=2707"}],"curies":[{"name":"wp","href":"https:\/\/api.w.org\/{rel}","templated":true}]}}