{"id":2627,"date":"2024-12-26T01:59:07","date_gmt":"2024-12-26T09:59:07","guid":{"rendered":"https:\/\/byfeeder.net\/?post_type=product&#038;p=2627"},"modified":"2025-11-20T21:52:14","modified_gmt":"2025-11-21T05:52:14","slug":"machine-a-rebobiner-les-bandes-magnetiques-a-vendre","status":"publish","type":"product","link":"https:\/\/byfeeder.net\/fr\/product\/machine-a-rebobiner-les-bandes-magnetiques-a-vendre\/","title":{"rendered":"Machine de rebobinage de ruban PVC BOPP personnalis\u00e9e avec imprimante"},"content":{"rendered":"<p>Nous sommes un fabricant de confiance de machines de rebobinage de ruban adh\u00e9sif, fournissant des solutions de rebobinage sur mesure pour r\u00e9pondre aux besoins mondiaux en mati\u00e8re d&#039;emballage, de codage et d&#039;\u00e9tiquetage.<\/p>","protected":false},"excerpt":{"rendered":"<p>Mod\u00e8le : IF-RW500ST-500-TT0<\/p>\n<p>Puissance d&#039;entr\u00e9e : environ 1,5 \u00e0 2 kW<\/p>\n<p>Vitesse de course : 0-100 m\/min<\/p>\n<p>Imprimante jet d&#039;encre en option\u00a0: DOMINO, Sojet, DK, UCS, VIDEOJET<\/p>","protected":false},"featured_media":4270,"template":"","meta":{"_acf_changed":false},"product_brand":[],"product_cat":[40],"product_tag":[42],"class_list":{"0":"post-2627","1":"product","2":"type-product","3":"status-publish","4":"has-post-thumbnail","6":"product_cat-rewinder-machines","7":"product_tag-wholesale-sheet-feeder","9":"first","10":"instock","11":"shipping-taxable","12":"product-type-simple"},"acf":[],"yoast_head":"<!-- This site is optimized with the Yoast SEO plugin v25.3.1 - https:\/\/yoast.com\/wordpress\/plugins\/seo\/ -->\n<title>Custom BOPP Tape Rewinder Machine<\/title>\n<meta name=\"description\" content=\"We are a trusted tape rewinding machine manufacturer, providing tailored tape rewinding solutions to meet global packaging, coding, and labeling needs.\" \/>\n<meta name=\"robots\" content=\"index, follow, max-snippet:-1, max-image-preview:large, max-video-preview:-1\" \/>\n<link rel=\"canonical\" href=\"https:\/\/byfeeder.net\/fr\/product\/machine-a-rebobiner-les-bandes-magnetiques-a-vendre\/\" \/>\n<meta property=\"og:locale\" content=\"fr_FR\" \/>\n<meta property=\"og:type\" content=\"article\" \/>\n<meta property=\"og:title\" content=\"Custom BOPP Tape Rewinder Machine\" \/>\n<meta property=\"og:description\" content=\"We are a trusted tape rewinding machine manufacturer, providing tailored tape rewinding solutions to meet global packaging, coding, and labeling needs.\" \/>\n<meta property=\"og:url\" content=\"https:\/\/byfeeder.net\/fr\/product\/machine-a-rebobiner-les-bandes-magnetiques-a-vendre\/\" \/>\n<meta property=\"og:site_name\" content=\"BYFeeder\" \/>\n<meta property=\"article:modified_time\" content=\"2025-11-21T05:52:14+00:00\" \/>\n<meta property=\"og:image\" content=\"https:\/\/byfeeder.net\/wp-content\/uploads\/2024\/12\/tape-rewinding-machine.webp\" \/>\n\t<meta property=\"og:image:width\" content=\"700\" \/>\n\t<meta property=\"og:image:height\" content=\"700\" \/>\n\t<meta property=\"og:image:type\" content=\"image\/webp\" \/>\n<meta name=\"twitter:card\" content=\"summary_large_image\" \/>\n<meta name=\"twitter:label1\" content=\"Dur\u00e9e de lecture estim\u00e9e\" \/>\n\t<meta name=\"twitter:data1\" content=\"1 minute\" \/>\n<script type=\"application\/ld+json\" class=\"yoast-schema-graph\">{\"@context\":\"https:\/\/schema.org\",\"@graph\":[{\"@type\":\"WebPage\",\"@id\":\"https:\/\/byfeeder.net\/product\/tape-rewinding-machine-for-sale\/\",\"url\":\"https:\/\/byfeeder.net\/product\/tape-rewinding-machine-for-sale\/\",\"name\":\"Custom BOPP Tape Rewinder Machine\",\"isPartOf\":{\"@id\":\"https:\/\/byfeeder.net\/#website\"},\"primaryImageOfPage\":{\"@id\":\"https:\/\/byfeeder.net\/product\/tape-rewinding-machine-for-sale\/#primaryimage\"},\"image\":{\"@id\":\"https:\/\/byfeeder.net\/product\/tape-rewinding-machine-for-sale\/#primaryimage\"},\"thumbnailUrl\":\"https:\/\/byfeeder.net\/wp-content\/uploads\/2024\/12\/tape-rewinding-machine.webp\",\"datePublished\":\"2024-12-26T09:59:07+00:00\",\"dateModified\":\"2025-11-21T05:52:14+00:00\",\"description\":\"We are a trusted tape rewinding machine manufacturer, providing tailored tape rewinding solutions to meet global packaging, coding, and labeling needs.\",\"breadcrumb\":{\"@id\":\"https:\/\/byfeeder.net\/product\/tape-rewinding-machine-for-sale\/#breadcrumb\"},\"inLanguage\":\"fr-FR\",\"potentialAction\":[{\"@type\":\"ReadAction\",\"target\":[\"https:\/\/byfeeder.net\/product\/tape-rewinding-machine-for-sale\/\"]}]},{\"@type\":\"ImageObject\",\"inLanguage\":\"fr-FR\",\"@id\":\"https:\/\/byfeeder.net\/product\/tape-rewinding-machine-for-sale\/#primaryimage\",\"url\":\"https:\/\/byfeeder.net\/wp-content\/uploads\/2024\/12\/tape-rewinding-machine.webp\",\"contentUrl\":\"https:\/\/byfeeder.net\/wp-content\/uploads\/2024\/12\/tape-rewinding-machine.webp\",\"width\":700,\"height\":700,\"caption\":\"tape rewinding machine\"},{\"@type\":\"BreadcrumbList\",\"@id\":\"https:\/\/byfeeder.net\/product\/tape-rewinding-machine-for-sale\/#breadcrumb\",\"itemListElement\":[{\"@type\":\"ListItem\",\"position\":1,\"name\":\"Home\",\"item\":\"https:\/\/byfeeder.net\/\"},{\"@type\":\"ListItem\",\"position\":2,\"name\":\"Products\",\"item\":\"https:\/\/byfeeder.net\/solution\/\"},{\"@type\":\"ListItem\",\"position\":3,\"name\":\"Custom PVC BOPP Tape Rewinding Machine with Printer\"}]},{\"@type\":\"WebSite\",\"@id\":\"https:\/\/byfeeder.net\/#website\",\"url\":\"https:\/\/byfeeder.net\/\",\"name\":\"BYFeeder\",\"description\":\"Packaging Feeding and Rewinding System Solutions Manufacturer\",\"publisher\":{\"@id\":\"https:\/\/byfeeder.net\/#organization\"},\"potentialAction\":[{\"@type\":\"SearchAction\",\"target\":{\"@type\":\"EntryPoint\",\"urlTemplate\":\"https:\/\/byfeeder.net\/?s={search_term_string}\"},\"query-input\":{\"@type\":\"PropertyValueSpecification\",\"valueRequired\":true,\"valueName\":\"search_term_string\"}}],\"inLanguage\":\"fr-FR\"},{\"@type\":\"Organization\",\"@id\":\"https:\/\/byfeeder.net\/#organization\",\"name\":\"BY\",\"url\":\"https:\/\/byfeeder.net\/\",\"logo\":{\"@type\":\"ImageObject\",\"inLanguage\":\"fr-FR\",\"@id\":\"https:\/\/byfeeder.net\/#\/schema\/logo\/image\/\",\"url\":\"https:\/\/byfeeder.net\/wp-content\/uploads\/2025\/05\/byfeeder-logo.webp\",\"contentUrl\":\"https:\/\/byfeeder.net\/wp-content\/uploads\/2025\/05\/byfeeder-logo.webp\",\"width\":512,\"height\":512,\"caption\":\"BY\"},\"image\":{\"@id\":\"https:\/\/byfeeder.net\/#\/schema\/logo\/image\/\"}}]}<\/script>\n<!-- \/ Yoast SEO plugin. -->","yoast_head_json":{"title":"Machine de rebobinage de ruban BOPP personnalis\u00e9e","description":"Nous sommes un fabricant de confiance de machines de rebobinage de ruban adh\u00e9sif, fournissant des solutions de rebobinage sur mesure pour r\u00e9pondre aux besoins mondiaux en mati\u00e8re d&#039;emballage, de codage et d&#039;\u00e9tiquetage.","robots":{"index":"index","follow":"follow","max-snippet":"max-snippet:-1","max-image-preview":"max-image-preview:large","max-video-preview":"max-video-preview:-1"},"canonical":"https:\/\/byfeeder.net\/fr\/product\/machine-a-rebobiner-les-bandes-magnetiques-a-vendre\/","og_locale":"fr_FR","og_type":"article","og_title":"Custom BOPP Tape Rewinder Machine","og_description":"We are a trusted tape rewinding machine manufacturer, providing tailored tape rewinding solutions to meet global packaging, coding, and labeling needs.","og_url":"https:\/\/byfeeder.net\/fr\/product\/machine-a-rebobiner-les-bandes-magnetiques-a-vendre\/","og_site_name":"BYFeeder","article_modified_time":"2025-11-21T05:52:14+00:00","og_image":[{"width":700,"height":700,"url":"https:\/\/byfeeder.net\/wp-content\/uploads\/2024\/12\/tape-rewinding-machine.webp","type":"image\/webp"}],"twitter_card":"summary_large_image","twitter_misc":{"Dur\u00e9e de lecture estim\u00e9e":"1 minute"},"schema":{"@context":"https:\/\/schema.org","@graph":[{"@type":"WebPage","@id":"https:\/\/byfeeder.net\/product\/tape-rewinding-machine-for-sale\/","url":"https:\/\/byfeeder.net\/product\/tape-rewinding-machine-for-sale\/","name":"Machine de rebobinage de ruban BOPP personnalis\u00e9e","isPartOf":{"@id":"https:\/\/byfeeder.net\/#website"},"primaryImageOfPage":{"@id":"https:\/\/byfeeder.net\/product\/tape-rewinding-machine-for-sale\/#primaryimage"},"image":{"@id":"https:\/\/byfeeder.net\/product\/tape-rewinding-machine-for-sale\/#primaryimage"},"thumbnailUrl":"https:\/\/byfeeder.net\/wp-content\/uploads\/2024\/12\/tape-rewinding-machine.webp","datePublished":"2024-12-26T09:59:07+00:00","dateModified":"2025-11-21T05:52:14+00:00","description":"Nous sommes un fabricant de confiance de machines de rebobinage de ruban adh\u00e9sif, fournissant des solutions de rebobinage sur mesure pour r\u00e9pondre aux besoins mondiaux en mati\u00e8re d&#039;emballage, de codage et d&#039;\u00e9tiquetage.","breadcrumb":{"@id":"https:\/\/byfeeder.net\/product\/tape-rewinding-machine-for-sale\/#breadcrumb"},"inLanguage":"fr-FR","potentialAction":[{"@type":"ReadAction","target":["https:\/\/byfeeder.net\/product\/tape-rewinding-machine-for-sale\/"]}]},{"@type":"ImageObject","inLanguage":"fr-FR","@id":"https:\/\/byfeeder.net\/product\/tape-rewinding-machine-for-sale\/#primaryimage","url":"https:\/\/byfeeder.net\/wp-content\/uploads\/2024\/12\/tape-rewinding-machine.webp","contentUrl":"https:\/\/byfeeder.net\/wp-content\/uploads\/2024\/12\/tape-rewinding-machine.webp","width":700,"height":700,"caption":"tape rewinding machine"},{"@type":"BreadcrumbList","@id":"https:\/\/byfeeder.net\/product\/tape-rewinding-machine-for-sale\/#breadcrumb","itemListElement":[{"@type":"ListItem","position":1,"name":"Home","item":"https:\/\/byfeeder.net\/"},{"@type":"ListItem","position":2,"name":"Products","item":"https:\/\/byfeeder.net\/solution\/"},{"@type":"ListItem","position":3,"name":"Custom PVC BOPP Tape Rewinding Machine with Printer"}]},{"@type":"WebSite","@id":"https:\/\/byfeeder.net\/#website","url":"https:\/\/byfeeder.net\/","name":"PARFeeder","description":"Fabricant de solutions de syst\u00e8mes d&#039;alimentation et de rembobinage d&#039;emballages","publisher":{"@id":"https:\/\/byfeeder.net\/#organization"},"potentialAction":[{"@type":"SearchAction","target":{"@type":"EntryPoint","urlTemplate":"https:\/\/byfeeder.net\/?s={search_term_string}"},"query-input":{"@type":"PropertyValueSpecification","valueRequired":true,"valueName":"search_term_string"}}],"inLanguage":"fr-FR"},{"@type":"Organization","@id":"https:\/\/byfeeder.net\/#organization","name":"PAR","url":"https:\/\/byfeeder.net\/","logo":{"@type":"ImageObject","inLanguage":"fr-FR","@id":"https:\/\/byfeeder.net\/#\/schema\/logo\/image\/","url":"https:\/\/byfeeder.net\/wp-content\/uploads\/2025\/05\/byfeeder-logo.webp","contentUrl":"https:\/\/byfeeder.net\/wp-content\/uploads\/2025\/05\/byfeeder-logo.webp","width":512,"height":512,"caption":"BY"},"image":{"@id":"https:\/\/byfeeder.net\/#\/schema\/logo\/image\/"}}]}},"_links":{"self":[{"href":"https:\/\/byfeeder.net\/fr\/wp-json\/wp\/v2\/product\/2627"}],"collection":[{"href":"https:\/\/byfeeder.net\/fr\/wp-json\/wp\/v2\/product"}],"about":[{"href":"https:\/\/byfeeder.net\/fr\/wp-json\/wp\/v2\/types\/product"}],"wp:featuredmedia":[{"embeddable":true,"href":"https:\/\/byfeeder.net\/fr\/wp-json\/wp\/v2\/media\/4270"}],"wp:attachment":[{"href":"https:\/\/byfeeder.net\/fr\/wp-json\/wp\/v2\/media?parent=2627"}],"wp:term":[{"taxonomy":"product_brand","embeddable":true,"href":"https:\/\/byfeeder.net\/fr\/wp-json\/wp\/v2\/product_brand?post=2627"},{"taxonomy":"product_cat","embeddable":true,"href":"https:\/\/byfeeder.net\/fr\/wp-json\/wp\/v2\/product_cat?post=2627"},{"taxonomy":"product_tag","embeddable":true,"href":"https:\/\/byfeeder.net\/fr\/wp-json\/wp\/v2\/product_tag?post=2627"}],"curies":[{"name":"wp","href":"https:\/\/api.w.org\/{rel}","templated":true}]}}