{"id":2622,"date":"2024-12-26T01:31:44","date_gmt":"2024-12-26T09:31:44","guid":{"rendered":"https:\/\/byfeeder.net\/?post_type=product&#038;p=2622"},"modified":"2025-04-09T23:29:51","modified_gmt":"2025-04-10T07:29:51","slug":"machine-de-rembobinage-de-film-etirable-en-aluminium-avec-imprimante","status":"publish","type":"product","link":"https:\/\/byfeeder.net\/fr\/product\/machine-de-rembobinage-de-film-etirable-en-aluminium-avec-imprimante\/","title":{"rendered":"Machine de rembobinage de film \u00e9tirable en aluminium avec imprimante"},"content":{"rendered":"<p><strong>Param\u00e8tre du produit<\/strong><\/p>\n<p>M\u00e9thode de collecte : Rembobinage automatique<\/p>\n<p>Poids de l&#039;\u00e9quipement : environ 300 kg<\/p>\n<p>Mode de contr\u00f4le : Contr\u00f4le de tension manuel standard Contr\u00f4le de tension automatique en option<\/p>\n<p>Mode de transmission : servomoteur \u00e0 courant alternatif<\/p>\n<p>\u00c9paisseur du mat\u00e9riau : 0,012-0,15 mm<\/p>\n<p>Diam\u00e8tre maximal du mat\u00e9riau : 500 mm<\/p>\n<p>Diam\u00e8tre int\u00e9rieur du noyau en papier : 3 pouces<\/p>\n<p>Largeur du mat\u00e9riau : 30-500 mm<\/p>\n<p><strong>Configuration optionnelle<\/strong><\/p>\n<p>Syst\u00e8me de correction des \u00e9carts<\/p>\n<p>Diverses imprimantes \u00e0 jet d&#039;encre (CIJ, TIJ, UV)<\/p>\n<p>Machine \u00e0 rep\u00e9rer<\/p>\n<p>Etiqueteuse<\/p>\n<p>Petits caract\u00e8res<\/p>","protected":false},"excerpt":{"rendered":"<p>Mod\u00e8le : IF-RW500ST-500-uv<\/p>\n<p>Puissance d&#039;entr\u00e9e : environ 1,5 \u00e0 2 kW<\/p>\n<p>Vitesse de course : 0-100 m\/min<\/p>\n<p>Imprimante jet d&#039;encre en option\u00a0: DOMINO, Sojet, DK, UCS, VIDEOJET<\/p>","protected":false},"featured_media":3037,"template":"","meta":{"_acf_changed":false},"product_brand":[],"product_cat":[40],"product_tag":[],"class_list":{"0":"post-2622","1":"product","2":"type-product","3":"status-publish","4":"has-post-thumbnail","6":"product_cat-rewinder-machines","8":"first","9":"instock","10":"shipping-taxable","11":"product-type-simple"},"acf":[],"yoast_head":"<!-- This site is optimized with the Yoast SEO plugin v25.3.1 - https:\/\/yoast.com\/wordpress\/plugins\/seo\/ -->\n<title>Aluminium Foil Paper Stretch Film Rewinder Machine with Printer | BYFeeder<\/title>\n<meta name=\"robots\" content=\"index, follow, max-snippet:-1, max-image-preview:large, max-video-preview:-1\" \/>\n<link rel=\"canonical\" href=\"https:\/\/byfeeder.net\/fr\/product\/machine-de-rembobinage-de-film-etirable-en-aluminium-avec-imprimante\/\" \/>\n<meta property=\"og:locale\" content=\"fr_FR\" \/>\n<meta property=\"og:type\" content=\"article\" \/>\n<meta property=\"og:title\" content=\"Aluminium Foil Paper Stretch Film Rewinder Machine with Printer | BYFeeder\" \/>\n<meta property=\"og:description\" content=\"Model: IF-RW500ST- 500-uv  Input power: About 1.5-2KW  Running Speed:0-100m\/min  Optional Inkjet Printer: DOMINO, Sojet, DK, UCS, VIDEOJET\" \/>\n<meta property=\"og:url\" content=\"https:\/\/byfeeder.net\/fr\/product\/machine-de-rembobinage-de-film-etirable-en-aluminium-avec-imprimante\/\" \/>\n<meta property=\"og:site_name\" content=\"BYFeeder\" \/>\n<meta property=\"article:modified_time\" content=\"2025-04-10T07:29:51+00:00\" \/>\n<meta property=\"og:image\" content=\"https:\/\/byfeeder.net\/wp-content\/uploads\/2024\/12\/Film-Rewinder-Machine1.webp\" \/>\n\t<meta property=\"og:image:width\" content=\"700\" \/>\n\t<meta property=\"og:image:height\" content=\"700\" \/>\n\t<meta property=\"og:image:type\" content=\"image\/webp\" \/>\n<meta name=\"twitter:card\" content=\"summary_large_image\" \/>\n<meta name=\"twitter:label1\" content=\"Dur\u00e9e de lecture estim\u00e9e\" \/>\n\t<meta name=\"twitter:data1\" content=\"1 minute\" \/>\n<script type=\"application\/ld+json\" class=\"yoast-schema-graph\">{\"@context\":\"https:\/\/schema.org\",\"@graph\":[{\"@type\":\"WebPage\",\"@id\":\"https:\/\/byfeeder.net\/product\/aluminium-foil-paper-stretch-film-rewinder-machine-with-printer\/\",\"url\":\"https:\/\/byfeeder.net\/product\/aluminium-foil-paper-stretch-film-rewinder-machine-with-printer\/\",\"name\":\"Aluminium Foil Paper Stretch Film Rewinder Machine with Printer | BYFeeder\",\"isPartOf\":{\"@id\":\"https:\/\/byfeeder.net\/#website\"},\"primaryImageOfPage\":{\"@id\":\"https:\/\/byfeeder.net\/product\/aluminium-foil-paper-stretch-film-rewinder-machine-with-printer\/#primaryimage\"},\"image\":{\"@id\":\"https:\/\/byfeeder.net\/product\/aluminium-foil-paper-stretch-film-rewinder-machine-with-printer\/#primaryimage\"},\"thumbnailUrl\":\"https:\/\/byfeeder.net\/wp-content\/uploads\/2024\/12\/Film-Rewinder-Machine1.webp\",\"datePublished\":\"2024-12-26T09:31:44+00:00\",\"dateModified\":\"2025-04-10T07:29:51+00:00\",\"breadcrumb\":{\"@id\":\"https:\/\/byfeeder.net\/product\/aluminium-foil-paper-stretch-film-rewinder-machine-with-printer\/#breadcrumb\"},\"inLanguage\":\"fr-FR\",\"potentialAction\":[{\"@type\":\"ReadAction\",\"target\":[\"https:\/\/byfeeder.net\/product\/aluminium-foil-paper-stretch-film-rewinder-machine-with-printer\/\"]}]},{\"@type\":\"ImageObject\",\"inLanguage\":\"fr-FR\",\"@id\":\"https:\/\/byfeeder.net\/product\/aluminium-foil-paper-stretch-film-rewinder-machine-with-printer\/#primaryimage\",\"url\":\"https:\/\/byfeeder.net\/wp-content\/uploads\/2024\/12\/Film-Rewinder-Machine1.webp\",\"contentUrl\":\"https:\/\/byfeeder.net\/wp-content\/uploads\/2024\/12\/Film-Rewinder-Machine1.webp\",\"width\":700,\"height\":700,\"caption\":\"Film Rewinder Machine(1)\"},{\"@type\":\"BreadcrumbList\",\"@id\":\"https:\/\/byfeeder.net\/product\/aluminium-foil-paper-stretch-film-rewinder-machine-with-printer\/#breadcrumb\",\"itemListElement\":[{\"@type\":\"ListItem\",\"position\":1,\"name\":\"Home\",\"item\":\"https:\/\/byfeeder.net\/\"},{\"@type\":\"ListItem\",\"position\":2,\"name\":\"Products\",\"item\":\"https:\/\/byfeeder.net\/solution\/\"},{\"@type\":\"ListItem\",\"position\":3,\"name\":\"Aluminium Foil Paper Stretch Film Rewinder Machine with Printer\"}]},{\"@type\":\"WebSite\",\"@id\":\"https:\/\/byfeeder.net\/#website\",\"url\":\"https:\/\/byfeeder.net\/\",\"name\":\"BYFeeder\",\"description\":\"Packaging Feeding and Rewinding System Solutions Manufacturer\",\"publisher\":{\"@id\":\"https:\/\/byfeeder.net\/#organization\"},\"potentialAction\":[{\"@type\":\"SearchAction\",\"target\":{\"@type\":\"EntryPoint\",\"urlTemplate\":\"https:\/\/byfeeder.net\/?s={search_term_string}\"},\"query-input\":{\"@type\":\"PropertyValueSpecification\",\"valueRequired\":true,\"valueName\":\"search_term_string\"}}],\"inLanguage\":\"fr-FR\"},{\"@type\":\"Organization\",\"@id\":\"https:\/\/byfeeder.net\/#organization\",\"name\":\"BY\",\"url\":\"https:\/\/byfeeder.net\/\",\"logo\":{\"@type\":\"ImageObject\",\"inLanguage\":\"fr-FR\",\"@id\":\"https:\/\/byfeeder.net\/#\/schema\/logo\/image\/\",\"url\":\"https:\/\/byfeeder.net\/wp-content\/uploads\/2025\/05\/byfeeder-logo.webp\",\"contentUrl\":\"https:\/\/byfeeder.net\/wp-content\/uploads\/2025\/05\/byfeeder-logo.webp\",\"width\":512,\"height\":512,\"caption\":\"BY\"},\"image\":{\"@id\":\"https:\/\/byfeeder.net\/#\/schema\/logo\/image\/\"}}]}<\/script>\n<!-- \/ Yoast SEO plugin. -->","yoast_head_json":{"title":"Enrouleur de film \u00e9tirable en aluminium avec imprimante | BYFeeder","robots":{"index":"index","follow":"follow","max-snippet":"max-snippet:-1","max-image-preview":"max-image-preview:large","max-video-preview":"max-video-preview:-1"},"canonical":"https:\/\/byfeeder.net\/fr\/product\/machine-de-rembobinage-de-film-etirable-en-aluminium-avec-imprimante\/","og_locale":"fr_FR","og_type":"article","og_title":"Aluminium Foil Paper Stretch Film Rewinder Machine with Printer | BYFeeder","og_description":"Model: IF-RW500ST- 500-uv  Input power: About 1.5-2KW  Running Speed:0-100m\/min  Optional Inkjet Printer: DOMINO, Sojet, DK, UCS, VIDEOJET","og_url":"https:\/\/byfeeder.net\/fr\/product\/machine-de-rembobinage-de-film-etirable-en-aluminium-avec-imprimante\/","og_site_name":"BYFeeder","article_modified_time":"2025-04-10T07:29:51+00:00","og_image":[{"width":700,"height":700,"url":"https:\/\/byfeeder.net\/wp-content\/uploads\/2024\/12\/Film-Rewinder-Machine1.webp","type":"image\/webp"}],"twitter_card":"summary_large_image","twitter_misc":{"Dur\u00e9e de lecture estim\u00e9e":"1 minute"},"schema":{"@context":"https:\/\/schema.org","@graph":[{"@type":"WebPage","@id":"https:\/\/byfeeder.net\/product\/aluminium-foil-paper-stretch-film-rewinder-machine-with-printer\/","url":"https:\/\/byfeeder.net\/product\/aluminium-foil-paper-stretch-film-rewinder-machine-with-printer\/","name":"Enrouleur de film \u00e9tirable en aluminium avec imprimante | BYFeeder","isPartOf":{"@id":"https:\/\/byfeeder.net\/#website"},"primaryImageOfPage":{"@id":"https:\/\/byfeeder.net\/product\/aluminium-foil-paper-stretch-film-rewinder-machine-with-printer\/#primaryimage"},"image":{"@id":"https:\/\/byfeeder.net\/product\/aluminium-foil-paper-stretch-film-rewinder-machine-with-printer\/#primaryimage"},"thumbnailUrl":"https:\/\/byfeeder.net\/wp-content\/uploads\/2024\/12\/Film-Rewinder-Machine1.webp","datePublished":"2024-12-26T09:31:44+00:00","dateModified":"2025-04-10T07:29:51+00:00","breadcrumb":{"@id":"https:\/\/byfeeder.net\/product\/aluminium-foil-paper-stretch-film-rewinder-machine-with-printer\/#breadcrumb"},"inLanguage":"fr-FR","potentialAction":[{"@type":"ReadAction","target":["https:\/\/byfeeder.net\/product\/aluminium-foil-paper-stretch-film-rewinder-machine-with-printer\/"]}]},{"@type":"ImageObject","inLanguage":"fr-FR","@id":"https:\/\/byfeeder.net\/product\/aluminium-foil-paper-stretch-film-rewinder-machine-with-printer\/#primaryimage","url":"https:\/\/byfeeder.net\/wp-content\/uploads\/2024\/12\/Film-Rewinder-Machine1.webp","contentUrl":"https:\/\/byfeeder.net\/wp-content\/uploads\/2024\/12\/Film-Rewinder-Machine1.webp","width":700,"height":700,"caption":"Film Rewinder Machine(1)"},{"@type":"BreadcrumbList","@id":"https:\/\/byfeeder.net\/product\/aluminium-foil-paper-stretch-film-rewinder-machine-with-printer\/#breadcrumb","itemListElement":[{"@type":"ListItem","position":1,"name":"Home","item":"https:\/\/byfeeder.net\/"},{"@type":"ListItem","position":2,"name":"Products","item":"https:\/\/byfeeder.net\/solution\/"},{"@type":"ListItem","position":3,"name":"Aluminium Foil Paper Stretch Film Rewinder Machine with Printer"}]},{"@type":"WebSite","@id":"https:\/\/byfeeder.net\/#website","url":"https:\/\/byfeeder.net\/","name":"PARFeeder","description":"Fabricant de solutions de syst\u00e8mes d&#039;alimentation et de rembobinage d&#039;emballages","publisher":{"@id":"https:\/\/byfeeder.net\/#organization"},"potentialAction":[{"@type":"SearchAction","target":{"@type":"EntryPoint","urlTemplate":"https:\/\/byfeeder.net\/?s={search_term_string}"},"query-input":{"@type":"PropertyValueSpecification","valueRequired":true,"valueName":"search_term_string"}}],"inLanguage":"fr-FR"},{"@type":"Organization","@id":"https:\/\/byfeeder.net\/#organization","name":"PAR","url":"https:\/\/byfeeder.net\/","logo":{"@type":"ImageObject","inLanguage":"fr-FR","@id":"https:\/\/byfeeder.net\/#\/schema\/logo\/image\/","url":"https:\/\/byfeeder.net\/wp-content\/uploads\/2025\/05\/byfeeder-logo.webp","contentUrl":"https:\/\/byfeeder.net\/wp-content\/uploads\/2025\/05\/byfeeder-logo.webp","width":512,"height":512,"caption":"BY"},"image":{"@id":"https:\/\/byfeeder.net\/#\/schema\/logo\/image\/"}}]}},"_links":{"self":[{"href":"https:\/\/byfeeder.net\/fr\/wp-json\/wp\/v2\/product\/2622"}],"collection":[{"href":"https:\/\/byfeeder.net\/fr\/wp-json\/wp\/v2\/product"}],"about":[{"href":"https:\/\/byfeeder.net\/fr\/wp-json\/wp\/v2\/types\/product"}],"wp:featuredmedia":[{"embeddable":true,"href":"https:\/\/byfeeder.net\/fr\/wp-json\/wp\/v2\/media\/3037"}],"wp:attachment":[{"href":"https:\/\/byfeeder.net\/fr\/wp-json\/wp\/v2\/media?parent=2622"}],"wp:term":[{"taxonomy":"product_brand","embeddable":true,"href":"https:\/\/byfeeder.net\/fr\/wp-json\/wp\/v2\/product_brand?post=2622"},{"taxonomy":"product_cat","embeddable":true,"href":"https:\/\/byfeeder.net\/fr\/wp-json\/wp\/v2\/product_cat?post=2622"},{"taxonomy":"product_tag","embeddable":true,"href":"https:\/\/byfeeder.net\/fr\/wp-json\/wp\/v2\/product_tag?post=2622"}],"curies":[{"name":"wp","href":"https:\/\/api.w.org\/{rel}","templated":true}]}}