{"id":2604,"date":"2024-12-25T23:58:13","date_gmt":"2024-12-26T07:58:13","guid":{"rendered":"https:\/\/byfeeder.net\/?post_type=product&#038;p=2604"},"modified":"2025-04-09T23:37:00","modified_gmt":"2025-04-10T07:37:00","slug":"machine-automatique-de-rembobinage-de-ruban-detiquettes","status":"publish","type":"product","link":"https:\/\/byfeeder.net\/fr\/product\/machine-automatique-de-rembobinage-de-ruban-detiquettes\/","title":{"rendered":"Enrouleur automatique de ruban d&#039;\u00e9tiquettes"},"content":{"rendered":"<p><strong>Param\u00e8tre du produit<\/strong><\/p>\n<p>M\u00e9thode de collecte : Rembobinage automatique<\/p>\n<p>Poids de l&#039;\u00e9quipement : environ 300 kg<\/p>\n<p>Mode de contr\u00f4le : Contr\u00f4le de tension manuel standard Contr\u00f4le de tension automatique en option<\/p>\n<p>Mode de transmission : servomoteur \u00e0 courant alternatif<\/p>\n<p>\u00c9paisseur du mat\u00e9riau : 0,012-0,15 mm<\/p>\n<p>Diam\u00e8tre maximal du mat\u00e9riau : 500 mm<\/p>\n<p>Diam\u00e8tre int\u00e9rieur du noyau en papier : 3 pouces<\/p>\n<p>Largeur du mat\u00e9riau : 30-500 mm<\/p>\n<p><strong>Configuration optionnelle<\/strong><\/p>\n<p>Syst\u00e8me de correction des \u00e9carts<\/p>\n<p>Diverses imprimantes \u00e0 jet d&#039;encre<\/p>\n<p>Machine \u00e0 rep\u00e9rer<\/p>\n<p>Etiqueteuse<\/p>\n<p>Petits caract\u00e8res<\/p>","protected":false},"excerpt":{"rendered":"<p>Mod\u00e8le : IF-RW500ST- 500<\/p>\n<p>Puissance d&#039;entr\u00e9e : environ 1,5 \u00e0 2 kW<\/p>\n<p>Vitesse de course : 0-100 m\/min<\/p>\n<p>Imprimante jet d&#039;encre en option\u00a0: DOMINO, Sojet, DK, UCS, VIDEOJET<\/p>","protected":false},"featured_media":3038,"template":"","meta":{"_acf_changed":false},"product_brand":[],"product_cat":[40],"product_tag":[],"class_list":{"0":"post-2604","1":"product","2":"type-product","3":"status-publish","4":"has-post-thumbnail","6":"product_cat-rewinder-machines","8":"first","9":"instock","10":"shipping-taxable","11":"product-type-simple"},"acf":[],"yoast_head":"<!-- This site is optimized with the Yoast SEO plugin v25.3.1 - https:\/\/yoast.com\/wordpress\/plugins\/seo\/ -->\n<title>Automatic Label Ribbon Rewinder Machine | BYFeeder<\/title>\n<meta name=\"robots\" content=\"index, follow, max-snippet:-1, max-image-preview:large, max-video-preview:-1\" \/>\n<link rel=\"canonical\" href=\"https:\/\/byfeeder.net\/fr\/product\/machine-automatique-de-rembobinage-de-ruban-detiquettes\/\" \/>\n<meta property=\"og:locale\" content=\"fr_FR\" \/>\n<meta property=\"og:type\" content=\"article\" \/>\n<meta property=\"og:title\" content=\"Automatic Label Ribbon Rewinder Machine | BYFeeder\" \/>\n<meta property=\"og:description\" content=\"Model: IF-RW500ST- 500  Input power: About 1.5-2KW  Running Speed:0-100m\/min  Optional Inkjet Printer: DOMINO, Sojet, DK, UCS, VIDEOJET\" \/>\n<meta property=\"og:url\" content=\"https:\/\/byfeeder.net\/fr\/product\/machine-automatique-de-rembobinage-de-ruban-detiquettes\/\" \/>\n<meta property=\"og:site_name\" content=\"BYFeeder\" \/>\n<meta property=\"article:modified_time\" content=\"2025-04-10T07:37:00+00:00\" \/>\n<meta property=\"og:image\" content=\"https:\/\/byfeeder.net\/wp-content\/uploads\/2024\/12\/label-roll-rewinder1.webp\" \/>\n\t<meta property=\"og:image:width\" content=\"700\" \/>\n\t<meta property=\"og:image:height\" content=\"700\" \/>\n\t<meta property=\"og:image:type\" content=\"image\/webp\" \/>\n<meta name=\"twitter:card\" content=\"summary_large_image\" \/>\n<meta name=\"twitter:label1\" content=\"Dur\u00e9e de lecture estim\u00e9e\" \/>\n\t<meta name=\"twitter:data1\" content=\"1 minute\" \/>\n<script type=\"application\/ld+json\" class=\"yoast-schema-graph\">{\"@context\":\"https:\/\/schema.org\",\"@graph\":[{\"@type\":\"WebPage\",\"@id\":\"https:\/\/byfeeder.net\/product\/automatic-label-ribbon-rewinder-machine\/\",\"url\":\"https:\/\/byfeeder.net\/product\/automatic-label-ribbon-rewinder-machine\/\",\"name\":\"Automatic Label Ribbon Rewinder Machine | BYFeeder\",\"isPartOf\":{\"@id\":\"https:\/\/byfeeder.net\/#website\"},\"primaryImageOfPage\":{\"@id\":\"https:\/\/byfeeder.net\/product\/automatic-label-ribbon-rewinder-machine\/#primaryimage\"},\"image\":{\"@id\":\"https:\/\/byfeeder.net\/product\/automatic-label-ribbon-rewinder-machine\/#primaryimage\"},\"thumbnailUrl\":\"https:\/\/byfeeder.net\/wp-content\/uploads\/2024\/12\/label-roll-rewinder1.webp\",\"datePublished\":\"2024-12-26T07:58:13+00:00\",\"dateModified\":\"2025-04-10T07:37:00+00:00\",\"breadcrumb\":{\"@id\":\"https:\/\/byfeeder.net\/product\/automatic-label-ribbon-rewinder-machine\/#breadcrumb\"},\"inLanguage\":\"fr-FR\",\"potentialAction\":[{\"@type\":\"ReadAction\",\"target\":[\"https:\/\/byfeeder.net\/product\/automatic-label-ribbon-rewinder-machine\/\"]}]},{\"@type\":\"ImageObject\",\"inLanguage\":\"fr-FR\",\"@id\":\"https:\/\/byfeeder.net\/product\/automatic-label-ribbon-rewinder-machine\/#primaryimage\",\"url\":\"https:\/\/byfeeder.net\/wp-content\/uploads\/2024\/12\/label-roll-rewinder1.webp\",\"contentUrl\":\"https:\/\/byfeeder.net\/wp-content\/uploads\/2024\/12\/label-roll-rewinder1.webp\",\"width\":700,\"height\":700,\"caption\":\"Label Ribbon Rewinder Machine\"},{\"@type\":\"BreadcrumbList\",\"@id\":\"https:\/\/byfeeder.net\/product\/automatic-label-ribbon-rewinder-machine\/#breadcrumb\",\"itemListElement\":[{\"@type\":\"ListItem\",\"position\":1,\"name\":\"Home\",\"item\":\"https:\/\/byfeeder.net\/\"},{\"@type\":\"ListItem\",\"position\":2,\"name\":\"Products\",\"item\":\"https:\/\/byfeeder.net\/solution\/\"},{\"@type\":\"ListItem\",\"position\":3,\"name\":\"Automatic Label Ribbon Rewinder Machine\"}]},{\"@type\":\"WebSite\",\"@id\":\"https:\/\/byfeeder.net\/#website\",\"url\":\"https:\/\/byfeeder.net\/\",\"name\":\"BYFeeder\",\"description\":\"Packaging Feeding and Rewinding System Solutions Manufacturer\",\"publisher\":{\"@id\":\"https:\/\/byfeeder.net\/#organization\"},\"potentialAction\":[{\"@type\":\"SearchAction\",\"target\":{\"@type\":\"EntryPoint\",\"urlTemplate\":\"https:\/\/byfeeder.net\/?s={search_term_string}\"},\"query-input\":{\"@type\":\"PropertyValueSpecification\",\"valueRequired\":true,\"valueName\":\"search_term_string\"}}],\"inLanguage\":\"fr-FR\"},{\"@type\":\"Organization\",\"@id\":\"https:\/\/byfeeder.net\/#organization\",\"name\":\"BY\",\"url\":\"https:\/\/byfeeder.net\/\",\"logo\":{\"@type\":\"ImageObject\",\"inLanguage\":\"fr-FR\",\"@id\":\"https:\/\/byfeeder.net\/#\/schema\/logo\/image\/\",\"url\":\"https:\/\/byfeeder.net\/wp-content\/uploads\/2025\/05\/byfeeder-logo.webp\",\"contentUrl\":\"https:\/\/byfeeder.net\/wp-content\/uploads\/2025\/05\/byfeeder-logo.webp\",\"width\":512,\"height\":512,\"caption\":\"BY\"},\"image\":{\"@id\":\"https:\/\/byfeeder.net\/#\/schema\/logo\/image\/\"}}]}<\/script>\n<!-- \/ Yoast SEO plugin. -->","yoast_head_json":{"title":"Enrouleur automatique de ruban d&#039;\u00e9tiquettes | BYFeeder","robots":{"index":"index","follow":"follow","max-snippet":"max-snippet:-1","max-image-preview":"max-image-preview:large","max-video-preview":"max-video-preview:-1"},"canonical":"https:\/\/byfeeder.net\/fr\/product\/machine-automatique-de-rembobinage-de-ruban-detiquettes\/","og_locale":"fr_FR","og_type":"article","og_title":"Automatic Label Ribbon Rewinder Machine | BYFeeder","og_description":"Model: IF-RW500ST- 500  Input power: About 1.5-2KW  Running Speed:0-100m\/min  Optional Inkjet Printer: DOMINO, Sojet, DK, UCS, VIDEOJET","og_url":"https:\/\/byfeeder.net\/fr\/product\/machine-automatique-de-rembobinage-de-ruban-detiquettes\/","og_site_name":"BYFeeder","article_modified_time":"2025-04-10T07:37:00+00:00","og_image":[{"width":700,"height":700,"url":"https:\/\/byfeeder.net\/wp-content\/uploads\/2024\/12\/label-roll-rewinder1.webp","type":"image\/webp"}],"twitter_card":"summary_large_image","twitter_misc":{"Dur\u00e9e de lecture estim\u00e9e":"1 minute"},"schema":{"@context":"https:\/\/schema.org","@graph":[{"@type":"WebPage","@id":"https:\/\/byfeeder.net\/product\/automatic-label-ribbon-rewinder-machine\/","url":"https:\/\/byfeeder.net\/product\/automatic-label-ribbon-rewinder-machine\/","name":"Enrouleur automatique de ruban d&#039;\u00e9tiquettes | BYFeeder","isPartOf":{"@id":"https:\/\/byfeeder.net\/#website"},"primaryImageOfPage":{"@id":"https:\/\/byfeeder.net\/product\/automatic-label-ribbon-rewinder-machine\/#primaryimage"},"image":{"@id":"https:\/\/byfeeder.net\/product\/automatic-label-ribbon-rewinder-machine\/#primaryimage"},"thumbnailUrl":"https:\/\/byfeeder.net\/wp-content\/uploads\/2024\/12\/label-roll-rewinder1.webp","datePublished":"2024-12-26T07:58:13+00:00","dateModified":"2025-04-10T07:37:00+00:00","breadcrumb":{"@id":"https:\/\/byfeeder.net\/product\/automatic-label-ribbon-rewinder-machine\/#breadcrumb"},"inLanguage":"fr-FR","potentialAction":[{"@type":"ReadAction","target":["https:\/\/byfeeder.net\/product\/automatic-label-ribbon-rewinder-machine\/"]}]},{"@type":"ImageObject","inLanguage":"fr-FR","@id":"https:\/\/byfeeder.net\/product\/automatic-label-ribbon-rewinder-machine\/#primaryimage","url":"https:\/\/byfeeder.net\/wp-content\/uploads\/2024\/12\/label-roll-rewinder1.webp","contentUrl":"https:\/\/byfeeder.net\/wp-content\/uploads\/2024\/12\/label-roll-rewinder1.webp","width":700,"height":700,"caption":"Label Ribbon Rewinder Machine"},{"@type":"BreadcrumbList","@id":"https:\/\/byfeeder.net\/product\/automatic-label-ribbon-rewinder-machine\/#breadcrumb","itemListElement":[{"@type":"ListItem","position":1,"name":"Home","item":"https:\/\/byfeeder.net\/"},{"@type":"ListItem","position":2,"name":"Products","item":"https:\/\/byfeeder.net\/solution\/"},{"@type":"ListItem","position":3,"name":"Automatic Label Ribbon Rewinder Machine"}]},{"@type":"WebSite","@id":"https:\/\/byfeeder.net\/#website","url":"https:\/\/byfeeder.net\/","name":"PARFeeder","description":"Fabricant de solutions de syst\u00e8mes d&#039;alimentation et de rembobinage d&#039;emballages","publisher":{"@id":"https:\/\/byfeeder.net\/#organization"},"potentialAction":[{"@type":"SearchAction","target":{"@type":"EntryPoint","urlTemplate":"https:\/\/byfeeder.net\/?s={search_term_string}"},"query-input":{"@type":"PropertyValueSpecification","valueRequired":true,"valueName":"search_term_string"}}],"inLanguage":"fr-FR"},{"@type":"Organization","@id":"https:\/\/byfeeder.net\/#organization","name":"PAR","url":"https:\/\/byfeeder.net\/","logo":{"@type":"ImageObject","inLanguage":"fr-FR","@id":"https:\/\/byfeeder.net\/#\/schema\/logo\/image\/","url":"https:\/\/byfeeder.net\/wp-content\/uploads\/2025\/05\/byfeeder-logo.webp","contentUrl":"https:\/\/byfeeder.net\/wp-content\/uploads\/2025\/05\/byfeeder-logo.webp","width":512,"height":512,"caption":"BY"},"image":{"@id":"https:\/\/byfeeder.net\/#\/schema\/logo\/image\/"}}]}},"_links":{"self":[{"href":"https:\/\/byfeeder.net\/fr\/wp-json\/wp\/v2\/product\/2604"}],"collection":[{"href":"https:\/\/byfeeder.net\/fr\/wp-json\/wp\/v2\/product"}],"about":[{"href":"https:\/\/byfeeder.net\/fr\/wp-json\/wp\/v2\/types\/product"}],"wp:featuredmedia":[{"embeddable":true,"href":"https:\/\/byfeeder.net\/fr\/wp-json\/wp\/v2\/media\/3038"}],"wp:attachment":[{"href":"https:\/\/byfeeder.net\/fr\/wp-json\/wp\/v2\/media?parent=2604"}],"wp:term":[{"taxonomy":"product_brand","embeddable":true,"href":"https:\/\/byfeeder.net\/fr\/wp-json\/wp\/v2\/product_brand?post=2604"},{"taxonomy":"product_cat","embeddable":true,"href":"https:\/\/byfeeder.net\/fr\/wp-json\/wp\/v2\/product_cat?post=2604"},{"taxonomy":"product_tag","embeddable":true,"href":"https:\/\/byfeeder.net\/fr\/wp-json\/wp\/v2\/product_tag?post=2604"}],"curies":[{"name":"wp","href":"https:\/\/api.w.org\/{rel}","templated":true}]}}