{"id":1540,"date":"2024-11-21T01:36:51","date_gmt":"2024-11-21T09:36:51","guid":{"rendered":"https:\/\/byfeeder.net\/?post_type=product&#038;p=1540"},"modified":"2025-04-10T01:21:22","modified_gmt":"2025-04-10T09:21:22","slug":"chargeur-automatique-de-livrets-papier-et-de-cartes","status":"publish","type":"product","link":"https:\/\/byfeeder.net\/fr\/product\/chargeur-automatique-de-livrets-papier-et-de-cartes\/","title":{"rendered":"Chargeur automatique de livrets papier et de cartes"},"content":{"rendered":"<p><strong>Param\u00e8tres<\/strong><\/p>\n<p>Mode de contr\u00f4le : \u00e9cran tactile + contr\u00f4le PLC<\/p>\n<p>Mat\u00e9riau du corps : Acier inoxydable ou acier au carbone personnalis\u00e9 avec peinture de cuisson<\/p>\n<p>Diam\u00e8tre maximal du mat\u00e9riau : Personnalisation en fonction du produit<\/p>\n<p>Poids de l&#039;\u00e9quipement : environ 20-25 kg<\/p>\n<p>\u00c9paisseur du mat\u00e9riau : 0,012-0,15 mm<\/p>\n<p>Puissance d&#039;entr\u00e9e : environ 500 \u00e0 1 000 W (uniquement le t\u00e9l\u00e9avertisseur, \u00e0 l&#039;exclusion de l&#039;imprimante)<\/p>\n<p>Mode de transmission : servomoteur \u00e0 courant alternatif<\/p>\n<p><strong>Fonctions standard<\/strong><\/p>\n<ol>\n<li>Friction de courroie d\u00e9charge inf\u00e9rieure<\/li>\n<li>Alimentation directe<\/li>\n<\/ol>\n<p><strong>Configuration optionnelle<\/strong><\/p>\n<ul>\n<li>Calculez avec pr\u00e9cision le nombre de produits en ligne<\/li>\n<li>Alimentation du signal de commande externe<\/li>\n<li>Message d&#039;alarme apr\u00e8s aucun produit<\/li>\n<\/ul>\n<figure id=\"attachment_2269\" aria-describedby=\"caption-attachment-2269\" style=\"width: 750px\" class=\"wp-caption alignnone\"><img fetchpriority=\"high\" decoding=\"async\" class=\"wp-image-2269 size-full\" src=\"https:\/\/byfeeder.net\/wp-content\/uploads\/2024\/11\/card-feeder-detail1.webp\" alt=\"Chargeur automatique de livrets papier et de cartes\" width=\"750\" height=\"910\" srcset=\"https:\/\/byfeeder.net\/wp-content\/uploads\/2024\/11\/card-feeder-detail1.webp 750w, https:\/\/byfeeder.net\/wp-content\/uploads\/2024\/11\/card-feeder-detail1-600x728.webp 600w, https:\/\/byfeeder.net\/wp-content\/uploads\/2024\/11\/card-feeder-detail1-247x300.webp 247w\" sizes=\"(max-width: 750px) 100vw, 750px\" \/><figcaption id=\"caption-attachment-2269\" class=\"wp-caption-text\">Chargeur automatique de livrets papier et de cartes<\/figcaption><\/figure>\n<p><img decoding=\"async\" class=\"alignnone wp-image-2270 size-full\" src=\"https:\/\/byfeeder.net\/wp-content\/uploads\/2024\/11\/card-feeder-detail2.webp\" alt=\"Chargeur automatique de feuilles de livrets en papier \u00e0 vendre\" width=\"750\" height=\"979\" srcset=\"https:\/\/byfeeder.net\/wp-content\/uploads\/2024\/11\/card-feeder-detail2.webp 750w, https:\/\/byfeeder.net\/wp-content\/uploads\/2024\/11\/card-feeder-detail2-600x783.webp 600w, https:\/\/byfeeder.net\/wp-content\/uploads\/2024\/11\/card-feeder-detail2-230x300.webp 230w\" sizes=\"(max-width: 750px) 100vw, 750px\" \/><\/p>\n<p><img decoding=\"async\" class=\"alignnone wp-image-2271 size-full\" src=\"https:\/\/byfeeder.net\/wp-content\/uploads\/2024\/11\/card-feeder-detail3.webp\" alt=\"Chargeur automatique de feuilles de livrets en papier \u00e0 vendre\" width=\"750\" height=\"1054\" srcset=\"https:\/\/byfeeder.net\/wp-content\/uploads\/2024\/11\/card-feeder-detail3.webp 750w, https:\/\/byfeeder.net\/wp-content\/uploads\/2024\/11\/card-feeder-detail3-600x843.webp 600w, https:\/\/byfeeder.net\/wp-content\/uploads\/2024\/11\/card-feeder-detail3-213x300.webp 213w, https:\/\/byfeeder.net\/wp-content\/uploads\/2024\/11\/card-feeder-detail3-729x1024.webp 729w\" sizes=\"(max-width: 750px) 100vw, 750px\" \/><\/p>\n<p><img loading=\"lazy\" decoding=\"async\" class=\"alignnone wp-image-2272 size-full\" src=\"https:\/\/byfeeder.net\/wp-content\/uploads\/2024\/11\/card-feeder-detail4.webp\" alt=\"Chargeur automatique de feuilles de livrets en papier \u00e0 vendre\" width=\"750\" height=\"1487\" srcset=\"https:\/\/byfeeder.net\/wp-content\/uploads\/2024\/11\/card-feeder-detail4.webp 750w, https:\/\/byfeeder.net\/wp-content\/uploads\/2024\/11\/card-feeder-detail4-600x1190.webp 600w, https:\/\/byfeeder.net\/wp-content\/uploads\/2024\/11\/card-feeder-detail4-151x300.webp 151w, https:\/\/byfeeder.net\/wp-content\/uploads\/2024\/11\/card-feeder-detail4-516x1024.webp 516w\" sizes=\"(max-width: 750px) 100vw, 750px\" \/><\/p>","protected":false},"excerpt":{"rendered":"<p>Mod\u00e8le : IF-FM201DF-300<\/p>\n<p>Taille (LXWXH) : 490 \u00d7 570 \u00d7 350 mm<\/p>\n<p>Vitesse de fonctionnement de la bande : 0-120 m\/min<\/p>\n<p>Imprimante jet d&#039;encre en option\u00a0: DOMINO, Sojet, DK, UCS, VIDEOJET<\/p>","protected":false},"featured_media":3047,"template":"","meta":{"_acf_changed":false},"product_brand":[],"product_cat":[24],"product_tag":[],"class_list":{"0":"post-1540","1":"product","2":"type-product","3":"status-publish","4":"has-post-thumbnail","6":"product_cat-friction-feeders","8":"first","9":"instock","10":"shipping-taxable","11":"product-type-simple"},"acf":[],"yoast_head":"<!-- This site is optimized with the Yoast SEO plugin v25.3.1 - https:\/\/yoast.com\/wordpress\/plugins\/seo\/ -->\n<title>Automatic Paper Booklet Sheet Card Feeder | BYFeeder<\/title>\n<meta name=\"robots\" content=\"index, follow, max-snippet:-1, max-image-preview:large, max-video-preview:-1\" \/>\n<link rel=\"canonical\" href=\"https:\/\/byfeeder.net\/fr\/product\/chargeur-automatique-de-livrets-papier-et-de-cartes\/\" \/>\n<meta property=\"og:locale\" content=\"fr_FR\" \/>\n<meta property=\"og:type\" content=\"article\" \/>\n<meta property=\"og:title\" content=\"Automatic Paper Booklet Sheet Card Feeder | BYFeeder\" \/>\n<meta property=\"og:description\" content=\"Model: IF-FM201DF- 300  Size(LXWXH):490\u00d7570\u00d7350mm  Belt Running Speed:0-120m\/min  Optional Inkjet Printer: DOMINO, Sojet, DK, UCS, VIDEOJET\" \/>\n<meta property=\"og:url\" content=\"https:\/\/byfeeder.net\/fr\/product\/chargeur-automatique-de-livrets-papier-et-de-cartes\/\" \/>\n<meta property=\"og:site_name\" content=\"BYFeeder\" \/>\n<meta property=\"article:modified_time\" content=\"2025-04-10T09:21:22+00:00\" \/>\n<meta property=\"og:image\" content=\"https:\/\/byfeeder.net\/wp-content\/uploads\/2024\/11\/friction-card-feeder.webp\" \/>\n\t<meta property=\"og:image:width\" content=\"700\" \/>\n\t<meta property=\"og:image:height\" content=\"700\" \/>\n\t<meta property=\"og:image:type\" content=\"image\/webp\" \/>\n<meta name=\"twitter:card\" content=\"summary_large_image\" \/>\n<meta name=\"twitter:label1\" content=\"Dur\u00e9e de lecture estim\u00e9e\" \/>\n\t<meta name=\"twitter:data1\" content=\"2 minutes\" \/>\n<script type=\"application\/ld+json\" class=\"yoast-schema-graph\">{\"@context\":\"https:\/\/schema.org\",\"@graph\":[{\"@type\":\"WebPage\",\"@id\":\"https:\/\/byfeeder.net\/product\/automatic-paper-booklet-sheet-card-feeder\/\",\"url\":\"https:\/\/byfeeder.net\/product\/automatic-paper-booklet-sheet-card-feeder\/\",\"name\":\"Automatic Paper Booklet Sheet Card Feeder | BYFeeder\",\"isPartOf\":{\"@id\":\"https:\/\/byfeeder.net\/#website\"},\"primaryImageOfPage\":{\"@id\":\"https:\/\/byfeeder.net\/product\/automatic-paper-booklet-sheet-card-feeder\/#primaryimage\"},\"image\":{\"@id\":\"https:\/\/byfeeder.net\/product\/automatic-paper-booklet-sheet-card-feeder\/#primaryimage\"},\"thumbnailUrl\":\"https:\/\/byfeeder.net\/wp-content\/uploads\/2024\/11\/friction-card-feeder.webp\",\"datePublished\":\"2024-11-21T09:36:51+00:00\",\"dateModified\":\"2025-04-10T09:21:22+00:00\",\"breadcrumb\":{\"@id\":\"https:\/\/byfeeder.net\/product\/automatic-paper-booklet-sheet-card-feeder\/#breadcrumb\"},\"inLanguage\":\"fr-FR\",\"potentialAction\":[{\"@type\":\"ReadAction\",\"target\":[\"https:\/\/byfeeder.net\/product\/automatic-paper-booklet-sheet-card-feeder\/\"]}]},{\"@type\":\"ImageObject\",\"inLanguage\":\"fr-FR\",\"@id\":\"https:\/\/byfeeder.net\/product\/automatic-paper-booklet-sheet-card-feeder\/#primaryimage\",\"url\":\"https:\/\/byfeeder.net\/wp-content\/uploads\/2024\/11\/friction-card-feeder.webp\",\"contentUrl\":\"https:\/\/byfeeder.net\/wp-content\/uploads\/2024\/11\/friction-card-feeder.webp\",\"width\":700,\"height\":700,\"caption\":\"friction card feeder\"},{\"@type\":\"BreadcrumbList\",\"@id\":\"https:\/\/byfeeder.net\/product\/automatic-paper-booklet-sheet-card-feeder\/#breadcrumb\",\"itemListElement\":[{\"@type\":\"ListItem\",\"position\":1,\"name\":\"Home\",\"item\":\"https:\/\/byfeeder.net\/\"},{\"@type\":\"ListItem\",\"position\":2,\"name\":\"Products\",\"item\":\"https:\/\/byfeeder.net\/solution\/\"},{\"@type\":\"ListItem\",\"position\":3,\"name\":\"Automatic Paper Booklet Sheet Card Feeder\"}]},{\"@type\":\"WebSite\",\"@id\":\"https:\/\/byfeeder.net\/#website\",\"url\":\"https:\/\/byfeeder.net\/\",\"name\":\"BYFeeder\",\"description\":\"Packaging Feeding and Rewinding System Solutions Manufacturer\",\"publisher\":{\"@id\":\"https:\/\/byfeeder.net\/#organization\"},\"potentialAction\":[{\"@type\":\"SearchAction\",\"target\":{\"@type\":\"EntryPoint\",\"urlTemplate\":\"https:\/\/byfeeder.net\/?s={search_term_string}\"},\"query-input\":{\"@type\":\"PropertyValueSpecification\",\"valueRequired\":true,\"valueName\":\"search_term_string\"}}],\"inLanguage\":\"fr-FR\"},{\"@type\":\"Organization\",\"@id\":\"https:\/\/byfeeder.net\/#organization\",\"name\":\"BY\",\"url\":\"https:\/\/byfeeder.net\/\",\"logo\":{\"@type\":\"ImageObject\",\"inLanguage\":\"fr-FR\",\"@id\":\"https:\/\/byfeeder.net\/#\/schema\/logo\/image\/\",\"url\":\"https:\/\/byfeeder.net\/wp-content\/uploads\/2025\/05\/byfeeder-logo.webp\",\"contentUrl\":\"https:\/\/byfeeder.net\/wp-content\/uploads\/2025\/05\/byfeeder-logo.webp\",\"width\":512,\"height\":512,\"caption\":\"BY\"},\"image\":{\"@id\":\"https:\/\/byfeeder.net\/#\/schema\/logo\/image\/\"}}]}<\/script>\n<!-- \/ Yoast SEO plugin. -->","yoast_head_json":{"title":"Chargeur automatique de brochures et de cartes | BYFeeder","robots":{"index":"index","follow":"follow","max-snippet":"max-snippet:-1","max-image-preview":"max-image-preview:large","max-video-preview":"max-video-preview:-1"},"canonical":"https:\/\/byfeeder.net\/fr\/product\/chargeur-automatique-de-livrets-papier-et-de-cartes\/","og_locale":"fr_FR","og_type":"article","og_title":"Automatic Paper Booklet Sheet Card Feeder | BYFeeder","og_description":"Model: IF-FM201DF- 300  Size(LXWXH):490\u00d7570\u00d7350mm  Belt Running Speed:0-120m\/min  Optional Inkjet Printer: DOMINO, Sojet, DK, UCS, VIDEOJET","og_url":"https:\/\/byfeeder.net\/fr\/product\/chargeur-automatique-de-livrets-papier-et-de-cartes\/","og_site_name":"BYFeeder","article_modified_time":"2025-04-10T09:21:22+00:00","og_image":[{"width":700,"height":700,"url":"https:\/\/byfeeder.net\/wp-content\/uploads\/2024\/11\/friction-card-feeder.webp","type":"image\/webp"}],"twitter_card":"summary_large_image","twitter_misc":{"Dur\u00e9e de lecture estim\u00e9e":"2 minutes"},"schema":{"@context":"https:\/\/schema.org","@graph":[{"@type":"WebPage","@id":"https:\/\/byfeeder.net\/product\/automatic-paper-booklet-sheet-card-feeder\/","url":"https:\/\/byfeeder.net\/product\/automatic-paper-booklet-sheet-card-feeder\/","name":"Chargeur automatique de brochures et de cartes | BYFeeder","isPartOf":{"@id":"https:\/\/byfeeder.net\/#website"},"primaryImageOfPage":{"@id":"https:\/\/byfeeder.net\/product\/automatic-paper-booklet-sheet-card-feeder\/#primaryimage"},"image":{"@id":"https:\/\/byfeeder.net\/product\/automatic-paper-booklet-sheet-card-feeder\/#primaryimage"},"thumbnailUrl":"https:\/\/byfeeder.net\/wp-content\/uploads\/2024\/11\/friction-card-feeder.webp","datePublished":"2024-11-21T09:36:51+00:00","dateModified":"2025-04-10T09:21:22+00:00","breadcrumb":{"@id":"https:\/\/byfeeder.net\/product\/automatic-paper-booklet-sheet-card-feeder\/#breadcrumb"},"inLanguage":"fr-FR","potentialAction":[{"@type":"ReadAction","target":["https:\/\/byfeeder.net\/product\/automatic-paper-booklet-sheet-card-feeder\/"]}]},{"@type":"ImageObject","inLanguage":"fr-FR","@id":"https:\/\/byfeeder.net\/product\/automatic-paper-booklet-sheet-card-feeder\/#primaryimage","url":"https:\/\/byfeeder.net\/wp-content\/uploads\/2024\/11\/friction-card-feeder.webp","contentUrl":"https:\/\/byfeeder.net\/wp-content\/uploads\/2024\/11\/friction-card-feeder.webp","width":700,"height":700,"caption":"friction card feeder"},{"@type":"BreadcrumbList","@id":"https:\/\/byfeeder.net\/product\/automatic-paper-booklet-sheet-card-feeder\/#breadcrumb","itemListElement":[{"@type":"ListItem","position":1,"name":"Home","item":"https:\/\/byfeeder.net\/"},{"@type":"ListItem","position":2,"name":"Products","item":"https:\/\/byfeeder.net\/solution\/"},{"@type":"ListItem","position":3,"name":"Automatic Paper Booklet Sheet Card Feeder"}]},{"@type":"WebSite","@id":"https:\/\/byfeeder.net\/#website","url":"https:\/\/byfeeder.net\/","name":"PARFeeder","description":"Fabricant de solutions de syst\u00e8mes d&#039;alimentation et de rembobinage d&#039;emballages","publisher":{"@id":"https:\/\/byfeeder.net\/#organization"},"potentialAction":[{"@type":"SearchAction","target":{"@type":"EntryPoint","urlTemplate":"https:\/\/byfeeder.net\/?s={search_term_string}"},"query-input":{"@type":"PropertyValueSpecification","valueRequired":true,"valueName":"search_term_string"}}],"inLanguage":"fr-FR"},{"@type":"Organization","@id":"https:\/\/byfeeder.net\/#organization","name":"PAR","url":"https:\/\/byfeeder.net\/","logo":{"@type":"ImageObject","inLanguage":"fr-FR","@id":"https:\/\/byfeeder.net\/#\/schema\/logo\/image\/","url":"https:\/\/byfeeder.net\/wp-content\/uploads\/2025\/05\/byfeeder-logo.webp","contentUrl":"https:\/\/byfeeder.net\/wp-content\/uploads\/2025\/05\/byfeeder-logo.webp","width":512,"height":512,"caption":"BY"},"image":{"@id":"https:\/\/byfeeder.net\/#\/schema\/logo\/image\/"}}]}},"_links":{"self":[{"href":"https:\/\/byfeeder.net\/fr\/wp-json\/wp\/v2\/product\/1540"}],"collection":[{"href":"https:\/\/byfeeder.net\/fr\/wp-json\/wp\/v2\/product"}],"about":[{"href":"https:\/\/byfeeder.net\/fr\/wp-json\/wp\/v2\/types\/product"}],"wp:featuredmedia":[{"embeddable":true,"href":"https:\/\/byfeeder.net\/fr\/wp-json\/wp\/v2\/media\/3047"}],"wp:attachment":[{"href":"https:\/\/byfeeder.net\/fr\/wp-json\/wp\/v2\/media?parent=1540"}],"wp:term":[{"taxonomy":"product_brand","embeddable":true,"href":"https:\/\/byfeeder.net\/fr\/wp-json\/wp\/v2\/product_brand?post=1540"},{"taxonomy":"product_cat","embeddable":true,"href":"https:\/\/byfeeder.net\/fr\/wp-json\/wp\/v2\/product_cat?post=1540"},{"taxonomy":"product_tag","embeddable":true,"href":"https:\/\/byfeeder.net\/fr\/wp-json\/wp\/v2\/product_tag?post=1540"}],"curies":[{"name":"wp","href":"https:\/\/api.w.org\/{rel}","templated":true}]}}