{"id":1497,"date":"2024-11-21T01:19:19","date_gmt":"2024-11-21T09:19:19","guid":{"rendered":"https:\/\/byfeeder.net\/?post_type=product&#038;p=1497"},"modified":"2024-12-12T23:39:07","modified_gmt":"2024-12-13T07:39:07","slug":"convoyeur-de-machine-de-pagination-dimprimante-tij-reglable","status":"publish","type":"product","link":"https:\/\/byfeeder.net\/fr\/product\/convoyeur-de-machine-de-pagination-dimprimante-tij-reglable\/","title":{"rendered":"Convoyeur r\u00e9glable pour machine de pagination d&#039;imprimante TIJ"},"content":{"rendered":"<p><strong>Param\u00e8tres du produit<\/strong><\/p>\n<p>Mode de contr\u00f4le : Contr\u00f4leur sp\u00e9cial pour iFeeder<\/p>\n<p>Mat\u00e9riau du corps : Acier inoxydable ou acier au carbone personnalis\u00e9 avec peinture de cuisson<\/p>\n<p>Diam\u00e8tre maximal du mat\u00e9riau : Personnalisation en fonction du produit<\/p>\n<p>Poids de l&#039;\u00e9quipement : environ 80 kg<\/p>\n<p>\u00c9paisseur du mat\u00e9riau : 0,1 \u00e0 2 mm<\/p>\n<p>Puissance d&#039;entr\u00e9e : environ 500 \u00e0 1 000 W (uniquement le t\u00e9l\u00e9avertisseur, \u00e0 l&#039;exclusion de l&#039;imprimante)<\/p>\n<p>Mode de transmission : Contr\u00f4le de vitesse \u00e0 fr\u00e9quence variable ou contr\u00f4le de vitesse sans balais CC<\/p>\n<p>Imprimante jet d&#039;encre en option\u00a0: DOMINO, Sojet, DK, UCS, VIDEOJET<\/p>\n<p><strong>Configuration standard<\/strong><\/p>\n<ol>\n<li>Friction de courroie d\u00e9charge inf\u00e9rieure<\/li>\n<li>Transport \u00e0 rouleaux \u00e0 grande vitesse<\/li>\n<li>Collecte par pile de type goutte \u00e0 goutte de la tr\u00e9mie de collecte<\/li>\n<\/ol>\n<p><strong>Configuration optionnelle<\/strong><\/p>\n<ol>\n<li>Machine de codage DMN<\/li>\n<li>Machine de codage DK<\/li>\n<li>Machine de codage UCS<\/li>\n<li>Empilage automatique continu ou empilage s\u00e9par\u00e9<\/li>\n<\/ol>","protected":false},"excerpt":{"rendered":"<p>Mod\u00e8le : IF-PM101ST-400\u00d71200\/60-TIJ-S<\/p>\n<p>Taille (LXWXH) : 2270 \u00d7 765 \u00d7 1145 mm<\/p>\n<p>Vitesse de fonctionnement de la bande : 0-60 m\/min<\/p>","protected":false},"featured_media":1504,"template":"","meta":{"_acf_changed":false},"product_brand":[],"product_cat":[23],"product_tag":[],"class_list":{"0":"post-1497","1":"product","2":"type-product","3":"status-publish","4":"has-post-thumbnail","6":"product_cat-paging-machines","8":"first","9":"instock","10":"shipping-taxable","11":"product-type-simple"},"acf":[],"yoast_head":"<!-- This site is optimized with the Yoast SEO plugin v25.3.1 - https:\/\/yoast.com\/wordpress\/plugins\/seo\/ -->\n<title>Adjustable TIJ Printer Paging Machine Conveyor | BYFeeder<\/title>\n<meta name=\"robots\" content=\"index, follow, max-snippet:-1, max-image-preview:large, max-video-preview:-1\" \/>\n<link rel=\"canonical\" href=\"https:\/\/byfeeder.net\/fr\/product\/convoyeur-de-machine-de-pagination-dimprimante-tij-reglable\/\" \/>\n<meta property=\"og:locale\" content=\"fr_FR\" \/>\n<meta property=\"og:type\" content=\"article\" \/>\n<meta property=\"og:title\" content=\"Adjustable TIJ Printer Paging Machine Conveyor | BYFeeder\" \/>\n<meta property=\"og:description\" content=\"Model: IF-PM101ST-400\u00d71200\/60-TIJ-S  Size(LXWXH):2270\u00d7765\u00d71145mm  Belt Running Speed:0-60m\/min\" \/>\n<meta property=\"og:url\" content=\"https:\/\/byfeeder.net\/fr\/product\/convoyeur-de-machine-de-pagination-dimprimante-tij-reglable\/\" \/>\n<meta property=\"og:site_name\" content=\"BYFeeder\" \/>\n<meta property=\"article:modified_time\" content=\"2024-12-13T07:39:07+00:00\" \/>\n<meta property=\"og:image\" content=\"https:\/\/byfeeder.net\/wp-content\/uploads\/2024\/11\/BY-pagination-printing-machine.webp\" \/>\n\t<meta property=\"og:image:width\" content=\"700\" \/>\n\t<meta property=\"og:image:height\" content=\"700\" \/>\n\t<meta property=\"og:image:type\" content=\"image\/webp\" \/>\n<meta name=\"twitter:card\" content=\"summary_large_image\" \/>\n<script type=\"application\/ld+json\" class=\"yoast-schema-graph\">{\"@context\":\"https:\/\/schema.org\",\"@graph\":[{\"@type\":\"WebPage\",\"@id\":\"https:\/\/byfeeder.net\/product\/adjustable-tij-printer-paging-machine-conveyor\/\",\"url\":\"https:\/\/byfeeder.net\/product\/adjustable-tij-printer-paging-machine-conveyor\/\",\"name\":\"Adjustable TIJ Printer Paging Machine Conveyor | BYFeeder\",\"isPartOf\":{\"@id\":\"https:\/\/byfeeder.net\/#website\"},\"primaryImageOfPage\":{\"@id\":\"https:\/\/byfeeder.net\/product\/adjustable-tij-printer-paging-machine-conveyor\/#primaryimage\"},\"image\":{\"@id\":\"https:\/\/byfeeder.net\/product\/adjustable-tij-printer-paging-machine-conveyor\/#primaryimage\"},\"thumbnailUrl\":\"https:\/\/byfeeder.net\/wp-content\/uploads\/2024\/11\/BY-pagination-printing-machine.webp\",\"datePublished\":\"2024-11-21T09:19:19+00:00\",\"dateModified\":\"2024-12-13T07:39:07+00:00\",\"breadcrumb\":{\"@id\":\"https:\/\/byfeeder.net\/product\/adjustable-tij-printer-paging-machine-conveyor\/#breadcrumb\"},\"inLanguage\":\"fr-FR\",\"potentialAction\":[{\"@type\":\"ReadAction\",\"target\":[\"https:\/\/byfeeder.net\/product\/adjustable-tij-printer-paging-machine-conveyor\/\"]}]},{\"@type\":\"ImageObject\",\"inLanguage\":\"fr-FR\",\"@id\":\"https:\/\/byfeeder.net\/product\/adjustable-tij-printer-paging-machine-conveyor\/#primaryimage\",\"url\":\"https:\/\/byfeeder.net\/wp-content\/uploads\/2024\/11\/BY-pagination-printing-machine.webp\",\"contentUrl\":\"https:\/\/byfeeder.net\/wp-content\/uploads\/2024\/11\/BY-pagination-printing-machine.webp\",\"width\":700,\"height\":700,\"caption\":\"BY pagination printing machine\"},{\"@type\":\"BreadcrumbList\",\"@id\":\"https:\/\/byfeeder.net\/product\/adjustable-tij-printer-paging-machine-conveyor\/#breadcrumb\",\"itemListElement\":[{\"@type\":\"ListItem\",\"position\":1,\"name\":\"Home\",\"item\":\"https:\/\/byfeeder.net\/\"},{\"@type\":\"ListItem\",\"position\":2,\"name\":\"Products\",\"item\":\"https:\/\/byfeeder.net\/solution\/\"},{\"@type\":\"ListItem\",\"position\":3,\"name\":\"Adjustable TIJ Printer Paging Machine Conveyor\"}]},{\"@type\":\"WebSite\",\"@id\":\"https:\/\/byfeeder.net\/#website\",\"url\":\"https:\/\/byfeeder.net\/\",\"name\":\"BYFeeder\",\"description\":\"Packaging Feeding and Rewinding System Solutions Manufacturer\",\"publisher\":{\"@id\":\"https:\/\/byfeeder.net\/#organization\"},\"potentialAction\":[{\"@type\":\"SearchAction\",\"target\":{\"@type\":\"EntryPoint\",\"urlTemplate\":\"https:\/\/byfeeder.net\/?s={search_term_string}\"},\"query-input\":{\"@type\":\"PropertyValueSpecification\",\"valueRequired\":true,\"valueName\":\"search_term_string\"}}],\"inLanguage\":\"fr-FR\"},{\"@type\":\"Organization\",\"@id\":\"https:\/\/byfeeder.net\/#organization\",\"name\":\"BY\",\"url\":\"https:\/\/byfeeder.net\/\",\"logo\":{\"@type\":\"ImageObject\",\"inLanguage\":\"fr-FR\",\"@id\":\"https:\/\/byfeeder.net\/#\/schema\/logo\/image\/\",\"url\":\"https:\/\/byfeeder.net\/wp-content\/uploads\/2025\/05\/byfeeder-logo.webp\",\"contentUrl\":\"https:\/\/byfeeder.net\/wp-content\/uploads\/2025\/05\/byfeeder-logo.webp\",\"width\":512,\"height\":512,\"caption\":\"BY\"},\"image\":{\"@id\":\"https:\/\/byfeeder.net\/#\/schema\/logo\/image\/\"}}]}<\/script>\n<!-- \/ Yoast SEO plugin. -->","yoast_head_json":{"title":"Convoyeur r\u00e9glable pour imprimante \u00e0 jet d&#039;encre thermique (TIJ) | BYFeeder","robots":{"index":"index","follow":"follow","max-snippet":"max-snippet:-1","max-image-preview":"max-image-preview:large","max-video-preview":"max-video-preview:-1"},"canonical":"https:\/\/byfeeder.net\/fr\/product\/convoyeur-de-machine-de-pagination-dimprimante-tij-reglable\/","og_locale":"fr_FR","og_type":"article","og_title":"Adjustable TIJ Printer Paging Machine Conveyor | BYFeeder","og_description":"Model: IF-PM101ST-400\u00d71200\/60-TIJ-S  Size(LXWXH):2270\u00d7765\u00d71145mm  Belt Running Speed:0-60m\/min","og_url":"https:\/\/byfeeder.net\/fr\/product\/convoyeur-de-machine-de-pagination-dimprimante-tij-reglable\/","og_site_name":"BYFeeder","article_modified_time":"2024-12-13T07:39:07+00:00","og_image":[{"width":700,"height":700,"url":"https:\/\/byfeeder.net\/wp-content\/uploads\/2024\/11\/BY-pagination-printing-machine.webp","type":"image\/webp"}],"twitter_card":"summary_large_image","schema":{"@context":"https:\/\/schema.org","@graph":[{"@type":"WebPage","@id":"https:\/\/byfeeder.net\/product\/adjustable-tij-printer-paging-machine-conveyor\/","url":"https:\/\/byfeeder.net\/product\/adjustable-tij-printer-paging-machine-conveyor\/","name":"Convoyeur r\u00e9glable pour imprimante \u00e0 jet d&#039;encre thermique (TIJ) | BYFeeder","isPartOf":{"@id":"https:\/\/byfeeder.net\/#website"},"primaryImageOfPage":{"@id":"https:\/\/byfeeder.net\/product\/adjustable-tij-printer-paging-machine-conveyor\/#primaryimage"},"image":{"@id":"https:\/\/byfeeder.net\/product\/adjustable-tij-printer-paging-machine-conveyor\/#primaryimage"},"thumbnailUrl":"https:\/\/byfeeder.net\/wp-content\/uploads\/2024\/11\/BY-pagination-printing-machine.webp","datePublished":"2024-11-21T09:19:19+00:00","dateModified":"2024-12-13T07:39:07+00:00","breadcrumb":{"@id":"https:\/\/byfeeder.net\/product\/adjustable-tij-printer-paging-machine-conveyor\/#breadcrumb"},"inLanguage":"fr-FR","potentialAction":[{"@type":"ReadAction","target":["https:\/\/byfeeder.net\/product\/adjustable-tij-printer-paging-machine-conveyor\/"]}]},{"@type":"ImageObject","inLanguage":"fr-FR","@id":"https:\/\/byfeeder.net\/product\/adjustable-tij-printer-paging-machine-conveyor\/#primaryimage","url":"https:\/\/byfeeder.net\/wp-content\/uploads\/2024\/11\/BY-pagination-printing-machine.webp","contentUrl":"https:\/\/byfeeder.net\/wp-content\/uploads\/2024\/11\/BY-pagination-printing-machine.webp","width":700,"height":700,"caption":"BY pagination printing machine"},{"@type":"BreadcrumbList","@id":"https:\/\/byfeeder.net\/product\/adjustable-tij-printer-paging-machine-conveyor\/#breadcrumb","itemListElement":[{"@type":"ListItem","position":1,"name":"Home","item":"https:\/\/byfeeder.net\/"},{"@type":"ListItem","position":2,"name":"Products","item":"https:\/\/byfeeder.net\/solution\/"},{"@type":"ListItem","position":3,"name":"Adjustable TIJ Printer Paging Machine Conveyor"}]},{"@type":"WebSite","@id":"https:\/\/byfeeder.net\/#website","url":"https:\/\/byfeeder.net\/","name":"PARFeeder","description":"Fabricant de solutions de syst\u00e8mes d&#039;alimentation et de rembobinage d&#039;emballages","publisher":{"@id":"https:\/\/byfeeder.net\/#organization"},"potentialAction":[{"@type":"SearchAction","target":{"@type":"EntryPoint","urlTemplate":"https:\/\/byfeeder.net\/?s={search_term_string}"},"query-input":{"@type":"PropertyValueSpecification","valueRequired":true,"valueName":"search_term_string"}}],"inLanguage":"fr-FR"},{"@type":"Organization","@id":"https:\/\/byfeeder.net\/#organization","name":"PAR","url":"https:\/\/byfeeder.net\/","logo":{"@type":"ImageObject","inLanguage":"fr-FR","@id":"https:\/\/byfeeder.net\/#\/schema\/logo\/image\/","url":"https:\/\/byfeeder.net\/wp-content\/uploads\/2025\/05\/byfeeder-logo.webp","contentUrl":"https:\/\/byfeeder.net\/wp-content\/uploads\/2025\/05\/byfeeder-logo.webp","width":512,"height":512,"caption":"BY"},"image":{"@id":"https:\/\/byfeeder.net\/#\/schema\/logo\/image\/"}}]}},"_links":{"self":[{"href":"https:\/\/byfeeder.net\/fr\/wp-json\/wp\/v2\/product\/1497"}],"collection":[{"href":"https:\/\/byfeeder.net\/fr\/wp-json\/wp\/v2\/product"}],"about":[{"href":"https:\/\/byfeeder.net\/fr\/wp-json\/wp\/v2\/types\/product"}],"wp:featuredmedia":[{"embeddable":true,"href":"https:\/\/byfeeder.net\/fr\/wp-json\/wp\/v2\/media\/1504"}],"wp:attachment":[{"href":"https:\/\/byfeeder.net\/fr\/wp-json\/wp\/v2\/media?parent=1497"}],"wp:term":[{"taxonomy":"product_brand","embeddable":true,"href":"https:\/\/byfeeder.net\/fr\/wp-json\/wp\/v2\/product_brand?post=1497"},{"taxonomy":"product_cat","embeddable":true,"href":"https:\/\/byfeeder.net\/fr\/wp-json\/wp\/v2\/product_cat?post=1497"},{"taxonomy":"product_tag","embeddable":true,"href":"https:\/\/byfeeder.net\/fr\/wp-json\/wp\/v2\/product_tag?post=1497"}],"curies":[{"name":"wp","href":"https:\/\/api.w.org\/{rel}","templated":true}]}}