{"id":1392,"date":"2024-11-21T00:03:41","date_gmt":"2024-11-21T08:03:41","guid":{"rendered":"https:\/\/byfeeder.net\/?post_type=product&#038;p=1392"},"modified":"2026-01-30T20:14:35","modified_gmt":"2026-01-31T04:14:35","slug":"machine-dalimentation-a-friction-de-table-de-petite-taille-500-w-a-vendre","status":"publish","type":"product","link":"https:\/\/byfeeder.net\/fr\/product\/machine-dalimentation-a-friction-de-table-de-petite-taille-500-w-a-vendre\/","title":{"rendered":"Machine d&#039;alimentation \u00e0 friction de table TTO 500W, format compact, en promotion"},"content":{"rendered":"<p><strong>Param\u00e8tres du produit<\/strong><\/p>\n<p>Mode de contr\u00f4le : Contr\u00f4leur sp\u00e9cial pour iFeeder<\/p>\n<p>Mat\u00e9riau du corps : Acier inoxydable ou acier au carbone personnalis\u00e9 avec peinture de cuisson<\/p>\n<p>Diam\u00e8tre maximal du mat\u00e9riau : Personnalisation en fonction du produit<\/p>\n<p>Poids de l&#039;\u00e9quipement : environ 55 kg<\/p>\n<p>\u00c9paisseur du mat\u00e9riau : 0,1 \u00e0 3 mm<\/p>\n<p>Puissance d&#039;entr\u00e9e : environ 500 W (uniquement le t\u00e9l\u00e9avertisseur, \u00e0 l&#039;exclusion de l&#039;imprimante)<\/p>\n<p>Mode de transmission : Contr\u00f4le de vitesse \u00e0 fr\u00e9quence variable<\/p>\n<p>Imprimante jet d&#039;encre en option\u00a0: DOMINO, Sojet, DK, UCS, VIDEOJET<\/p>\n<p><strong>Fonctions standard<\/strong><\/p>\n<ul>\n<li>\u00a0Friction de courroie d\u00e9charge inf\u00e9rieure<\/li>\n<li>Convoyeur \u00e0 bande \u00e0 grande vitesse<\/li>\n<li>Collecte par pile de type goutte \u00e0 goutte de la tr\u00e9mie de collecte<\/li>\n<\/ul>\n<p><strong>Configuration optionnelle<\/strong><\/p>\n<ul>\n<li>Calculer automatiquement la quantit\u00e9<\/li>\n<li>Fonction d&#039;adsorption<\/li>\n<li>Etiqueteuse<\/li>\n<li>Diverses imprimantes<\/li>\n<li>Prise en charge de la personnalisation<\/li>\n<\/ul>","protected":false},"excerpt":{"rendered":"<p>Mod\u00e8le : PM101TB-300S<\/p>\n<p>Taille (LXWXH) : 1600X500X350mm<\/p>\n<p>Vitesse de fonctionnement de la bande : 0-60 m\/min<\/p>","protected":false},"featured_media":3044,"template":"","meta":{"_acf_changed":false},"product_brand":[],"product_cat":[23],"product_tag":[],"class_list":{"0":"post-1392","1":"product","2":"type-product","3":"status-publish","4":"has-post-thumbnail","6":"product_cat-paging-machines","8":"first","9":"instock","10":"shipping-taxable","11":"product-type-simple"},"acf":[],"yoast_head":"<!-- This site is optimized with the Yoast SEO plugin v25.3.1 - https:\/\/yoast.com\/wordpress\/plugins\/seo\/ -->\n<title>Hot Sale Small Size 500W TTO Tabletop Friction Feeder Machine | BYFeeder<\/title>\n<meta name=\"description\" content=\"Small desktop paging machine, suitable for working in limited space, supports on-demand customization.\" \/>\n<meta name=\"robots\" content=\"index, follow, max-snippet:-1, max-image-preview:large, max-video-preview:-1\" \/>\n<link rel=\"canonical\" href=\"https:\/\/byfeeder.net\/fr\/product\/machine-dalimentation-a-friction-de-table-de-petite-taille-500-w-a-vendre\/\" \/>\n<meta property=\"og:locale\" content=\"fr_FR\" \/>\n<meta property=\"og:type\" content=\"article\" \/>\n<meta property=\"og:title\" content=\"Hot Sale Small Size 500W TTO Tabletop Friction Feeder Machine | BYFeeder\" \/>\n<meta property=\"og:description\" content=\"Small desktop paging machine, suitable for working in limited space, supports on-demand customization.\" \/>\n<meta property=\"og:url\" content=\"https:\/\/byfeeder.net\/fr\/product\/machine-dalimentation-a-friction-de-table-de-petite-taille-500-w-a-vendre\/\" \/>\n<meta property=\"og:site_name\" content=\"BYFeeder\" \/>\n<meta property=\"article:modified_time\" content=\"2026-01-31T04:14:35+00:00\" \/>\n<meta property=\"og:image\" content=\"https:\/\/byfeeder.net\/wp-content\/uploads\/2024\/11\/tabletop-paging-machine7.webp\" \/>\n\t<meta property=\"og:image:width\" content=\"700\" \/>\n\t<meta property=\"og:image:height\" content=\"700\" \/>\n\t<meta property=\"og:image:type\" content=\"image\/webp\" \/>\n<meta name=\"twitter:card\" content=\"summary_large_image\" \/>\n<meta name=\"twitter:label1\" content=\"Dur\u00e9e de lecture estim\u00e9e\" \/>\n\t<meta name=\"twitter:data1\" content=\"1 minute\" \/>\n<script type=\"application\/ld+json\" class=\"yoast-schema-graph\">{\"@context\":\"https:\/\/schema.org\",\"@graph\":[{\"@type\":\"WebPage\",\"@id\":\"https:\/\/byfeeder.net\/product\/hot-sale-small-size-500w-tabletop-friction-feeder-machine\/\",\"url\":\"https:\/\/byfeeder.net\/product\/hot-sale-small-size-500w-tabletop-friction-feeder-machine\/\",\"name\":\"Hot Sale Small Size 500W TTO Tabletop Friction Feeder Machine | BYFeeder\",\"isPartOf\":{\"@id\":\"https:\/\/byfeeder.net\/#website\"},\"primaryImageOfPage\":{\"@id\":\"https:\/\/byfeeder.net\/product\/hot-sale-small-size-500w-tabletop-friction-feeder-machine\/#primaryimage\"},\"image\":{\"@id\":\"https:\/\/byfeeder.net\/product\/hot-sale-small-size-500w-tabletop-friction-feeder-machine\/#primaryimage\"},\"thumbnailUrl\":\"https:\/\/byfeeder.net\/wp-content\/uploads\/2024\/11\/tabletop-paging-machine7.webp\",\"datePublished\":\"2024-11-21T08:03:41+00:00\",\"dateModified\":\"2026-01-31T04:14:35+00:00\",\"description\":\"Small desktop paging machine, suitable for working in limited space, supports on-demand customization.\",\"breadcrumb\":{\"@id\":\"https:\/\/byfeeder.net\/product\/hot-sale-small-size-500w-tabletop-friction-feeder-machine\/#breadcrumb\"},\"inLanguage\":\"fr-FR\",\"potentialAction\":[{\"@type\":\"ReadAction\",\"target\":[\"https:\/\/byfeeder.net\/product\/hot-sale-small-size-500w-tabletop-friction-feeder-machine\/\"]}]},{\"@type\":\"ImageObject\",\"inLanguage\":\"fr-FR\",\"@id\":\"https:\/\/byfeeder.net\/product\/hot-sale-small-size-500w-tabletop-friction-feeder-machine\/#primaryimage\",\"url\":\"https:\/\/byfeeder.net\/wp-content\/uploads\/2024\/11\/tabletop-paging-machine7.webp\",\"contentUrl\":\"https:\/\/byfeeder.net\/wp-content\/uploads\/2024\/11\/tabletop-paging-machine7.webp\",\"width\":700,\"height\":700,\"caption\":\"tabletop paging machine(7)\"},{\"@type\":\"BreadcrumbList\",\"@id\":\"https:\/\/byfeeder.net\/product\/hot-sale-small-size-500w-tabletop-friction-feeder-machine\/#breadcrumb\",\"itemListElement\":[{\"@type\":\"ListItem\",\"position\":1,\"name\":\"Home\",\"item\":\"https:\/\/byfeeder.net\/\"},{\"@type\":\"ListItem\",\"position\":2,\"name\":\"Products\",\"item\":\"https:\/\/byfeeder.net\/solution\/\"},{\"@type\":\"ListItem\",\"position\":3,\"name\":\"Hot Sale Small Size 500W TTO Tabletop Friction Feeder Machine\"}]},{\"@type\":\"WebSite\",\"@id\":\"https:\/\/byfeeder.net\/#website\",\"url\":\"https:\/\/byfeeder.net\/\",\"name\":\"BYFeeder\",\"description\":\"Packaging Feeding and Rewinding System Solutions Manufacturer\",\"publisher\":{\"@id\":\"https:\/\/byfeeder.net\/#organization\"},\"potentialAction\":[{\"@type\":\"SearchAction\",\"target\":{\"@type\":\"EntryPoint\",\"urlTemplate\":\"https:\/\/byfeeder.net\/?s={search_term_string}\"},\"query-input\":{\"@type\":\"PropertyValueSpecification\",\"valueRequired\":true,\"valueName\":\"search_term_string\"}}],\"inLanguage\":\"fr-FR\"},{\"@type\":\"Organization\",\"@id\":\"https:\/\/byfeeder.net\/#organization\",\"name\":\"BY\",\"url\":\"https:\/\/byfeeder.net\/\",\"logo\":{\"@type\":\"ImageObject\",\"inLanguage\":\"fr-FR\",\"@id\":\"https:\/\/byfeeder.net\/#\/schema\/logo\/image\/\",\"url\":\"https:\/\/byfeeder.net\/wp-content\/uploads\/2025\/05\/byfeeder-logo.webp\",\"contentUrl\":\"https:\/\/byfeeder.net\/wp-content\/uploads\/2025\/05\/byfeeder-logo.webp\",\"width\":512,\"height\":512,\"caption\":\"BY\"},\"image\":{\"@id\":\"https:\/\/byfeeder.net\/#\/schema\/logo\/image\/\"}}]}<\/script>\n<!-- \/ Yoast SEO plugin. -->","yoast_head_json":{"title":"Distributeur \u00e0 friction de table compact 500 W pour TTO (BYFeeder) - Offre sp\u00e9ciale","description":"Petite machine de t\u00e9l\u00e9avertisseur de bureau, adapt\u00e9e au travail dans un espace limit\u00e9, prend en charge la personnalisation \u00e0 la demande.","robots":{"index":"index","follow":"follow","max-snippet":"max-snippet:-1","max-image-preview":"max-image-preview:large","max-video-preview":"max-video-preview:-1"},"canonical":"https:\/\/byfeeder.net\/fr\/product\/machine-dalimentation-a-friction-de-table-de-petite-taille-500-w-a-vendre\/","og_locale":"fr_FR","og_type":"article","og_title":"Hot Sale Small Size 500W TTO Tabletop Friction Feeder Machine | BYFeeder","og_description":"Small desktop paging machine, suitable for working in limited space, supports on-demand customization.","og_url":"https:\/\/byfeeder.net\/fr\/product\/machine-dalimentation-a-friction-de-table-de-petite-taille-500-w-a-vendre\/","og_site_name":"BYFeeder","article_modified_time":"2026-01-31T04:14:35+00:00","og_image":[{"width":700,"height":700,"url":"https:\/\/byfeeder.net\/wp-content\/uploads\/2024\/11\/tabletop-paging-machine7.webp","type":"image\/webp"}],"twitter_card":"summary_large_image","twitter_misc":{"Dur\u00e9e de lecture estim\u00e9e":"1 minute"},"schema":{"@context":"https:\/\/schema.org","@graph":[{"@type":"WebPage","@id":"https:\/\/byfeeder.net\/product\/hot-sale-small-size-500w-tabletop-friction-feeder-machine\/","url":"https:\/\/byfeeder.net\/product\/hot-sale-small-size-500w-tabletop-friction-feeder-machine\/","name":"Distributeur \u00e0 friction de table compact 500 W pour TTO (BYFeeder) - Offre sp\u00e9ciale","isPartOf":{"@id":"https:\/\/byfeeder.net\/#website"},"primaryImageOfPage":{"@id":"https:\/\/byfeeder.net\/product\/hot-sale-small-size-500w-tabletop-friction-feeder-machine\/#primaryimage"},"image":{"@id":"https:\/\/byfeeder.net\/product\/hot-sale-small-size-500w-tabletop-friction-feeder-machine\/#primaryimage"},"thumbnailUrl":"https:\/\/byfeeder.net\/wp-content\/uploads\/2024\/11\/tabletop-paging-machine7.webp","datePublished":"2024-11-21T08:03:41+00:00","dateModified":"2026-01-31T04:14:35+00:00","description":"Petite machine de t\u00e9l\u00e9avertisseur de bureau, adapt\u00e9e au travail dans un espace limit\u00e9, prend en charge la personnalisation \u00e0 la demande.","breadcrumb":{"@id":"https:\/\/byfeeder.net\/product\/hot-sale-small-size-500w-tabletop-friction-feeder-machine\/#breadcrumb"},"inLanguage":"fr-FR","potentialAction":[{"@type":"ReadAction","target":["https:\/\/byfeeder.net\/product\/hot-sale-small-size-500w-tabletop-friction-feeder-machine\/"]}]},{"@type":"ImageObject","inLanguage":"fr-FR","@id":"https:\/\/byfeeder.net\/product\/hot-sale-small-size-500w-tabletop-friction-feeder-machine\/#primaryimage","url":"https:\/\/byfeeder.net\/wp-content\/uploads\/2024\/11\/tabletop-paging-machine7.webp","contentUrl":"https:\/\/byfeeder.net\/wp-content\/uploads\/2024\/11\/tabletop-paging-machine7.webp","width":700,"height":700,"caption":"tabletop paging machine(7)"},{"@type":"BreadcrumbList","@id":"https:\/\/byfeeder.net\/product\/hot-sale-small-size-500w-tabletop-friction-feeder-machine\/#breadcrumb","itemListElement":[{"@type":"ListItem","position":1,"name":"Home","item":"https:\/\/byfeeder.net\/"},{"@type":"ListItem","position":2,"name":"Products","item":"https:\/\/byfeeder.net\/solution\/"},{"@type":"ListItem","position":3,"name":"Hot Sale Small Size 500W TTO Tabletop Friction Feeder Machine"}]},{"@type":"WebSite","@id":"https:\/\/byfeeder.net\/#website","url":"https:\/\/byfeeder.net\/","name":"PARFeeder","description":"Fabricant de solutions de syst\u00e8mes d&#039;alimentation et de rembobinage d&#039;emballages","publisher":{"@id":"https:\/\/byfeeder.net\/#organization"},"potentialAction":[{"@type":"SearchAction","target":{"@type":"EntryPoint","urlTemplate":"https:\/\/byfeeder.net\/?s={search_term_string}"},"query-input":{"@type":"PropertyValueSpecification","valueRequired":true,"valueName":"search_term_string"}}],"inLanguage":"fr-FR"},{"@type":"Organization","@id":"https:\/\/byfeeder.net\/#organization","name":"PAR","url":"https:\/\/byfeeder.net\/","logo":{"@type":"ImageObject","inLanguage":"fr-FR","@id":"https:\/\/byfeeder.net\/#\/schema\/logo\/image\/","url":"https:\/\/byfeeder.net\/wp-content\/uploads\/2025\/05\/byfeeder-logo.webp","contentUrl":"https:\/\/byfeeder.net\/wp-content\/uploads\/2025\/05\/byfeeder-logo.webp","width":512,"height":512,"caption":"BY"},"image":{"@id":"https:\/\/byfeeder.net\/#\/schema\/logo\/image\/"}}]}},"_links":{"self":[{"href":"https:\/\/byfeeder.net\/fr\/wp-json\/wp\/v2\/product\/1392"}],"collection":[{"href":"https:\/\/byfeeder.net\/fr\/wp-json\/wp\/v2\/product"}],"about":[{"href":"https:\/\/byfeeder.net\/fr\/wp-json\/wp\/v2\/types\/product"}],"wp:featuredmedia":[{"embeddable":true,"href":"https:\/\/byfeeder.net\/fr\/wp-json\/wp\/v2\/media\/3044"}],"wp:attachment":[{"href":"https:\/\/byfeeder.net\/fr\/wp-json\/wp\/v2\/media?parent=1392"}],"wp:term":[{"taxonomy":"product_brand","embeddable":true,"href":"https:\/\/byfeeder.net\/fr\/wp-json\/wp\/v2\/product_brand?post=1392"},{"taxonomy":"product_cat","embeddable":true,"href":"https:\/\/byfeeder.net\/fr\/wp-json\/wp\/v2\/product_cat?post=1392"},{"taxonomy":"product_tag","embeddable":true,"href":"https:\/\/byfeeder.net\/fr\/wp-json\/wp\/v2\/product_tag?post=1392"}],"curies":[{"name":"wp","href":"https:\/\/api.w.org\/{rel}","templated":true}]}}