{"id":1091,"date":"2024-11-20T01:14:40","date_gmt":"2024-11-20T09:14:40","guid":{"rendered":"https:\/\/byfeeder.net\/?post_type=product&#038;p=1091"},"modified":"2024-12-12T23:58:23","modified_gmt":"2024-12-13T07:58:23","slug":"machine-de-comptage-et-de-pagination-a-compteur-dadsorption","status":"publish","type":"product","link":"https:\/\/byfeeder.net\/fr\/product\/machine-de-comptage-et-de-pagination-a-compteur-dadsorption\/","title":{"rendered":"Machine de comptage et de pagination \u00e0 compteur d&#039;adsorption"},"content":{"rendered":"<p><strong>Param\u00e8tres du produit<\/strong><\/p>\n<p>Mode de contr\u00f4le : Contr\u00f4leur sp\u00e9cial pour iFeeder ou contr\u00f4le PLC<\/p>\n<p>Mat\u00e9riau du corps : acier inoxydable<\/p>\n<p>Diam\u00e8tre maximal du mat\u00e9riau : Personnalisation en fonction du produit<\/p>\n<p>Poids de l&#039;\u00e9quipement : environ 300 kg<\/p>\n<p>\u00c9paisseur du mat\u00e9riau : 0,05 \u00e0 3 mm<\/p>\n<p>Puissance d&#039;entr\u00e9e : environ 800 W (uniquement le t\u00e9l\u00e9avertisseur, \u00e0 l&#039;exclusion de l&#039;imprimante)<\/p>\n<p>Mode de transmission : Contr\u00f4le de vitesse \u00e0 fr\u00e9quence variable ou contr\u00f4le de vitesse sans balais CC<\/p>\n<p>Imprimante jet d&#039;encre en option\u00a0: DOMINO, Sojet, DK, UCS, VIDEOJET<\/p>\n<p><strong>Fonctionnalit\u00e9<\/strong><\/p>\n<ul>\n<li>Friction de courroie d\u00e9charge inf\u00e9rieure<\/li>\n<li>Convoyeur \u00e0 bande \u00e0 grande vitesse<\/li>\n<li>Empilage automatique continu ou empilage s\u00e9par\u00e9<\/li>\n<li>Correction automatique des \u00e9carts<\/li>\n<li>S\u00e9chage UV \u00e0 haute temp\u00e9rature<\/li>\n<\/ul>\n<p><strong>Configuration optionnelle<\/strong><\/p>\n<ul>\n<li>Codage TIJ\/UV\/Laser<\/li>\n<li>Processeur plasma<\/li>\n<li>Inspection visuelle<\/li>\n<li>Adsorption \u00e0 pression n\u00e9gative<\/li>\n<li>\u00c9tiquetage automatique en ligne<\/li>\n<li>Calculer automatiquement la quantit\u00e9<\/li>\n<li>Abattage automatique<\/li>\n<\/ul>","protected":false},"excerpt":{"rendered":"<p>Mod\u00e8le : IF-IPM203CT-400\u00d71200\/120-Z<\/p>\n<p>Taille (LXWXH) : 3100X800X1000mm<\/p>\n<p>Vitesse de fonctionnement de la bande : 0-120 m\/min<\/p>\n<p>&nbsp;<\/p>\n<p>&nbsp;<\/p>\n<p>&nbsp;<\/p>","protected":false},"featured_media":1100,"template":"","meta":{"_acf_changed":false},"product_brand":[],"product_cat":[23],"product_tag":[],"class_list":{"0":"post-1091","1":"product","2":"type-product","3":"status-publish","4":"has-post-thumbnail","6":"product_cat-paging-machines","8":"first","9":"instock","10":"shipping-taxable","11":"product-type-simple"},"acf":[],"yoast_head":"<!-- This site is optimized with the Yoast SEO plugin v25.3.1 - https:\/\/yoast.com\/wordpress\/plugins\/seo\/ -->\n<title>Adsorption Counter Paging Counting Conveyor Machine | BYFeeder<\/title>\n<meta name=\"robots\" content=\"index, follow, max-snippet:-1, max-image-preview:large, max-video-preview:-1\" \/>\n<link rel=\"canonical\" href=\"https:\/\/byfeeder.net\/fr\/product\/machine-de-comptage-et-de-pagination-a-compteur-dadsorption\/\" \/>\n<meta property=\"og:locale\" content=\"fr_FR\" \/>\n<meta property=\"og:type\" content=\"article\" \/>\n<meta property=\"og:title\" content=\"Adsorption Counter Paging Counting Conveyor Machine | BYFeeder\" \/>\n<meta property=\"og:description\" content=\"Model: IF-IPM203CT-400\u00d71200\/120-Z  Size(LXWXH):3100X800X1000mm  Belt Running Speed:0-120m\/min  &nbsp;  &nbsp;  &nbsp;\" \/>\n<meta property=\"og:url\" content=\"https:\/\/byfeeder.net\/fr\/product\/machine-de-comptage-et-de-pagination-a-compteur-dadsorption\/\" \/>\n<meta property=\"og:site_name\" content=\"BYFeeder\" \/>\n<meta property=\"article:modified_time\" content=\"2024-12-13T07:58:23+00:00\" \/>\n<meta property=\"og:image\" content=\"https:\/\/byfeeder.net\/wp-content\/uploads\/2024\/11\/paging-TIJ-UV-machine1.webp\" \/>\n\t<meta property=\"og:image:width\" content=\"600\" \/>\n\t<meta property=\"og:image:height\" content=\"600\" \/>\n\t<meta property=\"og:image:type\" content=\"image\/webp\" \/>\n<meta name=\"twitter:card\" content=\"summary_large_image\" \/>\n<script type=\"application\/ld+json\" class=\"yoast-schema-graph\">{\"@context\":\"https:\/\/schema.org\",\"@graph\":[{\"@type\":\"WebPage\",\"@id\":\"https:\/\/byfeeder.net\/product\/adsorption-counter-paging-counting-conveyor-machine\/\",\"url\":\"https:\/\/byfeeder.net\/product\/adsorption-counter-paging-counting-conveyor-machine\/\",\"name\":\"Adsorption Counter Paging Counting Conveyor Machine | BYFeeder\",\"isPartOf\":{\"@id\":\"https:\/\/byfeeder.net\/#website\"},\"primaryImageOfPage\":{\"@id\":\"https:\/\/byfeeder.net\/product\/adsorption-counter-paging-counting-conveyor-machine\/#primaryimage\"},\"image\":{\"@id\":\"https:\/\/byfeeder.net\/product\/adsorption-counter-paging-counting-conveyor-machine\/#primaryimage\"},\"thumbnailUrl\":\"https:\/\/byfeeder.net\/wp-content\/uploads\/2024\/11\/paging-TIJ-UV-machine1.webp\",\"datePublished\":\"2024-11-20T09:14:40+00:00\",\"dateModified\":\"2024-12-13T07:58:23+00:00\",\"breadcrumb\":{\"@id\":\"https:\/\/byfeeder.net\/product\/adsorption-counter-paging-counting-conveyor-machine\/#breadcrumb\"},\"inLanguage\":\"fr-FR\",\"potentialAction\":[{\"@type\":\"ReadAction\",\"target\":[\"https:\/\/byfeeder.net\/product\/adsorption-counter-paging-counting-conveyor-machine\/\"]}]},{\"@type\":\"ImageObject\",\"inLanguage\":\"fr-FR\",\"@id\":\"https:\/\/byfeeder.net\/product\/adsorption-counter-paging-counting-conveyor-machine\/#primaryimage\",\"url\":\"https:\/\/byfeeder.net\/wp-content\/uploads\/2024\/11\/paging-TIJ-UV-machine1.webp\",\"contentUrl\":\"https:\/\/byfeeder.net\/wp-content\/uploads\/2024\/11\/paging-TIJ-UV-machine1.webp\",\"width\":600,\"height\":600,\"caption\":\"paging TIJ UV machine(1)\"},{\"@type\":\"BreadcrumbList\",\"@id\":\"https:\/\/byfeeder.net\/product\/adsorption-counter-paging-counting-conveyor-machine\/#breadcrumb\",\"itemListElement\":[{\"@type\":\"ListItem\",\"position\":1,\"name\":\"Home\",\"item\":\"https:\/\/byfeeder.net\/\"},{\"@type\":\"ListItem\",\"position\":2,\"name\":\"Products\",\"item\":\"https:\/\/byfeeder.net\/solution\/\"},{\"@type\":\"ListItem\",\"position\":3,\"name\":\"Adsorption Counter Paging Counting Conveyor Machine\"}]},{\"@type\":\"WebSite\",\"@id\":\"https:\/\/byfeeder.net\/#website\",\"url\":\"https:\/\/byfeeder.net\/\",\"name\":\"BYFeeder\",\"description\":\"Packaging Feeding and Rewinding System Solutions Manufacturer\",\"publisher\":{\"@id\":\"https:\/\/byfeeder.net\/#organization\"},\"potentialAction\":[{\"@type\":\"SearchAction\",\"target\":{\"@type\":\"EntryPoint\",\"urlTemplate\":\"https:\/\/byfeeder.net\/?s={search_term_string}\"},\"query-input\":{\"@type\":\"PropertyValueSpecification\",\"valueRequired\":true,\"valueName\":\"search_term_string\"}}],\"inLanguage\":\"fr-FR\"},{\"@type\":\"Organization\",\"@id\":\"https:\/\/byfeeder.net\/#organization\",\"name\":\"BY\",\"url\":\"https:\/\/byfeeder.net\/\",\"logo\":{\"@type\":\"ImageObject\",\"inLanguage\":\"fr-FR\",\"@id\":\"https:\/\/byfeeder.net\/#\/schema\/logo\/image\/\",\"url\":\"https:\/\/byfeeder.net\/wp-content\/uploads\/2025\/05\/byfeeder-logo.webp\",\"contentUrl\":\"https:\/\/byfeeder.net\/wp-content\/uploads\/2025\/05\/byfeeder-logo.webp\",\"width\":512,\"height\":512,\"caption\":\"BY\"},\"image\":{\"@id\":\"https:\/\/byfeeder.net\/#\/schema\/logo\/image\/\"}}]}<\/script>\n<!-- \/ Yoast SEO plugin. -->","yoast_head_json":{"title":"Compteur \u00e0 adsorption et convoyeur de comptage | BYFeeder","robots":{"index":"index","follow":"follow","max-snippet":"max-snippet:-1","max-image-preview":"max-image-preview:large","max-video-preview":"max-video-preview:-1"},"canonical":"https:\/\/byfeeder.net\/fr\/product\/machine-de-comptage-et-de-pagination-a-compteur-dadsorption\/","og_locale":"fr_FR","og_type":"article","og_title":"Adsorption Counter Paging Counting Conveyor Machine | BYFeeder","og_description":"Model: IF-IPM203CT-400\u00d71200\/120-Z  Size(LXWXH):3100X800X1000mm  Belt Running Speed:0-120m\/min  &nbsp;  &nbsp;  &nbsp;","og_url":"https:\/\/byfeeder.net\/fr\/product\/machine-de-comptage-et-de-pagination-a-compteur-dadsorption\/","og_site_name":"BYFeeder","article_modified_time":"2024-12-13T07:58:23+00:00","og_image":[{"width":600,"height":600,"url":"https:\/\/byfeeder.net\/wp-content\/uploads\/2024\/11\/paging-TIJ-UV-machine1.webp","type":"image\/webp"}],"twitter_card":"summary_large_image","schema":{"@context":"https:\/\/schema.org","@graph":[{"@type":"WebPage","@id":"https:\/\/byfeeder.net\/product\/adsorption-counter-paging-counting-conveyor-machine\/","url":"https:\/\/byfeeder.net\/product\/adsorption-counter-paging-counting-conveyor-machine\/","name":"Compteur \u00e0 adsorption et convoyeur de comptage | BYFeeder","isPartOf":{"@id":"https:\/\/byfeeder.net\/#website"},"primaryImageOfPage":{"@id":"https:\/\/byfeeder.net\/product\/adsorption-counter-paging-counting-conveyor-machine\/#primaryimage"},"image":{"@id":"https:\/\/byfeeder.net\/product\/adsorption-counter-paging-counting-conveyor-machine\/#primaryimage"},"thumbnailUrl":"https:\/\/byfeeder.net\/wp-content\/uploads\/2024\/11\/paging-TIJ-UV-machine1.webp","datePublished":"2024-11-20T09:14:40+00:00","dateModified":"2024-12-13T07:58:23+00:00","breadcrumb":{"@id":"https:\/\/byfeeder.net\/product\/adsorption-counter-paging-counting-conveyor-machine\/#breadcrumb"},"inLanguage":"fr-FR","potentialAction":[{"@type":"ReadAction","target":["https:\/\/byfeeder.net\/product\/adsorption-counter-paging-counting-conveyor-machine\/"]}]},{"@type":"ImageObject","inLanguage":"fr-FR","@id":"https:\/\/byfeeder.net\/product\/adsorption-counter-paging-counting-conveyor-machine\/#primaryimage","url":"https:\/\/byfeeder.net\/wp-content\/uploads\/2024\/11\/paging-TIJ-UV-machine1.webp","contentUrl":"https:\/\/byfeeder.net\/wp-content\/uploads\/2024\/11\/paging-TIJ-UV-machine1.webp","width":600,"height":600,"caption":"paging TIJ UV machine(1)"},{"@type":"BreadcrumbList","@id":"https:\/\/byfeeder.net\/product\/adsorption-counter-paging-counting-conveyor-machine\/#breadcrumb","itemListElement":[{"@type":"ListItem","position":1,"name":"Home","item":"https:\/\/byfeeder.net\/"},{"@type":"ListItem","position":2,"name":"Products","item":"https:\/\/byfeeder.net\/solution\/"},{"@type":"ListItem","position":3,"name":"Adsorption Counter Paging Counting Conveyor Machine"}]},{"@type":"WebSite","@id":"https:\/\/byfeeder.net\/#website","url":"https:\/\/byfeeder.net\/","name":"PARFeeder","description":"Fabricant de solutions de syst\u00e8mes d&#039;alimentation et de rembobinage d&#039;emballages","publisher":{"@id":"https:\/\/byfeeder.net\/#organization"},"potentialAction":[{"@type":"SearchAction","target":{"@type":"EntryPoint","urlTemplate":"https:\/\/byfeeder.net\/?s={search_term_string}"},"query-input":{"@type":"PropertyValueSpecification","valueRequired":true,"valueName":"search_term_string"}}],"inLanguage":"fr-FR"},{"@type":"Organization","@id":"https:\/\/byfeeder.net\/#organization","name":"PAR","url":"https:\/\/byfeeder.net\/","logo":{"@type":"ImageObject","inLanguage":"fr-FR","@id":"https:\/\/byfeeder.net\/#\/schema\/logo\/image\/","url":"https:\/\/byfeeder.net\/wp-content\/uploads\/2025\/05\/byfeeder-logo.webp","contentUrl":"https:\/\/byfeeder.net\/wp-content\/uploads\/2025\/05\/byfeeder-logo.webp","width":512,"height":512,"caption":"BY"},"image":{"@id":"https:\/\/byfeeder.net\/#\/schema\/logo\/image\/"}}]}},"_links":{"self":[{"href":"https:\/\/byfeeder.net\/fr\/wp-json\/wp\/v2\/product\/1091"}],"collection":[{"href":"https:\/\/byfeeder.net\/fr\/wp-json\/wp\/v2\/product"}],"about":[{"href":"https:\/\/byfeeder.net\/fr\/wp-json\/wp\/v2\/types\/product"}],"wp:featuredmedia":[{"embeddable":true,"href":"https:\/\/byfeeder.net\/fr\/wp-json\/wp\/v2\/media\/1100"}],"wp:attachment":[{"href":"https:\/\/byfeeder.net\/fr\/wp-json\/wp\/v2\/media?parent=1091"}],"wp:term":[{"taxonomy":"product_brand","embeddable":true,"href":"https:\/\/byfeeder.net\/fr\/wp-json\/wp\/v2\/product_brand?post=1091"},{"taxonomy":"product_cat","embeddable":true,"href":"https:\/\/byfeeder.net\/fr\/wp-json\/wp\/v2\/product_cat?post=1091"},{"taxonomy":"product_tag","embeddable":true,"href":"https:\/\/byfeeder.net\/fr\/wp-json\/wp\/v2\/product_tag?post=1091"}],"curies":[{"name":"wp","href":"https:\/\/api.w.org\/{rel}","templated":true}]}}