{"id":873,"date":"2024-11-19T17:52:43","date_gmt":"2024-11-20T01:52:43","guid":{"rendered":"https:\/\/byfeeder.net\/?page_id=873"},"modified":"2025-12-01T01:47:00","modified_gmt":"2025-12-01T09:47:00","slug":"soutien","status":"publish","type":"page","link":"https:\/\/byfeeder.net\/fr\/soutien\/","title":{"rendered":"Soutien"},"content":{"rendered":"<div data-elementor-type=\"wp-page\" data-elementor-id=\"873\" class=\"elementor elementor-873\" data-elementor-post-type=\"page\">\n\t\t\t\t<div class=\"elementor-element elementor-element-73aa1cd e-flex e-con-boxed e-con e-parent\" data-id=\"73aa1cd\" data-element_type=\"container\">\n\t\t\t\t\t<div class=\"e-con-inner\">\n\t\t<div class=\"elementor-element elementor-element-81c2967 e-con-full e-flex e-con e-child\" data-id=\"81c2967\" data-element_type=\"container\" data-settings=\"{&quot;background_background&quot;:&quot;classic&quot;}\">\n\t\t\t\t<div class=\"elementor-element elementor-element-3eb0b1c elementor-widget elementor-widget-heading\" data-id=\"3eb0b1c\" data-element_type=\"widget\" data-widget_type=\"heading.default\">\n\t\t\t\t<div class=\"elementor-widget-container\">\n\t\t\t\t\t<h1 class=\"elementor-heading-title elementor-size-default\">Vente de services<\/h1>\t\t\t\t<\/div>\n\t\t\t\t<\/div>\n\t\t\t\t<div class=\"elementor-element elementor-element-2de26d2 elementor-widget elementor-widget-text-editor\" data-id=\"2de26d2\" data-element_type=\"widget\" data-widget_type=\"text-editor.default\">\n\t\t\t\t<div class=\"elementor-widget-container\">\n\t\t\t\t\t\t\t\t\t<p>Taux de r\u00e9ponse positive du 99% avec des solutions le jour m\u00eame.<\/p>\t\t\t\t\t\t\t\t<\/div>\n\t\t\t\t<\/div>\n\t\t\t\t<\/div>\n\t\t\t\t\t<\/div>\n\t\t\t\t<\/div>\n\t\t<div class=\"elementor-element elementor-element-9140962 e-flex e-con-boxed e-con e-parent\" data-id=\"9140962\" data-element_type=\"container\">\n\t\t\t\t\t<div class=\"e-con-inner\">\n\t\t<div class=\"elementor-element elementor-element-7708e84 e-con-full e-flex e-con e-child\" data-id=\"7708e84\" data-element_type=\"container\">\n\t\t\t\t<div class=\"elementor-element elementor-element-4da7a7f elementor-widget elementor-widget-heading\" data-id=\"4da7a7f\" data-element_type=\"widget\" data-widget_type=\"heading.default\">\n\t\t\t\t<div class=\"elementor-widget-container\">\n\t\t\t\t\t<h2 class=\"elementor-heading-title elementor-size-default\">Services avant-vente<\/h2>\t\t\t\t<\/div>\n\t\t\t\t<\/div>\n\t\t\t\t<\/div>\n\t\t<div class=\"elementor-element elementor-element-3e0e2b0 e-con-full e-flex e-con e-child\" data-id=\"3e0e2b0\" data-element_type=\"container\">\n\t\t<div class=\"elementor-element elementor-element-4654cf1 e-con-full e-flex e-con e-child\" data-id=\"4654cf1\" data-element_type=\"container\" data-settings=\"{&quot;background_background&quot;:&quot;classic&quot;}\">\n\t\t\t\t<div class=\"elementor-element elementor-element-7e089a0 elementor-view-default elementor-position-top elementor-mobile-position-top elementor-widget elementor-widget-icon-box\" data-id=\"7e089a0\" data-element_type=\"widget\" data-widget_type=\"icon-box.default\">\n\t\t\t\t<div class=\"elementor-widget-container\">\n\t\t\t\t\t\t\t<div class=\"elementor-icon-box-wrapper\">\n\n\t\t\t\t\t\t<div class=\"elementor-icon-box-icon\">\n\t\t\t\t<span  class=\"elementor-icon\">\n\t\t\t\t<svg xmlns=\"http:\/\/www.w3.org\/2000\/svg\" width=\"20\" height=\"21\" viewbox=\"0 0 20 21\" fill=\"none\"><circle cx=\"10\" cy=\"10\" r=\"10\" fill=\"#D70029\"><\/circle><path d=\"M8.53413 6.32V5.324H10.7901V14H9.68613V6.32H8.53413Z\" fill=\"white\"><\/path><\/svg>\t\t\t\t<\/span>\n\t\t\t<\/div>\n\t\t\t\n\t\t\t\t\t\t<div class=\"elementor-icon-box-content\">\n\n\t\t\t\t\t\t\t\t\t<div class=\"elementor-icon-box-title\">\n\t\t\t\t\t\t<span  >\n\t\t\t\t\t\t\tConseil professionnel\t\t\t\t\t\t<\/span>\n\t\t\t\t\t<\/div>\n\t\t\t\t\n\t\t\t\t\t\t\t\t\t<p class=\"elementor-icon-box-description\">\n\t\t\t\t\t\tNotre \u00e9quipe avant-vente est compos\u00e9e d&#039;experts du secteur poss\u00e9dant une connaissance approfondie des produits. Que vous ayez des questions sur le produit ou que vous ayez besoin de conseils personnalis\u00e9s, nous serons heureux de vous fournir des r\u00e9ponses professionnelles.\t\t\t\t\t<\/p>\n\t\t\t\t\n\t\t\t<\/div>\n\t\t\t\n\t\t<\/div>\n\t\t\t\t\t\t<\/div>\n\t\t\t\t<\/div>\n\t\t\t\t<\/div>\n\t\t<div class=\"elementor-element elementor-element-ee788ba e-con-full e-flex e-con e-child\" data-id=\"ee788ba\" data-element_type=\"container\" data-settings=\"{&quot;background_background&quot;:&quot;classic&quot;}\">\n\t\t\t\t<div class=\"elementor-element elementor-element-c21aa0a elementor-view-default elementor-position-top elementor-mobile-position-top elementor-widget elementor-widget-icon-box\" data-id=\"c21aa0a\" data-element_type=\"widget\" data-widget_type=\"icon-box.default\">\n\t\t\t\t<div class=\"elementor-widget-container\">\n\t\t\t\t\t\t\t<div class=\"elementor-icon-box-wrapper\">\n\n\t\t\t\t\t\t<div class=\"elementor-icon-box-icon\">\n\t\t\t\t<span  class=\"elementor-icon\">\n\t\t\t\t<svg xmlns=\"http:\/\/www.w3.org\/2000\/svg\" width=\"20\" height=\"21\" viewbox=\"0 0 20 21\" fill=\"none\"><circle cx=\"10\" cy=\"10\" r=\"10\" fill=\"#D70029\"><\/circle><path d=\"M7.16083 13.124C8.17683 12.308 8.97283 11.64 9.54883 11.12C10.1248 10.592 10.6088 10.044 11.0008 9.476C11.4008 8.9 11.6008 8.336 11.6008 7.784C11.6008 7.264 11.4728 6.856 11.2168 6.56C10.9688 6.256 10.5648 6.104 10.0048 6.104C9.46083 6.104 9.03683 6.276 8.73283 6.62C8.43683 6.956 8.27683 7.408 8.25283 7.976H7.19683C7.22883 7.08 7.50083 6.388 8.01283 5.9C8.52483 5.412 9.18483 5.168 9.99283 5.168C10.8168 5.168 11.4688 5.396 11.9488 5.852C12.4368 6.308 12.6808 6.936 12.6808 7.736C12.6808 8.4 12.4808 9.048 12.0808 9.68C11.6888 10.304 11.2408 10.856 10.7368 11.336C10.2328 11.808 9.58883 12.36 8.80483 12.992H12.9328V13.904H7.16083V13.124Z\" fill=\"white\"><\/path><\/svg>\t\t\t\t<\/span>\n\t\t\t<\/div>\n\t\t\t\n\t\t\t\t\t\t<div class=\"elementor-icon-box-content\">\n\n\t\t\t\t\t\t\t\t\t<div class=\"elementor-icon-box-title\">\n\t\t\t\t\t\t<span  >\n\t\t\t\t\t\t\tProgramme satisfaisant\t\t\t\t\t\t<\/span>\n\t\t\t\t\t<\/div>\n\t\t\t\t\n\t\t\t\t\t\t\t\t\t<p class=\"elementor-icon-box-description\">\n\t\t\t\t\t\tApr\u00e8s avoir \u00e9cout\u00e9 vos besoins sp\u00e9cifiques, depuis la s\u00e9lection des produits, les recommandations de configuration jusqu&#039;\u00e0 la communication des prix, nous nous engageons \u00e0 cr\u00e9er la solution la plus adapt\u00e9e pour vous.\t\t\t\t\t<\/p>\n\t\t\t\t\n\t\t\t<\/div>\n\t\t\t\n\t\t<\/div>\n\t\t\t\t\t\t<\/div>\n\t\t\t\t<\/div>\n\t\t\t\t<\/div>\n\t\t<div class=\"elementor-element elementor-element-40c150d e-con-full e-flex e-con e-child\" data-id=\"40c150d\" data-element_type=\"container\" data-settings=\"{&quot;background_background&quot;:&quot;classic&quot;}\">\n\t\t\t\t<div class=\"elementor-element elementor-element-6be9cfd elementor-view-default elementor-position-top elementor-mobile-position-top elementor-widget elementor-widget-icon-box\" data-id=\"6be9cfd\" data-element_type=\"widget\" data-widget_type=\"icon-box.default\">\n\t\t\t\t<div class=\"elementor-widget-container\">\n\t\t\t\t\t\t\t<div class=\"elementor-icon-box-wrapper\">\n\n\t\t\t\t\t\t<div class=\"elementor-icon-box-icon\">\n\t\t\t\t<span  class=\"elementor-icon\">\n\t\t\t\t<svg xmlns=\"http:\/\/www.w3.org\/2000\/svg\" width=\"20\" height=\"21\" viewbox=\"0 0 20 21\" fill=\"none\"><circle cx=\"10\" cy=\"10\" r=\"10\" fill=\"#D70029\"><\/circle><path d=\"M7.1868 7.508C7.2428 6.772 7.5268 6.196 8.0388 5.78C8.5508 5.364 9.2148 5.156 10.0308 5.156C10.5748 5.156 11.0428 5.256 11.4348 5.456C11.8348 5.648 12.1348 5.912 12.3348 6.248C12.5428 6.584 12.6468 6.964 12.6468 7.388C12.6468 7.884 12.5028 8.312 12.2148 8.672C11.9348 9.032 11.5668 9.264 11.1108 9.368V9.428C11.6308 9.556 12.0428 9.808 12.3468 10.184C12.6508 10.56 12.8028 11.052 12.8028 11.66C12.8028 12.116 12.6988 12.528 12.4908 12.896C12.2828 13.256 11.9708 13.54 11.5548 13.748C11.1388 13.956 10.6388 14.06 10.0548 14.06C9.2068 14.06 8.5108 13.84 7.9668 13.4C7.4228 12.952 7.1188 12.32 7.0548 11.504H8.1108C8.1668 11.984 8.3628 12.376 8.6988 12.68C9.0348 12.984 9.4828 13.136 10.0428 13.136C10.6028 13.136 11.0268 12.992 11.3148 12.704C11.6108 12.408 11.7588 12.028 11.7588 11.564C11.7588 10.964 11.5588 10.532 11.1588 10.268C10.7588 10.004 10.1548 9.872 9.3468 9.872H9.0708V8.96H9.3588C10.0948 8.952 10.6508 8.832 11.0268 8.6C11.4028 8.36 11.5908 7.992 11.5908 7.496C11.5908 7.072 11.4508 6.732 11.1708 6.476C10.8988 6.22 10.5068 6.092 9.9948 6.092C9.4988 6.092 9.0988 6.22 8.7948 6.476C8.4908 6.732 8.3108 7.076 8.2548 7.508H7.1868Z\" fill=\"white\"><\/path><\/svg>\t\t\t\t<\/span>\n\t\t\t<\/div>\n\t\t\t\n\t\t\t\t\t\t<div class=\"elementor-icon-box-content\">\n\n\t\t\t\t\t\t\t\t\t<div class=\"elementor-icon-box-title\">\n\t\t\t\t\t\t<span  >\n\t\t\t\t\t\t\tR\u00e9ponse rapide\t\t\t\t\t\t<\/span>\n\t\t\t\t\t<\/div>\n\t\t\t\t\n\t\t\t\t\t\t\t\t\t<p class=\"elementor-icon-box-description\">\n\t\t\t\t\t\tNous nous engageons \u00e0 r\u00e9pondre \u00e0 vos demandes dans les 20 heures pour vous \u00e9viter d&#039;avoir \u00e0 attendre longtemps.\t\t\t\t\t<\/p>\n\t\t\t\t\n\t\t\t<\/div>\n\t\t\t\n\t\t<\/div>\n\t\t\t\t\t\t<\/div>\n\t\t\t\t<\/div>\n\t\t\t\t<\/div>\n\t\t\t\t<\/div>\n\t\t\t\t\t<\/div>\n\t\t\t\t<\/div>\n\t\t<div class=\"elementor-element elementor-element-a64c411 e-flex e-con-boxed e-con e-parent\" data-id=\"a64c411\" data-element_type=\"container\">\n\t\t\t\t\t<div class=\"e-con-inner\">\n\t\t<div class=\"elementor-element elementor-element-33f66b8 e-con-full e-flex e-con e-child\" data-id=\"33f66b8\" data-element_type=\"container\">\n\t\t\t\t<div class=\"elementor-element elementor-element-b81289b elementor-widget elementor-widget-heading\" data-id=\"b81289b\" data-element_type=\"widget\" data-widget_type=\"heading.default\">\n\t\t\t\t<div class=\"elementor-widget-container\">\n\t\t\t\t\t<h2 class=\"elementor-heading-title elementor-size-default\">Service apr\u00e8s-vente<\/h2>\t\t\t\t<\/div>\n\t\t\t\t<\/div>\n\t\t\t\t<\/div>\n\t\t<div class=\"elementor-element elementor-element-b1cf64c e-con-full e-flex e-con e-child\" data-id=\"b1cf64c\" data-element_type=\"container\">\n\t\t<div class=\"elementor-element elementor-element-2b1d73e e-con-full e-flex e-con e-child\" data-id=\"2b1d73e\" data-element_type=\"container\">\n\t\t<div class=\"elementor-element elementor-element-7c859bc e-con-full e-flex e-con e-child\" data-id=\"7c859bc\" data-element_type=\"container\" data-settings=\"{&quot;background_background&quot;:&quot;classic&quot;}\">\n\t\t\t\t<div class=\"elementor-element elementor-element-8eb7d1b elementor-widget elementor-widget-heading\" data-id=\"8eb7d1b\" data-element_type=\"widget\" data-widget_type=\"heading.default\">\n\t\t\t\t<div class=\"elementor-widget-container\">\n\t\t\t\t\t<h4 class=\"elementor-heading-title elementor-size-default\">R\u00e9ponse apr\u00e8s-vente rapide<\/h4>\t\t\t\t<\/div>\n\t\t\t\t<\/div>\n\t\t\t\t<div class=\"elementor-element elementor-element-20324ba elementor-widget elementor-widget-text-editor\" data-id=\"20324ba\" data-element_type=\"widget\" data-widget_type=\"text-editor.default\">\n\t\t\t\t<div class=\"elementor-widget-container\">\n\t\t\t\t\t\t\t\t\t<p>Nous disposons d&#039;une \u00e9quipe de service apr\u00e8s-vente sp\u00e9cialis\u00e9e, d&#039;un support technique en ligne permanent, d&#039;un d\u00e9pannage, etc., d&#039;une demande rapide le jour m\u00eame de solutions de r\u00e9ponse apr\u00e8s-vente.<\/p>\t\t\t\t\t\t\t\t<\/div>\n\t\t\t\t<\/div>\n\t\t\t\t<\/div>\n\t\t<div class=\"elementor-element elementor-element-7b3479a e-con-full e-flex e-con e-child\" data-id=\"7b3479a\" data-element_type=\"container\" data-settings=\"{&quot;background_background&quot;:&quot;classic&quot;}\">\n\t\t\t\t<div class=\"elementor-element elementor-element-5700381 elementor-widget elementor-widget-heading\" data-id=\"5700381\" data-element_type=\"widget\" data-widget_type=\"heading.default\">\n\t\t\t\t<div class=\"elementor-widget-container\">\n\t\t\t\t\t<h4 class=\"elementor-heading-title elementor-size-default\">Entretien professionnel<\/h4>\t\t\t\t<\/div>\n\t\t\t\t<\/div>\n\t\t\t\t<div class=\"elementor-element elementor-element-5dd56ce elementor-widget elementor-widget-text-editor\" data-id=\"5dd56ce\" data-element_type=\"widget\" data-widget_type=\"text-editor.default\">\n\t\t\t\t<div class=\"elementor-widget-container\">\n\t\t\t\t\t\t\t\t\t<p>Pour les produits qui doivent \u00eatre r\u00e9par\u00e9s ou remplac\u00e9s, nous fournissons des pi\u00e8ces de rechange d&#039;origine et une assistance technique et professionnelle en ligne pour vous aider \u00e0 restaurer votre machine. <br \/>fonctionner \u00e0 son meilleur.<\/p>\t\t\t\t\t\t\t\t<\/div>\n\t\t\t\t<\/div>\n\t\t\t\t<\/div>\n\t\t<div class=\"elementor-element elementor-element-af61414 e-con-full e-flex e-con e-child\" data-id=\"af61414\" data-element_type=\"container\" data-settings=\"{&quot;background_background&quot;:&quot;classic&quot;}\">\n\t\t\t\t<div class=\"elementor-element elementor-element-68bd213 elementor-widget elementor-widget-heading\" data-id=\"68bd213\" data-element_type=\"widget\" data-widget_type=\"heading.default\">\n\t\t\t\t<div class=\"elementor-widget-container\">\n\t\t\t\t\t<h4 class=\"elementor-heading-title elementor-size-default\">Commentaires des clients<\/h4>\t\t\t\t<\/div>\n\t\t\t\t<\/div>\n\t\t\t\t<div class=\"elementor-element elementor-element-229bd1f elementor-widget elementor-widget-text-editor\" data-id=\"229bd1f\" data-element_type=\"widget\" data-widget_type=\"text-editor.default\">\n\t\t\t\t<div class=\"elementor-widget-container\">\n\t\t\t\t\t\t\t\t\t<p>Nous rendons r\u00e9guli\u00e8rement visite \u00e0 nos clients pour recueillir leurs commentaires et optimiser en permanence nos produits et services.<\/p>\t\t\t\t\t\t\t\t<\/div>\n\t\t\t\t<\/div>\n\t\t\t\t<\/div>\n\t\t\t\t<\/div>\n\t\t\t\t<\/div>\n\t\t\t\t\t<\/div>\n\t\t\t\t<\/div>\n\t\t\t\t<\/div>","protected":false},"excerpt":{"rendered":"<p>Services de vente\u00a0: Taux de r\u00e9ponse positif de 99%, solutions disponibles le jour m\u00eame. Services avant-vente\u00a0: Conseils professionnels. Notre \u00e9quipe avant-vente est compos\u00e9e d&#039;experts du secteur poss\u00e9dant une connaissance approfondie des produits. Que vous ayez des questions sur le produit ou besoin de conseils personnalis\u00e9s, nous serons heureux de vous apporter des r\u00e9ponses professionnelles. Programme satisfaisant. Apr\u00e8s avoir \u00e9cout\u00e9 vos besoins sp\u00e9cifiques [\u2026]<\/p>","protected":false},"author":1,"featured_media":0,"parent":0,"menu_order":0,"comment_status":"closed","ping_status":"closed","template":"","meta":{"_acf_changed":false,"footnotes":""},"class_list":["post-873","page","type-page","status-publish","hentry"],"acf":[],"yoast_head":"<!-- This site is optimized with the Yoast SEO plugin v25.3.1 - https:\/\/yoast.com\/wordpress\/plugins\/seo\/ -->\n<title>Support | BYFeeder<\/title>\n<meta name=\"robots\" content=\"noindex, nofollow\" \/>\n<meta property=\"og:locale\" content=\"fr_FR\" \/>\n<meta property=\"og:type\" content=\"article\" \/>\n<meta property=\"og:title\" content=\"Support | BYFeeder\" \/>\n<meta property=\"og:description\" content=\"Sale Services Positive response rate of 99% with same day solutions. Pre-sales Services Professional consulting Our pre-sales team consists of industry experts with extensive product knowledge. Whether you have any questions about the product or need personalized advice, we will be happy to provide you with professional answers. Satisfactory program After listening to your specific [&hellip;]\" \/>\n<meta property=\"og:url\" content=\"https:\/\/byfeeder.net\/fr\/soutien\/\" \/>\n<meta property=\"og:site_name\" content=\"BYFeeder\" \/>\n<meta property=\"article:modified_time\" content=\"2025-12-01T09:47:00+00:00\" \/>\n<meta name=\"twitter:card\" content=\"summary_large_image\" \/>\n<meta name=\"twitter:label1\" content=\"Dur\u00e9e de lecture estim\u00e9e\" \/>\n\t<meta name=\"twitter:data1\" content=\"1 minute\" \/>\n<script type=\"application\/ld+json\" class=\"yoast-schema-graph\">{\"@context\":\"https:\/\/schema.org\",\"@graph\":[{\"@type\":\"WebPage\",\"@id\":\"https:\/\/byfeeder.net\/support\/\",\"url\":\"https:\/\/byfeeder.net\/support\/\",\"name\":\"Support | BYFeeder\",\"isPartOf\":{\"@id\":\"https:\/\/byfeeder.net\/#website\"},\"datePublished\":\"2024-11-20T01:52:43+00:00\",\"dateModified\":\"2025-12-01T09:47:00+00:00\",\"breadcrumb\":{\"@id\":\"https:\/\/byfeeder.net\/support\/#breadcrumb\"},\"inLanguage\":\"fr-FR\",\"potentialAction\":[{\"@type\":\"ReadAction\",\"target\":[\"https:\/\/byfeeder.net\/support\/\"]}]},{\"@type\":\"BreadcrumbList\",\"@id\":\"https:\/\/byfeeder.net\/support\/#breadcrumb\",\"itemListElement\":[{\"@type\":\"ListItem\",\"position\":1,\"name\":\"Home\",\"item\":\"https:\/\/byfeeder.net\/\"},{\"@type\":\"ListItem\",\"position\":2,\"name\":\"Support\"}]},{\"@type\":\"WebSite\",\"@id\":\"https:\/\/byfeeder.net\/#website\",\"url\":\"https:\/\/byfeeder.net\/\",\"name\":\"BYFeeder\",\"description\":\"Packaging Feeding and Rewinding System Solutions Manufacturer\",\"publisher\":{\"@id\":\"https:\/\/byfeeder.net\/#organization\"},\"potentialAction\":[{\"@type\":\"SearchAction\",\"target\":{\"@type\":\"EntryPoint\",\"urlTemplate\":\"https:\/\/byfeeder.net\/?s={search_term_string}\"},\"query-input\":{\"@type\":\"PropertyValueSpecification\",\"valueRequired\":true,\"valueName\":\"search_term_string\"}}],\"inLanguage\":\"fr-FR\"},{\"@type\":\"Organization\",\"@id\":\"https:\/\/byfeeder.net\/#organization\",\"name\":\"BY\",\"url\":\"https:\/\/byfeeder.net\/\",\"logo\":{\"@type\":\"ImageObject\",\"inLanguage\":\"fr-FR\",\"@id\":\"https:\/\/byfeeder.net\/#\/schema\/logo\/image\/\",\"url\":\"https:\/\/byfeeder.net\/wp-content\/uploads\/2025\/05\/byfeeder-logo.webp\",\"contentUrl\":\"https:\/\/byfeeder.net\/wp-content\/uploads\/2025\/05\/byfeeder-logo.webp\",\"width\":512,\"height\":512,\"caption\":\"BY\"},\"image\":{\"@id\":\"https:\/\/byfeeder.net\/#\/schema\/logo\/image\/\"}}]}<\/script>\n<!-- \/ Yoast SEO plugin. -->","yoast_head_json":{"title":"Assistance | BYFeeder","robots":{"index":"noindex","follow":"nofollow"},"og_locale":"fr_FR","og_type":"article","og_title":"Support | BYFeeder","og_description":"Sale Services Positive response rate of 99% with same day solutions. Pre-sales Services Professional consulting Our pre-sales team consists of industry experts with extensive product knowledge. Whether you have any questions about the product or need personalized advice, we will be happy to provide you with professional answers. Satisfactory program After listening to your specific [&hellip;]","og_url":"https:\/\/byfeeder.net\/fr\/soutien\/","og_site_name":"BYFeeder","article_modified_time":"2025-12-01T09:47:00+00:00","twitter_card":"summary_large_image","twitter_misc":{"Dur\u00e9e de lecture estim\u00e9e":"1 minute"},"schema":{"@context":"https:\/\/schema.org","@graph":[{"@type":"WebPage","@id":"https:\/\/byfeeder.net\/support\/","url":"https:\/\/byfeeder.net\/support\/","name":"Assistance | BYFeeder","isPartOf":{"@id":"https:\/\/byfeeder.net\/#website"},"datePublished":"2024-11-20T01:52:43+00:00","dateModified":"2025-12-01T09:47:00+00:00","breadcrumb":{"@id":"https:\/\/byfeeder.net\/support\/#breadcrumb"},"inLanguage":"fr-FR","potentialAction":[{"@type":"ReadAction","target":["https:\/\/byfeeder.net\/support\/"]}]},{"@type":"BreadcrumbList","@id":"https:\/\/byfeeder.net\/support\/#breadcrumb","itemListElement":[{"@type":"ListItem","position":1,"name":"Home","item":"https:\/\/byfeeder.net\/"},{"@type":"ListItem","position":2,"name":"Support"}]},{"@type":"WebSite","@id":"https:\/\/byfeeder.net\/#website","url":"https:\/\/byfeeder.net\/","name":"PARFeeder","description":"Fabricant de solutions de syst\u00e8mes d&#039;alimentation et de rembobinage d&#039;emballages","publisher":{"@id":"https:\/\/byfeeder.net\/#organization"},"potentialAction":[{"@type":"SearchAction","target":{"@type":"EntryPoint","urlTemplate":"https:\/\/byfeeder.net\/?s={search_term_string}"},"query-input":{"@type":"PropertyValueSpecification","valueRequired":true,"valueName":"search_term_string"}}],"inLanguage":"fr-FR"},{"@type":"Organization","@id":"https:\/\/byfeeder.net\/#organization","name":"PAR","url":"https:\/\/byfeeder.net\/","logo":{"@type":"ImageObject","inLanguage":"fr-FR","@id":"https:\/\/byfeeder.net\/#\/schema\/logo\/image\/","url":"https:\/\/byfeeder.net\/wp-content\/uploads\/2025\/05\/byfeeder-logo.webp","contentUrl":"https:\/\/byfeeder.net\/wp-content\/uploads\/2025\/05\/byfeeder-logo.webp","width":512,"height":512,"caption":"BY"},"image":{"@id":"https:\/\/byfeeder.net\/#\/schema\/logo\/image\/"}}]}},"_links":{"self":[{"href":"https:\/\/byfeeder.net\/fr\/wp-json\/wp\/v2\/pages\/873"}],"collection":[{"href":"https:\/\/byfeeder.net\/fr\/wp-json\/wp\/v2\/pages"}],"about":[{"href":"https:\/\/byfeeder.net\/fr\/wp-json\/wp\/v2\/types\/page"}],"author":[{"embeddable":true,"href":"https:\/\/byfeeder.net\/fr\/wp-json\/wp\/v2\/users\/1"}],"replies":[{"embeddable":true,"href":"https:\/\/byfeeder.net\/fr\/wp-json\/wp\/v2\/comments?post=873"}],"version-history":[{"count":19,"href":"https:\/\/byfeeder.net\/fr\/wp-json\/wp\/v2\/pages\/873\/revisions"}],"predecessor-version":[{"id":4279,"href":"https:\/\/byfeeder.net\/fr\/wp-json\/wp\/v2\/pages\/873\/revisions\/4279"}],"wp:attachment":[{"href":"https:\/\/byfeeder.net\/fr\/wp-json\/wp\/v2\/media?parent=873"}],"curies":[{"name":"wp","href":"https:\/\/api.w.org\/{rel}","templated":true}]}}