{"id":3283,"date":"2025-05-25T22:09:00","date_gmt":"2025-05-26T06:09:00","guid":{"rendered":"https:\/\/byfeeder.net\/?post_type=product&#038;p=3283"},"modified":"2025-05-25T22:38:48","modified_gmt":"2025-05-26T06:38:48","slug":"maquina-rebobinadora-de-etiquetas-de-papel-peliculas-de-aluminio-y-telas-no-tejidas-para-peliculas-de-pe","status":"publish","type":"product","link":"https:\/\/byfeeder.net\/es\/product\/maquina-rebobinadora-de-etiquetas-de-papel-peliculas-de-aluminio-y-telas-no-tejidas-para-peliculas-de-pe\/","title":{"rendered":"M\u00e1quina rebobinadora de etiquetas de papel, pel\u00edculas de aluminio, telas no tejidas y pel\u00edculas de PE"},"content":{"rendered":"<p><strong>Par\u00e1metros del producto<\/strong><\/p>\n<p>M\u00e9todo de instalaci\u00f3n: Versi\u00f3n de aterrizaje<br \/>\nFuente de alimentaci\u00f3n de entrada: 220 V<br \/>\nAspecto de la carrocer\u00eda: Pintura horneada de acero al carbono<br \/>\nM\u00e9todo de recolecci\u00f3n: material en rollo autom\u00e1tico<br \/>\nPeso del equipo: aproximadamente 400 kilogramos<br \/>\nM\u00e9todo de control: Control de tensi\u00f3n de la fuente de aire<br \/>\nModo de transmisi\u00f3n: servomotor<br \/>\nEspesor del material: 0,012-0,15 mm<br \/>\nAncho m\u00e1ximo: &lt; 500 mm<br \/>\nDi\u00e1metro m\u00e1ximo del rodillo: &lt; 500 mm<br \/>\nDi\u00e1metro interior del n\u00facleo: 3 pulgadas (76 mm)<br \/>\nFunci\u00f3n: Etiquetado autom\u00e1tico<br \/>\nTama\u00f1o del cuerpo: L1300XW1200XH1800mm<\/p>\n<p><strong>Configuraci\u00f3n opcional<\/strong><\/p>\n<p>Sistema de correcci\u00f3n de desviaciones<\/p>\n<p>Varias impresoras de inyecci\u00f3n de tinta (CIJ, TIJ, UV, l\u00e1ser)<\/p>\n<p>M\u00e1quina de detecci\u00f3n de manchas<\/p>\n<p>M\u00e1quina etiquetadora<\/p>\n<p>Personajes peque\u00f1os<\/p>\n<p>La rebobinadora se utiliza principalmente para etiquetar diversos tipos de rollos de pel\u00edcula, como l\u00e1minas de aluminio, papel, etiquetas, telas no tejidas, pel\u00edculas de PE, etc. Tras insertar la pel\u00edcula por el lado izquierdo, la etiqueta se detecta autom\u00e1ticamente. La pel\u00edcula se retrae completamente por el lado derecho.<\/p>","protected":false},"excerpt":{"rendered":"<p>Potencia de entrada: aproximadamente 2800 W<\/p>\n<p>Correr <span data-slate-fragment=\"JTVCJTdCJTIydHlwZSUyMiUzQSUyMnBhcmFncmFwaCUyMiUyQyUyMmNoaWxkcmVuJTIyJTNBJTVCJTdCJTIyaWQlMjIlM0ElMjJWNzZQZ3k3bnZlJTIyJTJDJTIycGFyYUlkeCUyMiUzQTExJTJDJTIyc3JjJTIyJTNBJTIyUnVubmluZyUyMHNwZWVkJTNBJTIwMTAwJTIwbWV0ZXJzJTIwcGVyJTIwbWludXRlJTIyJTJDJTIyZHN0JTIyJTNBJTIyJUU4JUI3JTkxJUU2JUFEJUE1JUU5JTgwJTlGJUU1JUJBJUE2JUVGJUJDJTlBJUU2JUFGJThGJUU1JTg4JTg2JUU5JTkyJTlGMTAwJUU3JUIxJUIzJTIyJTJDJTIybWV0YWRhdGElMjIlM0ElMjIlMjIlMkMlMjJtYXRjaGVzJTIyJTNBbnVsbCUyQyUyMm1ldGFEYXRhJTIyJTNBJTVCJTVEJTJDJTIydGV4dCUyMiUzQSUyMjEwMCUyMG1ldGVycyUyMHBlciUyMG1pbnV0ZSUyMiU3RCU1RCU3RCU1RA==\">100 metros por minuto<\/span><\/p>\n<p>Impresora de inyecci\u00f3n de tinta opcional: DOMINO, Sojet, DK, UCS, VIDEOJET<\/p>","protected":false},"featured_media":3284,"template":"","meta":{"_acf_changed":false},"product_brand":[],"product_cat":[40],"product_tag":[],"class_list":{"0":"post-3283","1":"product","2":"type-product","3":"status-publish","4":"has-post-thumbnail","6":"product_cat-rewinder-machines","8":"first","9":"instock","10":"shipping-taxable","11":"product-type-simple"},"acf":[],"yoast_head":"<!-- This site is optimized with the Yoast SEO plugin v25.3.1 - https:\/\/yoast.com\/wordpress\/plugins\/seo\/ -->\n<title>Aluminum Foil Film Paper Labels Non-woven Fabrics PE Films Rewind Machine | BYFeeder<\/title>\n<meta name=\"robots\" content=\"index, follow, max-snippet:-1, max-image-preview:large, max-video-preview:-1\" \/>\n<link rel=\"canonical\" href=\"https:\/\/byfeeder.net\/es\/product\/maquina-rebobinadora-de-etiquetas-de-papel-peliculas-de-aluminio-y-telas-no-tejidas-para-peliculas-de-pe\/\" \/>\n<meta property=\"og:locale\" content=\"es_ES\" \/>\n<meta property=\"og:type\" content=\"article\" \/>\n<meta property=\"og:title\" content=\"Aluminum Foil Film Paper Labels Non-woven Fabrics PE Films Rewind Machine | BYFeeder\" \/>\n<meta property=\"og:description\" content=\"Input power: About 2800W  Running 100 meters per minute  Optional Inkjet Printer: DOMINO, Sojet, DK, UCS, VIDEOJET\" \/>\n<meta property=\"og:url\" content=\"https:\/\/byfeeder.net\/es\/product\/maquina-rebobinadora-de-etiquetas-de-papel-peliculas-de-aluminio-y-telas-no-tejidas-para-peliculas-de-pe\/\" \/>\n<meta property=\"og:site_name\" content=\"BYFeeder\" \/>\n<meta property=\"article:modified_time\" content=\"2025-05-26T06:38:48+00:00\" \/>\n<meta property=\"og:image\" content=\"https:\/\/byfeeder.net\/wp-content\/uploads\/2025\/05\/rewind-machine.webp\" \/>\n\t<meta property=\"og:image:width\" content=\"700\" \/>\n\t<meta property=\"og:image:height\" content=\"700\" \/>\n\t<meta property=\"og:image:type\" content=\"image\/webp\" \/>\n<meta name=\"twitter:card\" content=\"summary_large_image\" \/>\n<meta name=\"twitter:label1\" content=\"Tiempo de lectura\" \/>\n\t<meta name=\"twitter:data1\" content=\"1 minuto\" \/>\n<script type=\"application\/ld+json\" class=\"yoast-schema-graph\">{\"@context\":\"https:\/\/schema.org\",\"@graph\":[{\"@type\":\"WebPage\",\"@id\":\"https:\/\/byfeeder.net\/product\/aluminum-foil-film-paper-labels-non-woven-fabrics-pe-films-rewind-machine\/\",\"url\":\"https:\/\/byfeeder.net\/product\/aluminum-foil-film-paper-labels-non-woven-fabrics-pe-films-rewind-machine\/\",\"name\":\"Aluminum Foil Film Paper Labels Non-woven Fabrics PE Films Rewind Machine | BYFeeder\",\"isPartOf\":{\"@id\":\"https:\/\/byfeeder.net\/#website\"},\"primaryImageOfPage\":{\"@id\":\"https:\/\/byfeeder.net\/product\/aluminum-foil-film-paper-labels-non-woven-fabrics-pe-films-rewind-machine\/#primaryimage\"},\"image\":{\"@id\":\"https:\/\/byfeeder.net\/product\/aluminum-foil-film-paper-labels-non-woven-fabrics-pe-films-rewind-machine\/#primaryimage\"},\"thumbnailUrl\":\"https:\/\/byfeeder.net\/wp-content\/uploads\/2025\/05\/rewind-machine.webp\",\"datePublished\":\"2025-05-26T06:09:00+00:00\",\"dateModified\":\"2025-05-26T06:38:48+00:00\",\"breadcrumb\":{\"@id\":\"https:\/\/byfeeder.net\/product\/aluminum-foil-film-paper-labels-non-woven-fabrics-pe-films-rewind-machine\/#breadcrumb\"},\"inLanguage\":\"es\",\"potentialAction\":[{\"@type\":\"ReadAction\",\"target\":[\"https:\/\/byfeeder.net\/product\/aluminum-foil-film-paper-labels-non-woven-fabrics-pe-films-rewind-machine\/\"]}]},{\"@type\":\"ImageObject\",\"inLanguage\":\"es\",\"@id\":\"https:\/\/byfeeder.net\/product\/aluminum-foil-film-paper-labels-non-woven-fabrics-pe-films-rewind-machine\/#primaryimage\",\"url\":\"https:\/\/byfeeder.net\/wp-content\/uploads\/2025\/05\/rewind-machine.webp\",\"contentUrl\":\"https:\/\/byfeeder.net\/wp-content\/uploads\/2025\/05\/rewind-machine.webp\",\"width\":700,\"height\":700,\"caption\":\"rewind machine\"},{\"@type\":\"BreadcrumbList\",\"@id\":\"https:\/\/byfeeder.net\/product\/aluminum-foil-film-paper-labels-non-woven-fabrics-pe-films-rewind-machine\/#breadcrumb\",\"itemListElement\":[{\"@type\":\"ListItem\",\"position\":1,\"name\":\"Home\",\"item\":\"https:\/\/byfeeder.net\/\"},{\"@type\":\"ListItem\",\"position\":2,\"name\":\"Products\",\"item\":\"https:\/\/byfeeder.net\/solution\/\"},{\"@type\":\"ListItem\",\"position\":3,\"name\":\"Aluminum Foil Film Paper Labels Non-woven Fabrics PE Films Rewind Machine\"}]},{\"@type\":\"WebSite\",\"@id\":\"https:\/\/byfeeder.net\/#website\",\"url\":\"https:\/\/byfeeder.net\/\",\"name\":\"BYFeeder\",\"description\":\"Packaging Feeding and Rewinding System Solutions Manufacturer\",\"publisher\":{\"@id\":\"https:\/\/byfeeder.net\/#organization\"},\"potentialAction\":[{\"@type\":\"SearchAction\",\"target\":{\"@type\":\"EntryPoint\",\"urlTemplate\":\"https:\/\/byfeeder.net\/?s={search_term_string}\"},\"query-input\":{\"@type\":\"PropertyValueSpecification\",\"valueRequired\":true,\"valueName\":\"search_term_string\"}}],\"inLanguage\":\"es\"},{\"@type\":\"Organization\",\"@id\":\"https:\/\/byfeeder.net\/#organization\",\"name\":\"BY\",\"url\":\"https:\/\/byfeeder.net\/\",\"logo\":{\"@type\":\"ImageObject\",\"inLanguage\":\"es\",\"@id\":\"https:\/\/byfeeder.net\/#\/schema\/logo\/image\/\",\"url\":\"https:\/\/byfeeder.net\/wp-content\/uploads\/2025\/05\/byfeeder-logo.webp\",\"contentUrl\":\"https:\/\/byfeeder.net\/wp-content\/uploads\/2025\/05\/byfeeder-logo.webp\",\"width\":512,\"height\":512,\"caption\":\"BY\"},\"image\":{\"@id\":\"https:\/\/byfeeder.net\/#\/schema\/logo\/image\/\"}}]}<\/script>\n<!-- \/ Yoast SEO plugin. -->","yoast_head_json":{"title":"M\u00e1quina rebobinadora de etiquetas de papel, pel\u00edculas de aluminio, telas no tejidas y pel\u00edculas de PE | BYFeeder","robots":{"index":"index","follow":"follow","max-snippet":"max-snippet:-1","max-image-preview":"max-image-preview:large","max-video-preview":"max-video-preview:-1"},"canonical":"https:\/\/byfeeder.net\/es\/product\/maquina-rebobinadora-de-etiquetas-de-papel-peliculas-de-aluminio-y-telas-no-tejidas-para-peliculas-de-pe\/","og_locale":"es_ES","og_type":"article","og_title":"Aluminum Foil Film Paper Labels Non-woven Fabrics PE Films Rewind Machine | BYFeeder","og_description":"Input power: About 2800W  Running 100 meters per minute  Optional Inkjet Printer: DOMINO, Sojet, DK, UCS, VIDEOJET","og_url":"https:\/\/byfeeder.net\/es\/product\/maquina-rebobinadora-de-etiquetas-de-papel-peliculas-de-aluminio-y-telas-no-tejidas-para-peliculas-de-pe\/","og_site_name":"BYFeeder","article_modified_time":"2025-05-26T06:38:48+00:00","og_image":[{"width":700,"height":700,"url":"https:\/\/byfeeder.net\/wp-content\/uploads\/2025\/05\/rewind-machine.webp","type":"image\/webp"}],"twitter_card":"summary_large_image","twitter_misc":{"Tiempo de lectura":"1 minuto"},"schema":{"@context":"https:\/\/schema.org","@graph":[{"@type":"WebPage","@id":"https:\/\/byfeeder.net\/product\/aluminum-foil-film-paper-labels-non-woven-fabrics-pe-films-rewind-machine\/","url":"https:\/\/byfeeder.net\/product\/aluminum-foil-film-paper-labels-non-woven-fabrics-pe-films-rewind-machine\/","name":"M\u00e1quina rebobinadora de etiquetas de papel, pel\u00edculas de aluminio, telas no tejidas y pel\u00edculas de PE | BYFeeder","isPartOf":{"@id":"https:\/\/byfeeder.net\/#website"},"primaryImageOfPage":{"@id":"https:\/\/byfeeder.net\/product\/aluminum-foil-film-paper-labels-non-woven-fabrics-pe-films-rewind-machine\/#primaryimage"},"image":{"@id":"https:\/\/byfeeder.net\/product\/aluminum-foil-film-paper-labels-non-woven-fabrics-pe-films-rewind-machine\/#primaryimage"},"thumbnailUrl":"https:\/\/byfeeder.net\/wp-content\/uploads\/2025\/05\/rewind-machine.webp","datePublished":"2025-05-26T06:09:00+00:00","dateModified":"2025-05-26T06:38:48+00:00","breadcrumb":{"@id":"https:\/\/byfeeder.net\/product\/aluminum-foil-film-paper-labels-non-woven-fabrics-pe-films-rewind-machine\/#breadcrumb"},"inLanguage":"es","potentialAction":[{"@type":"ReadAction","target":["https:\/\/byfeeder.net\/product\/aluminum-foil-film-paper-labels-non-woven-fabrics-pe-films-rewind-machine\/"]}]},{"@type":"ImageObject","inLanguage":"es","@id":"https:\/\/byfeeder.net\/product\/aluminum-foil-film-paper-labels-non-woven-fabrics-pe-films-rewind-machine\/#primaryimage","url":"https:\/\/byfeeder.net\/wp-content\/uploads\/2025\/05\/rewind-machine.webp","contentUrl":"https:\/\/byfeeder.net\/wp-content\/uploads\/2025\/05\/rewind-machine.webp","width":700,"height":700,"caption":"rewind machine"},{"@type":"BreadcrumbList","@id":"https:\/\/byfeeder.net\/product\/aluminum-foil-film-paper-labels-non-woven-fabrics-pe-films-rewind-machine\/#breadcrumb","itemListElement":[{"@type":"ListItem","position":1,"name":"Home","item":"https:\/\/byfeeder.net\/"},{"@type":"ListItem","position":2,"name":"Products","item":"https:\/\/byfeeder.net\/solution\/"},{"@type":"ListItem","position":3,"name":"Aluminum Foil Film Paper Labels Non-woven Fabrics PE Films Rewind Machine"}]},{"@type":"WebSite","@id":"https:\/\/byfeeder.net\/#website","url":"https:\/\/byfeeder.net\/","name":"Por alimentador","description":"Fabricante de soluciones de sistemas de alimentaci\u00f3n y rebobinado de envases","publisher":{"@id":"https:\/\/byfeeder.net\/#organization"},"potentialAction":[{"@type":"SearchAction","target":{"@type":"EntryPoint","urlTemplate":"https:\/\/byfeeder.net\/?s={search_term_string}"},"query-input":{"@type":"PropertyValueSpecification","valueRequired":true,"valueName":"search_term_string"}}],"inLanguage":"es"},{"@type":"Organization","@id":"https:\/\/byfeeder.net\/#organization","name":"POR","url":"https:\/\/byfeeder.net\/","logo":{"@type":"ImageObject","inLanguage":"es","@id":"https:\/\/byfeeder.net\/#\/schema\/logo\/image\/","url":"https:\/\/byfeeder.net\/wp-content\/uploads\/2025\/05\/byfeeder-logo.webp","contentUrl":"https:\/\/byfeeder.net\/wp-content\/uploads\/2025\/05\/byfeeder-logo.webp","width":512,"height":512,"caption":"BY"},"image":{"@id":"https:\/\/byfeeder.net\/#\/schema\/logo\/image\/"}}]}},"_links":{"self":[{"href":"https:\/\/byfeeder.net\/es\/wp-json\/wp\/v2\/product\/3283"}],"collection":[{"href":"https:\/\/byfeeder.net\/es\/wp-json\/wp\/v2\/product"}],"about":[{"href":"https:\/\/byfeeder.net\/es\/wp-json\/wp\/v2\/types\/product"}],"wp:featuredmedia":[{"embeddable":true,"href":"https:\/\/byfeeder.net\/es\/wp-json\/wp\/v2\/media\/3284"}],"wp:attachment":[{"href":"https:\/\/byfeeder.net\/es\/wp-json\/wp\/v2\/media?parent=3283"}],"wp:term":[{"taxonomy":"product_brand","embeddable":true,"href":"https:\/\/byfeeder.net\/es\/wp-json\/wp\/v2\/product_brand?post=3283"},{"taxonomy":"product_cat","embeddable":true,"href":"https:\/\/byfeeder.net\/es\/wp-json\/wp\/v2\/product_cat?post=3283"},{"taxonomy":"product_tag","embeddable":true,"href":"https:\/\/byfeeder.net\/es\/wp-json\/wp\/v2\/product_tag?post=3283"}],"curies":[{"name":"wp","href":"https:\/\/api.w.org\/{rel}","templated":true}]}}