{"id":3045,"date":"2025-04-10T01:16:24","date_gmt":"2025-04-10T09:16:24","guid":{"rendered":"https:\/\/byfeeder.net\/?post_type=product&#038;p=3045"},"modified":"2025-06-11T17:59:46","modified_gmt":"2025-06-12T01:59:46","slug":"alimentador-de-mascarillas-antipolvo-kn95-n95-con-impresora","status":"publish","type":"product","link":"https:\/\/byfeeder.net\/es\/product\/alimentador-de-mascarillas-antipolvo-kn95-n95-con-impresora\/","title":{"rendered":"M\u00e1quina alimentadora de mascarillas antipolvo KN95 N95 con impresora"},"content":{"rendered":"","protected":false},"excerpt":{"rendered":"<p>Podemos personalizar m\u00f3dulos de extensi\u00f3n seg\u00fan sus requisitos, como agregar funciones de conteo.<\/p>","protected":false},"featured_media":3046,"template":"","meta":{"_acf_changed":false},"product_brand":[],"product_cat":[24],"product_tag":[],"class_list":{"0":"post-3045","1":"product","2":"type-product","3":"status-publish","4":"has-post-thumbnail","6":"product_cat-friction-feeders","8":"first","9":"instock","10":"shipping-taxable","11":"product-type-simple"},"acf":[],"yoast_head":"<!-- This site is optimized with the Yoast SEO plugin v25.3.1 - https:\/\/yoast.com\/wordpress\/plugins\/seo\/ -->\n<title>KN95 N95 Dust Face Mask Feeder Machine with Printer | BYFeeder<\/title>\n<meta name=\"robots\" content=\"index, follow, max-snippet:-1, max-image-preview:large, max-video-preview:-1\" \/>\n<link rel=\"canonical\" href=\"https:\/\/byfeeder.net\/es\/product\/alimentador-de-mascarillas-antipolvo-kn95-n95-con-impresora\/\" \/>\n<meta property=\"og:locale\" content=\"es_ES\" \/>\n<meta property=\"og:type\" content=\"article\" \/>\n<meta property=\"og:title\" content=\"KN95 N95 Dust Face Mask Feeder Machine with Printer | BYFeeder\" \/>\n<meta property=\"og:description\" content=\"We can customize extension modules according to your requirements, such as adding counting functions.\" \/>\n<meta property=\"og:url\" content=\"https:\/\/byfeeder.net\/es\/product\/alimentador-de-mascarillas-antipolvo-kn95-n95-con-impresora\/\" \/>\n<meta property=\"og:site_name\" content=\"BYFeeder\" \/>\n<meta property=\"article:modified_time\" content=\"2025-06-12T01:59:46+00:00\" \/>\n<meta property=\"og:image\" content=\"https:\/\/byfeeder.net\/wp-content\/uploads\/2025\/04\/mask-feeder.webp\" \/>\n\t<meta property=\"og:image:width\" content=\"700\" \/>\n\t<meta property=\"og:image:height\" content=\"700\" \/>\n\t<meta property=\"og:image:type\" content=\"image\/webp\" \/>\n<meta name=\"twitter:card\" content=\"summary_large_image\" \/>\n<meta name=\"twitter:label1\" content=\"Tiempo de lectura\" \/>\n\t<meta name=\"twitter:data1\" content=\"1 minuto\" \/>\n<script type=\"application\/ld+json\" class=\"yoast-schema-graph\">{\"@context\":\"https:\/\/schema.org\",\"@graph\":[{\"@type\":\"WebPage\",\"@id\":\"https:\/\/byfeeder.net\/product\/kn95-n95-dust-face-mask-feeder-with-printer\/\",\"url\":\"https:\/\/byfeeder.net\/product\/kn95-n95-dust-face-mask-feeder-with-printer\/\",\"name\":\"KN95 N95 Dust Face Mask Feeder Machine with Printer | BYFeeder\",\"isPartOf\":{\"@id\":\"https:\/\/byfeeder.net\/#website\"},\"primaryImageOfPage\":{\"@id\":\"https:\/\/byfeeder.net\/product\/kn95-n95-dust-face-mask-feeder-with-printer\/#primaryimage\"},\"image\":{\"@id\":\"https:\/\/byfeeder.net\/product\/kn95-n95-dust-face-mask-feeder-with-printer\/#primaryimage\"},\"thumbnailUrl\":\"https:\/\/byfeeder.net\/wp-content\/uploads\/2025\/04\/mask-feeder.webp\",\"datePublished\":\"2025-04-10T09:16:24+00:00\",\"dateModified\":\"2025-06-12T01:59:46+00:00\",\"breadcrumb\":{\"@id\":\"https:\/\/byfeeder.net\/product\/kn95-n95-dust-face-mask-feeder-with-printer\/#breadcrumb\"},\"inLanguage\":\"es\",\"potentialAction\":[{\"@type\":\"ReadAction\",\"target\":[\"https:\/\/byfeeder.net\/product\/kn95-n95-dust-face-mask-feeder-with-printer\/\"]}]},{\"@type\":\"ImageObject\",\"inLanguage\":\"es\",\"@id\":\"https:\/\/byfeeder.net\/product\/kn95-n95-dust-face-mask-feeder-with-printer\/#primaryimage\",\"url\":\"https:\/\/byfeeder.net\/wp-content\/uploads\/2025\/04\/mask-feeder.webp\",\"contentUrl\":\"https:\/\/byfeeder.net\/wp-content\/uploads\/2025\/04\/mask-feeder.webp\",\"width\":700,\"height\":700,\"caption\":\"mask feeder\"},{\"@type\":\"BreadcrumbList\",\"@id\":\"https:\/\/byfeeder.net\/product\/kn95-n95-dust-face-mask-feeder-with-printer\/#breadcrumb\",\"itemListElement\":[{\"@type\":\"ListItem\",\"position\":1,\"name\":\"Home\",\"item\":\"https:\/\/byfeeder.net\/\"},{\"@type\":\"ListItem\",\"position\":2,\"name\":\"Products\",\"item\":\"https:\/\/byfeeder.net\/solution\/\"},{\"@type\":\"ListItem\",\"position\":3,\"name\":\"KN95 N95 Dust Face Mask Feeder Machine with Printer\"}]},{\"@type\":\"WebSite\",\"@id\":\"https:\/\/byfeeder.net\/#website\",\"url\":\"https:\/\/byfeeder.net\/\",\"name\":\"BYFeeder\",\"description\":\"Packaging Feeding and Rewinding System Solutions Manufacturer\",\"publisher\":{\"@id\":\"https:\/\/byfeeder.net\/#organization\"},\"potentialAction\":[{\"@type\":\"SearchAction\",\"target\":{\"@type\":\"EntryPoint\",\"urlTemplate\":\"https:\/\/byfeeder.net\/?s={search_term_string}\"},\"query-input\":{\"@type\":\"PropertyValueSpecification\",\"valueRequired\":true,\"valueName\":\"search_term_string\"}}],\"inLanguage\":\"es\"},{\"@type\":\"Organization\",\"@id\":\"https:\/\/byfeeder.net\/#organization\",\"name\":\"BY\",\"url\":\"https:\/\/byfeeder.net\/\",\"logo\":{\"@type\":\"ImageObject\",\"inLanguage\":\"es\",\"@id\":\"https:\/\/byfeeder.net\/#\/schema\/logo\/image\/\",\"url\":\"https:\/\/byfeeder.net\/wp-content\/uploads\/2025\/05\/byfeeder-logo.webp\",\"contentUrl\":\"https:\/\/byfeeder.net\/wp-content\/uploads\/2025\/05\/byfeeder-logo.webp\",\"width\":512,\"height\":512,\"caption\":\"BY\"},\"image\":{\"@id\":\"https:\/\/byfeeder.net\/#\/schema\/logo\/image\/\"}}]}<\/script>\n<!-- \/ Yoast SEO plugin. -->","yoast_head_json":{"title":"M\u00e1quina de alimentaci\u00f3n de mascarillas antipolvo KN95 N95 con impresora | BYFeeder","robots":{"index":"index","follow":"follow","max-snippet":"max-snippet:-1","max-image-preview":"max-image-preview:large","max-video-preview":"max-video-preview:-1"},"canonical":"https:\/\/byfeeder.net\/es\/product\/alimentador-de-mascarillas-antipolvo-kn95-n95-con-impresora\/","og_locale":"es_ES","og_type":"article","og_title":"KN95 N95 Dust Face Mask Feeder Machine with Printer | BYFeeder","og_description":"We can customize extension modules according to your requirements, such as adding counting functions.","og_url":"https:\/\/byfeeder.net\/es\/product\/alimentador-de-mascarillas-antipolvo-kn95-n95-con-impresora\/","og_site_name":"BYFeeder","article_modified_time":"2025-06-12T01:59:46+00:00","og_image":[{"width":700,"height":700,"url":"https:\/\/byfeeder.net\/wp-content\/uploads\/2025\/04\/mask-feeder.webp","type":"image\/webp"}],"twitter_card":"summary_large_image","twitter_misc":{"Tiempo de lectura":"1 minuto"},"schema":{"@context":"https:\/\/schema.org","@graph":[{"@type":"WebPage","@id":"https:\/\/byfeeder.net\/product\/kn95-n95-dust-face-mask-feeder-with-printer\/","url":"https:\/\/byfeeder.net\/product\/kn95-n95-dust-face-mask-feeder-with-printer\/","name":"M\u00e1quina de alimentaci\u00f3n de mascarillas antipolvo KN95 N95 con impresora | BYFeeder","isPartOf":{"@id":"https:\/\/byfeeder.net\/#website"},"primaryImageOfPage":{"@id":"https:\/\/byfeeder.net\/product\/kn95-n95-dust-face-mask-feeder-with-printer\/#primaryimage"},"image":{"@id":"https:\/\/byfeeder.net\/product\/kn95-n95-dust-face-mask-feeder-with-printer\/#primaryimage"},"thumbnailUrl":"https:\/\/byfeeder.net\/wp-content\/uploads\/2025\/04\/mask-feeder.webp","datePublished":"2025-04-10T09:16:24+00:00","dateModified":"2025-06-12T01:59:46+00:00","breadcrumb":{"@id":"https:\/\/byfeeder.net\/product\/kn95-n95-dust-face-mask-feeder-with-printer\/#breadcrumb"},"inLanguage":"es","potentialAction":[{"@type":"ReadAction","target":["https:\/\/byfeeder.net\/product\/kn95-n95-dust-face-mask-feeder-with-printer\/"]}]},{"@type":"ImageObject","inLanguage":"es","@id":"https:\/\/byfeeder.net\/product\/kn95-n95-dust-face-mask-feeder-with-printer\/#primaryimage","url":"https:\/\/byfeeder.net\/wp-content\/uploads\/2025\/04\/mask-feeder.webp","contentUrl":"https:\/\/byfeeder.net\/wp-content\/uploads\/2025\/04\/mask-feeder.webp","width":700,"height":700,"caption":"mask feeder"},{"@type":"BreadcrumbList","@id":"https:\/\/byfeeder.net\/product\/kn95-n95-dust-face-mask-feeder-with-printer\/#breadcrumb","itemListElement":[{"@type":"ListItem","position":1,"name":"Home","item":"https:\/\/byfeeder.net\/"},{"@type":"ListItem","position":2,"name":"Products","item":"https:\/\/byfeeder.net\/solution\/"},{"@type":"ListItem","position":3,"name":"KN95 N95 Dust Face Mask Feeder Machine with Printer"}]},{"@type":"WebSite","@id":"https:\/\/byfeeder.net\/#website","url":"https:\/\/byfeeder.net\/","name":"Por alimentador","description":"Fabricante de soluciones de sistemas de alimentaci\u00f3n y rebobinado de envases","publisher":{"@id":"https:\/\/byfeeder.net\/#organization"},"potentialAction":[{"@type":"SearchAction","target":{"@type":"EntryPoint","urlTemplate":"https:\/\/byfeeder.net\/?s={search_term_string}"},"query-input":{"@type":"PropertyValueSpecification","valueRequired":true,"valueName":"search_term_string"}}],"inLanguage":"es"},{"@type":"Organization","@id":"https:\/\/byfeeder.net\/#organization","name":"POR","url":"https:\/\/byfeeder.net\/","logo":{"@type":"ImageObject","inLanguage":"es","@id":"https:\/\/byfeeder.net\/#\/schema\/logo\/image\/","url":"https:\/\/byfeeder.net\/wp-content\/uploads\/2025\/05\/byfeeder-logo.webp","contentUrl":"https:\/\/byfeeder.net\/wp-content\/uploads\/2025\/05\/byfeeder-logo.webp","width":512,"height":512,"caption":"BY"},"image":{"@id":"https:\/\/byfeeder.net\/#\/schema\/logo\/image\/"}}]}},"_links":{"self":[{"href":"https:\/\/byfeeder.net\/es\/wp-json\/wp\/v2\/product\/3045"}],"collection":[{"href":"https:\/\/byfeeder.net\/es\/wp-json\/wp\/v2\/product"}],"about":[{"href":"https:\/\/byfeeder.net\/es\/wp-json\/wp\/v2\/types\/product"}],"wp:featuredmedia":[{"embeddable":true,"href":"https:\/\/byfeeder.net\/es\/wp-json\/wp\/v2\/media\/3046"}],"wp:attachment":[{"href":"https:\/\/byfeeder.net\/es\/wp-json\/wp\/v2\/media?parent=3045"}],"wp:term":[{"taxonomy":"product_brand","embeddable":true,"href":"https:\/\/byfeeder.net\/es\/wp-json\/wp\/v2\/product_brand?post=3045"},{"taxonomy":"product_cat","embeddable":true,"href":"https:\/\/byfeeder.net\/es\/wp-json\/wp\/v2\/product_cat?post=3045"},{"taxonomy":"product_tag","embeddable":true,"href":"https:\/\/byfeeder.net\/es\/wp-json\/wp\/v2\/product_tag?post=3045"}],"curies":[{"name":"wp","href":"https:\/\/api.w.org\/{rel}","templated":true}]}}