{"id":2710,"date":"2025-01-09T00:51:03","date_gmt":"2025-01-09T08:51:03","guid":{"rendered":"https:\/\/byfeeder.net\/?post_type=product&#038;p=2710"},"modified":"2025-07-28T19:05:52","modified_gmt":"2025-07-29T03:05:52","slug":"maquina-de-paginacion-por-succion-ascendente-con-cinta-transportadora-y-mesa-de-salida","status":"publish","type":"product","link":"https:\/\/byfeeder.net\/es\/product\/maquina-de-paginacion-por-succion-ascendente-con-cinta-transportadora-y-mesa-de-salida\/","title":{"rendered":"M\u00e1quina de paginaci\u00f3n por succi\u00f3n ascendente con cinta transportadora y mesa de salida"},"content":{"rendered":"<p><strong>Par\u00e1metros del producto<\/strong><\/p>\n<p>M\u00e9todo de recolecci\u00f3n: Apilamiento despu\u00e9s de la ca\u00edda<\/p>\n<p>Modo de control: Pantalla t\u00e1ctil + control PLC<\/p>\n<p>Material del cuerpo: acero inoxidable o acero al carbono personalizado, pintura para hornear.<\/p>\n<p>Di\u00e1metro m\u00e1ximo del material: personalizaci\u00f3n seg\u00fan el producto<\/p>\n<p>Peso del equipo: aproximadamente 350 kg<\/p>\n<p>Ancho de la correa: 500 mm o personalizado<\/p>\n<p>Aplicable al rango de tama\u00f1o del producto: (60-300\uff09\u00d7\uff0880-330\uff09\u00d7\uff080,1-2\uff09mm<\/p>\n<p>Potencia de entrada: aproximadamente 2000 W (solo el buscapersonas, sin incluir la impresora)<\/p>\n<p>Modo de transmisi\u00f3n: Control de velocidad de frecuencia variable o control de velocidad sin escobillas de CC<\/p>\n<p>Impresora de inyecci\u00f3n de tinta opcional: DOMINO, Sojet, DK, UCS, VIDEOJET<\/p>\n<p><strong>Configuraci\u00f3n est\u00e1ndar<\/strong><\/p>\n<ul>\n<li>Extracci\u00f3n y alimentaci\u00f3n de chupones<\/li>\n<li>Cinta transportadora de alta velocidad<\/li>\n<li>Recolecci\u00f3n de pilas tipo ca\u00edda de tolva recolectora<\/li>\n<\/ul>\n<p>Configuraci\u00f3n opcional<\/p>\n<ul>\n<li>M\u00e1quina codificadora DMN<\/li>\n<li>M\u00e1quina codificadora DK<\/li>\n<li>M\u00e1quina codificadora UCS<\/li>\n<li>La adsorci\u00f3n por presi\u00f3n negativa es opcional.<\/li>\n<li>Admite personalizaci\u00f3n<\/li>\n<\/ul>","protected":false},"excerpt":{"rendered":"<p>Modelo: IF-SU300ST-385\u00d72770\/60-TT0-S<\/p>\n<p>Tama\u00f1o (largo x ancho x alto): 2520 x 900 x 1160 mm<\/p>\n<p>Velocidad de funcionamiento de la correa: 0-60 m\/min<\/p>","protected":false},"featured_media":2712,"template":"","meta":{"_acf_changed":false},"product_brand":[],"product_cat":[23,45],"product_tag":[],"class_list":{"0":"post-2710","1":"product","2":"type-product","3":"status-publish","4":"has-post-thumbnail","6":"product_cat-paging-machines","7":"product_cat-vacuum-feeders","9":"first","10":"instock","11":"shipping-taxable","12":"product-type-simple"},"acf":[],"yoast_head":"<!-- This site is optimized with the Yoast SEO plugin v25.3.1 - https:\/\/yoast.com\/wordpress\/plugins\/seo\/ -->\n<title>Up Suction Paging Machine with Conveyor Belt and Output Table | BYFeeder<\/title>\n<meta name=\"description\" content=\"Vacuum suction cups and other adsorption methods are used to complete the feeding. It has the characteristics of high stability, good protection for the products to be loaded, and more materials to be discharged at one time, which is especially suitable for the automatic feeding of various kinds of wide-width paper, labels, plastic packaging bags, woven bags, etc.\" \/>\n<meta name=\"robots\" content=\"index, follow, max-snippet:-1, max-image-preview:large, max-video-preview:-1\" \/>\n<link rel=\"canonical\" href=\"https:\/\/byfeeder.net\/es\/product\/maquina-de-paginacion-por-succion-ascendente-con-cinta-transportadora-y-mesa-de-salida\/\" \/>\n<meta property=\"og:locale\" content=\"es_ES\" \/>\n<meta property=\"og:type\" content=\"article\" \/>\n<meta property=\"og:title\" content=\"Up Suction Paging Machine with Conveyor Belt and Output Table | BYFeeder\" \/>\n<meta property=\"og:description\" content=\"Vacuum suction cups and other adsorption methods are used to complete the feeding. It has the characteristics of high stability, good protection for the products to be loaded, and more materials to be discharged at one time, which is especially suitable for the automatic feeding of various kinds of wide-width paper, labels, plastic packaging bags, woven bags, etc.\" \/>\n<meta property=\"og:url\" content=\"https:\/\/byfeeder.net\/es\/product\/maquina-de-paginacion-por-succion-ascendente-con-cinta-transportadora-y-mesa-de-salida\/\" \/>\n<meta property=\"og:site_name\" content=\"BYFeeder\" \/>\n<meta property=\"article:modified_time\" content=\"2025-07-29T03:05:52+00:00\" \/>\n<meta property=\"og:image\" content=\"https:\/\/byfeeder.net\/wp-content\/uploads\/2025\/01\/Up-Suction-Paging-Machine.webp\" \/>\n\t<meta property=\"og:image:width\" content=\"700\" \/>\n\t<meta property=\"og:image:height\" content=\"700\" \/>\n\t<meta property=\"og:image:type\" content=\"image\/webp\" \/>\n<meta name=\"twitter:card\" content=\"summary_large_image\" \/>\n<meta name=\"twitter:label1\" content=\"Tiempo de lectura\" \/>\n\t<meta name=\"twitter:data1\" content=\"1 minuto\" \/>\n<script type=\"application\/ld+json\" class=\"yoast-schema-graph\">{\"@context\":\"https:\/\/schema.org\",\"@graph\":[{\"@type\":\"WebPage\",\"@id\":\"https:\/\/byfeeder.net\/product\/up-suction-paging-machine-with-conveyor-belt-and-output-table\/\",\"url\":\"https:\/\/byfeeder.net\/product\/up-suction-paging-machine-with-conveyor-belt-and-output-table\/\",\"name\":\"Up Suction Paging Machine with Conveyor Belt and Output Table | BYFeeder\",\"isPartOf\":{\"@id\":\"https:\/\/byfeeder.net\/#website\"},\"primaryImageOfPage\":{\"@id\":\"https:\/\/byfeeder.net\/product\/up-suction-paging-machine-with-conveyor-belt-and-output-table\/#primaryimage\"},\"image\":{\"@id\":\"https:\/\/byfeeder.net\/product\/up-suction-paging-machine-with-conveyor-belt-and-output-table\/#primaryimage\"},\"thumbnailUrl\":\"https:\/\/byfeeder.net\/wp-content\/uploads\/2025\/01\/Up-Suction-Paging-Machine.webp\",\"datePublished\":\"2025-01-09T08:51:03+00:00\",\"dateModified\":\"2025-07-29T03:05:52+00:00\",\"description\":\"Vacuum suction cups and other adsorption methods are used to complete the feeding. It has the characteristics of high stability, good protection for the products to be loaded, and more materials to be discharged at one time, which is especially suitable for the automatic feeding of various kinds of wide-width paper, labels, plastic packaging bags, woven bags, etc.\",\"breadcrumb\":{\"@id\":\"https:\/\/byfeeder.net\/product\/up-suction-paging-machine-with-conveyor-belt-and-output-table\/#breadcrumb\"},\"inLanguage\":\"es\",\"potentialAction\":[{\"@type\":\"ReadAction\",\"target\":[\"https:\/\/byfeeder.net\/product\/up-suction-paging-machine-with-conveyor-belt-and-output-table\/\"]}]},{\"@type\":\"ImageObject\",\"inLanguage\":\"es\",\"@id\":\"https:\/\/byfeeder.net\/product\/up-suction-paging-machine-with-conveyor-belt-and-output-table\/#primaryimage\",\"url\":\"https:\/\/byfeeder.net\/wp-content\/uploads\/2025\/01\/Up-Suction-Paging-Machine.webp\",\"contentUrl\":\"https:\/\/byfeeder.net\/wp-content\/uploads\/2025\/01\/Up-Suction-Paging-Machine.webp\",\"width\":700,\"height\":700,\"caption\":\"Up Suction Paging Machine\"},{\"@type\":\"BreadcrumbList\",\"@id\":\"https:\/\/byfeeder.net\/product\/up-suction-paging-machine-with-conveyor-belt-and-output-table\/#breadcrumb\",\"itemListElement\":[{\"@type\":\"ListItem\",\"position\":1,\"name\":\"Home\",\"item\":\"https:\/\/byfeeder.net\/\"},{\"@type\":\"ListItem\",\"position\":2,\"name\":\"Products\",\"item\":\"https:\/\/byfeeder.net\/solution\/\"},{\"@type\":\"ListItem\",\"position\":3,\"name\":\"Up Suction Paging Machine with Conveyor Belt and Output Table\"}]},{\"@type\":\"WebSite\",\"@id\":\"https:\/\/byfeeder.net\/#website\",\"url\":\"https:\/\/byfeeder.net\/\",\"name\":\"BYFeeder\",\"description\":\"Packaging Feeding and Rewinding System Solutions Manufacturer\",\"publisher\":{\"@id\":\"https:\/\/byfeeder.net\/#organization\"},\"potentialAction\":[{\"@type\":\"SearchAction\",\"target\":{\"@type\":\"EntryPoint\",\"urlTemplate\":\"https:\/\/byfeeder.net\/?s={search_term_string}\"},\"query-input\":{\"@type\":\"PropertyValueSpecification\",\"valueRequired\":true,\"valueName\":\"search_term_string\"}}],\"inLanguage\":\"es\"},{\"@type\":\"Organization\",\"@id\":\"https:\/\/byfeeder.net\/#organization\",\"name\":\"BY\",\"url\":\"https:\/\/byfeeder.net\/\",\"logo\":{\"@type\":\"ImageObject\",\"inLanguage\":\"es\",\"@id\":\"https:\/\/byfeeder.net\/#\/schema\/logo\/image\/\",\"url\":\"https:\/\/byfeeder.net\/wp-content\/uploads\/2025\/05\/byfeeder-logo.webp\",\"contentUrl\":\"https:\/\/byfeeder.net\/wp-content\/uploads\/2025\/05\/byfeeder-logo.webp\",\"width\":512,\"height\":512,\"caption\":\"BY\"},\"image\":{\"@id\":\"https:\/\/byfeeder.net\/#\/schema\/logo\/image\/\"}}]}<\/script>\n<!-- \/ Yoast SEO plugin. -->","yoast_head_json":{"title":"Localizador de succi\u00f3n ascendente con cinta transportadora y mesa de salida | BYFeeder","description":"Para completar la alimentaci\u00f3n se utilizan ventosas de vac\u00edo y otros m\u00e9todos de adsorci\u00f3n. Tiene las caracter\u00edsticas de alta estabilidad, buena protecci\u00f3n para los productos a cargar y m\u00e1s materiales a descargar a la vez, lo que es especialmente adecuado para la alimentaci\u00f3n autom\u00e1tica de varios tipos de papel de gran ancho, etiquetas, bolsas de pl\u00e1stico para embalaje, bolsas tejidas, etc.","robots":{"index":"index","follow":"follow","max-snippet":"max-snippet:-1","max-image-preview":"max-image-preview:large","max-video-preview":"max-video-preview:-1"},"canonical":"https:\/\/byfeeder.net\/es\/product\/maquina-de-paginacion-por-succion-ascendente-con-cinta-transportadora-y-mesa-de-salida\/","og_locale":"es_ES","og_type":"article","og_title":"Up Suction Paging Machine with Conveyor Belt and Output Table | BYFeeder","og_description":"Vacuum suction cups and other adsorption methods are used to complete the feeding. It has the characteristics of high stability, good protection for the products to be loaded, and more materials to be discharged at one time, which is especially suitable for the automatic feeding of various kinds of wide-width paper, labels, plastic packaging bags, woven bags, etc.","og_url":"https:\/\/byfeeder.net\/es\/product\/maquina-de-paginacion-por-succion-ascendente-con-cinta-transportadora-y-mesa-de-salida\/","og_site_name":"BYFeeder","article_modified_time":"2025-07-29T03:05:52+00:00","og_image":[{"width":700,"height":700,"url":"https:\/\/byfeeder.net\/wp-content\/uploads\/2025\/01\/Up-Suction-Paging-Machine.webp","type":"image\/webp"}],"twitter_card":"summary_large_image","twitter_misc":{"Tiempo de lectura":"1 minuto"},"schema":{"@context":"https:\/\/schema.org","@graph":[{"@type":"WebPage","@id":"https:\/\/byfeeder.net\/product\/up-suction-paging-machine-with-conveyor-belt-and-output-table\/","url":"https:\/\/byfeeder.net\/product\/up-suction-paging-machine-with-conveyor-belt-and-output-table\/","name":"Localizador de succi\u00f3n ascendente con cinta transportadora y mesa de salida | BYFeeder","isPartOf":{"@id":"https:\/\/byfeeder.net\/#website"},"primaryImageOfPage":{"@id":"https:\/\/byfeeder.net\/product\/up-suction-paging-machine-with-conveyor-belt-and-output-table\/#primaryimage"},"image":{"@id":"https:\/\/byfeeder.net\/product\/up-suction-paging-machine-with-conveyor-belt-and-output-table\/#primaryimage"},"thumbnailUrl":"https:\/\/byfeeder.net\/wp-content\/uploads\/2025\/01\/Up-Suction-Paging-Machine.webp","datePublished":"2025-01-09T08:51:03+00:00","dateModified":"2025-07-29T03:05:52+00:00","description":"Para completar la alimentaci\u00f3n se utilizan ventosas de vac\u00edo y otros m\u00e9todos de adsorci\u00f3n. Tiene las caracter\u00edsticas de alta estabilidad, buena protecci\u00f3n para los productos a cargar y m\u00e1s materiales a descargar a la vez, lo que es especialmente adecuado para la alimentaci\u00f3n autom\u00e1tica de varios tipos de papel de gran ancho, etiquetas, bolsas de pl\u00e1stico para embalaje, bolsas tejidas, etc.","breadcrumb":{"@id":"https:\/\/byfeeder.net\/product\/up-suction-paging-machine-with-conveyor-belt-and-output-table\/#breadcrumb"},"inLanguage":"es","potentialAction":[{"@type":"ReadAction","target":["https:\/\/byfeeder.net\/product\/up-suction-paging-machine-with-conveyor-belt-and-output-table\/"]}]},{"@type":"ImageObject","inLanguage":"es","@id":"https:\/\/byfeeder.net\/product\/up-suction-paging-machine-with-conveyor-belt-and-output-table\/#primaryimage","url":"https:\/\/byfeeder.net\/wp-content\/uploads\/2025\/01\/Up-Suction-Paging-Machine.webp","contentUrl":"https:\/\/byfeeder.net\/wp-content\/uploads\/2025\/01\/Up-Suction-Paging-Machine.webp","width":700,"height":700,"caption":"Up Suction Paging Machine"},{"@type":"BreadcrumbList","@id":"https:\/\/byfeeder.net\/product\/up-suction-paging-machine-with-conveyor-belt-and-output-table\/#breadcrumb","itemListElement":[{"@type":"ListItem","position":1,"name":"Home","item":"https:\/\/byfeeder.net\/"},{"@type":"ListItem","position":2,"name":"Products","item":"https:\/\/byfeeder.net\/solution\/"},{"@type":"ListItem","position":3,"name":"Up Suction Paging Machine with Conveyor Belt and Output Table"}]},{"@type":"WebSite","@id":"https:\/\/byfeeder.net\/#website","url":"https:\/\/byfeeder.net\/","name":"Por alimentador","description":"Fabricante de soluciones de sistemas de alimentaci\u00f3n y rebobinado de envases","publisher":{"@id":"https:\/\/byfeeder.net\/#organization"},"potentialAction":[{"@type":"SearchAction","target":{"@type":"EntryPoint","urlTemplate":"https:\/\/byfeeder.net\/?s={search_term_string}"},"query-input":{"@type":"PropertyValueSpecification","valueRequired":true,"valueName":"search_term_string"}}],"inLanguage":"es"},{"@type":"Organization","@id":"https:\/\/byfeeder.net\/#organization","name":"POR","url":"https:\/\/byfeeder.net\/","logo":{"@type":"ImageObject","inLanguage":"es","@id":"https:\/\/byfeeder.net\/#\/schema\/logo\/image\/","url":"https:\/\/byfeeder.net\/wp-content\/uploads\/2025\/05\/byfeeder-logo.webp","contentUrl":"https:\/\/byfeeder.net\/wp-content\/uploads\/2025\/05\/byfeeder-logo.webp","width":512,"height":512,"caption":"BY"},"image":{"@id":"https:\/\/byfeeder.net\/#\/schema\/logo\/image\/"}}]}},"_links":{"self":[{"href":"https:\/\/byfeeder.net\/es\/wp-json\/wp\/v2\/product\/2710"}],"collection":[{"href":"https:\/\/byfeeder.net\/es\/wp-json\/wp\/v2\/product"}],"about":[{"href":"https:\/\/byfeeder.net\/es\/wp-json\/wp\/v2\/types\/product"}],"wp:featuredmedia":[{"embeddable":true,"href":"https:\/\/byfeeder.net\/es\/wp-json\/wp\/v2\/media\/2712"}],"wp:attachment":[{"href":"https:\/\/byfeeder.net\/es\/wp-json\/wp\/v2\/media?parent=2710"}],"wp:term":[{"taxonomy":"product_brand","embeddable":true,"href":"https:\/\/byfeeder.net\/es\/wp-json\/wp\/v2\/product_brand?post=2710"},{"taxonomy":"product_cat","embeddable":true,"href":"https:\/\/byfeeder.net\/es\/wp-json\/wp\/v2\/product_cat?post=2710"},{"taxonomy":"product_tag","embeddable":true,"href":"https:\/\/byfeeder.net\/es\/wp-json\/wp\/v2\/product_tag?post=2710"}],"curies":[{"name":"wp","href":"https:\/\/api.w.org\/{rel}","templated":true}]}}