{"id":2622,"date":"2024-12-26T01:31:44","date_gmt":"2024-12-26T09:31:44","guid":{"rendered":"https:\/\/byfeeder.net\/?post_type=product&#038;p=2622"},"modified":"2025-04-09T23:29:51","modified_gmt":"2025-04-10T07:29:51","slug":"maquina-rebobinadora-de-pelicula-estirable-de-papel-de-aluminio-con-impresora","status":"publish","type":"product","link":"https:\/\/byfeeder.net\/es\/product\/maquina-rebobinadora-de-pelicula-estirable-de-papel-de-aluminio-con-impresora\/","title":{"rendered":"M\u00e1quina rebobinadora de pel\u00edcula estirable de papel de aluminio con impresora"},"content":{"rendered":"<p><strong>Par\u00e1metros del producto<\/strong><\/p>\n<p>M\u00e9todo de recogida: Rebobinado autom\u00e1tico<\/p>\n<p>Peso del equipo: unos 300 kg.<\/p>\n<p>Modo de control: Control de tensi\u00f3n manual est\u00e1ndar Control de tensi\u00f3n autom\u00e1tico opcional<\/p>\n<p>Modo de transmisi\u00f3n: servomotor de CA<\/p>\n<p>Espesor del material: 0,012-0,15 mm<\/p>\n<p>Di\u00e1metro m\u00e1ximo del material: 500 mm<\/p>\n<p>Di\u00e1metro interior del n\u00facleo del papel: 3 pulgadas<\/p>\n<p>Ancho del material: 30-500 mm<\/p>\n<p><strong>Configuraci\u00f3n opcional<\/strong><\/p>\n<p>Sistema de correcci\u00f3n de desviaciones<\/p>\n<p>Varias impresoras de inyecci\u00f3n de tinta (CIJ, TIJ, UV)<\/p>\n<p>M\u00e1quina de detecci\u00f3n de manchas<\/p>\n<p>M\u00e1quina etiquetadora<\/p>\n<p>Personajes peque\u00f1os<\/p>","protected":false},"excerpt":{"rendered":"<p>Modelo: IF-RW500ST-500-uv<\/p>\n<p>Potencia de entrada: aproximadamente 1,5-2KW<\/p>\n<p>Velocidad de carrera: 0-100 m\/min<\/p>\n<p>Impresora de inyecci\u00f3n de tinta opcional: DOMINO, Sojet, DK, UCS, VIDEOJET<\/p>","protected":false},"featured_media":3037,"template":"","meta":{"_acf_changed":false},"product_brand":[],"product_cat":[40],"product_tag":[],"class_list":{"0":"post-2622","1":"product","2":"type-product","3":"status-publish","4":"has-post-thumbnail","6":"product_cat-rewinder-machines","8":"first","9":"instock","10":"shipping-taxable","11":"product-type-simple"},"acf":[],"yoast_head":"<!-- This site is optimized with the Yoast SEO plugin v25.3.1 - https:\/\/yoast.com\/wordpress\/plugins\/seo\/ -->\n<title>Aluminium Foil Paper Stretch Film Rewinder Machine with Printer | BYFeeder<\/title>\n<meta name=\"robots\" content=\"index, follow, max-snippet:-1, max-image-preview:large, max-video-preview:-1\" \/>\n<link rel=\"canonical\" href=\"https:\/\/byfeeder.net\/es\/product\/maquina-rebobinadora-de-pelicula-estirable-de-papel-de-aluminio-con-impresora\/\" \/>\n<meta property=\"og:locale\" content=\"es_ES\" \/>\n<meta property=\"og:type\" content=\"article\" \/>\n<meta property=\"og:title\" content=\"Aluminium Foil Paper Stretch Film Rewinder Machine with Printer | BYFeeder\" \/>\n<meta property=\"og:description\" content=\"Model: IF-RW500ST- 500-uv  Input power: About 1.5-2KW  Running Speed:0-100m\/min  Optional Inkjet Printer: DOMINO, Sojet, DK, UCS, VIDEOJET\" \/>\n<meta property=\"og:url\" content=\"https:\/\/byfeeder.net\/es\/product\/maquina-rebobinadora-de-pelicula-estirable-de-papel-de-aluminio-con-impresora\/\" \/>\n<meta property=\"og:site_name\" content=\"BYFeeder\" \/>\n<meta property=\"article:modified_time\" content=\"2025-04-10T07:29:51+00:00\" \/>\n<meta property=\"og:image\" content=\"https:\/\/byfeeder.net\/wp-content\/uploads\/2024\/12\/Film-Rewinder-Machine1.webp\" \/>\n\t<meta property=\"og:image:width\" content=\"700\" \/>\n\t<meta property=\"og:image:height\" content=\"700\" \/>\n\t<meta property=\"og:image:type\" content=\"image\/webp\" \/>\n<meta name=\"twitter:card\" content=\"summary_large_image\" \/>\n<meta name=\"twitter:label1\" content=\"Tiempo de lectura\" \/>\n\t<meta name=\"twitter:data1\" content=\"1 minuto\" \/>\n<script type=\"application\/ld+json\" class=\"yoast-schema-graph\">{\"@context\":\"https:\/\/schema.org\",\"@graph\":[{\"@type\":\"WebPage\",\"@id\":\"https:\/\/byfeeder.net\/product\/aluminium-foil-paper-stretch-film-rewinder-machine-with-printer\/\",\"url\":\"https:\/\/byfeeder.net\/product\/aluminium-foil-paper-stretch-film-rewinder-machine-with-printer\/\",\"name\":\"Aluminium Foil Paper Stretch Film Rewinder Machine with Printer | BYFeeder\",\"isPartOf\":{\"@id\":\"https:\/\/byfeeder.net\/#website\"},\"primaryImageOfPage\":{\"@id\":\"https:\/\/byfeeder.net\/product\/aluminium-foil-paper-stretch-film-rewinder-machine-with-printer\/#primaryimage\"},\"image\":{\"@id\":\"https:\/\/byfeeder.net\/product\/aluminium-foil-paper-stretch-film-rewinder-machine-with-printer\/#primaryimage\"},\"thumbnailUrl\":\"https:\/\/byfeeder.net\/wp-content\/uploads\/2024\/12\/Film-Rewinder-Machine1.webp\",\"datePublished\":\"2024-12-26T09:31:44+00:00\",\"dateModified\":\"2025-04-10T07:29:51+00:00\",\"breadcrumb\":{\"@id\":\"https:\/\/byfeeder.net\/product\/aluminium-foil-paper-stretch-film-rewinder-machine-with-printer\/#breadcrumb\"},\"inLanguage\":\"es\",\"potentialAction\":[{\"@type\":\"ReadAction\",\"target\":[\"https:\/\/byfeeder.net\/product\/aluminium-foil-paper-stretch-film-rewinder-machine-with-printer\/\"]}]},{\"@type\":\"ImageObject\",\"inLanguage\":\"es\",\"@id\":\"https:\/\/byfeeder.net\/product\/aluminium-foil-paper-stretch-film-rewinder-machine-with-printer\/#primaryimage\",\"url\":\"https:\/\/byfeeder.net\/wp-content\/uploads\/2024\/12\/Film-Rewinder-Machine1.webp\",\"contentUrl\":\"https:\/\/byfeeder.net\/wp-content\/uploads\/2024\/12\/Film-Rewinder-Machine1.webp\",\"width\":700,\"height\":700,\"caption\":\"Film Rewinder Machine(1)\"},{\"@type\":\"BreadcrumbList\",\"@id\":\"https:\/\/byfeeder.net\/product\/aluminium-foil-paper-stretch-film-rewinder-machine-with-printer\/#breadcrumb\",\"itemListElement\":[{\"@type\":\"ListItem\",\"position\":1,\"name\":\"Home\",\"item\":\"https:\/\/byfeeder.net\/\"},{\"@type\":\"ListItem\",\"position\":2,\"name\":\"Products\",\"item\":\"https:\/\/byfeeder.net\/solution\/\"},{\"@type\":\"ListItem\",\"position\":3,\"name\":\"Aluminium Foil Paper Stretch Film Rewinder Machine with Printer\"}]},{\"@type\":\"WebSite\",\"@id\":\"https:\/\/byfeeder.net\/#website\",\"url\":\"https:\/\/byfeeder.net\/\",\"name\":\"BYFeeder\",\"description\":\"Packaging Feeding and Rewinding System Solutions Manufacturer\",\"publisher\":{\"@id\":\"https:\/\/byfeeder.net\/#organization\"},\"potentialAction\":[{\"@type\":\"SearchAction\",\"target\":{\"@type\":\"EntryPoint\",\"urlTemplate\":\"https:\/\/byfeeder.net\/?s={search_term_string}\"},\"query-input\":{\"@type\":\"PropertyValueSpecification\",\"valueRequired\":true,\"valueName\":\"search_term_string\"}}],\"inLanguage\":\"es\"},{\"@type\":\"Organization\",\"@id\":\"https:\/\/byfeeder.net\/#organization\",\"name\":\"BY\",\"url\":\"https:\/\/byfeeder.net\/\",\"logo\":{\"@type\":\"ImageObject\",\"inLanguage\":\"es\",\"@id\":\"https:\/\/byfeeder.net\/#\/schema\/logo\/image\/\",\"url\":\"https:\/\/byfeeder.net\/wp-content\/uploads\/2025\/05\/byfeeder-logo.webp\",\"contentUrl\":\"https:\/\/byfeeder.net\/wp-content\/uploads\/2025\/05\/byfeeder-logo.webp\",\"width\":512,\"height\":512,\"caption\":\"BY\"},\"image\":{\"@id\":\"https:\/\/byfeeder.net\/#\/schema\/logo\/image\/\"}}]}<\/script>\n<!-- \/ Yoast SEO plugin. -->","yoast_head_json":{"title":"Rebobinadora de film estirable de papel de aluminio con impresora | BYFeeder","robots":{"index":"index","follow":"follow","max-snippet":"max-snippet:-1","max-image-preview":"max-image-preview:large","max-video-preview":"max-video-preview:-1"},"canonical":"https:\/\/byfeeder.net\/es\/product\/maquina-rebobinadora-de-pelicula-estirable-de-papel-de-aluminio-con-impresora\/","og_locale":"es_ES","og_type":"article","og_title":"Aluminium Foil Paper Stretch Film Rewinder Machine with Printer | BYFeeder","og_description":"Model: IF-RW500ST- 500-uv  Input power: About 1.5-2KW  Running Speed:0-100m\/min  Optional Inkjet Printer: DOMINO, Sojet, DK, UCS, VIDEOJET","og_url":"https:\/\/byfeeder.net\/es\/product\/maquina-rebobinadora-de-pelicula-estirable-de-papel-de-aluminio-con-impresora\/","og_site_name":"BYFeeder","article_modified_time":"2025-04-10T07:29:51+00:00","og_image":[{"width":700,"height":700,"url":"https:\/\/byfeeder.net\/wp-content\/uploads\/2024\/12\/Film-Rewinder-Machine1.webp","type":"image\/webp"}],"twitter_card":"summary_large_image","twitter_misc":{"Tiempo de lectura":"1 minuto"},"schema":{"@context":"https:\/\/schema.org","@graph":[{"@type":"WebPage","@id":"https:\/\/byfeeder.net\/product\/aluminium-foil-paper-stretch-film-rewinder-machine-with-printer\/","url":"https:\/\/byfeeder.net\/product\/aluminium-foil-paper-stretch-film-rewinder-machine-with-printer\/","name":"Rebobinadora de film estirable de papel de aluminio con impresora | BYFeeder","isPartOf":{"@id":"https:\/\/byfeeder.net\/#website"},"primaryImageOfPage":{"@id":"https:\/\/byfeeder.net\/product\/aluminium-foil-paper-stretch-film-rewinder-machine-with-printer\/#primaryimage"},"image":{"@id":"https:\/\/byfeeder.net\/product\/aluminium-foil-paper-stretch-film-rewinder-machine-with-printer\/#primaryimage"},"thumbnailUrl":"https:\/\/byfeeder.net\/wp-content\/uploads\/2024\/12\/Film-Rewinder-Machine1.webp","datePublished":"2024-12-26T09:31:44+00:00","dateModified":"2025-04-10T07:29:51+00:00","breadcrumb":{"@id":"https:\/\/byfeeder.net\/product\/aluminium-foil-paper-stretch-film-rewinder-machine-with-printer\/#breadcrumb"},"inLanguage":"es","potentialAction":[{"@type":"ReadAction","target":["https:\/\/byfeeder.net\/product\/aluminium-foil-paper-stretch-film-rewinder-machine-with-printer\/"]}]},{"@type":"ImageObject","inLanguage":"es","@id":"https:\/\/byfeeder.net\/product\/aluminium-foil-paper-stretch-film-rewinder-machine-with-printer\/#primaryimage","url":"https:\/\/byfeeder.net\/wp-content\/uploads\/2024\/12\/Film-Rewinder-Machine1.webp","contentUrl":"https:\/\/byfeeder.net\/wp-content\/uploads\/2024\/12\/Film-Rewinder-Machine1.webp","width":700,"height":700,"caption":"Film Rewinder Machine(1)"},{"@type":"BreadcrumbList","@id":"https:\/\/byfeeder.net\/product\/aluminium-foil-paper-stretch-film-rewinder-machine-with-printer\/#breadcrumb","itemListElement":[{"@type":"ListItem","position":1,"name":"Home","item":"https:\/\/byfeeder.net\/"},{"@type":"ListItem","position":2,"name":"Products","item":"https:\/\/byfeeder.net\/solution\/"},{"@type":"ListItem","position":3,"name":"Aluminium Foil Paper Stretch Film Rewinder Machine with Printer"}]},{"@type":"WebSite","@id":"https:\/\/byfeeder.net\/#website","url":"https:\/\/byfeeder.net\/","name":"Por alimentador","description":"Fabricante de soluciones de sistemas de alimentaci\u00f3n y rebobinado de envases","publisher":{"@id":"https:\/\/byfeeder.net\/#organization"},"potentialAction":[{"@type":"SearchAction","target":{"@type":"EntryPoint","urlTemplate":"https:\/\/byfeeder.net\/?s={search_term_string}"},"query-input":{"@type":"PropertyValueSpecification","valueRequired":true,"valueName":"search_term_string"}}],"inLanguage":"es"},{"@type":"Organization","@id":"https:\/\/byfeeder.net\/#organization","name":"POR","url":"https:\/\/byfeeder.net\/","logo":{"@type":"ImageObject","inLanguage":"es","@id":"https:\/\/byfeeder.net\/#\/schema\/logo\/image\/","url":"https:\/\/byfeeder.net\/wp-content\/uploads\/2025\/05\/byfeeder-logo.webp","contentUrl":"https:\/\/byfeeder.net\/wp-content\/uploads\/2025\/05\/byfeeder-logo.webp","width":512,"height":512,"caption":"BY"},"image":{"@id":"https:\/\/byfeeder.net\/#\/schema\/logo\/image\/"}}]}},"_links":{"self":[{"href":"https:\/\/byfeeder.net\/es\/wp-json\/wp\/v2\/product\/2622"}],"collection":[{"href":"https:\/\/byfeeder.net\/es\/wp-json\/wp\/v2\/product"}],"about":[{"href":"https:\/\/byfeeder.net\/es\/wp-json\/wp\/v2\/types\/product"}],"wp:featuredmedia":[{"embeddable":true,"href":"https:\/\/byfeeder.net\/es\/wp-json\/wp\/v2\/media\/3037"}],"wp:attachment":[{"href":"https:\/\/byfeeder.net\/es\/wp-json\/wp\/v2\/media?parent=2622"}],"wp:term":[{"taxonomy":"product_brand","embeddable":true,"href":"https:\/\/byfeeder.net\/es\/wp-json\/wp\/v2\/product_brand?post=2622"},{"taxonomy":"product_cat","embeddable":true,"href":"https:\/\/byfeeder.net\/es\/wp-json\/wp\/v2\/product_cat?post=2622"},{"taxonomy":"product_tag","embeddable":true,"href":"https:\/\/byfeeder.net\/es\/wp-json\/wp\/v2\/product_tag?post=2622"}],"curies":[{"name":"wp","href":"https:\/\/api.w.org\/{rel}","templated":true}]}}