{"id":1541,"date":"2024-11-21T01:46:49","date_gmt":"2024-11-21T09:46:49","guid":{"rendered":"https:\/\/byfeeder.net\/?post_type=product&#038;p=1541"},"modified":"2025-04-23T23:45:38","modified_gmt":"2025-04-24T07:45:38","slug":"maquina-alimentadora-por-friccion-de-papel-para-agrupacion-de-cajas-de-carton-en-venta","status":"publish","type":"product","link":"https:\/\/byfeeder.net\/es\/product\/maquina-alimentadora-por-friccion-de-papel-para-agrupacion-de-cajas-de-carton-en-venta\/","title":{"rendered":"M\u00e1quina alimentadora por fricci\u00f3n de papel para agrupaci\u00f3n de cajas de cart\u00f3n en venta"},"content":{"rendered":"<p><strong>Par\u00e1metros<\/strong><\/p>\n<p>Modo de control: Pantalla t\u00e1ctil + control PLC<\/p>\n<p>Material del cuerpo: acero inoxidable o acero al carbono personalizado, pintura para hornear.<\/p>\n<p>Di\u00e1metro m\u00e1ximo del material: personalizaci\u00f3n seg\u00fan el producto<\/p>\n<p>Peso del equipo: aproximadamente 20-25 kg<\/p>\n<p>Espesor del material: 0,012-0,15 mm<\/p>\n<p>Potencia de entrada: aproximadamente 500-1000 W (solo el buscapersonas, sin incluir la impresora)<\/p>\n<p>Modo de transmisi\u00f3n: servomotor de CA<\/p>\n<p><strong>Funciones est\u00e1ndar<\/strong><\/p>\n<ul>\n<li>Descarga inferior por fricci\u00f3n de la correa<\/li>\n<li>Cinta transportadora de alta velocidad<\/li>\n<li>Transporte y alimentaci\u00f3n<\/li>\n<\/ul>\n<p><strong>Configuraci\u00f3n opcional<\/strong><\/p>\n<ul>\n<li>Aviso de alarma cuando no hay producto<\/li>\n<li>Aviso de alarma cuando el producto se atasca<\/li>\n<li>Calcular con precisi\u00f3n el n\u00famero de productos en l\u00ednea<\/li>\n<li>Alimentaci\u00f3n de se\u00f1al de control externo<\/li>\n<\/ul>\n<figure id=\"attachment_2265\" aria-describedby=\"caption-attachment-2265\" style=\"width: 750px\" class=\"wp-caption alignnone\"><img fetchpriority=\"high\" decoding=\"async\" class=\"wp-image-2265 size-full\" src=\"https:\/\/byfeeder.net\/wp-content\/uploads\/2024\/11\/friction-feeder-detail1.webp\" alt=\"M\u00e1quina alimentadora por fricci\u00f3n de papel para agrupaci\u00f3n de cajas de cart\u00f3n\" width=\"750\" height=\"892\" srcset=\"https:\/\/byfeeder.net\/wp-content\/uploads\/2024\/11\/friction-feeder-detail1.webp 750w, https:\/\/byfeeder.net\/wp-content\/uploads\/2024\/11\/friction-feeder-detail1-600x714.webp 600w, https:\/\/byfeeder.net\/wp-content\/uploads\/2024\/11\/friction-feeder-detail1-252x300.webp 252w\" sizes=\"(max-width: 750px) 100vw, 750px\" \/><figcaption id=\"caption-attachment-2265\" class=\"wp-caption-text\">M\u00e1quina alimentadora por fricci\u00f3n de papel para agrupaci\u00f3n de cajas de cart\u00f3n<\/figcaption><\/figure>\n<p><img decoding=\"async\" class=\"alignnone wp-image-2266 size-full\" src=\"https:\/\/byfeeder.net\/wp-content\/uploads\/2024\/11\/friction-feeder-detail2.webp\" alt=\"M\u00e1quina alimentadora por fricci\u00f3n de papel para agrupaci\u00f3n de cajas de cart\u00f3n\" width=\"750\" height=\"984\" srcset=\"https:\/\/byfeeder.net\/wp-content\/uploads\/2024\/11\/friction-feeder-detail2.webp 750w, https:\/\/byfeeder.net\/wp-content\/uploads\/2024\/11\/friction-feeder-detail2-600x787.webp 600w, https:\/\/byfeeder.net\/wp-content\/uploads\/2024\/11\/friction-feeder-detail2-229x300.webp 229w\" sizes=\"(max-width: 750px) 100vw, 750px\" \/><\/p>\n<p><img decoding=\"async\" class=\"alignnone wp-image-2267 size-full\" src=\"https:\/\/byfeeder.net\/wp-content\/uploads\/2024\/11\/friction-feeder-detail3.webp\" alt=\"M\u00e1quina alimentadora por fricci\u00f3n de papel para agrupaci\u00f3n de cajas de cart\u00f3n\" width=\"750\" height=\"1062\" srcset=\"https:\/\/byfeeder.net\/wp-content\/uploads\/2024\/11\/friction-feeder-detail3.webp 750w, https:\/\/byfeeder.net\/wp-content\/uploads\/2024\/11\/friction-feeder-detail3-600x850.webp 600w, https:\/\/byfeeder.net\/wp-content\/uploads\/2024\/11\/friction-feeder-detail3-212x300.webp 212w, https:\/\/byfeeder.net\/wp-content\/uploads\/2024\/11\/friction-feeder-detail3-723x1024.webp 723w\" sizes=\"(max-width: 750px) 100vw, 750px\" \/><\/p>\n<p><img loading=\"lazy\" decoding=\"async\" class=\"alignnone wp-image-2268 size-full\" src=\"https:\/\/byfeeder.net\/wp-content\/uploads\/2024\/11\/friction-feeder-detail4.webp\" alt=\"M\u00e1quina alimentadora por fricci\u00f3n de papel para agrupaci\u00f3n de cajas de cart\u00f3n\" width=\"750\" height=\"1470\" srcset=\"https:\/\/byfeeder.net\/wp-content\/uploads\/2024\/11\/friction-feeder-detail4.webp 750w, https:\/\/byfeeder.net\/wp-content\/uploads\/2024\/11\/friction-feeder-detail4-600x1176.webp 600w, https:\/\/byfeeder.net\/wp-content\/uploads\/2024\/11\/friction-feeder-detail4-153x300.webp 153w, https:\/\/byfeeder.net\/wp-content\/uploads\/2024\/11\/friction-feeder-detail4-522x1024.webp 522w\" sizes=\"(max-width: 750px) 100vw, 750px\" \/><\/p>","protected":false},"excerpt":{"rendered":"<p>Modelo: IF-FM201CF-300<\/p>\n<p>Tama\u00f1o (largo x alto): 690 \u00d7 490 \u00d7 370 mm<\/p>\n<p>Velocidad de funcionamiento de la correa: 0-120 m\/min<\/p>\n<p>Impresora de inyecci\u00f3n de tinta opcional: DOMINO, Sojet, DK, UCS, VIDEOJET<\/p>","protected":false},"featured_media":3048,"template":"","meta":{"_acf_changed":false},"product_brand":[],"product_cat":[24],"product_tag":[],"class_list":{"0":"post-1541","1":"product","2":"type-product","3":"status-publish","4":"has-post-thumbnail","6":"product_cat-friction-feeders","8":"first","9":"instock","10":"shipping-taxable","11":"product-type-simple"},"acf":[],"yoast_head":"<!-- This site is optimized with the Yoast SEO plugin v25.3.1 - https:\/\/yoast.com\/wordpress\/plugins\/seo\/ -->\n<title>Pouch Carton Collation Paper Friction Feeder Machine for Sale | BYFeeder<\/title>\n<meta name=\"robots\" content=\"index, follow, max-snippet:-1, max-image-preview:large, max-video-preview:-1\" \/>\n<link rel=\"canonical\" href=\"https:\/\/byfeeder.net\/es\/product\/maquina-alimentadora-por-friccion-de-papel-para-agrupacion-de-cajas-de-carton-en-venta\/\" \/>\n<meta property=\"og:locale\" content=\"es_ES\" \/>\n<meta property=\"og:type\" content=\"article\" \/>\n<meta property=\"og:title\" content=\"Pouch Carton Collation Paper Friction Feeder Machine for Sale | BYFeeder\" \/>\n<meta property=\"og:description\" content=\"Model: IF-FM201CF- 300  Size(LXWXH):690\u00d7490\u00d7370mm  Belt Running Speed:0-120m\/min  Optional Inkjet Printer: DOMINO, Sojet, DK, UCS, VIDEOJET\" \/>\n<meta property=\"og:url\" content=\"https:\/\/byfeeder.net\/es\/product\/maquina-alimentadora-por-friccion-de-papel-para-agrupacion-de-cajas-de-carton-en-venta\/\" \/>\n<meta property=\"og:site_name\" content=\"BYFeeder\" \/>\n<meta property=\"article:modified_time\" content=\"2025-04-24T07:45:38+00:00\" \/>\n<meta property=\"og:image\" content=\"https:\/\/byfeeder.net\/wp-content\/uploads\/2024\/11\/Friction-Feeder-Machine.webp\" \/>\n\t<meta property=\"og:image:width\" content=\"700\" \/>\n\t<meta property=\"og:image:height\" content=\"700\" \/>\n\t<meta property=\"og:image:type\" content=\"image\/webp\" \/>\n<meta name=\"twitter:card\" content=\"summary_large_image\" \/>\n<meta name=\"twitter:label1\" content=\"Tiempo de lectura\" \/>\n\t<meta name=\"twitter:data1\" content=\"2 minutos\" \/>\n<script type=\"application\/ld+json\" class=\"yoast-schema-graph\">{\"@context\":\"https:\/\/schema.org\",\"@graph\":[{\"@type\":\"WebPage\",\"@id\":\"https:\/\/byfeeder.net\/product\/pouch-carton-collation-paper-friction-feeder-machine-for-sale\/\",\"url\":\"https:\/\/byfeeder.net\/product\/pouch-carton-collation-paper-friction-feeder-machine-for-sale\/\",\"name\":\"Pouch Carton Collation Paper Friction Feeder Machine for Sale | BYFeeder\",\"isPartOf\":{\"@id\":\"https:\/\/byfeeder.net\/#website\"},\"primaryImageOfPage\":{\"@id\":\"https:\/\/byfeeder.net\/product\/pouch-carton-collation-paper-friction-feeder-machine-for-sale\/#primaryimage\"},\"image\":{\"@id\":\"https:\/\/byfeeder.net\/product\/pouch-carton-collation-paper-friction-feeder-machine-for-sale\/#primaryimage\"},\"thumbnailUrl\":\"https:\/\/byfeeder.net\/wp-content\/uploads\/2024\/11\/Friction-Feeder-Machine.webp\",\"datePublished\":\"2024-11-21T09:46:49+00:00\",\"dateModified\":\"2025-04-24T07:45:38+00:00\",\"breadcrumb\":{\"@id\":\"https:\/\/byfeeder.net\/product\/pouch-carton-collation-paper-friction-feeder-machine-for-sale\/#breadcrumb\"},\"inLanguage\":\"es\",\"potentialAction\":[{\"@type\":\"ReadAction\",\"target\":[\"https:\/\/byfeeder.net\/product\/pouch-carton-collation-paper-friction-feeder-machine-for-sale\/\"]}]},{\"@type\":\"ImageObject\",\"inLanguage\":\"es\",\"@id\":\"https:\/\/byfeeder.net\/product\/pouch-carton-collation-paper-friction-feeder-machine-for-sale\/#primaryimage\",\"url\":\"https:\/\/byfeeder.net\/wp-content\/uploads\/2024\/11\/Friction-Feeder-Machine.webp\",\"contentUrl\":\"https:\/\/byfeeder.net\/wp-content\/uploads\/2024\/11\/Friction-Feeder-Machine.webp\",\"width\":700,\"height\":700,\"caption\":\"Friction Feeder Machine(5)\"},{\"@type\":\"BreadcrumbList\",\"@id\":\"https:\/\/byfeeder.net\/product\/pouch-carton-collation-paper-friction-feeder-machine-for-sale\/#breadcrumb\",\"itemListElement\":[{\"@type\":\"ListItem\",\"position\":1,\"name\":\"Home\",\"item\":\"https:\/\/byfeeder.net\/\"},{\"@type\":\"ListItem\",\"position\":2,\"name\":\"Products\",\"item\":\"https:\/\/byfeeder.net\/solution\/\"},{\"@type\":\"ListItem\",\"position\":3,\"name\":\"Pouch Carton Collation Paper Friction Feeder Machine for Sale\"}]},{\"@type\":\"WebSite\",\"@id\":\"https:\/\/byfeeder.net\/#website\",\"url\":\"https:\/\/byfeeder.net\/\",\"name\":\"BYFeeder\",\"description\":\"Packaging Feeding and Rewinding System Solutions Manufacturer\",\"publisher\":{\"@id\":\"https:\/\/byfeeder.net\/#organization\"},\"potentialAction\":[{\"@type\":\"SearchAction\",\"target\":{\"@type\":\"EntryPoint\",\"urlTemplate\":\"https:\/\/byfeeder.net\/?s={search_term_string}\"},\"query-input\":{\"@type\":\"PropertyValueSpecification\",\"valueRequired\":true,\"valueName\":\"search_term_string\"}}],\"inLanguage\":\"es\"},{\"@type\":\"Organization\",\"@id\":\"https:\/\/byfeeder.net\/#organization\",\"name\":\"BY\",\"url\":\"https:\/\/byfeeder.net\/\",\"logo\":{\"@type\":\"ImageObject\",\"inLanguage\":\"es\",\"@id\":\"https:\/\/byfeeder.net\/#\/schema\/logo\/image\/\",\"url\":\"https:\/\/byfeeder.net\/wp-content\/uploads\/2025\/05\/byfeeder-logo.webp\",\"contentUrl\":\"https:\/\/byfeeder.net\/wp-content\/uploads\/2025\/05\/byfeeder-logo.webp\",\"width\":512,\"height\":512,\"caption\":\"BY\"},\"image\":{\"@id\":\"https:\/\/byfeeder.net\/#\/schema\/logo\/image\/\"}}]}<\/script>\n<!-- \/ Yoast SEO plugin. -->","yoast_head_json":{"title":"M\u00e1quina alimentadora por fricci\u00f3n de papel para agrupaci\u00f3n de cajas de cart\u00f3n en venta | BYFeeder","robots":{"index":"index","follow":"follow","max-snippet":"max-snippet:-1","max-image-preview":"max-image-preview:large","max-video-preview":"max-video-preview:-1"},"canonical":"https:\/\/byfeeder.net\/es\/product\/maquina-alimentadora-por-friccion-de-papel-para-agrupacion-de-cajas-de-carton-en-venta\/","og_locale":"es_ES","og_type":"article","og_title":"Pouch Carton Collation Paper Friction Feeder Machine for Sale | BYFeeder","og_description":"Model: IF-FM201CF- 300  Size(LXWXH):690\u00d7490\u00d7370mm  Belt Running Speed:0-120m\/min  Optional Inkjet Printer: DOMINO, Sojet, DK, UCS, VIDEOJET","og_url":"https:\/\/byfeeder.net\/es\/product\/maquina-alimentadora-por-friccion-de-papel-para-agrupacion-de-cajas-de-carton-en-venta\/","og_site_name":"BYFeeder","article_modified_time":"2025-04-24T07:45:38+00:00","og_image":[{"width":700,"height":700,"url":"https:\/\/byfeeder.net\/wp-content\/uploads\/2024\/11\/Friction-Feeder-Machine.webp","type":"image\/webp"}],"twitter_card":"summary_large_image","twitter_misc":{"Tiempo de lectura":"2 minutos"},"schema":{"@context":"https:\/\/schema.org","@graph":[{"@type":"WebPage","@id":"https:\/\/byfeeder.net\/product\/pouch-carton-collation-paper-friction-feeder-machine-for-sale\/","url":"https:\/\/byfeeder.net\/product\/pouch-carton-collation-paper-friction-feeder-machine-for-sale\/","name":"M\u00e1quina alimentadora por fricci\u00f3n de papel para agrupaci\u00f3n de cajas de cart\u00f3n en venta | BYFeeder","isPartOf":{"@id":"https:\/\/byfeeder.net\/#website"},"primaryImageOfPage":{"@id":"https:\/\/byfeeder.net\/product\/pouch-carton-collation-paper-friction-feeder-machine-for-sale\/#primaryimage"},"image":{"@id":"https:\/\/byfeeder.net\/product\/pouch-carton-collation-paper-friction-feeder-machine-for-sale\/#primaryimage"},"thumbnailUrl":"https:\/\/byfeeder.net\/wp-content\/uploads\/2024\/11\/Friction-Feeder-Machine.webp","datePublished":"2024-11-21T09:46:49+00:00","dateModified":"2025-04-24T07:45:38+00:00","breadcrumb":{"@id":"https:\/\/byfeeder.net\/product\/pouch-carton-collation-paper-friction-feeder-machine-for-sale\/#breadcrumb"},"inLanguage":"es","potentialAction":[{"@type":"ReadAction","target":["https:\/\/byfeeder.net\/product\/pouch-carton-collation-paper-friction-feeder-machine-for-sale\/"]}]},{"@type":"ImageObject","inLanguage":"es","@id":"https:\/\/byfeeder.net\/product\/pouch-carton-collation-paper-friction-feeder-machine-for-sale\/#primaryimage","url":"https:\/\/byfeeder.net\/wp-content\/uploads\/2024\/11\/Friction-Feeder-Machine.webp","contentUrl":"https:\/\/byfeeder.net\/wp-content\/uploads\/2024\/11\/Friction-Feeder-Machine.webp","width":700,"height":700,"caption":"Friction Feeder Machine(5)"},{"@type":"BreadcrumbList","@id":"https:\/\/byfeeder.net\/product\/pouch-carton-collation-paper-friction-feeder-machine-for-sale\/#breadcrumb","itemListElement":[{"@type":"ListItem","position":1,"name":"Home","item":"https:\/\/byfeeder.net\/"},{"@type":"ListItem","position":2,"name":"Products","item":"https:\/\/byfeeder.net\/solution\/"},{"@type":"ListItem","position":3,"name":"Pouch Carton Collation Paper Friction Feeder Machine for Sale"}]},{"@type":"WebSite","@id":"https:\/\/byfeeder.net\/#website","url":"https:\/\/byfeeder.net\/","name":"Por alimentador","description":"Fabricante de soluciones de sistemas de alimentaci\u00f3n y rebobinado de envases","publisher":{"@id":"https:\/\/byfeeder.net\/#organization"},"potentialAction":[{"@type":"SearchAction","target":{"@type":"EntryPoint","urlTemplate":"https:\/\/byfeeder.net\/?s={search_term_string}"},"query-input":{"@type":"PropertyValueSpecification","valueRequired":true,"valueName":"search_term_string"}}],"inLanguage":"es"},{"@type":"Organization","@id":"https:\/\/byfeeder.net\/#organization","name":"POR","url":"https:\/\/byfeeder.net\/","logo":{"@type":"ImageObject","inLanguage":"es","@id":"https:\/\/byfeeder.net\/#\/schema\/logo\/image\/","url":"https:\/\/byfeeder.net\/wp-content\/uploads\/2025\/05\/byfeeder-logo.webp","contentUrl":"https:\/\/byfeeder.net\/wp-content\/uploads\/2025\/05\/byfeeder-logo.webp","width":512,"height":512,"caption":"BY"},"image":{"@id":"https:\/\/byfeeder.net\/#\/schema\/logo\/image\/"}}]}},"_links":{"self":[{"href":"https:\/\/byfeeder.net\/es\/wp-json\/wp\/v2\/product\/1541"}],"collection":[{"href":"https:\/\/byfeeder.net\/es\/wp-json\/wp\/v2\/product"}],"about":[{"href":"https:\/\/byfeeder.net\/es\/wp-json\/wp\/v2\/types\/product"}],"wp:featuredmedia":[{"embeddable":true,"href":"https:\/\/byfeeder.net\/es\/wp-json\/wp\/v2\/media\/3048"}],"wp:attachment":[{"href":"https:\/\/byfeeder.net\/es\/wp-json\/wp\/v2\/media?parent=1541"}],"wp:term":[{"taxonomy":"product_brand","embeddable":true,"href":"https:\/\/byfeeder.net\/es\/wp-json\/wp\/v2\/product_brand?post=1541"},{"taxonomy":"product_cat","embeddable":true,"href":"https:\/\/byfeeder.net\/es\/wp-json\/wp\/v2\/product_cat?post=1541"},{"taxonomy":"product_tag","embeddable":true,"href":"https:\/\/byfeeder.net\/es\/wp-json\/wp\/v2\/product_tag?post=1541"}],"curies":[{"name":"wp","href":"https:\/\/api.w.org\/{rel}","templated":true}]}}