{"id":1497,"date":"2024-11-21T01:19:19","date_gmt":"2024-11-21T09:19:19","guid":{"rendered":"https:\/\/byfeeder.net\/?post_type=product&#038;p=1497"},"modified":"2024-12-12T23:39:07","modified_gmt":"2024-12-13T07:39:07","slug":"transportador-de-maquina-paginadora-de-impresora-tij-ajustable","status":"publish","type":"product","link":"https:\/\/byfeeder.net\/es\/product\/transportador-de-maquina-paginadora-de-impresora-tij-ajustable\/","title":{"rendered":"Transportador de m\u00e1quina paginadora de impresora TIJ ajustable"},"content":{"rendered":"<p><strong>Par\u00e1metros del producto<\/strong><\/p>\n<p>Modo de control: Controlador especial para iFeeder<\/p>\n<p>Material del cuerpo: acero inoxidable o acero al carbono personalizado, pintura para hornear.<\/p>\n<p>Di\u00e1metro m\u00e1ximo del material: personalizaci\u00f3n seg\u00fan el producto<\/p>\n<p>Peso del equipo: aproximadamente 80 kg<\/p>\n<p>Espesor del material: 0,1 ~ 2 mm<\/p>\n<p>Potencia de entrada: aproximadamente 500-1000 W (solo el buscapersonas, sin incluir la impresora)<\/p>\n<p>Modo de transmisi\u00f3n: Control de velocidad de frecuencia variable o control de velocidad sin escobillas de CC<\/p>\n<p>Impresora de inyecci\u00f3n de tinta opcional: DOMINO, Sojet, DK, UCS, VIDEOJET<\/p>\n<p><strong>Configuraci\u00f3n est\u00e1ndar<\/strong><\/p>\n<ol>\n<li>Descarga inferior por fricci\u00f3n de la correa<\/li>\n<li>Transporte de rodillos de alta velocidad<\/li>\n<li>Recolecci\u00f3n de pilas tipo ca\u00edda de tolva recolectora<\/li>\n<\/ol>\n<p><strong>Configuraci\u00f3n opcional<\/strong><\/p>\n<ol>\n<li>M\u00e1quina codificadora DMN<\/li>\n<li>M\u00e1quina codificadora DK<\/li>\n<li>M\u00e1quina codificadora UCS<\/li>\n<li>Apilado continuo autom\u00e1tico o apilado separado<\/li>\n<\/ol>","protected":false},"excerpt":{"rendered":"<p>Modelo: IF-PM101ST-400\u00d71200\/60-TIJ-S<\/p>\n<p>Tama\u00f1o (largo x alto): 2270 \u00d7 765 \u00d7 1145 mm<\/p>\n<p>Velocidad de funcionamiento de la correa: 0-60 m\/min<\/p>","protected":false},"featured_media":1504,"template":"","meta":{"_acf_changed":false},"product_brand":[],"product_cat":[23],"product_tag":[],"class_list":{"0":"post-1497","1":"product","2":"type-product","3":"status-publish","4":"has-post-thumbnail","6":"product_cat-paging-machines","8":"first","9":"instock","10":"shipping-taxable","11":"product-type-simple"},"acf":[],"yoast_head":"<!-- This site is optimized with the Yoast SEO plugin v25.3.1 - https:\/\/yoast.com\/wordpress\/plugins\/seo\/ -->\n<title>Adjustable TIJ Printer Paging Machine Conveyor | BYFeeder<\/title>\n<meta name=\"robots\" content=\"index, follow, max-snippet:-1, max-image-preview:large, max-video-preview:-1\" \/>\n<link rel=\"canonical\" href=\"https:\/\/byfeeder.net\/es\/product\/transportador-de-maquina-paginadora-de-impresora-tij-ajustable\/\" \/>\n<meta property=\"og:locale\" content=\"es_ES\" \/>\n<meta property=\"og:type\" content=\"article\" \/>\n<meta property=\"og:title\" content=\"Adjustable TIJ Printer Paging Machine Conveyor | BYFeeder\" \/>\n<meta property=\"og:description\" content=\"Model: IF-PM101ST-400\u00d71200\/60-TIJ-S  Size(LXWXH):2270\u00d7765\u00d71145mm  Belt Running Speed:0-60m\/min\" \/>\n<meta property=\"og:url\" content=\"https:\/\/byfeeder.net\/es\/product\/transportador-de-maquina-paginadora-de-impresora-tij-ajustable\/\" \/>\n<meta property=\"og:site_name\" content=\"BYFeeder\" \/>\n<meta property=\"article:modified_time\" content=\"2024-12-13T07:39:07+00:00\" \/>\n<meta property=\"og:image\" content=\"https:\/\/byfeeder.net\/wp-content\/uploads\/2024\/11\/BY-pagination-printing-machine.webp\" \/>\n\t<meta property=\"og:image:width\" content=\"700\" \/>\n\t<meta property=\"og:image:height\" content=\"700\" \/>\n\t<meta property=\"og:image:type\" content=\"image\/webp\" \/>\n<meta name=\"twitter:card\" content=\"summary_large_image\" \/>\n<script type=\"application\/ld+json\" class=\"yoast-schema-graph\">{\"@context\":\"https:\/\/schema.org\",\"@graph\":[{\"@type\":\"WebPage\",\"@id\":\"https:\/\/byfeeder.net\/product\/adjustable-tij-printer-paging-machine-conveyor\/\",\"url\":\"https:\/\/byfeeder.net\/product\/adjustable-tij-printer-paging-machine-conveyor\/\",\"name\":\"Adjustable TIJ Printer Paging Machine Conveyor | BYFeeder\",\"isPartOf\":{\"@id\":\"https:\/\/byfeeder.net\/#website\"},\"primaryImageOfPage\":{\"@id\":\"https:\/\/byfeeder.net\/product\/adjustable-tij-printer-paging-machine-conveyor\/#primaryimage\"},\"image\":{\"@id\":\"https:\/\/byfeeder.net\/product\/adjustable-tij-printer-paging-machine-conveyor\/#primaryimage\"},\"thumbnailUrl\":\"https:\/\/byfeeder.net\/wp-content\/uploads\/2024\/11\/BY-pagination-printing-machine.webp\",\"datePublished\":\"2024-11-21T09:19:19+00:00\",\"dateModified\":\"2024-12-13T07:39:07+00:00\",\"breadcrumb\":{\"@id\":\"https:\/\/byfeeder.net\/product\/adjustable-tij-printer-paging-machine-conveyor\/#breadcrumb\"},\"inLanguage\":\"es\",\"potentialAction\":[{\"@type\":\"ReadAction\",\"target\":[\"https:\/\/byfeeder.net\/product\/adjustable-tij-printer-paging-machine-conveyor\/\"]}]},{\"@type\":\"ImageObject\",\"inLanguage\":\"es\",\"@id\":\"https:\/\/byfeeder.net\/product\/adjustable-tij-printer-paging-machine-conveyor\/#primaryimage\",\"url\":\"https:\/\/byfeeder.net\/wp-content\/uploads\/2024\/11\/BY-pagination-printing-machine.webp\",\"contentUrl\":\"https:\/\/byfeeder.net\/wp-content\/uploads\/2024\/11\/BY-pagination-printing-machine.webp\",\"width\":700,\"height\":700,\"caption\":\"BY pagination printing machine\"},{\"@type\":\"BreadcrumbList\",\"@id\":\"https:\/\/byfeeder.net\/product\/adjustable-tij-printer-paging-machine-conveyor\/#breadcrumb\",\"itemListElement\":[{\"@type\":\"ListItem\",\"position\":1,\"name\":\"Home\",\"item\":\"https:\/\/byfeeder.net\/\"},{\"@type\":\"ListItem\",\"position\":2,\"name\":\"Products\",\"item\":\"https:\/\/byfeeder.net\/solution\/\"},{\"@type\":\"ListItem\",\"position\":3,\"name\":\"Adjustable TIJ Printer Paging Machine Conveyor\"}]},{\"@type\":\"WebSite\",\"@id\":\"https:\/\/byfeeder.net\/#website\",\"url\":\"https:\/\/byfeeder.net\/\",\"name\":\"BYFeeder\",\"description\":\"Packaging Feeding and Rewinding System Solutions Manufacturer\",\"publisher\":{\"@id\":\"https:\/\/byfeeder.net\/#organization\"},\"potentialAction\":[{\"@type\":\"SearchAction\",\"target\":{\"@type\":\"EntryPoint\",\"urlTemplate\":\"https:\/\/byfeeder.net\/?s={search_term_string}\"},\"query-input\":{\"@type\":\"PropertyValueSpecification\",\"valueRequired\":true,\"valueName\":\"search_term_string\"}}],\"inLanguage\":\"es\"},{\"@type\":\"Organization\",\"@id\":\"https:\/\/byfeeder.net\/#organization\",\"name\":\"BY\",\"url\":\"https:\/\/byfeeder.net\/\",\"logo\":{\"@type\":\"ImageObject\",\"inLanguage\":\"es\",\"@id\":\"https:\/\/byfeeder.net\/#\/schema\/logo\/image\/\",\"url\":\"https:\/\/byfeeder.net\/wp-content\/uploads\/2025\/05\/byfeeder-logo.webp\",\"contentUrl\":\"https:\/\/byfeeder.net\/wp-content\/uploads\/2025\/05\/byfeeder-logo.webp\",\"width\":512,\"height\":512,\"caption\":\"BY\"},\"image\":{\"@id\":\"https:\/\/byfeeder.net\/#\/schema\/logo\/image\/\"}}]}<\/script>\n<!-- \/ Yoast SEO plugin. -->","yoast_head_json":{"title":"Transportador de paginaci\u00f3n ajustable para impresora TIJ | BYFeeder","robots":{"index":"index","follow":"follow","max-snippet":"max-snippet:-1","max-image-preview":"max-image-preview:large","max-video-preview":"max-video-preview:-1"},"canonical":"https:\/\/byfeeder.net\/es\/product\/transportador-de-maquina-paginadora-de-impresora-tij-ajustable\/","og_locale":"es_ES","og_type":"article","og_title":"Adjustable TIJ Printer Paging Machine Conveyor | BYFeeder","og_description":"Model: IF-PM101ST-400\u00d71200\/60-TIJ-S  Size(LXWXH):2270\u00d7765\u00d71145mm  Belt Running Speed:0-60m\/min","og_url":"https:\/\/byfeeder.net\/es\/product\/transportador-de-maquina-paginadora-de-impresora-tij-ajustable\/","og_site_name":"BYFeeder","article_modified_time":"2024-12-13T07:39:07+00:00","og_image":[{"width":700,"height":700,"url":"https:\/\/byfeeder.net\/wp-content\/uploads\/2024\/11\/BY-pagination-printing-machine.webp","type":"image\/webp"}],"twitter_card":"summary_large_image","schema":{"@context":"https:\/\/schema.org","@graph":[{"@type":"WebPage","@id":"https:\/\/byfeeder.net\/product\/adjustable-tij-printer-paging-machine-conveyor\/","url":"https:\/\/byfeeder.net\/product\/adjustable-tij-printer-paging-machine-conveyor\/","name":"Transportador de paginaci\u00f3n ajustable para impresora TIJ | BYFeeder","isPartOf":{"@id":"https:\/\/byfeeder.net\/#website"},"primaryImageOfPage":{"@id":"https:\/\/byfeeder.net\/product\/adjustable-tij-printer-paging-machine-conveyor\/#primaryimage"},"image":{"@id":"https:\/\/byfeeder.net\/product\/adjustable-tij-printer-paging-machine-conveyor\/#primaryimage"},"thumbnailUrl":"https:\/\/byfeeder.net\/wp-content\/uploads\/2024\/11\/BY-pagination-printing-machine.webp","datePublished":"2024-11-21T09:19:19+00:00","dateModified":"2024-12-13T07:39:07+00:00","breadcrumb":{"@id":"https:\/\/byfeeder.net\/product\/adjustable-tij-printer-paging-machine-conveyor\/#breadcrumb"},"inLanguage":"es","potentialAction":[{"@type":"ReadAction","target":["https:\/\/byfeeder.net\/product\/adjustable-tij-printer-paging-machine-conveyor\/"]}]},{"@type":"ImageObject","inLanguage":"es","@id":"https:\/\/byfeeder.net\/product\/adjustable-tij-printer-paging-machine-conveyor\/#primaryimage","url":"https:\/\/byfeeder.net\/wp-content\/uploads\/2024\/11\/BY-pagination-printing-machine.webp","contentUrl":"https:\/\/byfeeder.net\/wp-content\/uploads\/2024\/11\/BY-pagination-printing-machine.webp","width":700,"height":700,"caption":"BY pagination printing machine"},{"@type":"BreadcrumbList","@id":"https:\/\/byfeeder.net\/product\/adjustable-tij-printer-paging-machine-conveyor\/#breadcrumb","itemListElement":[{"@type":"ListItem","position":1,"name":"Home","item":"https:\/\/byfeeder.net\/"},{"@type":"ListItem","position":2,"name":"Products","item":"https:\/\/byfeeder.net\/solution\/"},{"@type":"ListItem","position":3,"name":"Adjustable TIJ Printer Paging Machine Conveyor"}]},{"@type":"WebSite","@id":"https:\/\/byfeeder.net\/#website","url":"https:\/\/byfeeder.net\/","name":"Por alimentador","description":"Fabricante de soluciones de sistemas de alimentaci\u00f3n y rebobinado de envases","publisher":{"@id":"https:\/\/byfeeder.net\/#organization"},"potentialAction":[{"@type":"SearchAction","target":{"@type":"EntryPoint","urlTemplate":"https:\/\/byfeeder.net\/?s={search_term_string}"},"query-input":{"@type":"PropertyValueSpecification","valueRequired":true,"valueName":"search_term_string"}}],"inLanguage":"es"},{"@type":"Organization","@id":"https:\/\/byfeeder.net\/#organization","name":"POR","url":"https:\/\/byfeeder.net\/","logo":{"@type":"ImageObject","inLanguage":"es","@id":"https:\/\/byfeeder.net\/#\/schema\/logo\/image\/","url":"https:\/\/byfeeder.net\/wp-content\/uploads\/2025\/05\/byfeeder-logo.webp","contentUrl":"https:\/\/byfeeder.net\/wp-content\/uploads\/2025\/05\/byfeeder-logo.webp","width":512,"height":512,"caption":"BY"},"image":{"@id":"https:\/\/byfeeder.net\/#\/schema\/logo\/image\/"}}]}},"_links":{"self":[{"href":"https:\/\/byfeeder.net\/es\/wp-json\/wp\/v2\/product\/1497"}],"collection":[{"href":"https:\/\/byfeeder.net\/es\/wp-json\/wp\/v2\/product"}],"about":[{"href":"https:\/\/byfeeder.net\/es\/wp-json\/wp\/v2\/types\/product"}],"wp:featuredmedia":[{"embeddable":true,"href":"https:\/\/byfeeder.net\/es\/wp-json\/wp\/v2\/media\/1504"}],"wp:attachment":[{"href":"https:\/\/byfeeder.net\/es\/wp-json\/wp\/v2\/media?parent=1497"}],"wp:term":[{"taxonomy":"product_brand","embeddable":true,"href":"https:\/\/byfeeder.net\/es\/wp-json\/wp\/v2\/product_brand?post=1497"},{"taxonomy":"product_cat","embeddable":true,"href":"https:\/\/byfeeder.net\/es\/wp-json\/wp\/v2\/product_cat?post=1497"},{"taxonomy":"product_tag","embeddable":true,"href":"https:\/\/byfeeder.net\/es\/wp-json\/wp\/v2\/product_tag?post=1497"}],"curies":[{"name":"wp","href":"https:\/\/api.w.org\/{rel}","templated":true}]}}