{"id":1457,"date":"2024-11-21T01:06:57","date_gmt":"2024-11-21T09:06:57","guid":{"rendered":"https:\/\/byfeeder.net\/?post_type=product&#038;p=1457"},"modified":"2024-12-12T23:39:19","modified_gmt":"2024-12-13T07:39:19","slug":"maquina-de-paginacion-tto-con-pantalla-tactil-plc-de-50-velocidades-personalizada","status":"publish","type":"product","link":"https:\/\/byfeeder.net\/es\/product\/maquina-de-paginacion-tto-con-pantalla-tactil-plc-de-50-velocidades-personalizada\/","title":{"rendered":"Buscapersonas TTO con pantalla t\u00e1ctil PLC personalizada de 50 velocidades"},"content":{"rendered":"<p><strong>Par\u00e1metros del producto<\/strong><\/p>\n<p>Modo de control: Pantalla t\u00e1ctil PLC<\/p>\n<p>Material del cuerpo: acero inoxidable o acero al carbono personalizado, pintura para hornear.<\/p>\n<p>Di\u00e1metro m\u00e1ximo del material: personalizaci\u00f3n seg\u00fan el producto<\/p>\n<p>Peso del equipo: aproximadamente 100 kg<\/p>\n<p>Espesor del material: 0,1 ~ 1 mm<\/p>\n<p>Potencia de entrada: aproximadamente 500-1000 W (solo el buscapersonas, sin incluir la impresora)<\/p>\n<p>Modo de transmisi\u00f3n: servomotor de CA<\/p>\n<p>Impresora de inyecci\u00f3n de tinta opcional: DOMINO, Sojet, DK, UCS, VIDEOJET<\/p>\n<p><strong>Configuraci\u00f3n est\u00e1ndar<\/strong><\/p>\n<ol>\n<li>Descarga inferior por fricci\u00f3n de la correa<\/li>\n<li>Transporte de rodillos de alta velocidad<\/li>\n<li>Recolecci\u00f3n de pilas tipo ca\u00edda de tolva recolectora<\/li>\n<\/ol>\n<p><strong>Configuraci\u00f3n opcional<\/strong><\/p>\n<ol>\n<li>M\u00e1quina codificadora DMN<\/li>\n<li>M\u00e1quina codificadora DK<\/li>\n<li>M\u00e1quina codificadora UCS<\/li>\n<li>Apilado continuo autom\u00e1tico o apilado separado<\/li>\n<\/ol>","protected":false},"excerpt":{"rendered":"<p>Modelo: IF-IPM201CT- 500\u00d7500\/ 50-TTO-S<\/p>\n<p>Tama\u00f1o (largo x alto): 1351 x 796 x 1095 mm<\/p>\n<p>Velocidad de funcionamiento de la correa: 0-50 m\/min<\/p>","protected":false},"featured_media":1484,"template":"","meta":{"_acf_changed":false},"product_brand":[],"product_cat":[23],"product_tag":[],"class_list":{"0":"post-1457","1":"product","2":"type-product","3":"status-publish","4":"has-post-thumbnail","6":"product_cat-paging-machines","8":"first","9":"instock","10":"shipping-taxable","11":"product-type-simple"},"acf":[],"yoast_head":"<!-- This site is optimized with the Yoast SEO plugin v25.3.1 - https:\/\/yoast.com\/wordpress\/plugins\/seo\/ -->\n<title>Custom 50 Speed PLC Touch Screen TTO Paging Machine | BYFeeder<\/title>\n<meta name=\"robots\" content=\"index, follow, max-snippet:-1, max-image-preview:large, max-video-preview:-1\" \/>\n<link rel=\"canonical\" href=\"https:\/\/byfeeder.net\/es\/product\/maquina-de-paginacion-tto-con-pantalla-tactil-plc-de-50-velocidades-personalizada\/\" \/>\n<meta property=\"og:locale\" content=\"es_ES\" \/>\n<meta property=\"og:type\" content=\"article\" \/>\n<meta property=\"og:title\" content=\"Custom 50 Speed PLC Touch Screen TTO Paging Machine | BYFeeder\" \/>\n<meta property=\"og:description\" content=\"Model: IF-IPM201CT- 500\u00d7500\/ 50-TTO-S  Size(LXWXH):1351X796X1095mm  Belt Running Speed:0-50m\/min\" \/>\n<meta property=\"og:url\" content=\"https:\/\/byfeeder.net\/es\/product\/maquina-de-paginacion-tto-con-pantalla-tactil-plc-de-50-velocidades-personalizada\/\" \/>\n<meta property=\"og:site_name\" content=\"BYFeeder\" \/>\n<meta property=\"article:modified_time\" content=\"2024-12-13T07:39:19+00:00\" \/>\n<meta property=\"og:image\" content=\"https:\/\/byfeeder.net\/wp-content\/uploads\/2024\/11\/Intelligent-TTO-Thermal-Transfer-Paging-Machine7.webp\" \/>\n\t<meta property=\"og:image:width\" content=\"700\" \/>\n\t<meta property=\"og:image:height\" content=\"700\" \/>\n\t<meta property=\"og:image:type\" content=\"image\/webp\" \/>\n<meta name=\"twitter:card\" content=\"summary_large_image\" \/>\n<script type=\"application\/ld+json\" class=\"yoast-schema-graph\">{\"@context\":\"https:\/\/schema.org\",\"@graph\":[{\"@type\":\"WebPage\",\"@id\":\"https:\/\/byfeeder.net\/product\/custom-50-speed-plc-touch-screen-tto-paging-machine\/\",\"url\":\"https:\/\/byfeeder.net\/product\/custom-50-speed-plc-touch-screen-tto-paging-machine\/\",\"name\":\"Custom 50 Speed PLC Touch Screen TTO Paging Machine | BYFeeder\",\"isPartOf\":{\"@id\":\"https:\/\/byfeeder.net\/#website\"},\"primaryImageOfPage\":{\"@id\":\"https:\/\/byfeeder.net\/product\/custom-50-speed-plc-touch-screen-tto-paging-machine\/#primaryimage\"},\"image\":{\"@id\":\"https:\/\/byfeeder.net\/product\/custom-50-speed-plc-touch-screen-tto-paging-machine\/#primaryimage\"},\"thumbnailUrl\":\"https:\/\/byfeeder.net\/wp-content\/uploads\/2024\/11\/Intelligent-TTO-Thermal-Transfer-Paging-Machine7.webp\",\"datePublished\":\"2024-11-21T09:06:57+00:00\",\"dateModified\":\"2024-12-13T07:39:19+00:00\",\"breadcrumb\":{\"@id\":\"https:\/\/byfeeder.net\/product\/custom-50-speed-plc-touch-screen-tto-paging-machine\/#breadcrumb\"},\"inLanguage\":\"es\",\"potentialAction\":[{\"@type\":\"ReadAction\",\"target\":[\"https:\/\/byfeeder.net\/product\/custom-50-speed-plc-touch-screen-tto-paging-machine\/\"]}]},{\"@type\":\"ImageObject\",\"inLanguage\":\"es\",\"@id\":\"https:\/\/byfeeder.net\/product\/custom-50-speed-plc-touch-screen-tto-paging-machine\/#primaryimage\",\"url\":\"https:\/\/byfeeder.net\/wp-content\/uploads\/2024\/11\/Intelligent-TTO-Thermal-Transfer-Paging-Machine7.webp\",\"contentUrl\":\"https:\/\/byfeeder.net\/wp-content\/uploads\/2024\/11\/Intelligent-TTO-Thermal-Transfer-Paging-Machine7.webp\",\"width\":700,\"height\":700,\"caption\":\"Intelligent TTO Thermal Transfer Paging Machine(7)\"},{\"@type\":\"BreadcrumbList\",\"@id\":\"https:\/\/byfeeder.net\/product\/custom-50-speed-plc-touch-screen-tto-paging-machine\/#breadcrumb\",\"itemListElement\":[{\"@type\":\"ListItem\",\"position\":1,\"name\":\"Home\",\"item\":\"https:\/\/byfeeder.net\/\"},{\"@type\":\"ListItem\",\"position\":2,\"name\":\"Products\",\"item\":\"https:\/\/byfeeder.net\/solution\/\"},{\"@type\":\"ListItem\",\"position\":3,\"name\":\"Custom 50 Speed PLC Touch Screen TTO Paging Machine\"}]},{\"@type\":\"WebSite\",\"@id\":\"https:\/\/byfeeder.net\/#website\",\"url\":\"https:\/\/byfeeder.net\/\",\"name\":\"BYFeeder\",\"description\":\"Packaging Feeding and Rewinding System Solutions Manufacturer\",\"publisher\":{\"@id\":\"https:\/\/byfeeder.net\/#organization\"},\"potentialAction\":[{\"@type\":\"SearchAction\",\"target\":{\"@type\":\"EntryPoint\",\"urlTemplate\":\"https:\/\/byfeeder.net\/?s={search_term_string}\"},\"query-input\":{\"@type\":\"PropertyValueSpecification\",\"valueRequired\":true,\"valueName\":\"search_term_string\"}}],\"inLanguage\":\"es\"},{\"@type\":\"Organization\",\"@id\":\"https:\/\/byfeeder.net\/#organization\",\"name\":\"BY\",\"url\":\"https:\/\/byfeeder.net\/\",\"logo\":{\"@type\":\"ImageObject\",\"inLanguage\":\"es\",\"@id\":\"https:\/\/byfeeder.net\/#\/schema\/logo\/image\/\",\"url\":\"https:\/\/byfeeder.net\/wp-content\/uploads\/2025\/05\/byfeeder-logo.webp\",\"contentUrl\":\"https:\/\/byfeeder.net\/wp-content\/uploads\/2025\/05\/byfeeder-logo.webp\",\"width\":512,\"height\":512,\"caption\":\"BY\"},\"image\":{\"@id\":\"https:\/\/byfeeder.net\/#\/schema\/logo\/image\/\"}}]}<\/script>\n<!-- \/ Yoast SEO plugin. -->","yoast_head_json":{"title":"Localizador TTO personalizado con pantalla t\u00e1ctil PLC de 50 velocidades | BYFeeder","robots":{"index":"index","follow":"follow","max-snippet":"max-snippet:-1","max-image-preview":"max-image-preview:large","max-video-preview":"max-video-preview:-1"},"canonical":"https:\/\/byfeeder.net\/es\/product\/maquina-de-paginacion-tto-con-pantalla-tactil-plc-de-50-velocidades-personalizada\/","og_locale":"es_ES","og_type":"article","og_title":"Custom 50 Speed PLC Touch Screen TTO Paging Machine | BYFeeder","og_description":"Model: IF-IPM201CT- 500\u00d7500\/ 50-TTO-S  Size(LXWXH):1351X796X1095mm  Belt Running Speed:0-50m\/min","og_url":"https:\/\/byfeeder.net\/es\/product\/maquina-de-paginacion-tto-con-pantalla-tactil-plc-de-50-velocidades-personalizada\/","og_site_name":"BYFeeder","article_modified_time":"2024-12-13T07:39:19+00:00","og_image":[{"width":700,"height":700,"url":"https:\/\/byfeeder.net\/wp-content\/uploads\/2024\/11\/Intelligent-TTO-Thermal-Transfer-Paging-Machine7.webp","type":"image\/webp"}],"twitter_card":"summary_large_image","schema":{"@context":"https:\/\/schema.org","@graph":[{"@type":"WebPage","@id":"https:\/\/byfeeder.net\/product\/custom-50-speed-plc-touch-screen-tto-paging-machine\/","url":"https:\/\/byfeeder.net\/product\/custom-50-speed-plc-touch-screen-tto-paging-machine\/","name":"Localizador TTO personalizado con pantalla t\u00e1ctil PLC de 50 velocidades | BYFeeder","isPartOf":{"@id":"https:\/\/byfeeder.net\/#website"},"primaryImageOfPage":{"@id":"https:\/\/byfeeder.net\/product\/custom-50-speed-plc-touch-screen-tto-paging-machine\/#primaryimage"},"image":{"@id":"https:\/\/byfeeder.net\/product\/custom-50-speed-plc-touch-screen-tto-paging-machine\/#primaryimage"},"thumbnailUrl":"https:\/\/byfeeder.net\/wp-content\/uploads\/2024\/11\/Intelligent-TTO-Thermal-Transfer-Paging-Machine7.webp","datePublished":"2024-11-21T09:06:57+00:00","dateModified":"2024-12-13T07:39:19+00:00","breadcrumb":{"@id":"https:\/\/byfeeder.net\/product\/custom-50-speed-plc-touch-screen-tto-paging-machine\/#breadcrumb"},"inLanguage":"es","potentialAction":[{"@type":"ReadAction","target":["https:\/\/byfeeder.net\/product\/custom-50-speed-plc-touch-screen-tto-paging-machine\/"]}]},{"@type":"ImageObject","inLanguage":"es","@id":"https:\/\/byfeeder.net\/product\/custom-50-speed-plc-touch-screen-tto-paging-machine\/#primaryimage","url":"https:\/\/byfeeder.net\/wp-content\/uploads\/2024\/11\/Intelligent-TTO-Thermal-Transfer-Paging-Machine7.webp","contentUrl":"https:\/\/byfeeder.net\/wp-content\/uploads\/2024\/11\/Intelligent-TTO-Thermal-Transfer-Paging-Machine7.webp","width":700,"height":700,"caption":"Intelligent TTO Thermal Transfer Paging Machine(7)"},{"@type":"BreadcrumbList","@id":"https:\/\/byfeeder.net\/product\/custom-50-speed-plc-touch-screen-tto-paging-machine\/#breadcrumb","itemListElement":[{"@type":"ListItem","position":1,"name":"Home","item":"https:\/\/byfeeder.net\/"},{"@type":"ListItem","position":2,"name":"Products","item":"https:\/\/byfeeder.net\/solution\/"},{"@type":"ListItem","position":3,"name":"Custom 50 Speed PLC Touch Screen TTO Paging Machine"}]},{"@type":"WebSite","@id":"https:\/\/byfeeder.net\/#website","url":"https:\/\/byfeeder.net\/","name":"Por alimentador","description":"Fabricante de soluciones de sistemas de alimentaci\u00f3n y rebobinado de envases","publisher":{"@id":"https:\/\/byfeeder.net\/#organization"},"potentialAction":[{"@type":"SearchAction","target":{"@type":"EntryPoint","urlTemplate":"https:\/\/byfeeder.net\/?s={search_term_string}"},"query-input":{"@type":"PropertyValueSpecification","valueRequired":true,"valueName":"search_term_string"}}],"inLanguage":"es"},{"@type":"Organization","@id":"https:\/\/byfeeder.net\/#organization","name":"POR","url":"https:\/\/byfeeder.net\/","logo":{"@type":"ImageObject","inLanguage":"es","@id":"https:\/\/byfeeder.net\/#\/schema\/logo\/image\/","url":"https:\/\/byfeeder.net\/wp-content\/uploads\/2025\/05\/byfeeder-logo.webp","contentUrl":"https:\/\/byfeeder.net\/wp-content\/uploads\/2025\/05\/byfeeder-logo.webp","width":512,"height":512,"caption":"BY"},"image":{"@id":"https:\/\/byfeeder.net\/#\/schema\/logo\/image\/"}}]}},"_links":{"self":[{"href":"https:\/\/byfeeder.net\/es\/wp-json\/wp\/v2\/product\/1457"}],"collection":[{"href":"https:\/\/byfeeder.net\/es\/wp-json\/wp\/v2\/product"}],"about":[{"href":"https:\/\/byfeeder.net\/es\/wp-json\/wp\/v2\/types\/product"}],"wp:featuredmedia":[{"embeddable":true,"href":"https:\/\/byfeeder.net\/es\/wp-json\/wp\/v2\/media\/1484"}],"wp:attachment":[{"href":"https:\/\/byfeeder.net\/es\/wp-json\/wp\/v2\/media?parent=1457"}],"wp:term":[{"taxonomy":"product_brand","embeddable":true,"href":"https:\/\/byfeeder.net\/es\/wp-json\/wp\/v2\/product_brand?post=1457"},{"taxonomy":"product_cat","embeddable":true,"href":"https:\/\/byfeeder.net\/es\/wp-json\/wp\/v2\/product_cat?post=1457"},{"taxonomy":"product_tag","embeddable":true,"href":"https:\/\/byfeeder.net\/es\/wp-json\/wp\/v2\/product_tag?post=1457"}],"curies":[{"name":"wp","href":"https:\/\/api.w.org\/{rel}","templated":true}]}}