{"id":1398,"date":"2024-11-21T00:11:14","date_gmt":"2024-11-21T08:11:14","guid":{"rendered":"https:\/\/byfeeder.net\/?post_type=product&#038;p=1398"},"modified":"2025-07-28T19:20:19","modified_gmt":"2025-07-29T03:20:19","slug":"maquina-de-impresion-tij-con-control-de-cc-sin-escobillas-de-2000-w-y-alimentacion-por-bobina-transportador","status":"publish","type":"product","link":"https:\/\/byfeeder.net\/es\/product\/maquina-de-impresion-tij-con-control-de-cc-sin-escobillas-de-2000-w-y-alimentacion-por-bobina-transportador\/","title":{"rendered":"Transportador de m\u00e1quina de impresi\u00f3n TIJ con control de CC sin escobillas de 2000 W y alimentaci\u00f3n Stucker"},"content":{"rendered":"<p><strong>Par\u00e1metros del producto<\/strong><\/p>\n<p>Modo de control: Controlador especial para iFeeder<\/p>\n<p>Material del cuerpo: acero inoxidable o acero al carbono personalizado, pintura para hornear.<\/p>\n<p>Di\u00e1metro m\u00e1ximo del material: personalizaci\u00f3n seg\u00fan el producto<\/p>\n<p>Peso del equipo: aproximadamente 300 kg<\/p>\n<p>Espesor del material: 0,1 ~ 3 mm<\/p>\n<p>Potencia de entrada: aproximadamente 2000 W (solo el buscapersonas, sin incluir la impresora)<\/p>\n<p>Modo de transmisi\u00f3n: Control de CC sin escobillas<\/p>\n<p>Impresora de inyecci\u00f3n de tinta opcional: DOMINO, Sojet, DK, UCS, VIDEOJET<\/p>\n<p><strong>Funciones est\u00e1ndar<\/strong><\/p>\n<ul>\n<li>Alimentaci\u00f3n por succi\u00f3n ascendente<\/li>\n<li>Cinta transportadora de alta velocidad<\/li>\n<li>Recolecci\u00f3n de pilas tipo ca\u00edda de tolva recolectora<\/li>\n<li>Funci\u00f3n antiest\u00e1tica<\/li>\n<li>Admite personalizaci\u00f3n<\/li>\n<\/ul>\n<p>&nbsp;<\/p>","protected":false},"excerpt":{"rendered":"<p>Modelo: IF-SU300ST- 500\u00d71200\/60-TIJ-S<\/p>\n<p>Tama\u00f1o (largo x alto): 2550 \u00d7 790 \u00d7 1055 mm<\/p>\n<p>Velocidad de funcionamiento de la correa: 0-60 m\/min<\/p>","protected":false},"featured_media":1414,"template":"","meta":{"_acf_changed":false},"product_brand":[],"product_cat":[23,45],"product_tag":[],"class_list":{"0":"post-1398","1":"product","2":"type-product","3":"status-publish","4":"has-post-thumbnail","6":"product_cat-paging-machines","7":"product_cat-vacuum-feeders","9":"first","10":"instock","11":"shipping-taxable","12":"product-type-simple"},"acf":[],"yoast_head":"<!-- This site is optimized with the Yoast SEO plugin v25.3.1 - https:\/\/yoast.com\/wordpress\/plugins\/seo\/ -->\n<title>Stucker Feeding 2000W Brushless DC Control TIJ Printing Paging Machine Conveyor | BYFeeder<\/title>\n<meta name=\"robots\" content=\"index, follow, max-snippet:-1, max-image-preview:large, max-video-preview:-1\" \/>\n<link rel=\"canonical\" href=\"https:\/\/byfeeder.net\/es\/product\/maquina-de-impresion-tij-con-control-de-cc-sin-escobillas-de-2000-w-y-alimentacion-por-bobina-transportador\/\" \/>\n<meta property=\"og:locale\" content=\"es_ES\" \/>\n<meta property=\"og:type\" content=\"article\" \/>\n<meta property=\"og:title\" content=\"Stucker Feeding 2000W Brushless DC Control TIJ Printing Paging Machine Conveyor | BYFeeder\" \/>\n<meta property=\"og:description\" content=\"Model: IF-SU300ST- 500\u00d71200\/60-TIJ-S  Size(LXWXH):2550\u00d7790\u00d71055mm  Belt Running Speed:0-60m\/min\" \/>\n<meta property=\"og:url\" content=\"https:\/\/byfeeder.net\/es\/product\/maquina-de-impresion-tij-con-control-de-cc-sin-escobillas-de-2000-w-y-alimentacion-por-bobina-transportador\/\" \/>\n<meta property=\"og:site_name\" content=\"BYFeeder\" \/>\n<meta property=\"article:modified_time\" content=\"2025-07-29T03:20:19+00:00\" \/>\n<meta property=\"og:image\" content=\"https:\/\/byfeeder.net\/wp-content\/uploads\/2024\/11\/up-suction-paging-printing-machine.webp\" \/>\n\t<meta property=\"og:image:width\" content=\"700\" \/>\n\t<meta property=\"og:image:height\" content=\"700\" \/>\n\t<meta property=\"og:image:type\" content=\"image\/webp\" \/>\n<meta name=\"twitter:card\" content=\"summary_large_image\" \/>\n<meta name=\"twitter:label1\" content=\"Tiempo de lectura\" \/>\n\t<meta name=\"twitter:data1\" content=\"1 minuto\" \/>\n<script type=\"application\/ld+json\" class=\"yoast-schema-graph\">{\"@context\":\"https:\/\/schema.org\",\"@graph\":[{\"@type\":\"WebPage\",\"@id\":\"https:\/\/byfeeder.net\/product\/stucker-feeding-2000w-brushless-dc-control-tij-printing-paging-machine-conveyor\/\",\"url\":\"https:\/\/byfeeder.net\/product\/stucker-feeding-2000w-brushless-dc-control-tij-printing-paging-machine-conveyor\/\",\"name\":\"Stucker Feeding 2000W Brushless DC Control TIJ Printing Paging Machine Conveyor | BYFeeder\",\"isPartOf\":{\"@id\":\"https:\/\/byfeeder.net\/#website\"},\"primaryImageOfPage\":{\"@id\":\"https:\/\/byfeeder.net\/product\/stucker-feeding-2000w-brushless-dc-control-tij-printing-paging-machine-conveyor\/#primaryimage\"},\"image\":{\"@id\":\"https:\/\/byfeeder.net\/product\/stucker-feeding-2000w-brushless-dc-control-tij-printing-paging-machine-conveyor\/#primaryimage\"},\"thumbnailUrl\":\"https:\/\/byfeeder.net\/wp-content\/uploads\/2024\/11\/up-suction-paging-printing-machine.webp\",\"datePublished\":\"2024-11-21T08:11:14+00:00\",\"dateModified\":\"2025-07-29T03:20:19+00:00\",\"breadcrumb\":{\"@id\":\"https:\/\/byfeeder.net\/product\/stucker-feeding-2000w-brushless-dc-control-tij-printing-paging-machine-conveyor\/#breadcrumb\"},\"inLanguage\":\"es\",\"potentialAction\":[{\"@type\":\"ReadAction\",\"target\":[\"https:\/\/byfeeder.net\/product\/stucker-feeding-2000w-brushless-dc-control-tij-printing-paging-machine-conveyor\/\"]}]},{\"@type\":\"ImageObject\",\"inLanguage\":\"es\",\"@id\":\"https:\/\/byfeeder.net\/product\/stucker-feeding-2000w-brushless-dc-control-tij-printing-paging-machine-conveyor\/#primaryimage\",\"url\":\"https:\/\/byfeeder.net\/wp-content\/uploads\/2024\/11\/up-suction-paging-printing-machine.webp\",\"contentUrl\":\"https:\/\/byfeeder.net\/wp-content\/uploads\/2024\/11\/up-suction-paging-printing-machine.webp\",\"width\":700,\"height\":700,\"caption\":\"up-suction paging printing machine\"},{\"@type\":\"BreadcrumbList\",\"@id\":\"https:\/\/byfeeder.net\/product\/stucker-feeding-2000w-brushless-dc-control-tij-printing-paging-machine-conveyor\/#breadcrumb\",\"itemListElement\":[{\"@type\":\"ListItem\",\"position\":1,\"name\":\"Home\",\"item\":\"https:\/\/byfeeder.net\/\"},{\"@type\":\"ListItem\",\"position\":2,\"name\":\"Products\",\"item\":\"https:\/\/byfeeder.net\/solution\/\"},{\"@type\":\"ListItem\",\"position\":3,\"name\":\"Stucker Feeding 2000W Brushless DC Control TIJ Printing Paging Machine Conveyor\"}]},{\"@type\":\"WebSite\",\"@id\":\"https:\/\/byfeeder.net\/#website\",\"url\":\"https:\/\/byfeeder.net\/\",\"name\":\"BYFeeder\",\"description\":\"Packaging Feeding and Rewinding System Solutions Manufacturer\",\"publisher\":{\"@id\":\"https:\/\/byfeeder.net\/#organization\"},\"potentialAction\":[{\"@type\":\"SearchAction\",\"target\":{\"@type\":\"EntryPoint\",\"urlTemplate\":\"https:\/\/byfeeder.net\/?s={search_term_string}\"},\"query-input\":{\"@type\":\"PropertyValueSpecification\",\"valueRequired\":true,\"valueName\":\"search_term_string\"}}],\"inLanguage\":\"es\"},{\"@type\":\"Organization\",\"@id\":\"https:\/\/byfeeder.net\/#organization\",\"name\":\"BY\",\"url\":\"https:\/\/byfeeder.net\/\",\"logo\":{\"@type\":\"ImageObject\",\"inLanguage\":\"es\",\"@id\":\"https:\/\/byfeeder.net\/#\/schema\/logo\/image\/\",\"url\":\"https:\/\/byfeeder.net\/wp-content\/uploads\/2025\/05\/byfeeder-logo.webp\",\"contentUrl\":\"https:\/\/byfeeder.net\/wp-content\/uploads\/2025\/05\/byfeeder-logo.webp\",\"width\":512,\"height\":512,\"caption\":\"BY\"},\"image\":{\"@id\":\"https:\/\/byfeeder.net\/#\/schema\/logo\/image\/\"}}]}<\/script>\n<!-- \/ Yoast SEO plugin. -->","yoast_head_json":{"title":"Cinta transportadora para m\u00e1quina de impresi\u00f3n TIJ Stucker Feeding de 2000 W con control de CC sin escobillas | BYFeeder","robots":{"index":"index","follow":"follow","max-snippet":"max-snippet:-1","max-image-preview":"max-image-preview:large","max-video-preview":"max-video-preview:-1"},"canonical":"https:\/\/byfeeder.net\/es\/product\/maquina-de-impresion-tij-con-control-de-cc-sin-escobillas-de-2000-w-y-alimentacion-por-bobina-transportador\/","og_locale":"es_ES","og_type":"article","og_title":"Stucker Feeding 2000W Brushless DC Control TIJ Printing Paging Machine Conveyor | BYFeeder","og_description":"Model: IF-SU300ST- 500\u00d71200\/60-TIJ-S  Size(LXWXH):2550\u00d7790\u00d71055mm  Belt Running Speed:0-60m\/min","og_url":"https:\/\/byfeeder.net\/es\/product\/maquina-de-impresion-tij-con-control-de-cc-sin-escobillas-de-2000-w-y-alimentacion-por-bobina-transportador\/","og_site_name":"BYFeeder","article_modified_time":"2025-07-29T03:20:19+00:00","og_image":[{"width":700,"height":700,"url":"https:\/\/byfeeder.net\/wp-content\/uploads\/2024\/11\/up-suction-paging-printing-machine.webp","type":"image\/webp"}],"twitter_card":"summary_large_image","twitter_misc":{"Tiempo de lectura":"1 minuto"},"schema":{"@context":"https:\/\/schema.org","@graph":[{"@type":"WebPage","@id":"https:\/\/byfeeder.net\/product\/stucker-feeding-2000w-brushless-dc-control-tij-printing-paging-machine-conveyor\/","url":"https:\/\/byfeeder.net\/product\/stucker-feeding-2000w-brushless-dc-control-tij-printing-paging-machine-conveyor\/","name":"Cinta transportadora para m\u00e1quina de impresi\u00f3n TIJ Stucker Feeding de 2000 W con control de CC sin escobillas | BYFeeder","isPartOf":{"@id":"https:\/\/byfeeder.net\/#website"},"primaryImageOfPage":{"@id":"https:\/\/byfeeder.net\/product\/stucker-feeding-2000w-brushless-dc-control-tij-printing-paging-machine-conveyor\/#primaryimage"},"image":{"@id":"https:\/\/byfeeder.net\/product\/stucker-feeding-2000w-brushless-dc-control-tij-printing-paging-machine-conveyor\/#primaryimage"},"thumbnailUrl":"https:\/\/byfeeder.net\/wp-content\/uploads\/2024\/11\/up-suction-paging-printing-machine.webp","datePublished":"2024-11-21T08:11:14+00:00","dateModified":"2025-07-29T03:20:19+00:00","breadcrumb":{"@id":"https:\/\/byfeeder.net\/product\/stucker-feeding-2000w-brushless-dc-control-tij-printing-paging-machine-conveyor\/#breadcrumb"},"inLanguage":"es","potentialAction":[{"@type":"ReadAction","target":["https:\/\/byfeeder.net\/product\/stucker-feeding-2000w-brushless-dc-control-tij-printing-paging-machine-conveyor\/"]}]},{"@type":"ImageObject","inLanguage":"es","@id":"https:\/\/byfeeder.net\/product\/stucker-feeding-2000w-brushless-dc-control-tij-printing-paging-machine-conveyor\/#primaryimage","url":"https:\/\/byfeeder.net\/wp-content\/uploads\/2024\/11\/up-suction-paging-printing-machine.webp","contentUrl":"https:\/\/byfeeder.net\/wp-content\/uploads\/2024\/11\/up-suction-paging-printing-machine.webp","width":700,"height":700,"caption":"up-suction paging printing machine"},{"@type":"BreadcrumbList","@id":"https:\/\/byfeeder.net\/product\/stucker-feeding-2000w-brushless-dc-control-tij-printing-paging-machine-conveyor\/#breadcrumb","itemListElement":[{"@type":"ListItem","position":1,"name":"Home","item":"https:\/\/byfeeder.net\/"},{"@type":"ListItem","position":2,"name":"Products","item":"https:\/\/byfeeder.net\/solution\/"},{"@type":"ListItem","position":3,"name":"Stucker Feeding 2000W Brushless DC Control TIJ Printing Paging Machine Conveyor"}]},{"@type":"WebSite","@id":"https:\/\/byfeeder.net\/#website","url":"https:\/\/byfeeder.net\/","name":"Por alimentador","description":"Fabricante de soluciones de sistemas de alimentaci\u00f3n y rebobinado de envases","publisher":{"@id":"https:\/\/byfeeder.net\/#organization"},"potentialAction":[{"@type":"SearchAction","target":{"@type":"EntryPoint","urlTemplate":"https:\/\/byfeeder.net\/?s={search_term_string}"},"query-input":{"@type":"PropertyValueSpecification","valueRequired":true,"valueName":"search_term_string"}}],"inLanguage":"es"},{"@type":"Organization","@id":"https:\/\/byfeeder.net\/#organization","name":"POR","url":"https:\/\/byfeeder.net\/","logo":{"@type":"ImageObject","inLanguage":"es","@id":"https:\/\/byfeeder.net\/#\/schema\/logo\/image\/","url":"https:\/\/byfeeder.net\/wp-content\/uploads\/2025\/05\/byfeeder-logo.webp","contentUrl":"https:\/\/byfeeder.net\/wp-content\/uploads\/2025\/05\/byfeeder-logo.webp","width":512,"height":512,"caption":"BY"},"image":{"@id":"https:\/\/byfeeder.net\/#\/schema\/logo\/image\/"}}]}},"_links":{"self":[{"href":"https:\/\/byfeeder.net\/es\/wp-json\/wp\/v2\/product\/1398"}],"collection":[{"href":"https:\/\/byfeeder.net\/es\/wp-json\/wp\/v2\/product"}],"about":[{"href":"https:\/\/byfeeder.net\/es\/wp-json\/wp\/v2\/types\/product"}],"wp:featuredmedia":[{"embeddable":true,"href":"https:\/\/byfeeder.net\/es\/wp-json\/wp\/v2\/media\/1414"}],"wp:attachment":[{"href":"https:\/\/byfeeder.net\/es\/wp-json\/wp\/v2\/media?parent=1398"}],"wp:term":[{"taxonomy":"product_brand","embeddable":true,"href":"https:\/\/byfeeder.net\/es\/wp-json\/wp\/v2\/product_brand?post=1398"},{"taxonomy":"product_cat","embeddable":true,"href":"https:\/\/byfeeder.net\/es\/wp-json\/wp\/v2\/product_cat?post=1398"},{"taxonomy":"product_tag","embeddable":true,"href":"https:\/\/byfeeder.net\/es\/wp-json\/wp\/v2\/product_tag?post=1398"}],"curies":[{"name":"wp","href":"https:\/\/api.w.org\/{rel}","templated":true}]}}