{"id":1255,"date":"2024-11-20T21:59:08","date_gmt":"2024-11-21T05:59:08","guid":{"rendered":"https:\/\/byfeeder.net\/?post_type=product&#038;p=1255"},"modified":"2024-12-12T23:57:59","modified_gmt":"2024-12-13T07:57:59","slug":"fabricante-de-maquinas-de-paginacion-y-etiquetado-personalizadas-para-bolsas-de-plastico","status":"publish","type":"product","link":"https:\/\/byfeeder.net\/es\/product\/fabricante-de-maquinas-de-paginacion-y-etiquetado-personalizadas-para-bolsas-de-plastico\/","title":{"rendered":"Fabricante de m\u00e1quinas de paginaci\u00f3n y etiquetado personalizadas para bolsas de pl\u00e1stico"},"content":{"rendered":"<p><strong>Par\u00e1metros del producto<\/strong><\/p>\n<p>Modo de control: Controlador especial para iFeeder o control PLC<\/p>\n<p>Material del cuerpo: acero inoxidable o acero al carbono personalizado, pintura para hornear.<\/p>\n<p>Di\u00e1metro m\u00e1ximo del material: personalizaci\u00f3n seg\u00fan el producto<\/p>\n<p>Peso del equipo: aproximadamente 200 kg<\/p>\n<p>Espesor del material: 0,1 ~ 3 mm<\/p>\n<p>Potencia de entrada: aproximadamente 2000 W (solo el buscapersonas, sin incluir la impresora)<\/p>\n<p>Modo de transmisi\u00f3n: Control de velocidad de frecuencia variable<\/p>\n<p>Impresora de inyecci\u00f3n de tinta opcional: DOMINO, Sojet, DK, UCS, VIDEOJET<\/p>\n<p><strong>Configuraci\u00f3n est\u00e1ndar<\/strong><\/p>\n<ul>\n<li>Descarga inferior por fricci\u00f3n de la correa<\/li>\n<li>Cinta transportadora de alta velocidad<\/li>\n<li>\u00a0Correcci\u00f3n autom\u00e1tica de desviaciones<\/li>\n<\/ul>\n<p><strong>Configuraci\u00f3n opcional<\/strong><\/p>\n<ul>\n<li>Codificaci\u00f3n TIJ\/UV\/l\u00e1ser<\/li>\n<li>Procesador de plasma<\/li>\n<li>Inspecci\u00f3n visual<\/li>\n<li>Adsorci\u00f3n por presi\u00f3n negativa<\/li>\n<li>Etiquetado autom\u00e1tico en l\u00ednea<\/li>\n<li>Calcular autom\u00e1ticamente la cantidad<\/li>\n<li>Eliminaci\u00f3n autom\u00e1tica<\/li>\n<li>Admite personalizaci\u00f3n<\/li>\n<\/ul>","protected":false},"excerpt":{"rendered":"<p>Modelo: iF\u2013PM101VT-500\/50-TTO-S<\/p>\n<p>Tama\u00f1o (LxAnxAl): 3000 x 700 x 1200 mm<\/p>\n<p>Velocidad de funcionamiento de la correa: 0-80 m\/min<\/p>\n<p>&nbsp;<\/p>","protected":false},"featured_media":1279,"template":"","meta":{"_acf_changed":false},"product_brand":[],"product_cat":[23],"product_tag":[],"class_list":{"0":"post-1255","1":"product","2":"type-product","3":"status-publish","4":"has-post-thumbnail","6":"product_cat-paging-machines","8":"first","9":"instock","10":"shipping-taxable","11":"product-type-simple"},"acf":[],"yoast_head":"<!-- This site is optimized with the Yoast SEO plugin v25.3.1 - https:\/\/yoast.com\/wordpress\/plugins\/seo\/ -->\n<title>Manufacturer Custom Paging and Labeling Machine for Plastic Bag | BYFeeder<\/title>\n<meta name=\"robots\" content=\"index, follow, max-snippet:-1, max-image-preview:large, max-video-preview:-1\" \/>\n<link rel=\"canonical\" href=\"https:\/\/byfeeder.net\/es\/product\/fabricante-de-maquinas-de-paginacion-y-etiquetado-personalizadas-para-bolsas-de-plastico\/\" \/>\n<meta property=\"og:locale\" content=\"es_ES\" \/>\n<meta property=\"og:type\" content=\"article\" \/>\n<meta property=\"og:title\" content=\"Manufacturer Custom Paging and Labeling Machine for Plastic Bag | BYFeeder\" \/>\n<meta property=\"og:description\" content=\"Model: iF--PM101VT-500\/50-TTO-S  Size(LXWXH):3000X700X1200mm  Belt Running Speed:0-80m\/min  &nbsp;\" \/>\n<meta property=\"og:url\" content=\"https:\/\/byfeeder.net\/es\/product\/fabricante-de-maquinas-de-paginacion-y-etiquetado-personalizadas-para-bolsas-de-plastico\/\" \/>\n<meta property=\"og:site_name\" content=\"BYFeeder\" \/>\n<meta property=\"article:modified_time\" content=\"2024-12-13T07:57:59+00:00\" \/>\n<meta property=\"og:image\" content=\"https:\/\/byfeeder.net\/wp-content\/uploads\/2024\/11\/paging-machine400S.webp\" \/>\n\t<meta property=\"og:image:width\" content=\"600\" \/>\n\t<meta property=\"og:image:height\" content=\"600\" \/>\n\t<meta property=\"og:image:type\" content=\"image\/webp\" \/>\n<meta name=\"twitter:card\" content=\"summary_large_image\" \/>\n<script type=\"application\/ld+json\" class=\"yoast-schema-graph\">{\"@context\":\"https:\/\/schema.org\",\"@graph\":[{\"@type\":\"WebPage\",\"@id\":\"https:\/\/byfeeder.net\/product\/manufacturer-custom-paging-and-labeling-machine-for-plastic-bag\/\",\"url\":\"https:\/\/byfeeder.net\/product\/manufacturer-custom-paging-and-labeling-machine-for-plastic-bag\/\",\"name\":\"Manufacturer Custom Paging and Labeling Machine for Plastic Bag | BYFeeder\",\"isPartOf\":{\"@id\":\"https:\/\/byfeeder.net\/#website\"},\"primaryImageOfPage\":{\"@id\":\"https:\/\/byfeeder.net\/product\/manufacturer-custom-paging-and-labeling-machine-for-plastic-bag\/#primaryimage\"},\"image\":{\"@id\":\"https:\/\/byfeeder.net\/product\/manufacturer-custom-paging-and-labeling-machine-for-plastic-bag\/#primaryimage\"},\"thumbnailUrl\":\"https:\/\/byfeeder.net\/wp-content\/uploads\/2024\/11\/paging-machine400S.webp\",\"datePublished\":\"2024-11-21T05:59:08+00:00\",\"dateModified\":\"2024-12-13T07:57:59+00:00\",\"breadcrumb\":{\"@id\":\"https:\/\/byfeeder.net\/product\/manufacturer-custom-paging-and-labeling-machine-for-plastic-bag\/#breadcrumb\"},\"inLanguage\":\"es\",\"potentialAction\":[{\"@type\":\"ReadAction\",\"target\":[\"https:\/\/byfeeder.net\/product\/manufacturer-custom-paging-and-labeling-machine-for-plastic-bag\/\"]}]},{\"@type\":\"ImageObject\",\"inLanguage\":\"es\",\"@id\":\"https:\/\/byfeeder.net\/product\/manufacturer-custom-paging-and-labeling-machine-for-plastic-bag\/#primaryimage\",\"url\":\"https:\/\/byfeeder.net\/wp-content\/uploads\/2024\/11\/paging-machine400S.webp\",\"contentUrl\":\"https:\/\/byfeeder.net\/wp-content\/uploads\/2024\/11\/paging-machine400S.webp\",\"width\":600,\"height\":600,\"caption\":\"paging machine(400S)\"},{\"@type\":\"BreadcrumbList\",\"@id\":\"https:\/\/byfeeder.net\/product\/manufacturer-custom-paging-and-labeling-machine-for-plastic-bag\/#breadcrumb\",\"itemListElement\":[{\"@type\":\"ListItem\",\"position\":1,\"name\":\"Home\",\"item\":\"https:\/\/byfeeder.net\/\"},{\"@type\":\"ListItem\",\"position\":2,\"name\":\"Products\",\"item\":\"https:\/\/byfeeder.net\/solution\/\"},{\"@type\":\"ListItem\",\"position\":3,\"name\":\"Manufacturer Custom Paging and Labeling Machine for Plastic Bag\"}]},{\"@type\":\"WebSite\",\"@id\":\"https:\/\/byfeeder.net\/#website\",\"url\":\"https:\/\/byfeeder.net\/\",\"name\":\"BYFeeder\",\"description\":\"Packaging Feeding and Rewinding System Solutions Manufacturer\",\"publisher\":{\"@id\":\"https:\/\/byfeeder.net\/#organization\"},\"potentialAction\":[{\"@type\":\"SearchAction\",\"target\":{\"@type\":\"EntryPoint\",\"urlTemplate\":\"https:\/\/byfeeder.net\/?s={search_term_string}\"},\"query-input\":{\"@type\":\"PropertyValueSpecification\",\"valueRequired\":true,\"valueName\":\"search_term_string\"}}],\"inLanguage\":\"es\"},{\"@type\":\"Organization\",\"@id\":\"https:\/\/byfeeder.net\/#organization\",\"name\":\"BY\",\"url\":\"https:\/\/byfeeder.net\/\",\"logo\":{\"@type\":\"ImageObject\",\"inLanguage\":\"es\",\"@id\":\"https:\/\/byfeeder.net\/#\/schema\/logo\/image\/\",\"url\":\"https:\/\/byfeeder.net\/wp-content\/uploads\/2025\/05\/byfeeder-logo.webp\",\"contentUrl\":\"https:\/\/byfeeder.net\/wp-content\/uploads\/2025\/05\/byfeeder-logo.webp\",\"width\":512,\"height\":512,\"caption\":\"BY\"},\"image\":{\"@id\":\"https:\/\/byfeeder.net\/#\/schema\/logo\/image\/\"}}]}<\/script>\n<!-- \/ Yoast SEO plugin. -->","yoast_head_json":{"title":"Fabricante de m\u00e1quinas de paginaci\u00f3n y etiquetado personalizadas para bolsas de pl\u00e1stico | BYFeeder","robots":{"index":"index","follow":"follow","max-snippet":"max-snippet:-1","max-image-preview":"max-image-preview:large","max-video-preview":"max-video-preview:-1"},"canonical":"https:\/\/byfeeder.net\/es\/product\/fabricante-de-maquinas-de-paginacion-y-etiquetado-personalizadas-para-bolsas-de-plastico\/","og_locale":"es_ES","og_type":"article","og_title":"Manufacturer Custom Paging and Labeling Machine for Plastic Bag | BYFeeder","og_description":"Model: iF--PM101VT-500\/50-TTO-S  Size(LXWXH):3000X700X1200mm  Belt Running Speed:0-80m\/min  &nbsp;","og_url":"https:\/\/byfeeder.net\/es\/product\/fabricante-de-maquinas-de-paginacion-y-etiquetado-personalizadas-para-bolsas-de-plastico\/","og_site_name":"BYFeeder","article_modified_time":"2024-12-13T07:57:59+00:00","og_image":[{"width":600,"height":600,"url":"https:\/\/byfeeder.net\/wp-content\/uploads\/2024\/11\/paging-machine400S.webp","type":"image\/webp"}],"twitter_card":"summary_large_image","schema":{"@context":"https:\/\/schema.org","@graph":[{"@type":"WebPage","@id":"https:\/\/byfeeder.net\/product\/manufacturer-custom-paging-and-labeling-machine-for-plastic-bag\/","url":"https:\/\/byfeeder.net\/product\/manufacturer-custom-paging-and-labeling-machine-for-plastic-bag\/","name":"Fabricante de m\u00e1quinas de paginaci\u00f3n y etiquetado personalizadas para bolsas de pl\u00e1stico | BYFeeder","isPartOf":{"@id":"https:\/\/byfeeder.net\/#website"},"primaryImageOfPage":{"@id":"https:\/\/byfeeder.net\/product\/manufacturer-custom-paging-and-labeling-machine-for-plastic-bag\/#primaryimage"},"image":{"@id":"https:\/\/byfeeder.net\/product\/manufacturer-custom-paging-and-labeling-machine-for-plastic-bag\/#primaryimage"},"thumbnailUrl":"https:\/\/byfeeder.net\/wp-content\/uploads\/2024\/11\/paging-machine400S.webp","datePublished":"2024-11-21T05:59:08+00:00","dateModified":"2024-12-13T07:57:59+00:00","breadcrumb":{"@id":"https:\/\/byfeeder.net\/product\/manufacturer-custom-paging-and-labeling-machine-for-plastic-bag\/#breadcrumb"},"inLanguage":"es","potentialAction":[{"@type":"ReadAction","target":["https:\/\/byfeeder.net\/product\/manufacturer-custom-paging-and-labeling-machine-for-plastic-bag\/"]}]},{"@type":"ImageObject","inLanguage":"es","@id":"https:\/\/byfeeder.net\/product\/manufacturer-custom-paging-and-labeling-machine-for-plastic-bag\/#primaryimage","url":"https:\/\/byfeeder.net\/wp-content\/uploads\/2024\/11\/paging-machine400S.webp","contentUrl":"https:\/\/byfeeder.net\/wp-content\/uploads\/2024\/11\/paging-machine400S.webp","width":600,"height":600,"caption":"paging machine(400S)"},{"@type":"BreadcrumbList","@id":"https:\/\/byfeeder.net\/product\/manufacturer-custom-paging-and-labeling-machine-for-plastic-bag\/#breadcrumb","itemListElement":[{"@type":"ListItem","position":1,"name":"Home","item":"https:\/\/byfeeder.net\/"},{"@type":"ListItem","position":2,"name":"Products","item":"https:\/\/byfeeder.net\/solution\/"},{"@type":"ListItem","position":3,"name":"Manufacturer Custom Paging and Labeling Machine for Plastic Bag"}]},{"@type":"WebSite","@id":"https:\/\/byfeeder.net\/#website","url":"https:\/\/byfeeder.net\/","name":"Por alimentador","description":"Fabricante de soluciones de sistemas de alimentaci\u00f3n y rebobinado de envases","publisher":{"@id":"https:\/\/byfeeder.net\/#organization"},"potentialAction":[{"@type":"SearchAction","target":{"@type":"EntryPoint","urlTemplate":"https:\/\/byfeeder.net\/?s={search_term_string}"},"query-input":{"@type":"PropertyValueSpecification","valueRequired":true,"valueName":"search_term_string"}}],"inLanguage":"es"},{"@type":"Organization","@id":"https:\/\/byfeeder.net\/#organization","name":"POR","url":"https:\/\/byfeeder.net\/","logo":{"@type":"ImageObject","inLanguage":"es","@id":"https:\/\/byfeeder.net\/#\/schema\/logo\/image\/","url":"https:\/\/byfeeder.net\/wp-content\/uploads\/2025\/05\/byfeeder-logo.webp","contentUrl":"https:\/\/byfeeder.net\/wp-content\/uploads\/2025\/05\/byfeeder-logo.webp","width":512,"height":512,"caption":"BY"},"image":{"@id":"https:\/\/byfeeder.net\/#\/schema\/logo\/image\/"}}]}},"_links":{"self":[{"href":"https:\/\/byfeeder.net\/es\/wp-json\/wp\/v2\/product\/1255"}],"collection":[{"href":"https:\/\/byfeeder.net\/es\/wp-json\/wp\/v2\/product"}],"about":[{"href":"https:\/\/byfeeder.net\/es\/wp-json\/wp\/v2\/types\/product"}],"wp:featuredmedia":[{"embeddable":true,"href":"https:\/\/byfeeder.net\/es\/wp-json\/wp\/v2\/media\/1279"}],"wp:attachment":[{"href":"https:\/\/byfeeder.net\/es\/wp-json\/wp\/v2\/media?parent=1255"}],"wp:term":[{"taxonomy":"product_brand","embeddable":true,"href":"https:\/\/byfeeder.net\/es\/wp-json\/wp\/v2\/product_brand?post=1255"},{"taxonomy":"product_cat","embeddable":true,"href":"https:\/\/byfeeder.net\/es\/wp-json\/wp\/v2\/product_cat?post=1255"},{"taxonomy":"product_tag","embeddable":true,"href":"https:\/\/byfeeder.net\/es\/wp-json\/wp\/v2\/product_tag?post=1255"}],"curies":[{"name":"wp","href":"https:\/\/api.w.org\/{rel}","templated":true}]}}